{"id":11558,"date":"2025-12-20T23:41:15","date_gmt":"2025-12-20T23:41:15","guid":{"rendered":"https:\/\/goornament.com.br\/?post_type=product&#038;p=11558"},"modified":"2026-02-08T19:24:04","modified_gmt":"2026-02-08T19:24:04","slug":"casal-spotfy","status":"publish","type":"product","link":"https:\/\/goornament.com.br\/?product=casal-spotfy","title":{"rendered":"Casal Spotfy"},"content":{"rendered":"\t\t<div data-elementor-type=\"product-post\" data-elementor-id=\"11558\" class=\"elementor elementor-11558\" data-elementor-post-type=\"product\">\n\t\t\t\t<div class=\"elementor-element elementor-element-1e888379 e-con-full e-flex e-con e-parent\" data-id=\"1e888379\" data-element_type=\"container\" data-e-type=\"container\">\n\t\t\t\t<div class=\"elementor-element elementor-element-4bf0289d elementor-widget elementor-widget-text-editor\" data-id=\"4bf0289d\" data-element_type=\"widget\" data-e-type=\"widget\" data-widget_type=\"text-editor.default\">\n\t\t\t\t<div class=\"elementor-widget-container\">\n\t\t\t\t\t\t\t\t\t<h2 style=\"text-align: center;\"><em><strong>Casal Spotfy<\/strong><\/em><\/h2>\n<p style=\"text-align: center;\">Existem momentos que merecem ser eternizados n\u00e3o apenas em fotos, mas com a trilha sonora que os tornou inesquec\u00edveis.<\/p>\n<p style=\"text-align: center;\">O quadro Sua Hist\u00f3ria em M\u00fasica permite que voc\u00ea personalize uma fotografia especial com o layout interativo do Spotify.<\/p>\n<p style=\"text-align: center;\">Seja a foto da primeira viagem, o registro de um abra\u00e7o ou aquele sorriso espont\u00e2neo, n\u00f3s transformamos sua mem\u00f3ria<\/p>\n<p style=\"text-align: center;\">em uma pe\u00e7a decorativa moderna e emocionante.Ideal para presentear em anivers\u00e1rios,<\/p>\n<p style=\"text-align: center;\">datas especiais ou para decorar o seu pr\u00f3prio cantinho com o que h\u00e1 de mais valioso: as suas lembran\u00e7as.<\/p><p style=\"text-align: center;\"><br><\/p>\n<hr>\n<p style=\"text-align: center;\"><em><strong><br><\/strong><\/em><\/p><p style=\"text-align: center;\"><em><strong>Destaques da Obra<\/strong><\/em><\/p>\n<p style=\"text-align: center;\" data-path-to-node=\"6,0,0\"><b data-path-to-node=\"6,0,0\" data-index-in-node=\"0\">Totalmente Personaliz\u00e1vel:<\/b> Voc\u00ea escolhe a foto, o t\u00edtulo da m\u00fasica e o nome do artista (ou uma frase personalizada) para criar uma pe\u00e7a exclusiva.<\/p>\n<p style=\"text-align: center;\" data-path-to-node=\"6,1,0\"><b data-path-to-node=\"6,1,0\" data-index-in-node=\"0\">Layout Interativo:<\/b> Inclui o c\u00f3digo escane\u00e1vel do Spotify, permitindo que qualquer pessoa aponte o celular e ou\u00e7a instantaneamente a m\u00fasica escolhida.<\/p>\n<p style=\"text-align: center;\" data-path-to-node=\"6,2,0\"><b data-path-to-node=\"6,2,0\" data-index-in-node=\"0\">Est\u00e9tica Minimalista:<\/b> O design limpo com fundo branco e \u00edcones cl\u00e1ssicos de reprodu\u00e7\u00e3o musical combina com qualquer estilo de decora\u00e7\u00e3o, do moderno ao r\u00fastico.<\/p>\n<p style=\"text-align: center;\" data-path-to-node=\"6,3,0\"><b data-path-to-node=\"6,3,0\" data-index-in-node=\"0\">Presente com Significado:<\/b> Mais do que um quadro, \u00e9 uma experi\u00eancia sensorial que conecta imagem e som, revivendo as melhores emo\u00e7\u00f5es de forma criativa.<\/p>\t\t\t\t\t\t\t\t<\/div>\n\t\t\t\t<\/div>\n\t\t\t\t<\/div>\n\t\t\t\t<\/div>\n\t\t","protected":false},"excerpt":{"rendered":"<p>Casal Spotfy Existem momentos que merecem ser eternizados n\u00e3o apenas em fotos, mas com a trilha sonora que os tornou inesquec\u00edveis. O quadro Sua Hist\u00f3ria em M\u00fasica permite que voc\u00ea personalize uma fotografia especial com o layout interativo do Spotify. Seja a foto da primeira viagem, o registro de um abra\u00e7o ou aquele sorriso espont\u00e2neo, [&hellip;]<\/p>\n","protected":false},"featured_media":11553,"comment_status":"open","ping_status":"closed","template":"","meta":{"_joinchat":[]},"product_brand":[],"product_cat":[93],"product_tag":[],"class_list":{"0":"post-11558","1":"product","2":"type-product","3":"status-publish","4":"has-post-thumbnail","6":"product_cat-personalizados","8":"first","9":"instock","10":"sale","11":"taxable","12":"shipping-taxable","13":"purchasable","14":"product-type-variable","15":"has-default-attributes"},"yoast_head":"<!-- This site is optimized with the Yoast SEO plugin v27.3 - https:\/\/yoast.com\/product\/yoast-seo-wordpress\/ -->\n<title>Casal Spotfy - https:\/\/goornament.com.br<\/title>\n<meta name=\"robots\" content=\"index, follow, max-snippet:-1, max-image-preview:large, max-video-preview:-1\" \/>\n<link rel=\"canonical\" href=\"https:\/\/goornament.com.br\/?product=casal-spotfy\" \/>\n<meta property=\"og:locale\" content=\"pt_BR\" \/>\n<meta property=\"og:type\" content=\"article\" \/>\n<meta property=\"og:title\" content=\"Casal Spotfy - https:\/\/goornament.com.br\" \/>\n<meta property=\"og:description\" content=\"Casal Spotfy Existem momentos que merecem ser eternizados n\u00e3o apenas em fotos, mas com a trilha sonora que os tornou inesquec\u00edveis. O quadro Sua Hist\u00f3ria em M\u00fasica permite que voc\u00ea personalize uma fotografia especial com o layout interativo do Spotify. Seja a foto da primeira viagem, o registro de um abra\u00e7o ou aquele sorriso espont\u00e2neo, [&hellip;]\" \/>\n<meta property=\"og:url\" content=\"https:\/\/goornament.com.br\/?product=casal-spotfy\" \/>\n<meta property=\"og:site_name\" content=\"https:\/\/goornament.com.br\" \/>\n<meta property=\"article:modified_time\" content=\"2026-02-08T19:24:04+00:00\" \/>\n<meta property=\"og:image\" content=\"https:\/\/goornament.com.br\/wp-content\/uploads\/2025\/12\/02-5x7-A4-PORTRAIT-frame-03-3-1024x1024.png\" \/>\n\t<meta property=\"og:image:width\" content=\"1024\" \/>\n\t<meta property=\"og:image:height\" content=\"1024\" \/>\n\t<meta property=\"og:image:type\" content=\"image\/png\" \/>\n<meta name=\"twitter:card\" content=\"summary_large_image\" \/>\n<script type=\"application\/ld+json\" class=\"yoast-schema-graph\">{\"@context\":\"https:\\\/\\\/schema.org\",\"@graph\":[{\"@type\":\"WebPage\",\"@id\":\"https:\\\/\\\/goornament.com.br\\\/?product=casal-spotfy\",\"url\":\"https:\\\/\\\/goornament.com.br\\\/?product=casal-spotfy\",\"name\":\"Casal Spotfy - https:\\\/\\\/goornament.com.br\",\"isPartOf\":{\"@id\":\"https:\\\/\\\/goornament.com.br\\\/#website\"},\"primaryImageOfPage\":{\"@id\":\"https:\\\/\\\/goornament.com.br\\\/?product=casal-spotfy#primaryimage\"},\"image\":{\"@id\":\"https:\\\/\\\/goornament.com.br\\\/?product=casal-spotfy#primaryimage\"},\"thumbnailUrl\":\"https:\\\/\\\/goornament.com.br\\\/wp-content\\\/uploads\\\/2025\\\/12\\\/02-5x7-A4-PORTRAIT-frame-03-3-scaled.png\",\"datePublished\":\"2025-12-20T23:41:15+00:00\",\"dateModified\":\"2026-02-08T19:24:04+00:00\",\"breadcrumb\":{\"@id\":\"https:\\\/\\\/goornament.com.br\\\/?product=casal-spotfy#breadcrumb\"},\"inLanguage\":\"pt-BR\",\"potentialAction\":[{\"@type\":\"ReadAction\",\"target\":[\"https:\\\/\\\/goornament.com.br\\\/?product=casal-spotfy\"]}]},{\"@type\":\"ImageObject\",\"inLanguage\":\"pt-BR\",\"@id\":\"https:\\\/\\\/goornament.com.br\\\/?product=casal-spotfy#primaryimage\",\"url\":\"https:\\\/\\\/goornament.com.br\\\/wp-content\\\/uploads\\\/2025\\\/12\\\/02-5x7-A4-PORTRAIT-frame-03-3-scaled.png\",\"contentUrl\":\"https:\\\/\\\/goornament.com.br\\\/wp-content\\\/uploads\\\/2025\\\/12\\\/02-5x7-A4-PORTRAIT-frame-03-3-scaled.png\",\"width\":1707,\"height\":2560},{\"@type\":\"BreadcrumbList\",\"@id\":\"https:\\\/\\\/goornament.com.br\\\/?product=casal-spotfy#breadcrumb\",\"itemListElement\":[{\"@type\":\"ListItem\",\"position\":1,\"name\":\"In\u00edcio\",\"item\":\"https:\\\/\\\/goornament.com.br\\\/\"},{\"@type\":\"ListItem\",\"position\":2,\"name\":\"Loja\",\"item\":\"https:\\\/\\\/mediumvioletred-anteater-114861.hostingersite.com\\\/?page_id=2378\"},{\"@type\":\"ListItem\",\"position\":3,\"name\":\"Casal Spotfy\"}]},{\"@type\":\"WebSite\",\"@id\":\"https:\\\/\\\/goornament.com.br\\\/#website\",\"url\":\"https:\\\/\\\/goornament.com.br\\\/\",\"name\":\"https:\\\/\\\/goornament.com.br\",\"description\":\"\",\"publisher\":{\"@id\":\"https:\\\/\\\/goornament.com.br\\\/#organization\"},\"potentialAction\":[{\"@type\":\"SearchAction\",\"target\":{\"@type\":\"EntryPoint\",\"urlTemplate\":\"https:\\\/\\\/goornament.com.br\\\/?s={search_term_string}\"},\"query-input\":{\"@type\":\"PropertyValueSpecification\",\"valueRequired\":true,\"valueName\":\"search_term_string\"}}],\"inLanguage\":\"pt-BR\"},{\"@type\":\"Organization\",\"@id\":\"https:\\\/\\\/goornament.com.br\\\/#organization\",\"name\":\"https:\\\/\\\/goornament.com.br\",\"url\":\"https:\\\/\\\/goornament.com.br\\\/\",\"logo\":{\"@type\":\"ImageObject\",\"inLanguage\":\"pt-BR\",\"@id\":\"https:\\\/\\\/goornament.com.br\\\/#\\\/schema\\\/logo\\\/image\\\/\",\"url\":\"https:\\\/\\\/goornament.com.br\\\/wp-content\\\/uploads\\\/2024\\\/10\\\/LOGO-EXPERIMENTO5.png\",\"contentUrl\":\"https:\\\/\\\/goornament.com.br\\\/wp-content\\\/uploads\\\/2024\\\/10\\\/LOGO-EXPERIMENTO5.png\",\"width\":4675,\"height\":4675,\"caption\":\"https:\\\/\\\/goornament.com.br\"},\"image\":{\"@id\":\"https:\\\/\\\/goornament.com.br\\\/#\\\/schema\\\/logo\\\/image\\\/\"}}]}<\/script>\n<!-- \/ Yoast SEO plugin. -->","yoast_head_json":{"title":"Casal Spotfy - https:\/\/goornament.com.br","robots":{"index":"index","follow":"follow","max-snippet":"max-snippet:-1","max-image-preview":"max-image-preview:large","max-video-preview":"max-video-preview:-1"},"canonical":"https:\/\/goornament.com.br\/?product=casal-spotfy","og_locale":"pt_BR","og_type":"article","og_title":"Casal Spotfy - https:\/\/goornament.com.br","og_description":"Casal Spotfy Existem momentos que merecem ser eternizados n\u00e3o apenas em fotos, mas com a trilha sonora que os tornou inesquec\u00edveis. O quadro Sua Hist\u00f3ria em M\u00fasica permite que voc\u00ea personalize uma fotografia especial com o layout interativo do Spotify. Seja a foto da primeira viagem, o registro de um abra\u00e7o ou aquele sorriso espont\u00e2neo, [&hellip;]","og_url":"https:\/\/goornament.com.br\/?product=casal-spotfy","og_site_name":"https:\/\/goornament.com.br","article_modified_time":"2026-02-08T19:24:04+00:00","og_image":[{"width":1024,"height":1024,"url":"https:\/\/goornament.com.br\/wp-content\/uploads\/2025\/12\/02-5x7-A4-PORTRAIT-frame-03-3-1024x1024.png","type":"image\/png"}],"twitter_card":"summary_large_image","schema":{"@context":"https:\/\/schema.org","@graph":[{"@type":"WebPage","@id":"https:\/\/goornament.com.br\/?product=casal-spotfy","url":"https:\/\/goornament.com.br\/?product=casal-spotfy","name":"Casal Spotfy - https:\/\/goornament.com.br","isPartOf":{"@id":"https:\/\/goornament.com.br\/#website"},"primaryImageOfPage":{"@id":"https:\/\/goornament.com.br\/?product=casal-spotfy#primaryimage"},"image":{"@id":"https:\/\/goornament.com.br\/?product=casal-spotfy#primaryimage"},"thumbnailUrl":"https:\/\/goornament.com.br\/wp-content\/uploads\/2025\/12\/02-5x7-A4-PORTRAIT-frame-03-3-scaled.png","datePublished":"2025-12-20T23:41:15+00:00","dateModified":"2026-02-08T19:24:04+00:00","breadcrumb":{"@id":"https:\/\/goornament.com.br\/?product=casal-spotfy#breadcrumb"},"inLanguage":"pt-BR","potentialAction":[{"@type":"ReadAction","target":["https:\/\/goornament.com.br\/?product=casal-spotfy"]}]},{"@type":"ImageObject","inLanguage":"pt-BR","@id":"https:\/\/goornament.com.br\/?product=casal-spotfy#primaryimage","url":"https:\/\/goornament.com.br\/wp-content\/uploads\/2025\/12\/02-5x7-A4-PORTRAIT-frame-03-3-scaled.png","contentUrl":"https:\/\/goornament.com.br\/wp-content\/uploads\/2025\/12\/02-5x7-A4-PORTRAIT-frame-03-3-scaled.png","width":1707,"height":2560},{"@type":"BreadcrumbList","@id":"https:\/\/goornament.com.br\/?product=casal-spotfy#breadcrumb","itemListElement":[{"@type":"ListItem","position":1,"name":"In\u00edcio","item":"https:\/\/goornament.com.br\/"},{"@type":"ListItem","position":2,"name":"Loja","item":"https:\/\/mediumvioletred-anteater-114861.hostingersite.com\/?page_id=2378"},{"@type":"ListItem","position":3,"name":"Casal Spotfy"}]},{"@type":"WebSite","@id":"https:\/\/goornament.com.br\/#website","url":"https:\/\/goornament.com.br\/","name":"https:\/\/goornament.com.br","description":"","publisher":{"@id":"https:\/\/goornament.com.br\/#organization"},"potentialAction":[{"@type":"SearchAction","target":{"@type":"EntryPoint","urlTemplate":"https:\/\/goornament.com.br\/?s={search_term_string}"},"query-input":{"@type":"PropertyValueSpecification","valueRequired":true,"valueName":"search_term_string"}}],"inLanguage":"pt-BR"},{"@type":"Organization","@id":"https:\/\/goornament.com.br\/#organization","name":"https:\/\/goornament.com.br","url":"https:\/\/goornament.com.br\/","logo":{"@type":"ImageObject","inLanguage":"pt-BR","@id":"https:\/\/goornament.com.br\/#\/schema\/logo\/image\/","url":"https:\/\/goornament.com.br\/wp-content\/uploads\/2024\/10\/LOGO-EXPERIMENTO5.png","contentUrl":"https:\/\/goornament.com.br\/wp-content\/uploads\/2024\/10\/LOGO-EXPERIMENTO5.png","width":4675,"height":4675,"caption":"https:\/\/goornament.com.br"},"image":{"@id":"https:\/\/goornament.com.br\/#\/schema\/logo\/image\/"}}]}},"_links":{"self":[{"href":"https:\/\/goornament.com.br\/index.php?rest_route=\/wp\/v2\/product\/11558","targetHints":{"allow":["GET"]}}],"collection":[{"href":"https:\/\/goornament.com.br\/index.php?rest_route=\/wp\/v2\/product"}],"about":[{"href":"https:\/\/goornament.com.br\/index.php?rest_route=\/wp\/v2\/types\/product"}],"replies":[{"embeddable":true,"href":"https:\/\/goornament.com.br\/index.php?rest_route=%2Fwp%2Fv2%2Fcomments&post=11558"}],"version-history":[{"count":6,"href":"https:\/\/goornament.com.br\/index.php?rest_route=\/wp\/v2\/product\/11558\/revisions"}],"predecessor-version":[{"id":33049,"href":"https:\/\/goornament.com.br\/index.php?rest_route=\/wp\/v2\/product\/11558\/revisions\/33049"}],"wp:featuredmedia":[{"embeddable":true,"href":"https:\/\/goornament.com.br\/index.php?rest_route=\/wp\/v2\/media\/11553"}],"wp:attachment":[{"href":"https:\/\/goornament.com.br\/index.php?rest_route=%2Fwp%2Fv2%2Fmedia&parent=11558"}],"wp:term":[{"taxonomy":"product_brand","embeddable":true,"href":"https:\/\/goornament.com.br\/index.php?rest_route=%2Fwp%2Fv2%2Fproduct_brand&post=11558"},{"taxonomy":"product_cat","embeddable":true,"href":"https:\/\/goornament.com.br\/index.php?rest_route=%2Fwp%2Fv2%2Fproduct_cat&post=11558"},{"taxonomy":"product_tag","embeddable":true,"href":"https:\/\/goornament.com.br\/index.php?rest_route=%2Fwp%2Fv2%2Fproduct_tag&post=11558"}],"curies":[{"name":"wp","href":"https:\/\/api.w.org\/{rel}","templated":true}]}}