{"id":12909,"date":"2025-12-23T23:50:41","date_gmt":"2025-12-23T23:50:41","guid":{"rendered":"https:\/\/goornament.com.br\/?post_type=product&#038;p=12909"},"modified":"2026-02-08T18:15:19","modified_gmt":"2026-02-08T18:15:19","slug":"lion-neon","status":"publish","type":"product","link":"https:\/\/goornament.com.br\/?product=lion-neon","title":{"rendered":"Lion Neon"},"content":{"rendered":"\t\t<div data-elementor-type=\"product-post\" data-elementor-id=\"12909\" class=\"elementor elementor-12909\" data-elementor-post-type=\"product\">\n\t\t\t\t<div class=\"elementor-element elementor-element-7e482c93 e-con-full e-flex e-con e-parent\" data-id=\"7e482c93\" data-element_type=\"container\" data-e-type=\"container\">\n\t\t\t\t<div class=\"elementor-element elementor-element-79456c8e elementor-widget elementor-widget-text-editor\" data-id=\"79456c8e\" data-element_type=\"widget\" data-e-type=\"widget\" data-widget_type=\"text-editor.default\">\n\t\t\t\t<div class=\"elementor-widget-container\">\n\t\t\t\t\t\t\t\t\t<h2 style=\"text-align: center;\"><em><strong>Lion Neon<\/strong><\/em><\/h2>\n<p style=\"text-align: center;\">Sinta a for\u00e7a da natureza fundida com o futuro no quadro Rei Digital.<\/p>\n<p style=\"text-align: center;\">Esta obra impressionante apresenta um le\u00e3o majestoso em uma est\u00e9tica <i data-path-to-node=\"3\" data-index-in-node=\"139\">cyberpunk<\/i>, onde sua juba flui como<\/p>\n<p style=\"text-align: center;\">fios de energia e seu corpo \u00e9 adornado com padr\u00f5es de circuitos luminosos. Com uma paleta de cores eletrizante<\/p>\n<p style=\"text-align: center;\">que varia do azul profundo ao laranja incandescente, esta pe\u00e7a captura a ess\u00eancia da lideran\u00e7a e da inova\u00e7\u00e3o.<\/p>\n<p style=\"text-align: center;\">\u00c9 o item definitivo para quem busca uma decora\u00e7\u00e3o de alto impacto, ideal para elevar o n\u00edvel de qualquer setup gamer,<\/p>\n<p style=\"text-align: center;\">escrit\u00f3rio moderno ou sala de estar.<\/p><p style=\"text-align: center;\"><br><\/p>\n<hr>\n<p style=\"text-align: center;\"><strong><em><br><\/em><\/strong><\/p><p style=\"text-align: center;\"><strong><em>Destaques da Obra<\/em><\/strong><\/p>\n<p style=\"text-align: center;\" data-path-to-node=\"6,0,0\"><b data-path-to-node=\"6,0,0\" data-index-in-node=\"0\">Est\u00e9tica Cyber-Organic:<\/b> Uma fus\u00e3o \u00fanica entre a anatomia poderosa do le\u00e3o e elementos de design futurista, criando um visual que \u00e9 ao mesmo tempo selvagem e tecnol\u00f3gico.<\/p>\n<p style=\"text-align: center;\" data-path-to-node=\"6,1,0\"><b data-path-to-node=\"6,1,0\" data-index-in-node=\"0\">Paleta de Neon Vibrante:<\/b> O contraste entre o azul el\u00e9trico e o brilho alaranjado da juba cria uma ilumina\u00e7\u00e3o din\u00e2mica que parece ganhar vida sob diferentes luzes.<\/p>\n<p style=\"text-align: center;\" data-path-to-node=\"6,2,0\"><b data-path-to-node=\"6,2,0\" data-index-in-node=\"0\">Padr\u00f5es de Circuitos:<\/b> Detalhes intrincados de &#8220;tatuagens digitais&#8221; percorrem o corpo do animal, simbolizando intelig\u00eancia, conex\u00e3o e o poder da nova era.<\/p>\n<p style=\"text-align: center;\" data-path-to-node=\"6,3,0\"><b data-path-to-node=\"6,3,0\" data-index-in-node=\"0\">Olhar Penetrante:<\/b> A express\u00e3o serena e focada do le\u00e3o transmite uma sensa\u00e7\u00e3o de sabedoria e dom\u00ednio, tornando-se uma presen\u00e7a inspiradora no ambiente.<\/p>\t\t\t\t\t\t\t\t<\/div>\n\t\t\t\t<\/div>\n\t\t\t\t<\/div>\n\t\t\t\t<\/div>\n\t\t","protected":false},"excerpt":{"rendered":"<p>Lion Neon Sinta a for\u00e7a da natureza fundida com o futuro no quadro Rei Digital. Esta obra impressionante apresenta um le\u00e3o majestoso em uma est\u00e9tica cyberpunk, onde sua juba flui como fios de energia e seu corpo \u00e9 adornado com padr\u00f5es de circuitos luminosos. Com uma paleta de cores eletrizante que varia do azul profundo [&hellip;]<\/p>\n","protected":false},"featured_media":12906,"comment_status":"open","ping_status":"closed","template":"","meta":{"_joinchat":[]},"product_brand":[],"product_cat":[72],"product_tag":[],"class_list":{"0":"post-12909","1":"product","2":"type-product","3":"status-publish","4":"has-post-thumbnail","6":"product_cat-animais","8":"first","9":"instock","10":"sale","11":"taxable","12":"shipping-taxable","13":"purchasable","14":"product-type-variable","15":"has-default-attributes"},"yoast_head":"<!-- This site is optimized with the Yoast SEO plugin v27.3 - https:\/\/yoast.com\/product\/yoast-seo-wordpress\/ -->\n<title>Lion Neon - https:\/\/goornament.com.br<\/title>\n<meta name=\"robots\" content=\"index, follow, max-snippet:-1, max-image-preview:large, max-video-preview:-1\" \/>\n<link rel=\"canonical\" href=\"https:\/\/goornament.com.br\/?product=lion-neon\" \/>\n<meta property=\"og:locale\" content=\"pt_BR\" \/>\n<meta property=\"og:type\" content=\"article\" \/>\n<meta property=\"og:title\" content=\"Lion Neon - https:\/\/goornament.com.br\" \/>\n<meta property=\"og:description\" content=\"Lion Neon Sinta a for\u00e7a da natureza fundida com o futuro no quadro Rei Digital. Esta obra impressionante apresenta um le\u00e3o majestoso em uma est\u00e9tica cyberpunk, onde sua juba flui como fios de energia e seu corpo \u00e9 adornado com padr\u00f5es de circuitos luminosos. Com uma paleta de cores eletrizante que varia do azul profundo [&hellip;]\" \/>\n<meta property=\"og:url\" content=\"https:\/\/goornament.com.br\/?product=lion-neon\" \/>\n<meta property=\"og:site_name\" content=\"https:\/\/goornament.com.br\" \/>\n<meta property=\"article:modified_time\" content=\"2026-02-08T18:15:19+00:00\" \/>\n<meta property=\"og:image\" content=\"https:\/\/goornament.com.br\/wp-content\/uploads\/2025\/12\/MOLDURA-COM-VIDRO-3-3.png\" \/>\n\t<meta property=\"og:image:width\" content=\"800\" \/>\n\t<meta property=\"og:image:height\" content=\"1200\" \/>\n\t<meta property=\"og:image:type\" content=\"image\/png\" \/>\n<meta name=\"twitter:card\" content=\"summary_large_image\" \/>\n<script type=\"application\/ld+json\" class=\"yoast-schema-graph\">{\"@context\":\"https:\\\/\\\/schema.org\",\"@graph\":[{\"@type\":\"WebPage\",\"@id\":\"https:\\\/\\\/goornament.com.br\\\/?product=lion-neon\",\"url\":\"https:\\\/\\\/goornament.com.br\\\/?product=lion-neon\",\"name\":\"Lion Neon - https:\\\/\\\/goornament.com.br\",\"isPartOf\":{\"@id\":\"https:\\\/\\\/goornament.com.br\\\/#website\"},\"primaryImageOfPage\":{\"@id\":\"https:\\\/\\\/goornament.com.br\\\/?product=lion-neon#primaryimage\"},\"image\":{\"@id\":\"https:\\\/\\\/goornament.com.br\\\/?product=lion-neon#primaryimage\"},\"thumbnailUrl\":\"https:\\\/\\\/goornament.com.br\\\/wp-content\\\/uploads\\\/2025\\\/12\\\/MOLDURA-COM-VIDRO-3-3.png\",\"datePublished\":\"2025-12-23T23:50:41+00:00\",\"dateModified\":\"2026-02-08T18:15:19+00:00\",\"breadcrumb\":{\"@id\":\"https:\\\/\\\/goornament.com.br\\\/?product=lion-neon#breadcrumb\"},\"inLanguage\":\"pt-BR\",\"potentialAction\":[{\"@type\":\"ReadAction\",\"target\":[\"https:\\\/\\\/goornament.com.br\\\/?product=lion-neon\"]}]},{\"@type\":\"ImageObject\",\"inLanguage\":\"pt-BR\",\"@id\":\"https:\\\/\\\/goornament.com.br\\\/?product=lion-neon#primaryimage\",\"url\":\"https:\\\/\\\/goornament.com.br\\\/wp-content\\\/uploads\\\/2025\\\/12\\\/MOLDURA-COM-VIDRO-3-3.png\",\"contentUrl\":\"https:\\\/\\\/goornament.com.br\\\/wp-content\\\/uploads\\\/2025\\\/12\\\/MOLDURA-COM-VIDRO-3-3.png\",\"width\":800,\"height\":1200},{\"@type\":\"BreadcrumbList\",\"@id\":\"https:\\\/\\\/goornament.com.br\\\/?product=lion-neon#breadcrumb\",\"itemListElement\":[{\"@type\":\"ListItem\",\"position\":1,\"name\":\"In\u00edcio\",\"item\":\"https:\\\/\\\/goornament.com.br\\\/\"},{\"@type\":\"ListItem\",\"position\":2,\"name\":\"Loja\",\"item\":\"https:\\\/\\\/mediumvioletred-anteater-114861.hostingersite.com\\\/?page_id=2378\"},{\"@type\":\"ListItem\",\"position\":3,\"name\":\"Lion Neon\"}]},{\"@type\":\"WebSite\",\"@id\":\"https:\\\/\\\/goornament.com.br\\\/#website\",\"url\":\"https:\\\/\\\/goornament.com.br\\\/\",\"name\":\"https:\\\/\\\/goornament.com.br\",\"description\":\"\",\"publisher\":{\"@id\":\"https:\\\/\\\/goornament.com.br\\\/#organization\"},\"potentialAction\":[{\"@type\":\"SearchAction\",\"target\":{\"@type\":\"EntryPoint\",\"urlTemplate\":\"https:\\\/\\\/goornament.com.br\\\/?s={search_term_string}\"},\"query-input\":{\"@type\":\"PropertyValueSpecification\",\"valueRequired\":true,\"valueName\":\"search_term_string\"}}],\"inLanguage\":\"pt-BR\"},{\"@type\":\"Organization\",\"@id\":\"https:\\\/\\\/goornament.com.br\\\/#organization\",\"name\":\"https:\\\/\\\/goornament.com.br\",\"url\":\"https:\\\/\\\/goornament.com.br\\\/\",\"logo\":{\"@type\":\"ImageObject\",\"inLanguage\":\"pt-BR\",\"@id\":\"https:\\\/\\\/goornament.com.br\\\/#\\\/schema\\\/logo\\\/image\\\/\",\"url\":\"https:\\\/\\\/goornament.com.br\\\/wp-content\\\/uploads\\\/2024\\\/10\\\/LOGO-EXPERIMENTO5.png\",\"contentUrl\":\"https:\\\/\\\/goornament.com.br\\\/wp-content\\\/uploads\\\/2024\\\/10\\\/LOGO-EXPERIMENTO5.png\",\"width\":4675,\"height\":4675,\"caption\":\"https:\\\/\\\/goornament.com.br\"},\"image\":{\"@id\":\"https:\\\/\\\/goornament.com.br\\\/#\\\/schema\\\/logo\\\/image\\\/\"}}]}<\/script>\n<!-- \/ Yoast SEO plugin. -->","yoast_head_json":{"title":"Lion Neon - https:\/\/goornament.com.br","robots":{"index":"index","follow":"follow","max-snippet":"max-snippet:-1","max-image-preview":"max-image-preview:large","max-video-preview":"max-video-preview:-1"},"canonical":"https:\/\/goornament.com.br\/?product=lion-neon","og_locale":"pt_BR","og_type":"article","og_title":"Lion Neon - https:\/\/goornament.com.br","og_description":"Lion Neon Sinta a for\u00e7a da natureza fundida com o futuro no quadro Rei Digital. Esta obra impressionante apresenta um le\u00e3o majestoso em uma est\u00e9tica cyberpunk, onde sua juba flui como fios de energia e seu corpo \u00e9 adornado com padr\u00f5es de circuitos luminosos. Com uma paleta de cores eletrizante que varia do azul profundo [&hellip;]","og_url":"https:\/\/goornament.com.br\/?product=lion-neon","og_site_name":"https:\/\/goornament.com.br","article_modified_time":"2026-02-08T18:15:19+00:00","og_image":[{"width":800,"height":1200,"url":"https:\/\/goornament.com.br\/wp-content\/uploads\/2025\/12\/MOLDURA-COM-VIDRO-3-3.png","type":"image\/png"}],"twitter_card":"summary_large_image","schema":{"@context":"https:\/\/schema.org","@graph":[{"@type":"WebPage","@id":"https:\/\/goornament.com.br\/?product=lion-neon","url":"https:\/\/goornament.com.br\/?product=lion-neon","name":"Lion Neon - https:\/\/goornament.com.br","isPartOf":{"@id":"https:\/\/goornament.com.br\/#website"},"primaryImageOfPage":{"@id":"https:\/\/goornament.com.br\/?product=lion-neon#primaryimage"},"image":{"@id":"https:\/\/goornament.com.br\/?product=lion-neon#primaryimage"},"thumbnailUrl":"https:\/\/goornament.com.br\/wp-content\/uploads\/2025\/12\/MOLDURA-COM-VIDRO-3-3.png","datePublished":"2025-12-23T23:50:41+00:00","dateModified":"2026-02-08T18:15:19+00:00","breadcrumb":{"@id":"https:\/\/goornament.com.br\/?product=lion-neon#breadcrumb"},"inLanguage":"pt-BR","potentialAction":[{"@type":"ReadAction","target":["https:\/\/goornament.com.br\/?product=lion-neon"]}]},{"@type":"ImageObject","inLanguage":"pt-BR","@id":"https:\/\/goornament.com.br\/?product=lion-neon#primaryimage","url":"https:\/\/goornament.com.br\/wp-content\/uploads\/2025\/12\/MOLDURA-COM-VIDRO-3-3.png","contentUrl":"https:\/\/goornament.com.br\/wp-content\/uploads\/2025\/12\/MOLDURA-COM-VIDRO-3-3.png","width":800,"height":1200},{"@type":"BreadcrumbList","@id":"https:\/\/goornament.com.br\/?product=lion-neon#breadcrumb","itemListElement":[{"@type":"ListItem","position":1,"name":"In\u00edcio","item":"https:\/\/goornament.com.br\/"},{"@type":"ListItem","position":2,"name":"Loja","item":"https:\/\/mediumvioletred-anteater-114861.hostingersite.com\/?page_id=2378"},{"@type":"ListItem","position":3,"name":"Lion Neon"}]},{"@type":"WebSite","@id":"https:\/\/goornament.com.br\/#website","url":"https:\/\/goornament.com.br\/","name":"https:\/\/goornament.com.br","description":"","publisher":{"@id":"https:\/\/goornament.com.br\/#organization"},"potentialAction":[{"@type":"SearchAction","target":{"@type":"EntryPoint","urlTemplate":"https:\/\/goornament.com.br\/?s={search_term_string}"},"query-input":{"@type":"PropertyValueSpecification","valueRequired":true,"valueName":"search_term_string"}}],"inLanguage":"pt-BR"},{"@type":"Organization","@id":"https:\/\/goornament.com.br\/#organization","name":"https:\/\/goornament.com.br","url":"https:\/\/goornament.com.br\/","logo":{"@type":"ImageObject","inLanguage":"pt-BR","@id":"https:\/\/goornament.com.br\/#\/schema\/logo\/image\/","url":"https:\/\/goornament.com.br\/wp-content\/uploads\/2024\/10\/LOGO-EXPERIMENTO5.png","contentUrl":"https:\/\/goornament.com.br\/wp-content\/uploads\/2024\/10\/LOGO-EXPERIMENTO5.png","width":4675,"height":4675,"caption":"https:\/\/goornament.com.br"},"image":{"@id":"https:\/\/goornament.com.br\/#\/schema\/logo\/image\/"}}]}},"_links":{"self":[{"href":"https:\/\/goornament.com.br\/index.php?rest_route=\/wp\/v2\/product\/12909","targetHints":{"allow":["GET"]}}],"collection":[{"href":"https:\/\/goornament.com.br\/index.php?rest_route=\/wp\/v2\/product"}],"about":[{"href":"https:\/\/goornament.com.br\/index.php?rest_route=\/wp\/v2\/types\/product"}],"replies":[{"embeddable":true,"href":"https:\/\/goornament.com.br\/index.php?rest_route=%2Fwp%2Fv2%2Fcomments&post=12909"}],"version-history":[{"count":6,"href":"https:\/\/goornament.com.br\/index.php?rest_route=\/wp\/v2\/product\/12909\/revisions"}],"predecessor-version":[{"id":32943,"href":"https:\/\/goornament.com.br\/index.php?rest_route=\/wp\/v2\/product\/12909\/revisions\/32943"}],"wp:featuredmedia":[{"embeddable":true,"href":"https:\/\/goornament.com.br\/index.php?rest_route=\/wp\/v2\/media\/12906"}],"wp:attachment":[{"href":"https:\/\/goornament.com.br\/index.php?rest_route=%2Fwp%2Fv2%2Fmedia&parent=12909"}],"wp:term":[{"taxonomy":"product_brand","embeddable":true,"href":"https:\/\/goornament.com.br\/index.php?rest_route=%2Fwp%2Fv2%2Fproduct_brand&post=12909"},{"taxonomy":"product_cat","embeddable":true,"href":"https:\/\/goornament.com.br\/index.php?rest_route=%2Fwp%2Fv2%2Fproduct_cat&post=12909"},{"taxonomy":"product_tag","embeddable":true,"href":"https:\/\/goornament.com.br\/index.php?rest_route=%2Fwp%2Fv2%2Fproduct_tag&post=12909"}],"curies":[{"name":"wp","href":"https:\/\/api.w.org\/{rel}","templated":true}]}}