{"id":1507,"date":"2024-09-28T00:53:21","date_gmt":"2024-09-28T00:53:21","guid":{"rendered":"https:\/\/wheat-dog-104532.hostingersite.com\/?post_type=product&#038;p=1507"},"modified":"2026-02-10T05:59:17","modified_gmt":"2026-02-10T05:59:17","slug":"leao-filhote","status":"publish","type":"product","link":"https:\/\/goornament.com.br\/?product=leao-filhote","title":{"rendered":"Le\u00e3o Beb\u00ea"},"content":{"rendered":"\t\t<div data-elementor-type=\"product-post\" data-elementor-id=\"1507\" class=\"elementor elementor-1507\" data-elementor-post-type=\"product\">\n\t\t\t\t<div class=\"elementor-element elementor-element-3e94850 e-con-full e-flex e-con e-parent\" data-id=\"3e94850\" data-element_type=\"container\" data-e-type=\"container\">\n\t\t\t\t<div class=\"elementor-element elementor-element-7f0cb9a4 elementor-widget elementor-widget-text-editor\" data-id=\"7f0cb9a4\" data-element_type=\"widget\" data-e-type=\"widget\" data-widget_type=\"text-editor.default\">\n\t\t\t\t<div class=\"elementor-widget-container\">\n\t\t\t\t\t\t\t\t\t<div class=\"flex max-w-full flex-col flex-grow\">\n<div class=\"min-h-8 text-message flex w-full flex-col items-end gap-2 whitespace-normal break-words [.text-message+&amp;]:mt-5\" dir=\"auto\" data-message-author-role=\"assistant\" data-message-id=\"8550572c-6a97-4012-83b8-818973b2feb7\">\n<div class=\"flex w-full flex-col gap-1 empty:hidden first:pt-[3px]\">\n<div class=\"markdown prose w-full break-words dark:prose-invert light\">\n<h2 style=\"text-align: center;\"><em>Le\u00e3o Beb\u00ea<\/em><\/h2>\n<p style=\"text-align: center;\">Desperte a coragem e a nobreza no cora\u00e7\u00e3o dos pequenos com o quadro Le\u00e3ozinho Geom\u00e9trico.&nbsp;<\/p><p style=\"text-align: center;\">Esta obra captura a majestade de um filhote de le\u00e3o atrav\u00e9s de uma est\u00e9tica moderna que funde tra\u00e7os multifacetados a uma explos\u00e3o de aquarelas vibrantes.&nbsp;<\/p><p style=\"text-align: center;\">Com um olhar sereno e marcante, esta pe\u00e7a \u00e9 uma celebra\u00e7\u00e3o da for\u00e7a e da identidade, trazendo uma energia revigorante e cheia de vida para o ambiente.<\/p>\n<p style=\"text-align: center;\">\u00c9 a escolha ideal para quartos infantis, brinquedotecas ou espa\u00e7os que buscam inspirar autoconfian\u00e7a e alegria atrav\u00e9s da arte contempor\u00e2nea.<\/p><p style=\"text-align: center;\"><br><\/p>\n<hr>\n<p style=\"text-align: center;\"><em><strong><br><\/strong><\/em><\/p><p style=\"text-align: center;\"><em><strong>Destaques da Obra<\/strong><\/em><\/p>\n<p style=\"text-align: center;\" data-path-to-node=\"4,0,0\"><b data-path-to-node=\"4,0,0\" data-index-in-node=\"0\">Design de Autor:<\/b> A ilustra\u00e7\u00e3o utiliza um estilo geom\u00e9trico sofisticado, onde cada faceta do rosto do le\u00e3ozinho \u00e9 real\u00e7ada por cores contrastantes, criando uma pe\u00e7a visualmente rica e din\u00e2mica.<\/p>\n<p style=\"text-align: center;\" data-path-to-node=\"4,1,0\"><b data-path-to-node=\"4,1,0\" data-index-in-node=\"0\">Aquarela Vibrante:<\/b> O fundo com respingos flu\u00eddos em tons de azul, rosa, laranja e turquesa confere movimento \u00e0 obra, transformando a figura cl\u00e1ssica do le\u00e3o em uma express\u00e3o de arte moderna.<\/p>\n<p style=\"text-align: center;\" data-path-to-node=\"4,2,0\"><b data-path-to-node=\"4,2,0\" data-index-in-node=\"0\">Simbolismo de Lideran\u00e7a e Prote\u00e7\u00e3o:<\/b> O le\u00e3o, conhecido como o rei da selva, \u00e9 apresentado aqui de forma d\u00f3cil e cativante, ideal para decorar espa\u00e7os onde se deseja transmitir seguran\u00e7a e coragem.<\/p>\n<p style=\"text-align: center;\" data-path-to-node=\"4,3,0\"><b data-path-to-node=\"4,3,0\" data-index-in-node=\"0\">Paleta Multi-Ambiental:<\/b> Gra\u00e7as \u00e0 sua ampla gama de cores, o quadro harmoniza-se facilmente com diversos estilos de decora\u00e7\u00e3o, servindo como um ponto focal que ilumina e alegra qualquer parede.<\/p>\n<\/div>\n<\/div>\n<\/div>\n<\/div>\t\t\t\t\t\t\t\t<\/div>\n\t\t\t\t<\/div>\n\t\t\t\t<\/div>\n\t\t\t\t<\/div>\n\t\t","protected":false},"excerpt":{"rendered":"<p>Le\u00e3o Beb\u00ea Desperte a coragem e a nobreza no cora\u00e7\u00e3o dos pequenos com o quadro Le\u00e3ozinho Geom\u00e9trico.&nbsp; Esta obra captura a majestade de um filhote de le\u00e3o atrav\u00e9s de uma est\u00e9tica moderna que funde tra\u00e7os multifacetados a uma explos\u00e3o de aquarelas vibrantes.&nbsp; Com um olhar sereno e marcante, esta pe\u00e7a \u00e9 uma celebra\u00e7\u00e3o da for\u00e7a [&hellip;]<\/p>\n","protected":false},"featured_media":7519,"comment_status":"open","ping_status":"closed","template":"elementor_theme","meta":{"_joinchat":[]},"product_brand":[],"product_cat":[72,98],"product_tag":[],"class_list":{"0":"post-1507","1":"product","2":"type-product","3":"status-publish","4":"has-post-thumbnail","6":"product_cat-animais","7":"product_cat-infantil","9":"first","10":"instock","11":"sale","12":"taxable","13":"shipping-taxable","14":"purchasable","15":"product-type-variable","16":"has-default-attributes"},"yoast_head":"<!-- This site is optimized with the Yoast SEO plugin v27.3 - https:\/\/yoast.com\/product\/yoast-seo-wordpress\/ -->\n<title>Le\u00e3o Beb\u00ea - https:\/\/goornament.com.br<\/title>\n<meta name=\"robots\" content=\"index, follow, max-snippet:-1, max-image-preview:large, max-video-preview:-1\" \/>\n<link rel=\"canonical\" href=\"https:\/\/goornament.com.br\/?product=leao-filhote\" \/>\n<meta property=\"og:locale\" content=\"pt_BR\" \/>\n<meta property=\"og:type\" content=\"article\" \/>\n<meta property=\"og:title\" content=\"Le\u00e3o Beb\u00ea - https:\/\/goornament.com.br\" \/>\n<meta property=\"og:description\" content=\"Le\u00e3o Beb\u00ea Desperte a coragem e a nobreza no cora\u00e7\u00e3o dos pequenos com o quadro Le\u00e3ozinho Geom\u00e9trico.&nbsp; Esta obra captura a majestade de um filhote de le\u00e3o atrav\u00e9s de uma est\u00e9tica moderna que funde tra\u00e7os multifacetados a uma explos\u00e3o de aquarelas vibrantes.&nbsp; Com um olhar sereno e marcante, esta pe\u00e7a \u00e9 uma celebra\u00e7\u00e3o da for\u00e7a [&hellip;]\" \/>\n<meta property=\"og:url\" content=\"https:\/\/goornament.com.br\/?product=leao-filhote\" \/>\n<meta property=\"og:site_name\" content=\"https:\/\/goornament.com.br\" \/>\n<meta property=\"article:modified_time\" content=\"2026-02-10T05:59:17+00:00\" \/>\n<meta property=\"og:image\" content=\"https:\/\/goornament.com.br\/wp-content\/uploads\/2024\/09\/MOLDURA-COM-VIDRO-3-3.png\" \/>\n\t<meta property=\"og:image:width\" content=\"600\" \/>\n\t<meta property=\"og:image:height\" content=\"900\" \/>\n\t<meta property=\"og:image:type\" content=\"image\/png\" \/>\n<meta name=\"twitter:card\" content=\"summary_large_image\" \/>\n<script type=\"application\/ld+json\" class=\"yoast-schema-graph\">{\"@context\":\"https:\\\/\\\/schema.org\",\"@graph\":[{\"@type\":\"WebPage\",\"@id\":\"https:\\\/\\\/goornament.com.br\\\/?product=leao-filhote\",\"url\":\"https:\\\/\\\/goornament.com.br\\\/?product=leao-filhote\",\"name\":\"Le\u00e3o Beb\u00ea - https:\\\/\\\/goornament.com.br\",\"isPartOf\":{\"@id\":\"https:\\\/\\\/goornament.com.br\\\/#website\"},\"primaryImageOfPage\":{\"@id\":\"https:\\\/\\\/goornament.com.br\\\/?product=leao-filhote#primaryimage\"},\"image\":{\"@id\":\"https:\\\/\\\/goornament.com.br\\\/?product=leao-filhote#primaryimage\"},\"thumbnailUrl\":\"https:\\\/\\\/goornament.com.br\\\/wp-content\\\/uploads\\\/2024\\\/09\\\/MOLDURA-COM-VIDRO-3-3.png\",\"datePublished\":\"2024-09-28T00:53:21+00:00\",\"dateModified\":\"2026-02-10T05:59:17+00:00\",\"breadcrumb\":{\"@id\":\"https:\\\/\\\/goornament.com.br\\\/?product=leao-filhote#breadcrumb\"},\"inLanguage\":\"pt-BR\",\"potentialAction\":[{\"@type\":\"ReadAction\",\"target\":[\"https:\\\/\\\/goornament.com.br\\\/?product=leao-filhote\"]}]},{\"@type\":\"ImageObject\",\"inLanguage\":\"pt-BR\",\"@id\":\"https:\\\/\\\/goornament.com.br\\\/?product=leao-filhote#primaryimage\",\"url\":\"https:\\\/\\\/goornament.com.br\\\/wp-content\\\/uploads\\\/2024\\\/09\\\/MOLDURA-COM-VIDRO-3-3.png\",\"contentUrl\":\"https:\\\/\\\/goornament.com.br\\\/wp-content\\\/uploads\\\/2024\\\/09\\\/MOLDURA-COM-VIDRO-3-3.png\",\"width\":600,\"height\":900},{\"@type\":\"BreadcrumbList\",\"@id\":\"https:\\\/\\\/goornament.com.br\\\/?product=leao-filhote#breadcrumb\",\"itemListElement\":[{\"@type\":\"ListItem\",\"position\":1,\"name\":\"In\u00edcio\",\"item\":\"https:\\\/\\\/goornament.com.br\\\/\"},{\"@type\":\"ListItem\",\"position\":2,\"name\":\"Loja\",\"item\":\"https:\\\/\\\/mediumvioletred-anteater-114861.hostingersite.com\\\/?page_id=2378\"},{\"@type\":\"ListItem\",\"position\":3,\"name\":\"Le\u00e3o Beb\u00ea\"}]},{\"@type\":\"WebSite\",\"@id\":\"https:\\\/\\\/goornament.com.br\\\/#website\",\"url\":\"https:\\\/\\\/goornament.com.br\\\/\",\"name\":\"https:\\\/\\\/goornament.com.br\",\"description\":\"\",\"publisher\":{\"@id\":\"https:\\\/\\\/goornament.com.br\\\/#organization\"},\"potentialAction\":[{\"@type\":\"SearchAction\",\"target\":{\"@type\":\"EntryPoint\",\"urlTemplate\":\"https:\\\/\\\/goornament.com.br\\\/?s={search_term_string}\"},\"query-input\":{\"@type\":\"PropertyValueSpecification\",\"valueRequired\":true,\"valueName\":\"search_term_string\"}}],\"inLanguage\":\"pt-BR\"},{\"@type\":\"Organization\",\"@id\":\"https:\\\/\\\/goornament.com.br\\\/#organization\",\"name\":\"https:\\\/\\\/goornament.com.br\",\"url\":\"https:\\\/\\\/goornament.com.br\\\/\",\"logo\":{\"@type\":\"ImageObject\",\"inLanguage\":\"pt-BR\",\"@id\":\"https:\\\/\\\/goornament.com.br\\\/#\\\/schema\\\/logo\\\/image\\\/\",\"url\":\"https:\\\/\\\/goornament.com.br\\\/wp-content\\\/uploads\\\/2024\\\/10\\\/LOGO-EXPERIMENTO5.png\",\"contentUrl\":\"https:\\\/\\\/goornament.com.br\\\/wp-content\\\/uploads\\\/2024\\\/10\\\/LOGO-EXPERIMENTO5.png\",\"width\":4675,\"height\":4675,\"caption\":\"https:\\\/\\\/goornament.com.br\"},\"image\":{\"@id\":\"https:\\\/\\\/goornament.com.br\\\/#\\\/schema\\\/logo\\\/image\\\/\"}}]}<\/script>\n<!-- \/ Yoast SEO plugin. -->","yoast_head_json":{"title":"Le\u00e3o Beb\u00ea - https:\/\/goornament.com.br","robots":{"index":"index","follow":"follow","max-snippet":"max-snippet:-1","max-image-preview":"max-image-preview:large","max-video-preview":"max-video-preview:-1"},"canonical":"https:\/\/goornament.com.br\/?product=leao-filhote","og_locale":"pt_BR","og_type":"article","og_title":"Le\u00e3o Beb\u00ea - https:\/\/goornament.com.br","og_description":"Le\u00e3o Beb\u00ea Desperte a coragem e a nobreza no cora\u00e7\u00e3o dos pequenos com o quadro Le\u00e3ozinho Geom\u00e9trico.&nbsp; Esta obra captura a majestade de um filhote de le\u00e3o atrav\u00e9s de uma est\u00e9tica moderna que funde tra\u00e7os multifacetados a uma explos\u00e3o de aquarelas vibrantes.&nbsp; Com um olhar sereno e marcante, esta pe\u00e7a \u00e9 uma celebra\u00e7\u00e3o da for\u00e7a [&hellip;]","og_url":"https:\/\/goornament.com.br\/?product=leao-filhote","og_site_name":"https:\/\/goornament.com.br","article_modified_time":"2026-02-10T05:59:17+00:00","og_image":[{"width":600,"height":900,"url":"https:\/\/goornament.com.br\/wp-content\/uploads\/2024\/09\/MOLDURA-COM-VIDRO-3-3.png","type":"image\/png"}],"twitter_card":"summary_large_image","schema":{"@context":"https:\/\/schema.org","@graph":[{"@type":"WebPage","@id":"https:\/\/goornament.com.br\/?product=leao-filhote","url":"https:\/\/goornament.com.br\/?product=leao-filhote","name":"Le\u00e3o Beb\u00ea - https:\/\/goornament.com.br","isPartOf":{"@id":"https:\/\/goornament.com.br\/#website"},"primaryImageOfPage":{"@id":"https:\/\/goornament.com.br\/?product=leao-filhote#primaryimage"},"image":{"@id":"https:\/\/goornament.com.br\/?product=leao-filhote#primaryimage"},"thumbnailUrl":"https:\/\/goornament.com.br\/wp-content\/uploads\/2024\/09\/MOLDURA-COM-VIDRO-3-3.png","datePublished":"2024-09-28T00:53:21+00:00","dateModified":"2026-02-10T05:59:17+00:00","breadcrumb":{"@id":"https:\/\/goornament.com.br\/?product=leao-filhote#breadcrumb"},"inLanguage":"pt-BR","potentialAction":[{"@type":"ReadAction","target":["https:\/\/goornament.com.br\/?product=leao-filhote"]}]},{"@type":"ImageObject","inLanguage":"pt-BR","@id":"https:\/\/goornament.com.br\/?product=leao-filhote#primaryimage","url":"https:\/\/goornament.com.br\/wp-content\/uploads\/2024\/09\/MOLDURA-COM-VIDRO-3-3.png","contentUrl":"https:\/\/goornament.com.br\/wp-content\/uploads\/2024\/09\/MOLDURA-COM-VIDRO-3-3.png","width":600,"height":900},{"@type":"BreadcrumbList","@id":"https:\/\/goornament.com.br\/?product=leao-filhote#breadcrumb","itemListElement":[{"@type":"ListItem","position":1,"name":"In\u00edcio","item":"https:\/\/goornament.com.br\/"},{"@type":"ListItem","position":2,"name":"Loja","item":"https:\/\/mediumvioletred-anteater-114861.hostingersite.com\/?page_id=2378"},{"@type":"ListItem","position":3,"name":"Le\u00e3o Beb\u00ea"}]},{"@type":"WebSite","@id":"https:\/\/goornament.com.br\/#website","url":"https:\/\/goornament.com.br\/","name":"https:\/\/goornament.com.br","description":"","publisher":{"@id":"https:\/\/goornament.com.br\/#organization"},"potentialAction":[{"@type":"SearchAction","target":{"@type":"EntryPoint","urlTemplate":"https:\/\/goornament.com.br\/?s={search_term_string}"},"query-input":{"@type":"PropertyValueSpecification","valueRequired":true,"valueName":"search_term_string"}}],"inLanguage":"pt-BR"},{"@type":"Organization","@id":"https:\/\/goornament.com.br\/#organization","name":"https:\/\/goornament.com.br","url":"https:\/\/goornament.com.br\/","logo":{"@type":"ImageObject","inLanguage":"pt-BR","@id":"https:\/\/goornament.com.br\/#\/schema\/logo\/image\/","url":"https:\/\/goornament.com.br\/wp-content\/uploads\/2024\/10\/LOGO-EXPERIMENTO5.png","contentUrl":"https:\/\/goornament.com.br\/wp-content\/uploads\/2024\/10\/LOGO-EXPERIMENTO5.png","width":4675,"height":4675,"caption":"https:\/\/goornament.com.br"},"image":{"@id":"https:\/\/goornament.com.br\/#\/schema\/logo\/image\/"}}]}},"_links":{"self":[{"href":"https:\/\/goornament.com.br\/index.php?rest_route=\/wp\/v2\/product\/1507","targetHints":{"allow":["GET"]}}],"collection":[{"href":"https:\/\/goornament.com.br\/index.php?rest_route=\/wp\/v2\/product"}],"about":[{"href":"https:\/\/goornament.com.br\/index.php?rest_route=\/wp\/v2\/types\/product"}],"replies":[{"embeddable":true,"href":"https:\/\/goornament.com.br\/index.php?rest_route=%2Fwp%2Fv2%2Fcomments&post=1507"}],"version-history":[{"count":5,"href":"https:\/\/goornament.com.br\/index.php?rest_route=\/wp\/v2\/product\/1507\/revisions"}],"predecessor-version":[{"id":33233,"href":"https:\/\/goornament.com.br\/index.php?rest_route=\/wp\/v2\/product\/1507\/revisions\/33233"}],"wp:featuredmedia":[{"embeddable":true,"href":"https:\/\/goornament.com.br\/index.php?rest_route=\/wp\/v2\/media\/7519"}],"wp:attachment":[{"href":"https:\/\/goornament.com.br\/index.php?rest_route=%2Fwp%2Fv2%2Fmedia&parent=1507"}],"wp:term":[{"taxonomy":"product_brand","embeddable":true,"href":"https:\/\/goornament.com.br\/index.php?rest_route=%2Fwp%2Fv2%2Fproduct_brand&post=1507"},{"taxonomy":"product_cat","embeddable":true,"href":"https:\/\/goornament.com.br\/index.php?rest_route=%2Fwp%2Fv2%2Fproduct_cat&post=1507"},{"taxonomy":"product_tag","embeddable":true,"href":"https:\/\/goornament.com.br\/index.php?rest_route=%2Fwp%2Fv2%2Fproduct_tag&post=1507"}],"curies":[{"name":"wp","href":"https:\/\/api.w.org\/{rel}","templated":true}]}}