{"id":15217,"date":"2025-12-24T02:25:02","date_gmt":"2025-12-24T02:25:02","guid":{"rendered":"https:\/\/goornament.com.br\/?post_type=product&#038;p=15217"},"modified":"2026-02-08T17:54:44","modified_gmt":"2026-02-08T17:54:44","slug":"dragon-ball","status":"publish","type":"product","link":"https:\/\/goornament.com.br\/?product=dragon-ball","title":{"rendered":"Dragon Ball"},"content":{"rendered":"\t\t<div data-elementor-type=\"product-post\" data-elementor-id=\"15217\" class=\"elementor elementor-15217\" data-elementor-post-type=\"product\">\n\t\t\t\t<div class=\"elementor-element elementor-element-478b6c09 e-con-full e-flex e-con e-parent\" data-id=\"478b6c09\" data-element_type=\"container\" data-e-type=\"container\">\n\t\t\t\t<div class=\"elementor-element elementor-element-2542ec6b elementor-widget elementor-widget-text-editor\" data-id=\"2542ec6b\" data-element_type=\"widget\" data-e-type=\"widget\" data-widget_type=\"text-editor.default\">\n\t\t\t\t<div class=\"elementor-widget-container\">\n\t\t\t\t\t\t\t\t\t<div class=\"response-content ng-tns-c3290402103-488\">\n<div class=\"container\">\n<div id=\"model-response-message-contentr_70bf6748e573b97c\" class=\"markdown markdown-main-panel enable-updated-hr-color\" dir=\"ltr\" aria-live=\"polite\" aria-busy=\"false\">\n<h2 style=\"text-align: center;\"><em><strong>Dragon Ball<\/strong><\/em><\/h2>\n<p style=\"text-align: center;\">Eleve a energia do seu ambiente com o quadro Supera\u00e7\u00e3o Absoluta.<\/p>\n<p style=\"text-align: center;\">Esta obra apresenta uma releitura estilizada de Goku em uma est\u00e9tica de arte urbana e contempor\u00e2nea,<\/p>\n<p style=\"text-align: center;\">onde o laranja vibrante s\u00edmbolo da sua determina\u00e7\u00e3o e heran\u00e7a domina a composi\u00e7\u00e3o atrav\u00e9s de tra\u00e7os<\/p>\n<p style=\"text-align: center;\">din\u00e2micos e manchas art\u00edsticas que sugerem uma explos\u00e3o de poder.<\/p>\n<p style=\"text-align: center;\">\u00c9 o item de decora\u00e7\u00e3o definitivo para f\u00e3s que buscam uma pe\u00e7a de impacto que una o<\/p>\n<p style=\"text-align: center;\">esp\u00edrito cl\u00e1ssico de Dragon Ball com um design moderno e arrojado.<\/p><p style=\"text-align: center;\"><br><\/p>\n<hr>\n<p style=\"text-align: center;\"><em><strong><br><\/strong><\/em><\/p><p style=\"text-align: center;\"><em><strong>Destaques da Obra<\/strong><\/em><\/p>\n<p style=\"text-align: center;\" data-path-to-node=\"6,0,0\"><b data-path-to-node=\"6,0,0\" data-index-in-node=\"0\">Design Estilizado:<\/b>&nbsp;O uso de molduras internas geom\u00e9tricas e respingos de tinta confere um ar de &#8220;galeria de arte moderna&#8221; \u00e0 pe\u00e7a.<\/p>\n<p style=\"text-align: center;\" data-path-to-node=\"6,1,0\"><b data-path-to-node=\"6,1,0\" data-index-in-node=\"0\">Paleta de Energia:<\/b>&nbsp;O contraste entre o preto profundo e o laranja intenso cria um efeito visual que energiza o espa\u00e7o e destaca a musculatura e o foco do guerreiro.<\/p>\n<p style=\"text-align: center;\" data-path-to-node=\"6,2,0\"><b data-path-to-node=\"6,2,0\" data-index-in-node=\"0\">Postura de Impacto:<\/b>&nbsp;O olhar por cima do ombro transmite a confian\u00e7a e a serenidade de quem atingiu um novo n\u00edvel de poder, capturando a ess\u00eancia de Goku.<\/p>\n<p style=\"text-align: center;\" data-path-to-node=\"6,3,0\"><b data-path-to-node=\"6,3,0\" data-index-in-node=\"0\">Vibe Motivacional:<\/b>&nbsp;Ideal para academias, escrit\u00f3rios ou quartos, servindo como um lembrete visual de que n\u00e3o existem limites para quem busca a evolu\u00e7\u00e3o constante.<\/p>\n<\/div>\n<\/div>\n<\/div>\t\t\t\t\t\t\t\t<\/div>\n\t\t\t\t<\/div>\n\t\t\t\t<\/div>\n\t\t\t\t<\/div>\n\t\t","protected":false},"excerpt":{"rendered":"<p>Dragon Ball Eleve a energia do seu ambiente com o quadro Supera\u00e7\u00e3o Absoluta. Esta obra apresenta uma releitura estilizada de Goku em uma est\u00e9tica de arte urbana e contempor\u00e2nea, onde o laranja vibrante s\u00edmbolo da sua determina\u00e7\u00e3o e heran\u00e7a domina a composi\u00e7\u00e3o atrav\u00e9s de tra\u00e7os din\u00e2micos e manchas art\u00edsticas que sugerem uma explos\u00e3o de poder. [&hellip;]<\/p>\n","protected":false},"featured_media":15212,"comment_status":"open","ping_status":"closed","template":"","meta":{"_joinchat":[]},"product_brand":[],"product_cat":[95],"product_tag":[],"class_list":{"0":"post-15217","1":"product","2":"type-product","3":"status-publish","4":"has-post-thumbnail","6":"product_cat-personagens","8":"first","9":"instock","10":"sale","11":"taxable","12":"shipping-taxable","13":"purchasable","14":"product-type-variable","15":"has-default-attributes"},"yoast_head":"<!-- This site is optimized with the Yoast SEO plugin v27.3 - https:\/\/yoast.com\/product\/yoast-seo-wordpress\/ -->\n<title>Dragon Ball - https:\/\/goornament.com.br<\/title>\n<meta name=\"robots\" content=\"index, follow, max-snippet:-1, max-image-preview:large, max-video-preview:-1\" \/>\n<link rel=\"canonical\" href=\"https:\/\/goornament.com.br\/?product=dragon-ball\" \/>\n<meta property=\"og:locale\" content=\"pt_BR\" \/>\n<meta property=\"og:type\" content=\"article\" \/>\n<meta property=\"og:title\" content=\"Dragon Ball - https:\/\/goornament.com.br\" \/>\n<meta property=\"og:description\" content=\"Dragon Ball Eleve a energia do seu ambiente com o quadro Supera\u00e7\u00e3o Absoluta. Esta obra apresenta uma releitura estilizada de Goku em uma est\u00e9tica de arte urbana e contempor\u00e2nea, onde o laranja vibrante s\u00edmbolo da sua determina\u00e7\u00e3o e heran\u00e7a domina a composi\u00e7\u00e3o atrav\u00e9s de tra\u00e7os din\u00e2micos e manchas art\u00edsticas que sugerem uma explos\u00e3o de poder. [&hellip;]\" \/>\n<meta property=\"og:url\" content=\"https:\/\/goornament.com.br\/?product=dragon-ball\" \/>\n<meta property=\"og:site_name\" content=\"https:\/\/goornament.com.br\" \/>\n<meta property=\"article:modified_time\" content=\"2026-02-08T17:54:44+00:00\" \/>\n<meta property=\"og:image\" content=\"https:\/\/goornament.com.br\/wp-content\/uploads\/2025\/12\/02-5x7-A4-PORTRAIT-frame-03-8-1024x1024.png\" \/>\n\t<meta property=\"og:image:width\" content=\"1024\" \/>\n\t<meta property=\"og:image:height\" content=\"1024\" \/>\n\t<meta property=\"og:image:type\" content=\"image\/png\" \/>\n<meta name=\"twitter:card\" content=\"summary_large_image\" \/>\n<script type=\"application\/ld+json\" class=\"yoast-schema-graph\">{\"@context\":\"https:\\\/\\\/schema.org\",\"@graph\":[{\"@type\":\"WebPage\",\"@id\":\"https:\\\/\\\/goornament.com.br\\\/?product=dragon-ball\",\"url\":\"https:\\\/\\\/goornament.com.br\\\/?product=dragon-ball\",\"name\":\"Dragon Ball - https:\\\/\\\/goornament.com.br\",\"isPartOf\":{\"@id\":\"https:\\\/\\\/goornament.com.br\\\/#website\"},\"primaryImageOfPage\":{\"@id\":\"https:\\\/\\\/goornament.com.br\\\/?product=dragon-ball#primaryimage\"},\"image\":{\"@id\":\"https:\\\/\\\/goornament.com.br\\\/?product=dragon-ball#primaryimage\"},\"thumbnailUrl\":\"https:\\\/\\\/goornament.com.br\\\/wp-content\\\/uploads\\\/2025\\\/12\\\/02-5x7-A4-PORTRAIT-frame-03-8-scaled.png\",\"datePublished\":\"2025-12-24T02:25:02+00:00\",\"dateModified\":\"2026-02-08T17:54:44+00:00\",\"breadcrumb\":{\"@id\":\"https:\\\/\\\/goornament.com.br\\\/?product=dragon-ball#breadcrumb\"},\"inLanguage\":\"pt-BR\",\"potentialAction\":[{\"@type\":\"ReadAction\",\"target\":[\"https:\\\/\\\/goornament.com.br\\\/?product=dragon-ball\"]}]},{\"@type\":\"ImageObject\",\"inLanguage\":\"pt-BR\",\"@id\":\"https:\\\/\\\/goornament.com.br\\\/?product=dragon-ball#primaryimage\",\"url\":\"https:\\\/\\\/goornament.com.br\\\/wp-content\\\/uploads\\\/2025\\\/12\\\/02-5x7-A4-PORTRAIT-frame-03-8-scaled.png\",\"contentUrl\":\"https:\\\/\\\/goornament.com.br\\\/wp-content\\\/uploads\\\/2025\\\/12\\\/02-5x7-A4-PORTRAIT-frame-03-8-scaled.png\",\"width\":1707,\"height\":2560},{\"@type\":\"BreadcrumbList\",\"@id\":\"https:\\\/\\\/goornament.com.br\\\/?product=dragon-ball#breadcrumb\",\"itemListElement\":[{\"@type\":\"ListItem\",\"position\":1,\"name\":\"In\u00edcio\",\"item\":\"https:\\\/\\\/goornament.com.br\\\/\"},{\"@type\":\"ListItem\",\"position\":2,\"name\":\"Loja\",\"item\":\"https:\\\/\\\/mediumvioletred-anteater-114861.hostingersite.com\\\/?page_id=2378\"},{\"@type\":\"ListItem\",\"position\":3,\"name\":\"Dragon Ball\"}]},{\"@type\":\"WebSite\",\"@id\":\"https:\\\/\\\/goornament.com.br\\\/#website\",\"url\":\"https:\\\/\\\/goornament.com.br\\\/\",\"name\":\"https:\\\/\\\/goornament.com.br\",\"description\":\"\",\"publisher\":{\"@id\":\"https:\\\/\\\/goornament.com.br\\\/#organization\"},\"potentialAction\":[{\"@type\":\"SearchAction\",\"target\":{\"@type\":\"EntryPoint\",\"urlTemplate\":\"https:\\\/\\\/goornament.com.br\\\/?s={search_term_string}\"},\"query-input\":{\"@type\":\"PropertyValueSpecification\",\"valueRequired\":true,\"valueName\":\"search_term_string\"}}],\"inLanguage\":\"pt-BR\"},{\"@type\":\"Organization\",\"@id\":\"https:\\\/\\\/goornament.com.br\\\/#organization\",\"name\":\"https:\\\/\\\/goornament.com.br\",\"url\":\"https:\\\/\\\/goornament.com.br\\\/\",\"logo\":{\"@type\":\"ImageObject\",\"inLanguage\":\"pt-BR\",\"@id\":\"https:\\\/\\\/goornament.com.br\\\/#\\\/schema\\\/logo\\\/image\\\/\",\"url\":\"https:\\\/\\\/goornament.com.br\\\/wp-content\\\/uploads\\\/2024\\\/10\\\/LOGO-EXPERIMENTO5.png\",\"contentUrl\":\"https:\\\/\\\/goornament.com.br\\\/wp-content\\\/uploads\\\/2024\\\/10\\\/LOGO-EXPERIMENTO5.png\",\"width\":4675,\"height\":4675,\"caption\":\"https:\\\/\\\/goornament.com.br\"},\"image\":{\"@id\":\"https:\\\/\\\/goornament.com.br\\\/#\\\/schema\\\/logo\\\/image\\\/\"}}]}<\/script>\n<!-- \/ Yoast SEO plugin. -->","yoast_head_json":{"title":"Dragon Ball - https:\/\/goornament.com.br","robots":{"index":"index","follow":"follow","max-snippet":"max-snippet:-1","max-image-preview":"max-image-preview:large","max-video-preview":"max-video-preview:-1"},"canonical":"https:\/\/goornament.com.br\/?product=dragon-ball","og_locale":"pt_BR","og_type":"article","og_title":"Dragon Ball - https:\/\/goornament.com.br","og_description":"Dragon Ball Eleve a energia do seu ambiente com o quadro Supera\u00e7\u00e3o Absoluta. Esta obra apresenta uma releitura estilizada de Goku em uma est\u00e9tica de arte urbana e contempor\u00e2nea, onde o laranja vibrante s\u00edmbolo da sua determina\u00e7\u00e3o e heran\u00e7a domina a composi\u00e7\u00e3o atrav\u00e9s de tra\u00e7os din\u00e2micos e manchas art\u00edsticas que sugerem uma explos\u00e3o de poder. [&hellip;]","og_url":"https:\/\/goornament.com.br\/?product=dragon-ball","og_site_name":"https:\/\/goornament.com.br","article_modified_time":"2026-02-08T17:54:44+00:00","og_image":[{"width":1024,"height":1024,"url":"https:\/\/goornament.com.br\/wp-content\/uploads\/2025\/12\/02-5x7-A4-PORTRAIT-frame-03-8-1024x1024.png","type":"image\/png"}],"twitter_card":"summary_large_image","schema":{"@context":"https:\/\/schema.org","@graph":[{"@type":"WebPage","@id":"https:\/\/goornament.com.br\/?product=dragon-ball","url":"https:\/\/goornament.com.br\/?product=dragon-ball","name":"Dragon Ball - https:\/\/goornament.com.br","isPartOf":{"@id":"https:\/\/goornament.com.br\/#website"},"primaryImageOfPage":{"@id":"https:\/\/goornament.com.br\/?product=dragon-ball#primaryimage"},"image":{"@id":"https:\/\/goornament.com.br\/?product=dragon-ball#primaryimage"},"thumbnailUrl":"https:\/\/goornament.com.br\/wp-content\/uploads\/2025\/12\/02-5x7-A4-PORTRAIT-frame-03-8-scaled.png","datePublished":"2025-12-24T02:25:02+00:00","dateModified":"2026-02-08T17:54:44+00:00","breadcrumb":{"@id":"https:\/\/goornament.com.br\/?product=dragon-ball#breadcrumb"},"inLanguage":"pt-BR","potentialAction":[{"@type":"ReadAction","target":["https:\/\/goornament.com.br\/?product=dragon-ball"]}]},{"@type":"ImageObject","inLanguage":"pt-BR","@id":"https:\/\/goornament.com.br\/?product=dragon-ball#primaryimage","url":"https:\/\/goornament.com.br\/wp-content\/uploads\/2025\/12\/02-5x7-A4-PORTRAIT-frame-03-8-scaled.png","contentUrl":"https:\/\/goornament.com.br\/wp-content\/uploads\/2025\/12\/02-5x7-A4-PORTRAIT-frame-03-8-scaled.png","width":1707,"height":2560},{"@type":"BreadcrumbList","@id":"https:\/\/goornament.com.br\/?product=dragon-ball#breadcrumb","itemListElement":[{"@type":"ListItem","position":1,"name":"In\u00edcio","item":"https:\/\/goornament.com.br\/"},{"@type":"ListItem","position":2,"name":"Loja","item":"https:\/\/mediumvioletred-anteater-114861.hostingersite.com\/?page_id=2378"},{"@type":"ListItem","position":3,"name":"Dragon Ball"}]},{"@type":"WebSite","@id":"https:\/\/goornament.com.br\/#website","url":"https:\/\/goornament.com.br\/","name":"https:\/\/goornament.com.br","description":"","publisher":{"@id":"https:\/\/goornament.com.br\/#organization"},"potentialAction":[{"@type":"SearchAction","target":{"@type":"EntryPoint","urlTemplate":"https:\/\/goornament.com.br\/?s={search_term_string}"},"query-input":{"@type":"PropertyValueSpecification","valueRequired":true,"valueName":"search_term_string"}}],"inLanguage":"pt-BR"},{"@type":"Organization","@id":"https:\/\/goornament.com.br\/#organization","name":"https:\/\/goornament.com.br","url":"https:\/\/goornament.com.br\/","logo":{"@type":"ImageObject","inLanguage":"pt-BR","@id":"https:\/\/goornament.com.br\/#\/schema\/logo\/image\/","url":"https:\/\/goornament.com.br\/wp-content\/uploads\/2024\/10\/LOGO-EXPERIMENTO5.png","contentUrl":"https:\/\/goornament.com.br\/wp-content\/uploads\/2024\/10\/LOGO-EXPERIMENTO5.png","width":4675,"height":4675,"caption":"https:\/\/goornament.com.br"},"image":{"@id":"https:\/\/goornament.com.br\/#\/schema\/logo\/image\/"}}]}},"_links":{"self":[{"href":"https:\/\/goornament.com.br\/index.php?rest_route=\/wp\/v2\/product\/15217","targetHints":{"allow":["GET"]}}],"collection":[{"href":"https:\/\/goornament.com.br\/index.php?rest_route=\/wp\/v2\/product"}],"about":[{"href":"https:\/\/goornament.com.br\/index.php?rest_route=\/wp\/v2\/types\/product"}],"replies":[{"embeddable":true,"href":"https:\/\/goornament.com.br\/index.php?rest_route=%2Fwp%2Fv2%2Fcomments&post=15217"}],"version-history":[{"count":6,"href":"https:\/\/goornament.com.br\/index.php?rest_route=\/wp\/v2\/product\/15217\/revisions"}],"predecessor-version":[{"id":32885,"href":"https:\/\/goornament.com.br\/index.php?rest_route=\/wp\/v2\/product\/15217\/revisions\/32885"}],"wp:featuredmedia":[{"embeddable":true,"href":"https:\/\/goornament.com.br\/index.php?rest_route=\/wp\/v2\/media\/15212"}],"wp:attachment":[{"href":"https:\/\/goornament.com.br\/index.php?rest_route=%2Fwp%2Fv2%2Fmedia&parent=15217"}],"wp:term":[{"taxonomy":"product_brand","embeddable":true,"href":"https:\/\/goornament.com.br\/index.php?rest_route=%2Fwp%2Fv2%2Fproduct_brand&post=15217"},{"taxonomy":"product_cat","embeddable":true,"href":"https:\/\/goornament.com.br\/index.php?rest_route=%2Fwp%2Fv2%2Fproduct_cat&post=15217"},{"taxonomy":"product_tag","embeddable":true,"href":"https:\/\/goornament.com.br\/index.php?rest_route=%2Fwp%2Fv2%2Fproduct_tag&post=15217"}],"curies":[{"name":"wp","href":"https:\/\/api.w.org\/{rel}","templated":true}]}}