{"id":1648,"date":"2024-09-28T13:35:05","date_gmt":"2024-09-28T13:35:05","guid":{"rendered":"https:\/\/wheat-dog-104532.hostingersite.com\/?post_type=product&#038;p=1648"},"modified":"2026-02-10T06:01:03","modified_gmt":"2026-02-10T06:01:03","slug":"gato-filhote","status":"publish","type":"product","link":"https:\/\/goornament.com.br\/?product=gato-filhote","title":{"rendered":"Gato Filhote"},"content":{"rendered":"\t\t<div data-elementor-type=\"product-post\" data-elementor-id=\"1648\" class=\"elementor elementor-1648\" data-elementor-post-type=\"product\">\n\t\t\t\t<div class=\"elementor-element elementor-element-720aed64 e-con-full e-flex e-con e-parent\" data-id=\"720aed64\" data-element_type=\"container\" data-e-type=\"container\">\n\t\t\t\t<div class=\"elementor-element elementor-element-6757e96 elementor-widget elementor-widget-text-editor\" data-id=\"6757e96\" data-element_type=\"widget\" data-e-type=\"widget\" data-widget_type=\"text-editor.default\">\n\t\t\t\t<div class=\"elementor-widget-container\">\n\t\t\t\t\t\t\t\t\t<div class=\"flex max-w-full flex-col flex-grow\">\n<div class=\"min-h-8 text-message flex w-full flex-col items-end gap-2 whitespace-normal break-words [.text-message+&amp;]:mt-5\" dir=\"auto\" data-message-author-role=\"assistant\" data-message-id=\"8550572c-6a97-4012-83b8-818973b2feb7\">\n<div class=\"flex w-full flex-col gap-1 empty:hidden first:pt-[3px]\">\n<div class=\"markdown prose w-full break-words dark:prose-invert light\">\n<h2 style=\"text-align: center;\"><em>Gatinho Pintura<\/em><\/h2>\n<p style=\"text-align: center;\">Deixe-se encantar pela eleg\u00e2ncia e serenidade do quadro Olhar de Cristal. Esta obra captura a graciosidade de um gato branco de olhos turquesa,&nbsp;<\/p>\n<p style=\"text-align: center;\">representado em um estilo que mescla a delicadeza do tra\u00e7o realista com a energia de uma explos\u00e3o em aquarela. Com uma est\u00e9tica que transmite&nbsp;<\/p>\n<p style=\"text-align: center;\">paz e contempla\u00e7\u00e3o, esta pe\u00e7a \u00e9 uma celebra\u00e7\u00e3o da beleza silenciosa e da companhia fiel dos felinos, trazendo sofistica\u00e7\u00e3o e leveza para o seu lar.<\/p>\n<p style=\"text-align: center;\">\u00c9 a escolha ideal para salas de leitura, quartos ou ambientes que pedem um toque de suavidade e charme contempor\u00e2neo.<\/p><p style=\"text-align: center;\"><br><\/p>\n<p style=\"text-align: center;\">\n<\/p><hr>\n<p style=\"text-align: center;\"><em><strong>&nbsp;<\/strong><\/em><\/p>\n<p style=\"text-align: center;\"><em><strong>Destaques da Obra<\/strong><\/em><\/p>\n<p style=\"text-align: center;\" data-path-to-node=\"4,0,0\"><b data-path-to-node=\"4,0,0\" data-index-in-node=\"0\">Olhar Magn\u00e9tico:<\/b> O foco nos olhos azul-cristal do gato cria uma conex\u00e3o profunda e hipnotizante, transmitindo uma sensa\u00e7\u00e3o de calma e curiosidade.<\/p>\n<p style=\"text-align: center;\" data-path-to-node=\"4,1,0\"><b data-path-to-node=\"4,1,0\" data-index-in-node=\"0\">Aquarela Delicada:<\/b> Os respingos e manchas em tons de rosa, azul e dourado ao redor da silhueta conferem movimento e modernidade \u00e0 arte, sem perder a suavidade da composi\u00e7\u00e3o.<\/p>\n<p style=\"text-align: center;\" data-path-to-node=\"4,2,0\"><b data-path-to-node=\"4,2,0\" data-index-in-node=\"0\">Est\u00e9tica Minimalista High-End:<\/b> A predomin\u00e2ncia do branco na pelagem do animal contra o fundo limpo permite que o quadro se destaque como uma pe\u00e7a de galeria, integrando-se perfeitamente a decora\u00e7\u00f5es clean e modernas.<\/p>\n<p style=\"text-align: center;\" data-path-to-node=\"4,3,0\"><b data-path-to-node=\"4,3,0\" data-index-in-node=\"0\">Atmosfera de Serenidade:<\/b> A postura tranquila do felino foi pensada para promover um ambiente de relaxamento, tornando a obra um convite di\u00e1rio \u00e0 pausa e ao equil\u00edbrio.<\/p>\n<\/div>\n<\/div>\n<\/div>\n<\/div>\t\t\t\t\t\t\t\t<\/div>\n\t\t\t\t<\/div>\n\t\t\t\t<\/div>\n\t\t\t\t<\/div>\n\t\t","protected":false},"excerpt":{"rendered":"<p>Gatinho Pintura Deixe-se encantar pela eleg\u00e2ncia e serenidade do quadro Olhar de Cristal. Esta obra captura a graciosidade de um gato branco de olhos turquesa,&nbsp; representado em um estilo que mescla a delicadeza do tra\u00e7o realista com a energia de uma explos\u00e3o em aquarela. Com uma est\u00e9tica que transmite&nbsp; paz e contempla\u00e7\u00e3o, esta pe\u00e7a \u00e9 [&hellip;]<\/p>\n","protected":false},"featured_media":7508,"comment_status":"open","ping_status":"closed","template":"","meta":{"_joinchat":[]},"product_brand":[],"product_cat":[72,98],"product_tag":[],"class_list":{"0":"post-1648","1":"product","2":"type-product","3":"status-publish","4":"has-post-thumbnail","6":"product_cat-animais","7":"product_cat-infantil","9":"first","10":"instock","11":"sale","12":"taxable","13":"shipping-taxable","14":"purchasable","15":"product-type-variable","16":"has-default-attributes"},"yoast_head":"<!-- This site is optimized with the Yoast SEO plugin v27.3 - https:\/\/yoast.com\/product\/yoast-seo-wordpress\/ -->\n<title>Gato Filhote - https:\/\/goornament.com.br<\/title>\n<meta name=\"robots\" content=\"index, follow, max-snippet:-1, max-image-preview:large, max-video-preview:-1\" \/>\n<link rel=\"canonical\" href=\"https:\/\/goornament.com.br\/?product=gato-filhote\" \/>\n<meta property=\"og:locale\" content=\"pt_BR\" \/>\n<meta property=\"og:type\" content=\"article\" \/>\n<meta property=\"og:title\" content=\"Gato Filhote - https:\/\/goornament.com.br\" \/>\n<meta property=\"og:description\" content=\"Gatinho Pintura Deixe-se encantar pela eleg\u00e2ncia e serenidade do quadro Olhar de Cristal. Esta obra captura a graciosidade de um gato branco de olhos turquesa,&nbsp; representado em um estilo que mescla a delicadeza do tra\u00e7o realista com a energia de uma explos\u00e3o em aquarela. Com uma est\u00e9tica que transmite&nbsp; paz e contempla\u00e7\u00e3o, esta pe\u00e7a \u00e9 [&hellip;]\" \/>\n<meta property=\"og:url\" content=\"https:\/\/goornament.com.br\/?product=gato-filhote\" \/>\n<meta property=\"og:site_name\" content=\"https:\/\/goornament.com.br\" \/>\n<meta property=\"article:modified_time\" content=\"2026-02-10T06:01:03+00:00\" \/>\n<meta property=\"og:image\" content=\"https:\/\/goornament.com.br\/wp-content\/uploads\/2024\/09\/MOLDURA-COM-VIDRO-3-2.png\" \/>\n\t<meta property=\"og:image:width\" content=\"600\" \/>\n\t<meta property=\"og:image:height\" content=\"900\" \/>\n\t<meta property=\"og:image:type\" content=\"image\/png\" \/>\n<meta name=\"twitter:card\" content=\"summary_large_image\" \/>\n<script type=\"application\/ld+json\" class=\"yoast-schema-graph\">{\"@context\":\"https:\\\/\\\/schema.org\",\"@graph\":[{\"@type\":\"WebPage\",\"@id\":\"https:\\\/\\\/goornament.com.br\\\/?product=gato-filhote\",\"url\":\"https:\\\/\\\/goornament.com.br\\\/?product=gato-filhote\",\"name\":\"Gato Filhote - https:\\\/\\\/goornament.com.br\",\"isPartOf\":{\"@id\":\"https:\\\/\\\/goornament.com.br\\\/#website\"},\"primaryImageOfPage\":{\"@id\":\"https:\\\/\\\/goornament.com.br\\\/?product=gato-filhote#primaryimage\"},\"image\":{\"@id\":\"https:\\\/\\\/goornament.com.br\\\/?product=gato-filhote#primaryimage\"},\"thumbnailUrl\":\"https:\\\/\\\/goornament.com.br\\\/wp-content\\\/uploads\\\/2024\\\/09\\\/MOLDURA-COM-VIDRO-3-2.png\",\"datePublished\":\"2024-09-28T13:35:05+00:00\",\"dateModified\":\"2026-02-10T06:01:03+00:00\",\"breadcrumb\":{\"@id\":\"https:\\\/\\\/goornament.com.br\\\/?product=gato-filhote#breadcrumb\"},\"inLanguage\":\"pt-BR\",\"potentialAction\":[{\"@type\":\"ReadAction\",\"target\":[\"https:\\\/\\\/goornament.com.br\\\/?product=gato-filhote\"]}]},{\"@type\":\"ImageObject\",\"inLanguage\":\"pt-BR\",\"@id\":\"https:\\\/\\\/goornament.com.br\\\/?product=gato-filhote#primaryimage\",\"url\":\"https:\\\/\\\/goornament.com.br\\\/wp-content\\\/uploads\\\/2024\\\/09\\\/MOLDURA-COM-VIDRO-3-2.png\",\"contentUrl\":\"https:\\\/\\\/goornament.com.br\\\/wp-content\\\/uploads\\\/2024\\\/09\\\/MOLDURA-COM-VIDRO-3-2.png\",\"width\":600,\"height\":900},{\"@type\":\"BreadcrumbList\",\"@id\":\"https:\\\/\\\/goornament.com.br\\\/?product=gato-filhote#breadcrumb\",\"itemListElement\":[{\"@type\":\"ListItem\",\"position\":1,\"name\":\"In\u00edcio\",\"item\":\"https:\\\/\\\/goornament.com.br\\\/\"},{\"@type\":\"ListItem\",\"position\":2,\"name\":\"Loja\",\"item\":\"https:\\\/\\\/mediumvioletred-anteater-114861.hostingersite.com\\\/?page_id=2378\"},{\"@type\":\"ListItem\",\"position\":3,\"name\":\"Gato Filhote\"}]},{\"@type\":\"WebSite\",\"@id\":\"https:\\\/\\\/goornament.com.br\\\/#website\",\"url\":\"https:\\\/\\\/goornament.com.br\\\/\",\"name\":\"https:\\\/\\\/goornament.com.br\",\"description\":\"\",\"publisher\":{\"@id\":\"https:\\\/\\\/goornament.com.br\\\/#organization\"},\"potentialAction\":[{\"@type\":\"SearchAction\",\"target\":{\"@type\":\"EntryPoint\",\"urlTemplate\":\"https:\\\/\\\/goornament.com.br\\\/?s={search_term_string}\"},\"query-input\":{\"@type\":\"PropertyValueSpecification\",\"valueRequired\":true,\"valueName\":\"search_term_string\"}}],\"inLanguage\":\"pt-BR\"},{\"@type\":\"Organization\",\"@id\":\"https:\\\/\\\/goornament.com.br\\\/#organization\",\"name\":\"https:\\\/\\\/goornament.com.br\",\"url\":\"https:\\\/\\\/goornament.com.br\\\/\",\"logo\":{\"@type\":\"ImageObject\",\"inLanguage\":\"pt-BR\",\"@id\":\"https:\\\/\\\/goornament.com.br\\\/#\\\/schema\\\/logo\\\/image\\\/\",\"url\":\"https:\\\/\\\/goornament.com.br\\\/wp-content\\\/uploads\\\/2024\\\/10\\\/LOGO-EXPERIMENTO5.png\",\"contentUrl\":\"https:\\\/\\\/goornament.com.br\\\/wp-content\\\/uploads\\\/2024\\\/10\\\/LOGO-EXPERIMENTO5.png\",\"width\":4675,\"height\":4675,\"caption\":\"https:\\\/\\\/goornament.com.br\"},\"image\":{\"@id\":\"https:\\\/\\\/goornament.com.br\\\/#\\\/schema\\\/logo\\\/image\\\/\"}}]}<\/script>\n<!-- \/ Yoast SEO plugin. -->","yoast_head_json":{"title":"Gato Filhote - https:\/\/goornament.com.br","robots":{"index":"index","follow":"follow","max-snippet":"max-snippet:-1","max-image-preview":"max-image-preview:large","max-video-preview":"max-video-preview:-1"},"canonical":"https:\/\/goornament.com.br\/?product=gato-filhote","og_locale":"pt_BR","og_type":"article","og_title":"Gato Filhote - https:\/\/goornament.com.br","og_description":"Gatinho Pintura Deixe-se encantar pela eleg\u00e2ncia e serenidade do quadro Olhar de Cristal. Esta obra captura a graciosidade de um gato branco de olhos turquesa,&nbsp; representado em um estilo que mescla a delicadeza do tra\u00e7o realista com a energia de uma explos\u00e3o em aquarela. Com uma est\u00e9tica que transmite&nbsp; paz e contempla\u00e7\u00e3o, esta pe\u00e7a \u00e9 [&hellip;]","og_url":"https:\/\/goornament.com.br\/?product=gato-filhote","og_site_name":"https:\/\/goornament.com.br","article_modified_time":"2026-02-10T06:01:03+00:00","og_image":[{"width":600,"height":900,"url":"https:\/\/goornament.com.br\/wp-content\/uploads\/2024\/09\/MOLDURA-COM-VIDRO-3-2.png","type":"image\/png"}],"twitter_card":"summary_large_image","schema":{"@context":"https:\/\/schema.org","@graph":[{"@type":"WebPage","@id":"https:\/\/goornament.com.br\/?product=gato-filhote","url":"https:\/\/goornament.com.br\/?product=gato-filhote","name":"Gato Filhote - https:\/\/goornament.com.br","isPartOf":{"@id":"https:\/\/goornament.com.br\/#website"},"primaryImageOfPage":{"@id":"https:\/\/goornament.com.br\/?product=gato-filhote#primaryimage"},"image":{"@id":"https:\/\/goornament.com.br\/?product=gato-filhote#primaryimage"},"thumbnailUrl":"https:\/\/goornament.com.br\/wp-content\/uploads\/2024\/09\/MOLDURA-COM-VIDRO-3-2.png","datePublished":"2024-09-28T13:35:05+00:00","dateModified":"2026-02-10T06:01:03+00:00","breadcrumb":{"@id":"https:\/\/goornament.com.br\/?product=gato-filhote#breadcrumb"},"inLanguage":"pt-BR","potentialAction":[{"@type":"ReadAction","target":["https:\/\/goornament.com.br\/?product=gato-filhote"]}]},{"@type":"ImageObject","inLanguage":"pt-BR","@id":"https:\/\/goornament.com.br\/?product=gato-filhote#primaryimage","url":"https:\/\/goornament.com.br\/wp-content\/uploads\/2024\/09\/MOLDURA-COM-VIDRO-3-2.png","contentUrl":"https:\/\/goornament.com.br\/wp-content\/uploads\/2024\/09\/MOLDURA-COM-VIDRO-3-2.png","width":600,"height":900},{"@type":"BreadcrumbList","@id":"https:\/\/goornament.com.br\/?product=gato-filhote#breadcrumb","itemListElement":[{"@type":"ListItem","position":1,"name":"In\u00edcio","item":"https:\/\/goornament.com.br\/"},{"@type":"ListItem","position":2,"name":"Loja","item":"https:\/\/mediumvioletred-anteater-114861.hostingersite.com\/?page_id=2378"},{"@type":"ListItem","position":3,"name":"Gato Filhote"}]},{"@type":"WebSite","@id":"https:\/\/goornament.com.br\/#website","url":"https:\/\/goornament.com.br\/","name":"https:\/\/goornament.com.br","description":"","publisher":{"@id":"https:\/\/goornament.com.br\/#organization"},"potentialAction":[{"@type":"SearchAction","target":{"@type":"EntryPoint","urlTemplate":"https:\/\/goornament.com.br\/?s={search_term_string}"},"query-input":{"@type":"PropertyValueSpecification","valueRequired":true,"valueName":"search_term_string"}}],"inLanguage":"pt-BR"},{"@type":"Organization","@id":"https:\/\/goornament.com.br\/#organization","name":"https:\/\/goornament.com.br","url":"https:\/\/goornament.com.br\/","logo":{"@type":"ImageObject","inLanguage":"pt-BR","@id":"https:\/\/goornament.com.br\/#\/schema\/logo\/image\/","url":"https:\/\/goornament.com.br\/wp-content\/uploads\/2024\/10\/LOGO-EXPERIMENTO5.png","contentUrl":"https:\/\/goornament.com.br\/wp-content\/uploads\/2024\/10\/LOGO-EXPERIMENTO5.png","width":4675,"height":4675,"caption":"https:\/\/goornament.com.br"},"image":{"@id":"https:\/\/goornament.com.br\/#\/schema\/logo\/image\/"}}]}},"_links":{"self":[{"href":"https:\/\/goornament.com.br\/index.php?rest_route=\/wp\/v2\/product\/1648","targetHints":{"allow":["GET"]}}],"collection":[{"href":"https:\/\/goornament.com.br\/index.php?rest_route=\/wp\/v2\/product"}],"about":[{"href":"https:\/\/goornament.com.br\/index.php?rest_route=\/wp\/v2\/types\/product"}],"replies":[{"embeddable":true,"href":"https:\/\/goornament.com.br\/index.php?rest_route=%2Fwp%2Fv2%2Fcomments&post=1648"}],"version-history":[{"count":8,"href":"https:\/\/goornament.com.br\/index.php?rest_route=\/wp\/v2\/product\/1648\/revisions"}],"predecessor-version":[{"id":33241,"href":"https:\/\/goornament.com.br\/index.php?rest_route=\/wp\/v2\/product\/1648\/revisions\/33241"}],"wp:featuredmedia":[{"embeddable":true,"href":"https:\/\/goornament.com.br\/index.php?rest_route=\/wp\/v2\/media\/7508"}],"wp:attachment":[{"href":"https:\/\/goornament.com.br\/index.php?rest_route=%2Fwp%2Fv2%2Fmedia&parent=1648"}],"wp:term":[{"taxonomy":"product_brand","embeddable":true,"href":"https:\/\/goornament.com.br\/index.php?rest_route=%2Fwp%2Fv2%2Fproduct_brand&post=1648"},{"taxonomy":"product_cat","embeddable":true,"href":"https:\/\/goornament.com.br\/index.php?rest_route=%2Fwp%2Fv2%2Fproduct_cat&post=1648"},{"taxonomy":"product_tag","embeddable":true,"href":"https:\/\/goornament.com.br\/index.php?rest_route=%2Fwp%2Fv2%2Fproduct_tag&post=1648"}],"curies":[{"name":"wp","href":"https:\/\/api.w.org\/{rel}","templated":true}]}}