{"id":18020,"date":"2025-12-29T01:03:19","date_gmt":"2025-12-29T01:03:19","guid":{"rendered":"https:\/\/goornament.com.br\/?post_type=product&#038;p=18020"},"modified":"2026-02-08T15:46:29","modified_gmt":"2026-02-08T15:46:29","slug":"floral-minimalista","status":"publish","type":"product","link":"https:\/\/goornament.com.br\/?product=floral-minimalista","title":{"rendered":"Floral Minimalista"},"content":{"rendered":"\t\t<div data-elementor-type=\"product-post\" data-elementor-id=\"18020\" class=\"elementor elementor-18020\" data-elementor-post-type=\"product\">\n\t\t\t\t<div class=\"elementor-element elementor-element-5a5ddf7a e-con-full e-flex e-con e-parent\" data-id=\"5a5ddf7a\" data-element_type=\"container\" data-e-type=\"container\">\n\t\t\t\t<div class=\"elementor-element elementor-element-59c60f55 elementor-widget elementor-widget-text-editor\" data-id=\"59c60f55\" data-element_type=\"widget\" data-e-type=\"widget\" data-widget_type=\"text-editor.default\">\n\t\t\t\t<div class=\"elementor-widget-container\">\n\t\t\t\t\t\t\t\t\t<h2 style=\"text-align: center;\"><em><strong>Floral Minimalista<\/strong><\/em><\/h2>\n<p style=\"text-align: center;\">Esta pe\u00e7a \u00e9 a express\u00e3o m\u00e1xima do equil\u00edbrio entre a natureza e a simplicidade do design moderno.<\/p>\n<p style=\"text-align: center;\">deal para quem busca uma decora\u00e7\u00e3o que inspire serenidade, leveza e um toque de calor de forma contempor\u00e2nea.<\/p>\n<p style=\"text-align: center;\"><br><\/p>\n<hr>\n<p style=\"text-align: center;\"><b data-path-to-node=\"2\" data-index-in-node=\"0\">Destaques do produto:<\/b><\/p>\n<p style=\"text-align: center;\"><b data-path-to-node=\"2\" data-index-in-node=\"0\"><br><\/b><\/p>\n<p style=\"text-align: center;\"><b data-path-to-node=\"3,0,0\" data-index-in-node=\"0\">Arte Linear Elegante:<\/b> A ilustra\u00e7\u00e3o central apresenta uma folhagem em tra\u00e7os pretos cont\u00ednuos e minimalistas, destacando a silhueta natural de forma art\u00edstica e limpa.<\/p>\n<p style=\"text-align: center;\"><b data-path-to-node=\"3,1,0\" data-index-in-node=\"0\">Composi\u00e7\u00e3o de Formas Flu\u00eddas:<\/b> O fundo \u00e9 composto por camadas org\u00e2nicas em tons neutros de bege e cinza-esverdeado, sobrepostas por um c\u00edrculo terracota que remete a um sol poente.<\/p>\n<p style=\"text-align: center;\"><b data-path-to-node=\"3,3,0\" data-index-in-node=\"0\" style=\"font-size: 1rem;\">Equil\u00edbrio Visual:<\/b><span style=\"font-size: 1rem;\"> A harmonia entre as linhas finas e as massas de cor s\u00f3lidas cria um ponto de foco relaxante, transformando a energia de qualquer parede branca.<\/span><\/p><p style=\"text-align: center;\"><span data-path-to-node=\"3,2,0\" data-index-in-node=\"0\" style=\"font-weight: 700;\">Atmosfera Boho-Chic:<\/span>&nbsp;A combina\u00e7\u00e3o de elementos bot\u00e2nicos com a paleta de cores terrosas torna esta arte perfeita para salas de estar,&nbsp;<\/p><p style=\"text-align: center;\">quartos ou escrit\u00f3rios que seguem uma est\u00e9tica escandinava ou &#8220;modern desert&#8221;.<span style=\"font-size: 1rem;\"><\/span><\/p>\t\t\t\t\t\t\t\t<\/div>\n\t\t\t\t<\/div>\n\t\t\t\t<\/div>\n\t\t\t\t<\/div>\n\t\t","protected":false},"excerpt":{"rendered":"<p>Floral Minimalista Esta pe\u00e7a \u00e9 a express\u00e3o m\u00e1xima do equil\u00edbrio entre a natureza e a simplicidade do design moderno. deal para quem busca uma decora\u00e7\u00e3o que inspire serenidade, leveza e um toque de calor de forma contempor\u00e2nea. Destaques do produto: Arte Linear Elegante: A ilustra\u00e7\u00e3o central apresenta uma folhagem em tra\u00e7os pretos cont\u00ednuos e minimalistas, [&hellip;]<\/p>\n","protected":false},"featured_media":18015,"comment_status":"open","ping_status":"closed","template":"","meta":{"_joinchat":[]},"product_brand":[],"product_cat":[73],"product_tag":[],"class_list":{"0":"post-18020","1":"product","2":"type-product","3":"status-publish","4":"has-post-thumbnail","6":"product_cat-abstrato","8":"first","9":"instock","10":"sale","11":"taxable","12":"shipping-taxable","13":"purchasable","14":"product-type-variable","15":"has-default-attributes"},"yoast_head":"<!-- This site is optimized with the Yoast SEO plugin v27.3 - https:\/\/yoast.com\/product\/yoast-seo-wordpress\/ -->\n<title>Floral Minimalista - https:\/\/goornament.com.br<\/title>\n<meta name=\"robots\" content=\"index, follow, max-snippet:-1, max-image-preview:large, max-video-preview:-1\" \/>\n<link rel=\"canonical\" href=\"https:\/\/mediumvioletred-anteater-114861.hostingersite.com\/?product=floral-minimalista\" \/>\n<meta property=\"og:locale\" content=\"pt_BR\" \/>\n<meta property=\"og:type\" content=\"article\" \/>\n<meta property=\"og:title\" content=\"Floral Minimalista - https:\/\/goornament.com.br\" \/>\n<meta property=\"og:description\" content=\"Floral Minimalista Esta pe\u00e7a \u00e9 a express\u00e3o m\u00e1xima do equil\u00edbrio entre a natureza e a simplicidade do design moderno. deal para quem busca uma decora\u00e7\u00e3o que inspire serenidade, leveza e um toque de calor de forma contempor\u00e2nea. Destaques do produto: Arte Linear Elegante: A ilustra\u00e7\u00e3o central apresenta uma folhagem em tra\u00e7os pretos cont\u00ednuos e minimalistas, [&hellip;]\" \/>\n<meta property=\"og:url\" content=\"https:\/\/mediumvioletred-anteater-114861.hostingersite.com\/?product=floral-minimalista\" \/>\n<meta property=\"og:site_name\" content=\"https:\/\/goornament.com.br\" \/>\n<meta property=\"article:modified_time\" content=\"2026-02-08T15:46:29+00:00\" \/>\n<meta property=\"og:image\" content=\"https:\/\/mediumvioletred-anteater-114861.hostingersite.com\/wp-content\/uploads\/2025\/12\/02-5x7-A4-PORTRAIT-frame-03-21-1024x1024.png\" \/>\n\t<meta property=\"og:image:width\" content=\"1024\" \/>\n\t<meta property=\"og:image:height\" content=\"1024\" \/>\n\t<meta property=\"og:image:type\" content=\"image\/png\" \/>\n<meta name=\"twitter:card\" content=\"summary_large_image\" \/>\n<script type=\"application\/ld+json\" class=\"yoast-schema-graph\">{\"@context\":\"https:\\\/\\\/schema.org\",\"@graph\":[{\"@type\":\"WebPage\",\"@id\":\"https:\\\/\\\/mediumvioletred-anteater-114861.hostingersite.com\\\/?product=floral-minimalista\",\"url\":\"https:\\\/\\\/mediumvioletred-anteater-114861.hostingersite.com\\\/?product=floral-minimalista\",\"name\":\"Floral Minimalista - https:\\\/\\\/goornament.com.br\",\"isPartOf\":{\"@id\":\"https:\\\/\\\/goornament.com.br\\\/#website\"},\"primaryImageOfPage\":{\"@id\":\"https:\\\/\\\/mediumvioletred-anteater-114861.hostingersite.com\\\/?product=floral-minimalista#primaryimage\"},\"image\":{\"@id\":\"https:\\\/\\\/mediumvioletred-anteater-114861.hostingersite.com\\\/?product=floral-minimalista#primaryimage\"},\"thumbnailUrl\":\"https:\\\/\\\/goornament.com.br\\\/wp-content\\\/uploads\\\/2025\\\/12\\\/02-5x7-A4-PORTRAIT-frame-03-21-scaled.png\",\"datePublished\":\"2025-12-29T01:03:19+00:00\",\"dateModified\":\"2026-02-08T15:46:29+00:00\",\"breadcrumb\":{\"@id\":\"https:\\\/\\\/mediumvioletred-anteater-114861.hostingersite.com\\\/?product=floral-minimalista#breadcrumb\"},\"inLanguage\":\"pt-BR\",\"potentialAction\":[{\"@type\":\"ReadAction\",\"target\":[\"https:\\\/\\\/mediumvioletred-anteater-114861.hostingersite.com\\\/?product=floral-minimalista\"]}]},{\"@type\":\"ImageObject\",\"inLanguage\":\"pt-BR\",\"@id\":\"https:\\\/\\\/mediumvioletred-anteater-114861.hostingersite.com\\\/?product=floral-minimalista#primaryimage\",\"url\":\"https:\\\/\\\/goornament.com.br\\\/wp-content\\\/uploads\\\/2025\\\/12\\\/02-5x7-A4-PORTRAIT-frame-03-21-scaled.png\",\"contentUrl\":\"https:\\\/\\\/goornament.com.br\\\/wp-content\\\/uploads\\\/2025\\\/12\\\/02-5x7-A4-PORTRAIT-frame-03-21-scaled.png\",\"width\":1707,\"height\":2560},{\"@type\":\"BreadcrumbList\",\"@id\":\"https:\\\/\\\/mediumvioletred-anteater-114861.hostingersite.com\\\/?product=floral-minimalista#breadcrumb\",\"itemListElement\":[{\"@type\":\"ListItem\",\"position\":1,\"name\":\"In\u00edcio\",\"item\":\"https:\\\/\\\/goornament.com.br\\\/\"},{\"@type\":\"ListItem\",\"position\":2,\"name\":\"Loja\",\"item\":\"https:\\\/\\\/mediumvioletred-anteater-114861.hostingersite.com\\\/?page_id=2378\"},{\"@type\":\"ListItem\",\"position\":3,\"name\":\"Floral Minimalista\"}]},{\"@type\":\"WebSite\",\"@id\":\"https:\\\/\\\/goornament.com.br\\\/#website\",\"url\":\"https:\\\/\\\/goornament.com.br\\\/\",\"name\":\"https:\\\/\\\/goornament.com.br\",\"description\":\"\",\"publisher\":{\"@id\":\"https:\\\/\\\/goornament.com.br\\\/#organization\"},\"potentialAction\":[{\"@type\":\"SearchAction\",\"target\":{\"@type\":\"EntryPoint\",\"urlTemplate\":\"https:\\\/\\\/goornament.com.br\\\/?s={search_term_string}\"},\"query-input\":{\"@type\":\"PropertyValueSpecification\",\"valueRequired\":true,\"valueName\":\"search_term_string\"}}],\"inLanguage\":\"pt-BR\"},{\"@type\":\"Organization\",\"@id\":\"https:\\\/\\\/goornament.com.br\\\/#organization\",\"name\":\"https:\\\/\\\/goornament.com.br\",\"url\":\"https:\\\/\\\/goornament.com.br\\\/\",\"logo\":{\"@type\":\"ImageObject\",\"inLanguage\":\"pt-BR\",\"@id\":\"https:\\\/\\\/goornament.com.br\\\/#\\\/schema\\\/logo\\\/image\\\/\",\"url\":\"https:\\\/\\\/goornament.com.br\\\/wp-content\\\/uploads\\\/2024\\\/10\\\/LOGO-EXPERIMENTO5.png\",\"contentUrl\":\"https:\\\/\\\/goornament.com.br\\\/wp-content\\\/uploads\\\/2024\\\/10\\\/LOGO-EXPERIMENTO5.png\",\"width\":4675,\"height\":4675,\"caption\":\"https:\\\/\\\/goornament.com.br\"},\"image\":{\"@id\":\"https:\\\/\\\/goornament.com.br\\\/#\\\/schema\\\/logo\\\/image\\\/\"}}]}<\/script>\n<!-- \/ Yoast SEO plugin. -->","yoast_head_json":{"title":"Floral Minimalista - https:\/\/goornament.com.br","robots":{"index":"index","follow":"follow","max-snippet":"max-snippet:-1","max-image-preview":"max-image-preview:large","max-video-preview":"max-video-preview:-1"},"canonical":"https:\/\/mediumvioletred-anteater-114861.hostingersite.com\/?product=floral-minimalista","og_locale":"pt_BR","og_type":"article","og_title":"Floral Minimalista - https:\/\/goornament.com.br","og_description":"Floral Minimalista Esta pe\u00e7a \u00e9 a express\u00e3o m\u00e1xima do equil\u00edbrio entre a natureza e a simplicidade do design moderno. deal para quem busca uma decora\u00e7\u00e3o que inspire serenidade, leveza e um toque de calor de forma contempor\u00e2nea. Destaques do produto: Arte Linear Elegante: A ilustra\u00e7\u00e3o central apresenta uma folhagem em tra\u00e7os pretos cont\u00ednuos e minimalistas, [&hellip;]","og_url":"https:\/\/mediumvioletred-anteater-114861.hostingersite.com\/?product=floral-minimalista","og_site_name":"https:\/\/goornament.com.br","article_modified_time":"2026-02-08T15:46:29+00:00","og_image":[{"width":1024,"height":1024,"url":"https:\/\/mediumvioletred-anteater-114861.hostingersite.com\/wp-content\/uploads\/2025\/12\/02-5x7-A4-PORTRAIT-frame-03-21-1024x1024.png","type":"image\/png"}],"twitter_card":"summary_large_image","schema":{"@context":"https:\/\/schema.org","@graph":[{"@type":"WebPage","@id":"https:\/\/mediumvioletred-anteater-114861.hostingersite.com\/?product=floral-minimalista","url":"https:\/\/mediumvioletred-anteater-114861.hostingersite.com\/?product=floral-minimalista","name":"Floral Minimalista - https:\/\/goornament.com.br","isPartOf":{"@id":"https:\/\/goornament.com.br\/#website"},"primaryImageOfPage":{"@id":"https:\/\/mediumvioletred-anteater-114861.hostingersite.com\/?product=floral-minimalista#primaryimage"},"image":{"@id":"https:\/\/mediumvioletred-anteater-114861.hostingersite.com\/?product=floral-minimalista#primaryimage"},"thumbnailUrl":"https:\/\/goornament.com.br\/wp-content\/uploads\/2025\/12\/02-5x7-A4-PORTRAIT-frame-03-21-scaled.png","datePublished":"2025-12-29T01:03:19+00:00","dateModified":"2026-02-08T15:46:29+00:00","breadcrumb":{"@id":"https:\/\/mediumvioletred-anteater-114861.hostingersite.com\/?product=floral-minimalista#breadcrumb"},"inLanguage":"pt-BR","potentialAction":[{"@type":"ReadAction","target":["https:\/\/mediumvioletred-anteater-114861.hostingersite.com\/?product=floral-minimalista"]}]},{"@type":"ImageObject","inLanguage":"pt-BR","@id":"https:\/\/mediumvioletred-anteater-114861.hostingersite.com\/?product=floral-minimalista#primaryimage","url":"https:\/\/goornament.com.br\/wp-content\/uploads\/2025\/12\/02-5x7-A4-PORTRAIT-frame-03-21-scaled.png","contentUrl":"https:\/\/goornament.com.br\/wp-content\/uploads\/2025\/12\/02-5x7-A4-PORTRAIT-frame-03-21-scaled.png","width":1707,"height":2560},{"@type":"BreadcrumbList","@id":"https:\/\/mediumvioletred-anteater-114861.hostingersite.com\/?product=floral-minimalista#breadcrumb","itemListElement":[{"@type":"ListItem","position":1,"name":"In\u00edcio","item":"https:\/\/goornament.com.br\/"},{"@type":"ListItem","position":2,"name":"Loja","item":"https:\/\/mediumvioletred-anteater-114861.hostingersite.com\/?page_id=2378"},{"@type":"ListItem","position":3,"name":"Floral Minimalista"}]},{"@type":"WebSite","@id":"https:\/\/goornament.com.br\/#website","url":"https:\/\/goornament.com.br\/","name":"https:\/\/goornament.com.br","description":"","publisher":{"@id":"https:\/\/goornament.com.br\/#organization"},"potentialAction":[{"@type":"SearchAction","target":{"@type":"EntryPoint","urlTemplate":"https:\/\/goornament.com.br\/?s={search_term_string}"},"query-input":{"@type":"PropertyValueSpecification","valueRequired":true,"valueName":"search_term_string"}}],"inLanguage":"pt-BR"},{"@type":"Organization","@id":"https:\/\/goornament.com.br\/#organization","name":"https:\/\/goornament.com.br","url":"https:\/\/goornament.com.br\/","logo":{"@type":"ImageObject","inLanguage":"pt-BR","@id":"https:\/\/goornament.com.br\/#\/schema\/logo\/image\/","url":"https:\/\/goornament.com.br\/wp-content\/uploads\/2024\/10\/LOGO-EXPERIMENTO5.png","contentUrl":"https:\/\/goornament.com.br\/wp-content\/uploads\/2024\/10\/LOGO-EXPERIMENTO5.png","width":4675,"height":4675,"caption":"https:\/\/goornament.com.br"},"image":{"@id":"https:\/\/goornament.com.br\/#\/schema\/logo\/image\/"}}]}},"_links":{"self":[{"href":"https:\/\/goornament.com.br\/index.php?rest_route=\/wp\/v2\/product\/18020","targetHints":{"allow":["GET"]}}],"collection":[{"href":"https:\/\/goornament.com.br\/index.php?rest_route=\/wp\/v2\/product"}],"about":[{"href":"https:\/\/goornament.com.br\/index.php?rest_route=\/wp\/v2\/types\/product"}],"replies":[{"embeddable":true,"href":"https:\/\/goornament.com.br\/index.php?rest_route=%2Fwp%2Fv2%2Fcomments&post=18020"}],"version-history":[{"count":6,"href":"https:\/\/goornament.com.br\/index.php?rest_route=\/wp\/v2\/product\/18020\/revisions"}],"predecessor-version":[{"id":32781,"href":"https:\/\/goornament.com.br\/index.php?rest_route=\/wp\/v2\/product\/18020\/revisions\/32781"}],"wp:featuredmedia":[{"embeddable":true,"href":"https:\/\/goornament.com.br\/index.php?rest_route=\/wp\/v2\/media\/18015"}],"wp:attachment":[{"href":"https:\/\/goornament.com.br\/index.php?rest_route=%2Fwp%2Fv2%2Fmedia&parent=18020"}],"wp:term":[{"taxonomy":"product_brand","embeddable":true,"href":"https:\/\/goornament.com.br\/index.php?rest_route=%2Fwp%2Fv2%2Fproduct_brand&post=18020"},{"taxonomy":"product_cat","embeddable":true,"href":"https:\/\/goornament.com.br\/index.php?rest_route=%2Fwp%2Fv2%2Fproduct_cat&post=18020"},{"taxonomy":"product_tag","embeddable":true,"href":"https:\/\/goornament.com.br\/index.php?rest_route=%2Fwp%2Fv2%2Fproduct_tag&post=18020"}],"curies":[{"name":"wp","href":"https:\/\/api.w.org\/{rel}","templated":true}]}}