{"id":2089,"date":"2024-10-02T07:59:03","date_gmt":"2024-10-02T07:59:03","guid":{"rendered":"https:\/\/wheat-dog-104532.hostingersite.com\/?post_type=product&#038;p=2089"},"modified":"2026-02-10T06:06:56","modified_gmt":"2026-02-10T06:06:56","slug":"billy-graham","status":"publish","type":"product","link":"https:\/\/goornament.com.br\/?product=billy-graham","title":{"rendered":"Billy Graham"},"content":{"rendered":"\t\t<div data-elementor-type=\"product-post\" data-elementor-id=\"2089\" class=\"elementor elementor-2089\" data-elementor-post-type=\"product\">\n\t\t\t\t<div class=\"elementor-element elementor-element-41835bd4 e-con-full e-flex e-con e-parent\" data-id=\"41835bd4\" data-element_type=\"container\" data-e-type=\"container\">\n\t\t\t\t<div class=\"elementor-element elementor-element-3e9ace78 elementor-widget elementor-widget-text-editor\" data-id=\"3e9ace78\" data-element_type=\"widget\" data-e-type=\"widget\" data-widget_type=\"text-editor.default\">\n\t\t\t\t<div class=\"elementor-widget-container\">\n\t\t\t\t\t\t\t\t\t<div class=\"flex max-w-full flex-col flex-grow\">\n<div class=\"min-h-8 text-message flex w-full flex-col items-end gap-2 whitespace-normal break-words [.text-message+&amp;]:mt-5\" dir=\"auto\" data-message-author-role=\"assistant\" data-message-id=\"8550572c-6a97-4012-83b8-818973b2feb7\">\n<div class=\"flex w-full flex-col gap-1 empty:hidden first:pt-[3px]\">\n<div class=\"markdown prose w-full break-words dark:prose-invert light\">\n<h2 style=\"text-align: center;\"><em>Billy Graham<\/em><\/h2>\n<p style=\"text-align: center;\">Inspirado pelo legado de f\u00e9 e ora\u00e7\u00e3o, contemple a for\u00e7a do quadro Billy Graham. Esta obra homenageia um dos maiores evangelistas da hist\u00f3ria,&nbsp;<\/p><p style=\"text-align: center;\">destacando sua poderosa exorta\u00e7\u00e3o \u00e0 intimidade com o Criador: &#8220;Dobre os joelhos e ore, at\u00e9 que voc\u00ea e Deus sejam amigos \u00edntimos&#8221;.&nbsp;<\/p><p style=\"text-align: center;\">Com uma est\u00e9tica vibrante em tons de laranja e azul profundo, esta pe\u00e7a \u00e9 um chamado \u00e0 a\u00e7\u00e3o espiritual,&nbsp;<\/p><p style=\"text-align: center;\">trazendo autoridade e um senso de prop\u00f3sito mission\u00e1rio para o seu lar.<\/p>\n<p style=\"text-align: center;\">\u00c9 a escolha ideal para escrit\u00f3rios, salas de estudos teol\u00f3gicos ou espa\u00e7os de devocional, servindo como um ponto&nbsp;<\/p><p style=\"text-align: center;\">de inspira\u00e7\u00e3o sobre a import\u00e2ncia da vida de ora\u00e7\u00e3o e do compromisso com o Evangelho.<\/p><p style=\"text-align: center;\"><br><\/p>\n<hr>\n<p style=\"text-align: center;\"><em><strong><br><\/strong><\/em><\/p><p style=\"text-align: center;\"><em><strong>Destaques da Obra<\/strong><\/em><\/p>\n<p style=\"text-align: center;\" data-path-to-node=\"4,0,0\"><b data-path-to-node=\"4,0,0\" data-index-in-node=\"0\">Legado Hist\u00f3rico e Espiritual:<\/b> A imagem central de Billy Graham (1918 &#8211; 2018) conecta o ambiente \u00e0 hist\u00f3ria do avivamento moderno, oferecendo um exemplo de perseveran\u00e7a e amizade com Deus.<\/p>\n<p style=\"text-align: center;\" data-path-to-node=\"4,1,0\"><b data-path-to-node=\"4,1,0\" data-index-in-node=\"0\">Design Gr\u00e1fico Din\u00e2mico:<\/b> A composi\u00e7\u00e3o utiliza elementos geom\u00e9tricos e c\u00edrculos conc\u00eantricos que emolduram o pregador, criando um foco visual que transmite movimento e energia.<\/p>\n<p style=\"text-align: center;\" data-path-to-node=\"4,2,0\"><b data-path-to-node=\"4,2,0\" data-index-in-node=\"0\">Paleta de Contrastes Fortes:<\/b> O uso do laranja vibrante em contraste com o azul marinho confere \u00e0 pe\u00e7a um ar contempor\u00e2neo e marcante, capaz de revitalizar a decora\u00e7\u00e3o de qualquer ambiente.<\/p>\n<p style=\"text-align: center;\" data-path-to-node=\"4,3,0\"><b data-path-to-node=\"4,3,0\" data-index-in-node=\"0\">Tipografia Clara e Motivacional:<\/b> A frase de efeito, disposta circularmente, convida o observador a uma reflex\u00e3o imediata, transformando a arte em um lembrete di\u00e1rio sobre a disciplina da ora\u00e7\u00e3o.<\/p>\n<\/div>\n<\/div>\n<\/div>\n<\/div>\t\t\t\t\t\t\t\t<\/div>\n\t\t\t\t<\/div>\n\t\t\t\t<\/div>\n\t\t\t\t<\/div>\n\t\t","protected":false},"excerpt":{"rendered":"<p>Billy Graham Inspirado pelo legado de f\u00e9 e ora\u00e7\u00e3o, contemple a for\u00e7a do quadro Billy Graham. Esta obra homenageia um dos maiores evangelistas da hist\u00f3ria,&nbsp; destacando sua poderosa exorta\u00e7\u00e3o \u00e0 intimidade com o Criador: &#8220;Dobre os joelhos e ore, at\u00e9 que voc\u00ea e Deus sejam amigos \u00edntimos&#8221;.&nbsp; Com uma est\u00e9tica vibrante em tons de laranja [&hellip;]<\/p>\n","protected":false},"featured_media":7504,"comment_status":"open","ping_status":"closed","template":"elementor_header_footer","meta":{"_joinchat":[]},"product_brand":[],"product_cat":[70,71],"product_tag":[],"class_list":{"0":"post-2089","1":"product","2":"type-product","3":"status-publish","4":"has-post-thumbnail","6":"product_cat-frases","7":"product_cat-tema-cristao","9":"first","10":"instock","11":"sale","12":"taxable","13":"shipping-taxable","14":"purchasable","15":"product-type-variable","16":"has-default-attributes"},"yoast_head":"<!-- This site is optimized with the Yoast SEO plugin v27.3 - https:\/\/yoast.com\/product\/yoast-seo-wordpress\/ -->\n<title>Billy Graham - https:\/\/goornament.com.br<\/title>\n<meta name=\"robots\" content=\"index, follow, max-snippet:-1, max-image-preview:large, max-video-preview:-1\" \/>\n<link rel=\"canonical\" href=\"https:\/\/goornament.com.br\/?product=billy-graham\" \/>\n<meta property=\"og:locale\" content=\"pt_BR\" \/>\n<meta property=\"og:type\" content=\"article\" \/>\n<meta property=\"og:title\" content=\"Billy Graham - https:\/\/goornament.com.br\" \/>\n<meta property=\"og:description\" content=\"Billy Graham Inspirado pelo legado de f\u00e9 e ora\u00e7\u00e3o, contemple a for\u00e7a do quadro Billy Graham. Esta obra homenageia um dos maiores evangelistas da hist\u00f3ria,&nbsp; destacando sua poderosa exorta\u00e7\u00e3o \u00e0 intimidade com o Criador: &#8220;Dobre os joelhos e ore, at\u00e9 que voc\u00ea e Deus sejam amigos \u00edntimos&#8221;.&nbsp; Com uma est\u00e9tica vibrante em tons de laranja [&hellip;]\" \/>\n<meta property=\"og:url\" content=\"https:\/\/goornament.com.br\/?product=billy-graham\" \/>\n<meta property=\"og:site_name\" content=\"https:\/\/goornament.com.br\" \/>\n<meta property=\"article:modified_time\" content=\"2026-02-10T06:06:56+00:00\" \/>\n<meta property=\"og:image\" content=\"https:\/\/goornament.com.br\/wp-content\/uploads\/2024\/10\/MOLDURA-COM-VIDRO-3-2.png\" \/>\n\t<meta property=\"og:image:width\" content=\"600\" \/>\n\t<meta property=\"og:image:height\" content=\"900\" \/>\n\t<meta property=\"og:image:type\" content=\"image\/png\" \/>\n<meta name=\"twitter:card\" content=\"summary_large_image\" \/>\n<script type=\"application\/ld+json\" class=\"yoast-schema-graph\">{\"@context\":\"https:\\\/\\\/schema.org\",\"@graph\":[{\"@type\":\"WebPage\",\"@id\":\"https:\\\/\\\/goornament.com.br\\\/?product=billy-graham\",\"url\":\"https:\\\/\\\/goornament.com.br\\\/?product=billy-graham\",\"name\":\"Billy Graham - https:\\\/\\\/goornament.com.br\",\"isPartOf\":{\"@id\":\"https:\\\/\\\/goornament.com.br\\\/#website\"},\"primaryImageOfPage\":{\"@id\":\"https:\\\/\\\/goornament.com.br\\\/?product=billy-graham#primaryimage\"},\"image\":{\"@id\":\"https:\\\/\\\/goornament.com.br\\\/?product=billy-graham#primaryimage\"},\"thumbnailUrl\":\"https:\\\/\\\/goornament.com.br\\\/wp-content\\\/uploads\\\/2024\\\/10\\\/MOLDURA-COM-VIDRO-3-2.png\",\"datePublished\":\"2024-10-02T07:59:03+00:00\",\"dateModified\":\"2026-02-10T06:06:56+00:00\",\"breadcrumb\":{\"@id\":\"https:\\\/\\\/goornament.com.br\\\/?product=billy-graham#breadcrumb\"},\"inLanguage\":\"pt-BR\",\"potentialAction\":[{\"@type\":\"ReadAction\",\"target\":[\"https:\\\/\\\/goornament.com.br\\\/?product=billy-graham\"]}]},{\"@type\":\"ImageObject\",\"inLanguage\":\"pt-BR\",\"@id\":\"https:\\\/\\\/goornament.com.br\\\/?product=billy-graham#primaryimage\",\"url\":\"https:\\\/\\\/goornament.com.br\\\/wp-content\\\/uploads\\\/2024\\\/10\\\/MOLDURA-COM-VIDRO-3-2.png\",\"contentUrl\":\"https:\\\/\\\/goornament.com.br\\\/wp-content\\\/uploads\\\/2024\\\/10\\\/MOLDURA-COM-VIDRO-3-2.png\",\"width\":600,\"height\":900},{\"@type\":\"BreadcrumbList\",\"@id\":\"https:\\\/\\\/goornament.com.br\\\/?product=billy-graham#breadcrumb\",\"itemListElement\":[{\"@type\":\"ListItem\",\"position\":1,\"name\":\"In\u00edcio\",\"item\":\"https:\\\/\\\/goornament.com.br\\\/\"},{\"@type\":\"ListItem\",\"position\":2,\"name\":\"Loja\",\"item\":\"https:\\\/\\\/mediumvioletred-anteater-114861.hostingersite.com\\\/?page_id=2378\"},{\"@type\":\"ListItem\",\"position\":3,\"name\":\"Billy Graham\"}]},{\"@type\":\"WebSite\",\"@id\":\"https:\\\/\\\/goornament.com.br\\\/#website\",\"url\":\"https:\\\/\\\/goornament.com.br\\\/\",\"name\":\"https:\\\/\\\/goornament.com.br\",\"description\":\"\",\"publisher\":{\"@id\":\"https:\\\/\\\/goornament.com.br\\\/#organization\"},\"potentialAction\":[{\"@type\":\"SearchAction\",\"target\":{\"@type\":\"EntryPoint\",\"urlTemplate\":\"https:\\\/\\\/goornament.com.br\\\/?s={search_term_string}\"},\"query-input\":{\"@type\":\"PropertyValueSpecification\",\"valueRequired\":true,\"valueName\":\"search_term_string\"}}],\"inLanguage\":\"pt-BR\"},{\"@type\":\"Organization\",\"@id\":\"https:\\\/\\\/goornament.com.br\\\/#organization\",\"name\":\"https:\\\/\\\/goornament.com.br\",\"url\":\"https:\\\/\\\/goornament.com.br\\\/\",\"logo\":{\"@type\":\"ImageObject\",\"inLanguage\":\"pt-BR\",\"@id\":\"https:\\\/\\\/goornament.com.br\\\/#\\\/schema\\\/logo\\\/image\\\/\",\"url\":\"https:\\\/\\\/goornament.com.br\\\/wp-content\\\/uploads\\\/2024\\\/10\\\/LOGO-EXPERIMENTO5.png\",\"contentUrl\":\"https:\\\/\\\/goornament.com.br\\\/wp-content\\\/uploads\\\/2024\\\/10\\\/LOGO-EXPERIMENTO5.png\",\"width\":4675,\"height\":4675,\"caption\":\"https:\\\/\\\/goornament.com.br\"},\"image\":{\"@id\":\"https:\\\/\\\/goornament.com.br\\\/#\\\/schema\\\/logo\\\/image\\\/\"}}]}<\/script>\n<!-- \/ Yoast SEO plugin. -->","yoast_head_json":{"title":"Billy Graham - https:\/\/goornament.com.br","robots":{"index":"index","follow":"follow","max-snippet":"max-snippet:-1","max-image-preview":"max-image-preview:large","max-video-preview":"max-video-preview:-1"},"canonical":"https:\/\/goornament.com.br\/?product=billy-graham","og_locale":"pt_BR","og_type":"article","og_title":"Billy Graham - https:\/\/goornament.com.br","og_description":"Billy Graham Inspirado pelo legado de f\u00e9 e ora\u00e7\u00e3o, contemple a for\u00e7a do quadro Billy Graham. Esta obra homenageia um dos maiores evangelistas da hist\u00f3ria,&nbsp; destacando sua poderosa exorta\u00e7\u00e3o \u00e0 intimidade com o Criador: &#8220;Dobre os joelhos e ore, at\u00e9 que voc\u00ea e Deus sejam amigos \u00edntimos&#8221;.&nbsp; Com uma est\u00e9tica vibrante em tons de laranja [&hellip;]","og_url":"https:\/\/goornament.com.br\/?product=billy-graham","og_site_name":"https:\/\/goornament.com.br","article_modified_time":"2026-02-10T06:06:56+00:00","og_image":[{"width":600,"height":900,"url":"https:\/\/goornament.com.br\/wp-content\/uploads\/2024\/10\/MOLDURA-COM-VIDRO-3-2.png","type":"image\/png"}],"twitter_card":"summary_large_image","schema":{"@context":"https:\/\/schema.org","@graph":[{"@type":"WebPage","@id":"https:\/\/goornament.com.br\/?product=billy-graham","url":"https:\/\/goornament.com.br\/?product=billy-graham","name":"Billy Graham - https:\/\/goornament.com.br","isPartOf":{"@id":"https:\/\/goornament.com.br\/#website"},"primaryImageOfPage":{"@id":"https:\/\/goornament.com.br\/?product=billy-graham#primaryimage"},"image":{"@id":"https:\/\/goornament.com.br\/?product=billy-graham#primaryimage"},"thumbnailUrl":"https:\/\/goornament.com.br\/wp-content\/uploads\/2024\/10\/MOLDURA-COM-VIDRO-3-2.png","datePublished":"2024-10-02T07:59:03+00:00","dateModified":"2026-02-10T06:06:56+00:00","breadcrumb":{"@id":"https:\/\/goornament.com.br\/?product=billy-graham#breadcrumb"},"inLanguage":"pt-BR","potentialAction":[{"@type":"ReadAction","target":["https:\/\/goornament.com.br\/?product=billy-graham"]}]},{"@type":"ImageObject","inLanguage":"pt-BR","@id":"https:\/\/goornament.com.br\/?product=billy-graham#primaryimage","url":"https:\/\/goornament.com.br\/wp-content\/uploads\/2024\/10\/MOLDURA-COM-VIDRO-3-2.png","contentUrl":"https:\/\/goornament.com.br\/wp-content\/uploads\/2024\/10\/MOLDURA-COM-VIDRO-3-2.png","width":600,"height":900},{"@type":"BreadcrumbList","@id":"https:\/\/goornament.com.br\/?product=billy-graham#breadcrumb","itemListElement":[{"@type":"ListItem","position":1,"name":"In\u00edcio","item":"https:\/\/goornament.com.br\/"},{"@type":"ListItem","position":2,"name":"Loja","item":"https:\/\/mediumvioletred-anteater-114861.hostingersite.com\/?page_id=2378"},{"@type":"ListItem","position":3,"name":"Billy Graham"}]},{"@type":"WebSite","@id":"https:\/\/goornament.com.br\/#website","url":"https:\/\/goornament.com.br\/","name":"https:\/\/goornament.com.br","description":"","publisher":{"@id":"https:\/\/goornament.com.br\/#organization"},"potentialAction":[{"@type":"SearchAction","target":{"@type":"EntryPoint","urlTemplate":"https:\/\/goornament.com.br\/?s={search_term_string}"},"query-input":{"@type":"PropertyValueSpecification","valueRequired":true,"valueName":"search_term_string"}}],"inLanguage":"pt-BR"},{"@type":"Organization","@id":"https:\/\/goornament.com.br\/#organization","name":"https:\/\/goornament.com.br","url":"https:\/\/goornament.com.br\/","logo":{"@type":"ImageObject","inLanguage":"pt-BR","@id":"https:\/\/goornament.com.br\/#\/schema\/logo\/image\/","url":"https:\/\/goornament.com.br\/wp-content\/uploads\/2024\/10\/LOGO-EXPERIMENTO5.png","contentUrl":"https:\/\/goornament.com.br\/wp-content\/uploads\/2024\/10\/LOGO-EXPERIMENTO5.png","width":4675,"height":4675,"caption":"https:\/\/goornament.com.br"},"image":{"@id":"https:\/\/goornament.com.br\/#\/schema\/logo\/image\/"}}]}},"_links":{"self":[{"href":"https:\/\/goornament.com.br\/index.php?rest_route=\/wp\/v2\/product\/2089","targetHints":{"allow":["GET"]}}],"collection":[{"href":"https:\/\/goornament.com.br\/index.php?rest_route=\/wp\/v2\/product"}],"about":[{"href":"https:\/\/goornament.com.br\/index.php?rest_route=\/wp\/v2\/types\/product"}],"replies":[{"embeddable":true,"href":"https:\/\/goornament.com.br\/index.php?rest_route=%2Fwp%2Fv2%2Fcomments&post=2089"}],"version-history":[{"count":5,"href":"https:\/\/goornament.com.br\/index.php?rest_route=\/wp\/v2\/product\/2089\/revisions"}],"predecessor-version":[{"id":33254,"href":"https:\/\/goornament.com.br\/index.php?rest_route=\/wp\/v2\/product\/2089\/revisions\/33254"}],"wp:featuredmedia":[{"embeddable":true,"href":"https:\/\/goornament.com.br\/index.php?rest_route=\/wp\/v2\/media\/7504"}],"wp:attachment":[{"href":"https:\/\/goornament.com.br\/index.php?rest_route=%2Fwp%2Fv2%2Fmedia&parent=2089"}],"wp:term":[{"taxonomy":"product_brand","embeddable":true,"href":"https:\/\/goornament.com.br\/index.php?rest_route=%2Fwp%2Fv2%2Fproduct_brand&post=2089"},{"taxonomy":"product_cat","embeddable":true,"href":"https:\/\/goornament.com.br\/index.php?rest_route=%2Fwp%2Fv2%2Fproduct_cat&post=2089"},{"taxonomy":"product_tag","embeddable":true,"href":"https:\/\/goornament.com.br\/index.php?rest_route=%2Fwp%2Fv2%2Fproduct_tag&post=2089"}],"curies":[{"name":"wp","href":"https:\/\/api.w.org\/{rel}","templated":true}]}}