{"id":21888,"date":"2026-01-14T17:23:07","date_gmt":"2026-01-14T17:23:07","guid":{"rendered":"https:\/\/goornament.com.br\/?post_type=product&#038;p=21888"},"modified":"2026-02-08T15:29:03","modified_gmt":"2026-02-08T15:29:03","slug":"minimalist-adam","status":"publish","type":"product","link":"https:\/\/goornament.com.br\/?product=minimalist-adam","title":{"rendered":"Minimalist Adam"},"content":{"rendered":"\t\t<div data-elementor-type=\"product-post\" data-elementor-id=\"21888\" class=\"elementor elementor-21888\" data-elementor-post-type=\"product\">\n\t\t\t\t<div class=\"elementor-element elementor-element-1c2ebf01 e-con-full e-flex e-con e-parent\" data-id=\"1c2ebf01\" data-element_type=\"container\" data-e-type=\"container\">\n\t\t\t\t<div class=\"elementor-element elementor-element-7094600d elementor-widget elementor-widget-text-editor\" data-id=\"7094600d\" data-element_type=\"widget\" data-e-type=\"widget\" data-widget_type=\"text-editor.default\">\n\t\t\t\t<div class=\"elementor-widget-container\">\n\t\t\t\t\t\t\t\t\t<h2 style=\"text-align: center;\" data-path-to-node=\"1\">Minimalist Adam<\/h2>\n<p style=\"text-align: center;\">Uma pe\u00e7a que celebra a beleza da natureza atrav\u00e9s de um olhar art\u00edstico refinado e minimalista.<\/p>\n<p style=\"text-align: center;\">Ideal para quem busca uma decora\u00e7\u00e3o que transmita frescor e sofistica\u00e7\u00e3o de forma equilibrada.<\/p>\n<p style=\"text-align: center;\"><br><\/p>\n<hr>\n<p style=\"text-align: center;\"><b data-path-to-node=\"2\" data-index-in-node=\"0\"><br><\/b><\/p>\n<p style=\"text-align: center;\"><b data-path-to-node=\"2\" data-index-in-node=\"0\">Destaques do produto:<\/b><\/p>\n<p style=\"text-align: center;\" data-path-to-node=\"3,0,0\"><b data-path-to-node=\"3,0,0\" data-index-in-node=\"0\">Ilustra\u00e7\u00e3o Detalhada:<\/b> A t\u00e9cnica de tra\u00e7o fino em preto real\u00e7a as texturas das folhas de Costela-de-Ad\u00e3o e folhagens tropicais, criando um visual cl\u00e1ssico e elegante.<\/p>\n<p style=\"text-align: center;\" data-path-to-node=\"3,1,0\"><b data-path-to-node=\"3,1,0\" data-index-in-node=\"0\">Profundidade Art\u00edstica:<\/b> O uso de formas org\u00e2nicas fluidas em tons de verde profundo e terracota ao fundo adiciona uma camada de modernidade e dimens\u00e3o \u00e0 obra.<\/p>\n<p style=\"text-align: center;\" data-path-to-node=\"3,2,0\"><b data-path-to-node=\"3,2,0\" data-index-in-node=\"0\">Versatilidade Decorativa:<\/b> A paleta neutra e terrosa permite que este quadro se adapte perfeitamente a salas de estar, quartos ou varandas gourmet,&nbsp;<\/p><p style=\"text-align: center;\" data-path-to-node=\"3,2,0\">promovendo uma conex\u00e3o imediata com o bem-estar.<\/p>\t\t\t\t\t\t\t\t<\/div>\n\t\t\t\t<\/div>\n\t\t\t\t<\/div>\n\t\t\t\t<\/div>\n\t\t","protected":false},"excerpt":{"rendered":"<p>Minimalist Adam Uma pe\u00e7a que celebra a beleza da natureza atrav\u00e9s de um olhar art\u00edstico refinado e minimalista. Ideal para quem busca uma decora\u00e7\u00e3o que transmita frescor e sofistica\u00e7\u00e3o de forma equilibrada. Destaques do produto: Ilustra\u00e7\u00e3o Detalhada: A t\u00e9cnica de tra\u00e7o fino em preto real\u00e7a as texturas das folhas de Costela-de-Ad\u00e3o e folhagens tropicais, criando [&hellip;]<\/p>\n","protected":false},"featured_media":21874,"comment_status":"open","ping_status":"closed","template":"","meta":{"_joinchat":[]},"product_brand":[],"product_cat":[73],"product_tag":[],"class_list":{"0":"post-21888","1":"product","2":"type-product","3":"status-publish","4":"has-post-thumbnail","6":"product_cat-abstrato","8":"first","9":"instock","10":"sale","11":"taxable","12":"shipping-taxable","13":"purchasable","14":"product-type-variable","15":"has-default-attributes"},"yoast_head":"<!-- This site is optimized with the Yoast SEO plugin v27.3 - https:\/\/yoast.com\/product\/yoast-seo-wordpress\/ -->\n<title>Minimalist Adam - https:\/\/goornament.com.br<\/title>\n<meta name=\"robots\" content=\"index, follow, max-snippet:-1, max-image-preview:large, max-video-preview:-1\" \/>\n<link rel=\"canonical\" href=\"https:\/\/goornament.com.br\/?product=minimalist-adam\" \/>\n<meta property=\"og:locale\" content=\"pt_BR\" \/>\n<meta property=\"og:type\" content=\"article\" \/>\n<meta property=\"og:title\" content=\"Minimalist Adam - https:\/\/goornament.com.br\" \/>\n<meta property=\"og:description\" content=\"Minimalist Adam Uma pe\u00e7a que celebra a beleza da natureza atrav\u00e9s de um olhar art\u00edstico refinado e minimalista. Ideal para quem busca uma decora\u00e7\u00e3o que transmita frescor e sofistica\u00e7\u00e3o de forma equilibrada. Destaques do produto: Ilustra\u00e7\u00e3o Detalhada: A t\u00e9cnica de tra\u00e7o fino em preto real\u00e7a as texturas das folhas de Costela-de-Ad\u00e3o e folhagens tropicais, criando [&hellip;]\" \/>\n<meta property=\"og:url\" content=\"https:\/\/goornament.com.br\/?product=minimalist-adam\" \/>\n<meta property=\"og:site_name\" content=\"https:\/\/goornament.com.br\" \/>\n<meta property=\"article:modified_time\" content=\"2026-02-08T15:29:03+00:00\" \/>\n<meta property=\"og:image\" content=\"https:\/\/goornament.com.br\/wp-content\/uploads\/2026\/01\/MOLDURA-COM-VIDRO-2-5.png\" \/>\n\t<meta property=\"og:image:width\" content=\"400\" \/>\n\t<meta property=\"og:image:height\" content=\"600\" \/>\n\t<meta property=\"og:image:type\" content=\"image\/png\" \/>\n<meta name=\"twitter:card\" content=\"summary_large_image\" \/>\n<script type=\"application\/ld+json\" class=\"yoast-schema-graph\">{\"@context\":\"https:\\\/\\\/schema.org\",\"@graph\":[{\"@type\":\"WebPage\",\"@id\":\"https:\\\/\\\/goornament.com.br\\\/?product=minimalist-adam\",\"url\":\"https:\\\/\\\/goornament.com.br\\\/?product=minimalist-adam\",\"name\":\"Minimalist Adam - https:\\\/\\\/goornament.com.br\",\"isPartOf\":{\"@id\":\"https:\\\/\\\/goornament.com.br\\\/#website\"},\"primaryImageOfPage\":{\"@id\":\"https:\\\/\\\/goornament.com.br\\\/?product=minimalist-adam#primaryimage\"},\"image\":{\"@id\":\"https:\\\/\\\/goornament.com.br\\\/?product=minimalist-adam#primaryimage\"},\"thumbnailUrl\":\"https:\\\/\\\/goornament.com.br\\\/wp-content\\\/uploads\\\/2026\\\/01\\\/MOLDURA-COM-VIDRO-2-5.png\",\"datePublished\":\"2026-01-14T17:23:07+00:00\",\"dateModified\":\"2026-02-08T15:29:03+00:00\",\"breadcrumb\":{\"@id\":\"https:\\\/\\\/goornament.com.br\\\/?product=minimalist-adam#breadcrumb\"},\"inLanguage\":\"pt-BR\",\"potentialAction\":[{\"@type\":\"ReadAction\",\"target\":[\"https:\\\/\\\/goornament.com.br\\\/?product=minimalist-adam\"]}]},{\"@type\":\"ImageObject\",\"inLanguage\":\"pt-BR\",\"@id\":\"https:\\\/\\\/goornament.com.br\\\/?product=minimalist-adam#primaryimage\",\"url\":\"https:\\\/\\\/goornament.com.br\\\/wp-content\\\/uploads\\\/2026\\\/01\\\/MOLDURA-COM-VIDRO-2-5.png\",\"contentUrl\":\"https:\\\/\\\/goornament.com.br\\\/wp-content\\\/uploads\\\/2026\\\/01\\\/MOLDURA-COM-VIDRO-2-5.png\",\"width\":400,\"height\":600},{\"@type\":\"BreadcrumbList\",\"@id\":\"https:\\\/\\\/goornament.com.br\\\/?product=minimalist-adam#breadcrumb\",\"itemListElement\":[{\"@type\":\"ListItem\",\"position\":1,\"name\":\"In\u00edcio\",\"item\":\"https:\\\/\\\/goornament.com.br\\\/\"},{\"@type\":\"ListItem\",\"position\":2,\"name\":\"Loja\",\"item\":\"https:\\\/\\\/mediumvioletred-anteater-114861.hostingersite.com\\\/?page_id=2378\"},{\"@type\":\"ListItem\",\"position\":3,\"name\":\"Minimalist Adam\"}]},{\"@type\":\"WebSite\",\"@id\":\"https:\\\/\\\/goornament.com.br\\\/#website\",\"url\":\"https:\\\/\\\/goornament.com.br\\\/\",\"name\":\"https:\\\/\\\/goornament.com.br\",\"description\":\"\",\"publisher\":{\"@id\":\"https:\\\/\\\/goornament.com.br\\\/#organization\"},\"potentialAction\":[{\"@type\":\"SearchAction\",\"target\":{\"@type\":\"EntryPoint\",\"urlTemplate\":\"https:\\\/\\\/goornament.com.br\\\/?s={search_term_string}\"},\"query-input\":{\"@type\":\"PropertyValueSpecification\",\"valueRequired\":true,\"valueName\":\"search_term_string\"}}],\"inLanguage\":\"pt-BR\"},{\"@type\":\"Organization\",\"@id\":\"https:\\\/\\\/goornament.com.br\\\/#organization\",\"name\":\"https:\\\/\\\/goornament.com.br\",\"url\":\"https:\\\/\\\/goornament.com.br\\\/\",\"logo\":{\"@type\":\"ImageObject\",\"inLanguage\":\"pt-BR\",\"@id\":\"https:\\\/\\\/goornament.com.br\\\/#\\\/schema\\\/logo\\\/image\\\/\",\"url\":\"https:\\\/\\\/goornament.com.br\\\/wp-content\\\/uploads\\\/2024\\\/10\\\/LOGO-EXPERIMENTO5.png\",\"contentUrl\":\"https:\\\/\\\/goornament.com.br\\\/wp-content\\\/uploads\\\/2024\\\/10\\\/LOGO-EXPERIMENTO5.png\",\"width\":4675,\"height\":4675,\"caption\":\"https:\\\/\\\/goornament.com.br\"},\"image\":{\"@id\":\"https:\\\/\\\/goornament.com.br\\\/#\\\/schema\\\/logo\\\/image\\\/\"}}]}<\/script>\n<!-- \/ Yoast SEO plugin. -->","yoast_head_json":{"title":"Minimalist Adam - https:\/\/goornament.com.br","robots":{"index":"index","follow":"follow","max-snippet":"max-snippet:-1","max-image-preview":"max-image-preview:large","max-video-preview":"max-video-preview:-1"},"canonical":"https:\/\/goornament.com.br\/?product=minimalist-adam","og_locale":"pt_BR","og_type":"article","og_title":"Minimalist Adam - https:\/\/goornament.com.br","og_description":"Minimalist Adam Uma pe\u00e7a que celebra a beleza da natureza atrav\u00e9s de um olhar art\u00edstico refinado e minimalista. Ideal para quem busca uma decora\u00e7\u00e3o que transmita frescor e sofistica\u00e7\u00e3o de forma equilibrada. Destaques do produto: Ilustra\u00e7\u00e3o Detalhada: A t\u00e9cnica de tra\u00e7o fino em preto real\u00e7a as texturas das folhas de Costela-de-Ad\u00e3o e folhagens tropicais, criando [&hellip;]","og_url":"https:\/\/goornament.com.br\/?product=minimalist-adam","og_site_name":"https:\/\/goornament.com.br","article_modified_time":"2026-02-08T15:29:03+00:00","og_image":[{"width":400,"height":600,"url":"https:\/\/goornament.com.br\/wp-content\/uploads\/2026\/01\/MOLDURA-COM-VIDRO-2-5.png","type":"image\/png"}],"twitter_card":"summary_large_image","schema":{"@context":"https:\/\/schema.org","@graph":[{"@type":"WebPage","@id":"https:\/\/goornament.com.br\/?product=minimalist-adam","url":"https:\/\/goornament.com.br\/?product=minimalist-adam","name":"Minimalist Adam - https:\/\/goornament.com.br","isPartOf":{"@id":"https:\/\/goornament.com.br\/#website"},"primaryImageOfPage":{"@id":"https:\/\/goornament.com.br\/?product=minimalist-adam#primaryimage"},"image":{"@id":"https:\/\/goornament.com.br\/?product=minimalist-adam#primaryimage"},"thumbnailUrl":"https:\/\/goornament.com.br\/wp-content\/uploads\/2026\/01\/MOLDURA-COM-VIDRO-2-5.png","datePublished":"2026-01-14T17:23:07+00:00","dateModified":"2026-02-08T15:29:03+00:00","breadcrumb":{"@id":"https:\/\/goornament.com.br\/?product=minimalist-adam#breadcrumb"},"inLanguage":"pt-BR","potentialAction":[{"@type":"ReadAction","target":["https:\/\/goornament.com.br\/?product=minimalist-adam"]}]},{"@type":"ImageObject","inLanguage":"pt-BR","@id":"https:\/\/goornament.com.br\/?product=minimalist-adam#primaryimage","url":"https:\/\/goornament.com.br\/wp-content\/uploads\/2026\/01\/MOLDURA-COM-VIDRO-2-5.png","contentUrl":"https:\/\/goornament.com.br\/wp-content\/uploads\/2026\/01\/MOLDURA-COM-VIDRO-2-5.png","width":400,"height":600},{"@type":"BreadcrumbList","@id":"https:\/\/goornament.com.br\/?product=minimalist-adam#breadcrumb","itemListElement":[{"@type":"ListItem","position":1,"name":"In\u00edcio","item":"https:\/\/goornament.com.br\/"},{"@type":"ListItem","position":2,"name":"Loja","item":"https:\/\/mediumvioletred-anteater-114861.hostingersite.com\/?page_id=2378"},{"@type":"ListItem","position":3,"name":"Minimalist Adam"}]},{"@type":"WebSite","@id":"https:\/\/goornament.com.br\/#website","url":"https:\/\/goornament.com.br\/","name":"https:\/\/goornament.com.br","description":"","publisher":{"@id":"https:\/\/goornament.com.br\/#organization"},"potentialAction":[{"@type":"SearchAction","target":{"@type":"EntryPoint","urlTemplate":"https:\/\/goornament.com.br\/?s={search_term_string}"},"query-input":{"@type":"PropertyValueSpecification","valueRequired":true,"valueName":"search_term_string"}}],"inLanguage":"pt-BR"},{"@type":"Organization","@id":"https:\/\/goornament.com.br\/#organization","name":"https:\/\/goornament.com.br","url":"https:\/\/goornament.com.br\/","logo":{"@type":"ImageObject","inLanguage":"pt-BR","@id":"https:\/\/goornament.com.br\/#\/schema\/logo\/image\/","url":"https:\/\/goornament.com.br\/wp-content\/uploads\/2024\/10\/LOGO-EXPERIMENTO5.png","contentUrl":"https:\/\/goornament.com.br\/wp-content\/uploads\/2024\/10\/LOGO-EXPERIMENTO5.png","width":4675,"height":4675,"caption":"https:\/\/goornament.com.br"},"image":{"@id":"https:\/\/goornament.com.br\/#\/schema\/logo\/image\/"}}]}},"_links":{"self":[{"href":"https:\/\/goornament.com.br\/index.php?rest_route=\/wp\/v2\/product\/21888","targetHints":{"allow":["GET"]}}],"collection":[{"href":"https:\/\/goornament.com.br\/index.php?rest_route=\/wp\/v2\/product"}],"about":[{"href":"https:\/\/goornament.com.br\/index.php?rest_route=\/wp\/v2\/types\/product"}],"replies":[{"embeddable":true,"href":"https:\/\/goornament.com.br\/index.php?rest_route=%2Fwp%2Fv2%2Fcomments&post=21888"}],"version-history":[{"count":9,"href":"https:\/\/goornament.com.br\/index.php?rest_route=\/wp\/v2\/product\/21888\/revisions"}],"predecessor-version":[{"id":32743,"href":"https:\/\/goornament.com.br\/index.php?rest_route=\/wp\/v2\/product\/21888\/revisions\/32743"}],"wp:featuredmedia":[{"embeddable":true,"href":"https:\/\/goornament.com.br\/index.php?rest_route=\/wp\/v2\/media\/21874"}],"wp:attachment":[{"href":"https:\/\/goornament.com.br\/index.php?rest_route=%2Fwp%2Fv2%2Fmedia&parent=21888"}],"wp:term":[{"taxonomy":"product_brand","embeddable":true,"href":"https:\/\/goornament.com.br\/index.php?rest_route=%2Fwp%2Fv2%2Fproduct_brand&post=21888"},{"taxonomy":"product_cat","embeddable":true,"href":"https:\/\/goornament.com.br\/index.php?rest_route=%2Fwp%2Fv2%2Fproduct_cat&post=21888"},{"taxonomy":"product_tag","embeddable":true,"href":"https:\/\/goornament.com.br\/index.php?rest_route=%2Fwp%2Fv2%2Fproduct_tag&post=21888"}],"curies":[{"name":"wp","href":"https:\/\/api.w.org\/{rel}","templated":true}]}}