{"id":2231,"date":"2024-10-02T08:13:54","date_gmt":"2024-10-02T08:13:54","guid":{"rendered":"https:\/\/wheat-dog-104532.hostingersite.com\/?post_type=product&#038;p=2231"},"modified":"2026-02-10T06:08:41","modified_gmt":"2026-02-10T06:08:41","slug":"pastor-alemao","status":"publish","type":"product","link":"https:\/\/goornament.com.br\/?product=pastor-alemao","title":{"rendered":"Pastor Alem\u00e3o"},"content":{"rendered":"\t\t<div data-elementor-type=\"product-post\" data-elementor-id=\"2231\" class=\"elementor elementor-2231\" data-elementor-post-type=\"product\">\n\t\t\t\t<div class=\"elementor-element elementor-element-6002333e e-con-full e-flex e-con e-parent\" data-id=\"6002333e\" data-element_type=\"container\" data-e-type=\"container\">\n\t\t\t\t<div class=\"elementor-element elementor-element-147b1c5d elementor-widget elementor-widget-text-editor\" data-id=\"147b1c5d\" data-element_type=\"widget\" data-e-type=\"widget\" data-widget_type=\"text-editor.default\">\n\t\t\t\t<div class=\"elementor-widget-container\">\n\t\t\t\t\t\t\t\t\t<div class=\"flex max-w-full flex-col flex-grow\">\n<div class=\"min-h-8 text-message flex w-full flex-col items-end gap-2 whitespace-normal break-words [.text-message+&amp;]:mt-5\" dir=\"auto\" data-message-author-role=\"assistant\" data-message-id=\"8550572c-6a97-4012-83b8-818973b2feb7\">\n<div class=\"flex w-full flex-col gap-1 empty:hidden first:pt-[3px]\">\n<div class=\"markdown prose w-full break-words dark:prose-invert light\">\n<h2 style=\"text-align: center;\"><em>Pastor Alem\u00e3o<\/em><\/h2>\n<p style=\"text-align: center;\">Esta obra apresenta o perfil imponente de um Pastor Alem\u00e3o, traduzido atrav\u00e9s de uma t\u00e9cnica de <i data-path-to-node=\"0\" data-index-in-node=\"158\">low poly<\/i> (geometria facetada)&nbsp;<\/p><p style=\"text-align: center;\">que real\u00e7a a estrutura forte e o olhar focado desta ra\u00e7a lend\u00e1ria. Com uma paleta em tons de bronze,&nbsp;<\/p><p style=\"text-align: center;\">caf\u00e9 e azul acinzentado, esta pe\u00e7a \u00e9 uma declara\u00e7\u00e3o visual de lealdade e prote\u00e7\u00e3o para o seu lar.<\/p>\n<p style=\"text-align: center;\">\u00c9 a escolha definitiva para escrit\u00f3rios, bibliotecas ou salas de estar, servindo como um s\u00edmbolo de vigil\u00e2ncia e companheirismo fiel.<\/p><p style=\"text-align: center;\"><br><\/p>\n<hr>\n<p style=\"text-align: center;\"><em><strong><br><\/strong><\/em><\/p><p style=\"text-align: center;\"><em><strong>Destaques da Obra<\/strong><\/em><\/p>\n<p style=\"text-align: center;\" data-path-to-node=\"4,0,0\"><b data-path-to-node=\"4,0,0\" data-index-in-node=\"0\">Design Geom\u00e9trico Sofisticado:<\/b> A composi\u00e7\u00e3o em pol\u00edgonos confere um ar moderno e vanguardista, transformando o retrato animal em uma pe\u00e7a de arte contempor\u00e2nea de alto n\u00edvel.<\/p>\n<p style=\"text-align: center;\" data-path-to-node=\"4,1,0\"><b data-path-to-node=\"4,1,0\" data-index-in-node=\"0\">Foco e Expressividade:<\/b> A arte captura a aten\u00e7\u00e3o do Pastor Alem\u00e3o, simbolizando a prontid\u00e3o e a intelig\u00eancia nata que fazem desta ra\u00e7a uma das mais admiradas do mundo.<\/p>\n<p style=\"text-align: center;\" data-path-to-node=\"4,2,0\"><b data-path-to-node=\"4,2,0\" data-index-in-node=\"0\">Paleta Terrosa Harmoniosa:<\/b> O uso de gradientes de marrom e bege sobre o fundo neutro cria uma est\u00e9tica org\u00e2nica que se integra facilmente a m\u00f3veis de madeira e decora\u00e7\u00f5es s\u00f3brias.<\/p>\n<p style=\"text-align: center;\" data-path-to-node=\"4,3,0\"><b data-path-to-node=\"4,3,0\" data-index-in-node=\"0\">Presen\u00e7a e Autoridade:<\/b> Pela sua t\u00e9cnica limpa e tra\u00e7os definidos, o quadro transmite uma sensa\u00e7\u00e3o de ordem e seguran\u00e7a, ideal para ambientes que pedem uma decora\u00e7\u00e3o com personalidade e for\u00e7a.<\/p>\n<\/div>\n<\/div>\n<\/div>\n<\/div>\t\t\t\t\t\t\t\t<\/div>\n\t\t\t\t<\/div>\n\t\t\t\t<\/div>\n\t\t\t\t<\/div>\n\t\t","protected":false},"excerpt":{"rendered":"<p><img fetchpriority=\"high\" decoding=\"async\" class=\"alignnone size-medium wp-image-2843\" src=\"https:\/\/goornament.com.br\/wp-content\/uploads\/2024\/10\/archive_bg_06-300x300.jpg\" alt=\"\" width=\"300\" height=\"300\" srcset=\"https:\/\/goornament.com.br\/wp-content\/uploads\/2024\/10\/archive_bg_06-300x300.jpg 300w, https:\/\/goornament.com.br\/wp-content\/uploads\/2024\/10\/archive_bg_06-100x100.jpg 100w, https:\/\/goornament.com.br\/wp-content\/uploads\/2024\/10\/archive_bg_06-1024x1024.jpg 1024w, https:\/\/goornament.com.br\/wp-content\/uploads\/2024\/10\/archive_bg_06-150x150.jpg 150w, https:\/\/goornament.com.br\/wp-content\/uploads\/2024\/10\/archive_bg_06-768x768.jpg 768w\" sizes=\"(max-width: 300px) 100vw, 300px\" \/><\/p>\n","protected":false},"featured_media":7506,"comment_status":"open","ping_status":"closed","template":"","meta":{"_joinchat":[]},"product_brand":[],"product_cat":[72],"product_tag":[],"class_list":{"0":"post-2231","1":"product","2":"type-product","3":"status-publish","4":"has-post-thumbnail","6":"product_cat-animais","8":"first","9":"instock","10":"sale","11":"taxable","12":"shipping-taxable","13":"purchasable","14":"product-type-variable","15":"has-default-attributes"},"yoast_head":"<!-- This site is optimized with the Yoast SEO plugin v27.3 - https:\/\/yoast.com\/product\/yoast-seo-wordpress\/ -->\n<title>Pastor Alem\u00e3o - https:\/\/goornament.com.br<\/title>\n<meta name=\"robots\" content=\"index, follow, max-snippet:-1, max-image-preview:large, max-video-preview:-1\" \/>\n<link rel=\"canonical\" href=\"https:\/\/goornament.com.br\/?product=pastor-alemao\" \/>\n<meta property=\"og:locale\" content=\"pt_BR\" \/>\n<meta property=\"og:type\" content=\"article\" \/>\n<meta property=\"og:title\" content=\"Pastor Alem\u00e3o - https:\/\/goornament.com.br\" \/>\n<meta property=\"og:url\" content=\"https:\/\/goornament.com.br\/?product=pastor-alemao\" \/>\n<meta property=\"og:site_name\" content=\"https:\/\/goornament.com.br\" \/>\n<meta property=\"article:modified_time\" content=\"2026-02-10T06:08:41+00:00\" \/>\n<meta property=\"og:image\" content=\"https:\/\/goornament.com.br\/wp-content\/uploads\/2024\/10\/MOLDURA-COM-VIDRO-3-4.png\" \/>\n\t<meta property=\"og:image:width\" content=\"600\" \/>\n\t<meta property=\"og:image:height\" content=\"900\" \/>\n\t<meta property=\"og:image:type\" content=\"image\/png\" \/>\n<meta name=\"twitter:card\" content=\"summary_large_image\" \/>\n<script type=\"application\/ld+json\" class=\"yoast-schema-graph\">{\"@context\":\"https:\\\/\\\/schema.org\",\"@graph\":[{\"@type\":\"WebPage\",\"@id\":\"https:\\\/\\\/goornament.com.br\\\/?product=pastor-alemao\",\"url\":\"https:\\\/\\\/goornament.com.br\\\/?product=pastor-alemao\",\"name\":\"Pastor Alem\u00e3o - https:\\\/\\\/goornament.com.br\",\"isPartOf\":{\"@id\":\"https:\\\/\\\/goornament.com.br\\\/#website\"},\"primaryImageOfPage\":{\"@id\":\"https:\\\/\\\/goornament.com.br\\\/?product=pastor-alemao#primaryimage\"},\"image\":{\"@id\":\"https:\\\/\\\/goornament.com.br\\\/?product=pastor-alemao#primaryimage\"},\"thumbnailUrl\":\"https:\\\/\\\/goornament.com.br\\\/wp-content\\\/uploads\\\/2024\\\/10\\\/MOLDURA-COM-VIDRO-3-4.png\",\"datePublished\":\"2024-10-02T08:13:54+00:00\",\"dateModified\":\"2026-02-10T06:08:41+00:00\",\"breadcrumb\":{\"@id\":\"https:\\\/\\\/goornament.com.br\\\/?product=pastor-alemao#breadcrumb\"},\"inLanguage\":\"pt-BR\",\"potentialAction\":[{\"@type\":\"ReadAction\",\"target\":[\"https:\\\/\\\/goornament.com.br\\\/?product=pastor-alemao\"]}]},{\"@type\":\"ImageObject\",\"inLanguage\":\"pt-BR\",\"@id\":\"https:\\\/\\\/goornament.com.br\\\/?product=pastor-alemao#primaryimage\",\"url\":\"https:\\\/\\\/goornament.com.br\\\/wp-content\\\/uploads\\\/2024\\\/10\\\/MOLDURA-COM-VIDRO-3-4.png\",\"contentUrl\":\"https:\\\/\\\/goornament.com.br\\\/wp-content\\\/uploads\\\/2024\\\/10\\\/MOLDURA-COM-VIDRO-3-4.png\",\"width\":600,\"height\":900},{\"@type\":\"BreadcrumbList\",\"@id\":\"https:\\\/\\\/goornament.com.br\\\/?product=pastor-alemao#breadcrumb\",\"itemListElement\":[{\"@type\":\"ListItem\",\"position\":1,\"name\":\"In\u00edcio\",\"item\":\"https:\\\/\\\/goornament.com.br\\\/\"},{\"@type\":\"ListItem\",\"position\":2,\"name\":\"Loja\",\"item\":\"https:\\\/\\\/mediumvioletred-anteater-114861.hostingersite.com\\\/?page_id=2378\"},{\"@type\":\"ListItem\",\"position\":3,\"name\":\"Pastor Alem\u00e3o\"}]},{\"@type\":\"WebSite\",\"@id\":\"https:\\\/\\\/goornament.com.br\\\/#website\",\"url\":\"https:\\\/\\\/goornament.com.br\\\/\",\"name\":\"https:\\\/\\\/goornament.com.br\",\"description\":\"\",\"publisher\":{\"@id\":\"https:\\\/\\\/goornament.com.br\\\/#organization\"},\"potentialAction\":[{\"@type\":\"SearchAction\",\"target\":{\"@type\":\"EntryPoint\",\"urlTemplate\":\"https:\\\/\\\/goornament.com.br\\\/?s={search_term_string}\"},\"query-input\":{\"@type\":\"PropertyValueSpecification\",\"valueRequired\":true,\"valueName\":\"search_term_string\"}}],\"inLanguage\":\"pt-BR\"},{\"@type\":\"Organization\",\"@id\":\"https:\\\/\\\/goornament.com.br\\\/#organization\",\"name\":\"https:\\\/\\\/goornament.com.br\",\"url\":\"https:\\\/\\\/goornament.com.br\\\/\",\"logo\":{\"@type\":\"ImageObject\",\"inLanguage\":\"pt-BR\",\"@id\":\"https:\\\/\\\/goornament.com.br\\\/#\\\/schema\\\/logo\\\/image\\\/\",\"url\":\"https:\\\/\\\/goornament.com.br\\\/wp-content\\\/uploads\\\/2024\\\/10\\\/LOGO-EXPERIMENTO5.png\",\"contentUrl\":\"https:\\\/\\\/goornament.com.br\\\/wp-content\\\/uploads\\\/2024\\\/10\\\/LOGO-EXPERIMENTO5.png\",\"width\":4675,\"height\":4675,\"caption\":\"https:\\\/\\\/goornament.com.br\"},\"image\":{\"@id\":\"https:\\\/\\\/goornament.com.br\\\/#\\\/schema\\\/logo\\\/image\\\/\"}}]}<\/script>\n<!-- \/ Yoast SEO plugin. -->","yoast_head_json":{"title":"Pastor Alem\u00e3o - https:\/\/goornament.com.br","robots":{"index":"index","follow":"follow","max-snippet":"max-snippet:-1","max-image-preview":"max-image-preview:large","max-video-preview":"max-video-preview:-1"},"canonical":"https:\/\/goornament.com.br\/?product=pastor-alemao","og_locale":"pt_BR","og_type":"article","og_title":"Pastor Alem\u00e3o - https:\/\/goornament.com.br","og_url":"https:\/\/goornament.com.br\/?product=pastor-alemao","og_site_name":"https:\/\/goornament.com.br","article_modified_time":"2026-02-10T06:08:41+00:00","og_image":[{"width":600,"height":900,"url":"https:\/\/goornament.com.br\/wp-content\/uploads\/2024\/10\/MOLDURA-COM-VIDRO-3-4.png","type":"image\/png"}],"twitter_card":"summary_large_image","schema":{"@context":"https:\/\/schema.org","@graph":[{"@type":"WebPage","@id":"https:\/\/goornament.com.br\/?product=pastor-alemao","url":"https:\/\/goornament.com.br\/?product=pastor-alemao","name":"Pastor Alem\u00e3o - https:\/\/goornament.com.br","isPartOf":{"@id":"https:\/\/goornament.com.br\/#website"},"primaryImageOfPage":{"@id":"https:\/\/goornament.com.br\/?product=pastor-alemao#primaryimage"},"image":{"@id":"https:\/\/goornament.com.br\/?product=pastor-alemao#primaryimage"},"thumbnailUrl":"https:\/\/goornament.com.br\/wp-content\/uploads\/2024\/10\/MOLDURA-COM-VIDRO-3-4.png","datePublished":"2024-10-02T08:13:54+00:00","dateModified":"2026-02-10T06:08:41+00:00","breadcrumb":{"@id":"https:\/\/goornament.com.br\/?product=pastor-alemao#breadcrumb"},"inLanguage":"pt-BR","potentialAction":[{"@type":"ReadAction","target":["https:\/\/goornament.com.br\/?product=pastor-alemao"]}]},{"@type":"ImageObject","inLanguage":"pt-BR","@id":"https:\/\/goornament.com.br\/?product=pastor-alemao#primaryimage","url":"https:\/\/goornament.com.br\/wp-content\/uploads\/2024\/10\/MOLDURA-COM-VIDRO-3-4.png","contentUrl":"https:\/\/goornament.com.br\/wp-content\/uploads\/2024\/10\/MOLDURA-COM-VIDRO-3-4.png","width":600,"height":900},{"@type":"BreadcrumbList","@id":"https:\/\/goornament.com.br\/?product=pastor-alemao#breadcrumb","itemListElement":[{"@type":"ListItem","position":1,"name":"In\u00edcio","item":"https:\/\/goornament.com.br\/"},{"@type":"ListItem","position":2,"name":"Loja","item":"https:\/\/mediumvioletred-anteater-114861.hostingersite.com\/?page_id=2378"},{"@type":"ListItem","position":3,"name":"Pastor Alem\u00e3o"}]},{"@type":"WebSite","@id":"https:\/\/goornament.com.br\/#website","url":"https:\/\/goornament.com.br\/","name":"https:\/\/goornament.com.br","description":"","publisher":{"@id":"https:\/\/goornament.com.br\/#organization"},"potentialAction":[{"@type":"SearchAction","target":{"@type":"EntryPoint","urlTemplate":"https:\/\/goornament.com.br\/?s={search_term_string}"},"query-input":{"@type":"PropertyValueSpecification","valueRequired":true,"valueName":"search_term_string"}}],"inLanguage":"pt-BR"},{"@type":"Organization","@id":"https:\/\/goornament.com.br\/#organization","name":"https:\/\/goornament.com.br","url":"https:\/\/goornament.com.br\/","logo":{"@type":"ImageObject","inLanguage":"pt-BR","@id":"https:\/\/goornament.com.br\/#\/schema\/logo\/image\/","url":"https:\/\/goornament.com.br\/wp-content\/uploads\/2024\/10\/LOGO-EXPERIMENTO5.png","contentUrl":"https:\/\/goornament.com.br\/wp-content\/uploads\/2024\/10\/LOGO-EXPERIMENTO5.png","width":4675,"height":4675,"caption":"https:\/\/goornament.com.br"},"image":{"@id":"https:\/\/goornament.com.br\/#\/schema\/logo\/image\/"}}]}},"_links":{"self":[{"href":"https:\/\/goornament.com.br\/index.php?rest_route=\/wp\/v2\/product\/2231","targetHints":{"allow":["GET"]}}],"collection":[{"href":"https:\/\/goornament.com.br\/index.php?rest_route=\/wp\/v2\/product"}],"about":[{"href":"https:\/\/goornament.com.br\/index.php?rest_route=\/wp\/v2\/types\/product"}],"replies":[{"embeddable":true,"href":"https:\/\/goornament.com.br\/index.php?rest_route=%2Fwp%2Fv2%2Fcomments&post=2231"}],"version-history":[{"count":6,"href":"https:\/\/goornament.com.br\/index.php?rest_route=\/wp\/v2\/product\/2231\/revisions"}],"predecessor-version":[{"id":33258,"href":"https:\/\/goornament.com.br\/index.php?rest_route=\/wp\/v2\/product\/2231\/revisions\/33258"}],"wp:featuredmedia":[{"embeddable":true,"href":"https:\/\/goornament.com.br\/index.php?rest_route=\/wp\/v2\/media\/7506"}],"wp:attachment":[{"href":"https:\/\/goornament.com.br\/index.php?rest_route=%2Fwp%2Fv2%2Fmedia&parent=2231"}],"wp:term":[{"taxonomy":"product_brand","embeddable":true,"href":"https:\/\/goornament.com.br\/index.php?rest_route=%2Fwp%2Fv2%2Fproduct_brand&post=2231"},{"taxonomy":"product_cat","embeddable":true,"href":"https:\/\/goornament.com.br\/index.php?rest_route=%2Fwp%2Fv2%2Fproduct_cat&post=2231"},{"taxonomy":"product_tag","embeddable":true,"href":"https:\/\/goornament.com.br\/index.php?rest_route=%2Fwp%2Fv2%2Fproduct_tag&post=2231"}],"curies":[{"name":"wp","href":"https:\/\/api.w.org\/{rel}","templated":true}]}}