{"id":22329,"date":"2026-01-14T17:46:23","date_gmt":"2026-01-14T17:46:23","guid":{"rendered":"https:\/\/goornament.com.br\/?post_type=product&#038;p=22329"},"modified":"2026-02-08T15:24:52","modified_gmt":"2026-02-08T15:24:52","slug":"realeza-solar","status":"publish","type":"product","link":"https:\/\/goornament.com.br\/?product=realeza-solar","title":{"rendered":"Realeza Solar"},"content":{"rendered":"\t\t<div data-elementor-type=\"product-post\" data-elementor-id=\"22329\" class=\"elementor elementor-22329\" data-elementor-post-type=\"product\">\n\t\t\t\t<div class=\"elementor-element elementor-element-5b365240 e-con-full e-flex e-con e-parent\" data-id=\"5b365240\" data-element_type=\"container\" data-e-type=\"container\">\n\t\t\t\t<div class=\"elementor-element elementor-element-3cfa6976 elementor-widget elementor-widget-text-editor\" data-id=\"3cfa6976\" data-element_type=\"widget\" data-e-type=\"widget\" data-widget_type=\"text-editor.default\">\n\t\t\t\t<div class=\"elementor-widget-container\">\n\t\t\t\t\t\t\t\t\t<h2 style=\"text-align: center;\" data-path-to-node=\"1\"><b data-path-to-node=\"1\" data-index-in-node=\"0\">Realeza Solar<\/b><\/h2>\n<p style=\"text-align: center;\">Transmita impon\u00eancia e eleg\u00e2ncia com esta pe\u00e7a que une o realismo da vida selvagem ao design geom\u00e9trico contempor\u00e2neo.<\/p>\n<p style=\"text-align: center;\">Um quadro marcante, ideal para quem deseja um ambiente que exale lideran\u00e7a, foco e sofistica\u00e7\u00e3o.<\/p><p style=\"text-align: center;\"><br><\/p>\n<hr>\n<p style=\"text-align: center;\"><b data-path-to-node=\"2\" data-index-in-node=\"0\"><br><\/b><\/p><p style=\"text-align: center;\"><b data-path-to-node=\"2\" data-index-in-node=\"0\">Destaques do produto:<\/b><\/p>\n<p style=\"text-align: center;\" data-path-to-node=\"3,0,0\"><b data-path-to-node=\"3,0,0\" data-index-in-node=\"0\">Composi\u00e7\u00e3o Magn\u00e9tica:<\/b> O retrato detalhado do le\u00e3o em perfil \u00e9 emoldurado por c\u00edrculos sobrepostos em tons terrosos, criando uma profundidade visual moderna e equilibrada.<\/p>\n<p style=\"text-align: center;\" data-path-to-node=\"3,1,0\"><b data-path-to-node=\"3,1,0\" data-index-in-node=\"0\">Paleta Quente e S\u00f3bria:<\/b> Os tons de ocre, \u00e2mbar e verde floresta trazem uma sensa\u00e7\u00e3o de acolhimento com uma pegada de luxo r\u00fastico.<\/p>\n<p style=\"text-align: center;\" data-path-to-node=\"3,2,0\"><b data-path-to-node=\"3,2,0\" data-index-in-node=\"0\">Presen\u00e7a de Destaque:<\/b> A juba volumosa e o olhar atento do animal fazem deste quadro o ponto focal perfeito para salas de estar, escrit\u00f3rios executivos ou bibliotecas particulares.<\/p>\t\t\t\t\t\t\t\t<\/div>\n\t\t\t\t<\/div>\n\t\t\t\t<\/div>\n\t\t\t\t<\/div>\n\t\t","protected":false},"excerpt":{"rendered":"<p>Realeza Solar Transmita impon\u00eancia e eleg\u00e2ncia com esta pe\u00e7a que une o realismo da vida selvagem ao design geom\u00e9trico contempor\u00e2neo. Um quadro marcante, ideal para quem deseja um ambiente que exale lideran\u00e7a, foco e sofistica\u00e7\u00e3o. Destaques do produto: Composi\u00e7\u00e3o Magn\u00e9tica: O retrato detalhado do le\u00e3o em perfil \u00e9 emoldurado por c\u00edrculos sobrepostos em tons terrosos, [&hellip;]<\/p>\n","protected":false},"featured_media":22316,"comment_status":"open","ping_status":"closed","template":"","meta":{"_joinchat":[]},"product_brand":[],"product_cat":[73,72,71],"product_tag":[],"class_list":{"0":"post-22329","1":"product","2":"type-product","3":"status-publish","4":"has-post-thumbnail","6":"product_cat-abstrato","7":"product_cat-animais","8":"product_cat-tema-cristao","10":"first","11":"instock","12":"sale","13":"taxable","14":"shipping-taxable","15":"purchasable","16":"product-type-variable","17":"has-default-attributes"},"yoast_head":"<!-- This site is optimized with the Yoast SEO plugin v27.3 - https:\/\/yoast.com\/product\/yoast-seo-wordpress\/ -->\n<title>Realeza Solar - https:\/\/goornament.com.br<\/title>\n<meta name=\"robots\" content=\"index, follow, max-snippet:-1, max-image-preview:large, max-video-preview:-1\" \/>\n<link rel=\"canonical\" href=\"https:\/\/goornament.com.br\/?product=realeza-solar\" \/>\n<meta property=\"og:locale\" content=\"pt_BR\" \/>\n<meta property=\"og:type\" content=\"article\" \/>\n<meta property=\"og:title\" content=\"Realeza Solar - https:\/\/goornament.com.br\" \/>\n<meta property=\"og:description\" content=\"Realeza Solar Transmita impon\u00eancia e eleg\u00e2ncia com esta pe\u00e7a que une o realismo da vida selvagem ao design geom\u00e9trico contempor\u00e2neo. Um quadro marcante, ideal para quem deseja um ambiente que exale lideran\u00e7a, foco e sofistica\u00e7\u00e3o. Destaques do produto: Composi\u00e7\u00e3o Magn\u00e9tica: O retrato detalhado do le\u00e3o em perfil \u00e9 emoldurado por c\u00edrculos sobrepostos em tons terrosos, [&hellip;]\" \/>\n<meta property=\"og:url\" content=\"https:\/\/goornament.com.br\/?product=realeza-solar\" \/>\n<meta property=\"og:site_name\" content=\"https:\/\/goornament.com.br\" \/>\n<meta property=\"article:modified_time\" content=\"2026-02-08T15:24:52+00:00\" \/>\n<meta property=\"og:image\" content=\"https:\/\/goornament.com.br\/wp-content\/uploads\/2026\/01\/MOLDURA-COM-VIDRO-2-8.png\" \/>\n\t<meta property=\"og:image:width\" content=\"400\" \/>\n\t<meta property=\"og:image:height\" content=\"600\" \/>\n\t<meta property=\"og:image:type\" content=\"image\/png\" \/>\n<meta name=\"twitter:card\" content=\"summary_large_image\" \/>\n<script type=\"application\/ld+json\" class=\"yoast-schema-graph\">{\"@context\":\"https:\\\/\\\/schema.org\",\"@graph\":[{\"@type\":\"WebPage\",\"@id\":\"https:\\\/\\\/goornament.com.br\\\/?product=realeza-solar\",\"url\":\"https:\\\/\\\/goornament.com.br\\\/?product=realeza-solar\",\"name\":\"Realeza Solar - https:\\\/\\\/goornament.com.br\",\"isPartOf\":{\"@id\":\"https:\\\/\\\/goornament.com.br\\\/#website\"},\"primaryImageOfPage\":{\"@id\":\"https:\\\/\\\/goornament.com.br\\\/?product=realeza-solar#primaryimage\"},\"image\":{\"@id\":\"https:\\\/\\\/goornament.com.br\\\/?product=realeza-solar#primaryimage\"},\"thumbnailUrl\":\"https:\\\/\\\/goornament.com.br\\\/wp-content\\\/uploads\\\/2026\\\/01\\\/MOLDURA-COM-VIDRO-2-8.png\",\"datePublished\":\"2026-01-14T17:46:23+00:00\",\"dateModified\":\"2026-02-08T15:24:52+00:00\",\"breadcrumb\":{\"@id\":\"https:\\\/\\\/goornament.com.br\\\/?product=realeza-solar#breadcrumb\"},\"inLanguage\":\"pt-BR\",\"potentialAction\":[{\"@type\":\"ReadAction\",\"target\":[\"https:\\\/\\\/goornament.com.br\\\/?product=realeza-solar\"]}]},{\"@type\":\"ImageObject\",\"inLanguage\":\"pt-BR\",\"@id\":\"https:\\\/\\\/goornament.com.br\\\/?product=realeza-solar#primaryimage\",\"url\":\"https:\\\/\\\/goornament.com.br\\\/wp-content\\\/uploads\\\/2026\\\/01\\\/MOLDURA-COM-VIDRO-2-8.png\",\"contentUrl\":\"https:\\\/\\\/goornament.com.br\\\/wp-content\\\/uploads\\\/2026\\\/01\\\/MOLDURA-COM-VIDRO-2-8.png\",\"width\":400,\"height\":600},{\"@type\":\"BreadcrumbList\",\"@id\":\"https:\\\/\\\/goornament.com.br\\\/?product=realeza-solar#breadcrumb\",\"itemListElement\":[{\"@type\":\"ListItem\",\"position\":1,\"name\":\"In\u00edcio\",\"item\":\"https:\\\/\\\/goornament.com.br\\\/\"},{\"@type\":\"ListItem\",\"position\":2,\"name\":\"Loja\",\"item\":\"https:\\\/\\\/mediumvioletred-anteater-114861.hostingersite.com\\\/?page_id=2378\"},{\"@type\":\"ListItem\",\"position\":3,\"name\":\"Realeza Solar\"}]},{\"@type\":\"WebSite\",\"@id\":\"https:\\\/\\\/goornament.com.br\\\/#website\",\"url\":\"https:\\\/\\\/goornament.com.br\\\/\",\"name\":\"https:\\\/\\\/goornament.com.br\",\"description\":\"\",\"publisher\":{\"@id\":\"https:\\\/\\\/goornament.com.br\\\/#organization\"},\"potentialAction\":[{\"@type\":\"SearchAction\",\"target\":{\"@type\":\"EntryPoint\",\"urlTemplate\":\"https:\\\/\\\/goornament.com.br\\\/?s={search_term_string}\"},\"query-input\":{\"@type\":\"PropertyValueSpecification\",\"valueRequired\":true,\"valueName\":\"search_term_string\"}}],\"inLanguage\":\"pt-BR\"},{\"@type\":\"Organization\",\"@id\":\"https:\\\/\\\/goornament.com.br\\\/#organization\",\"name\":\"https:\\\/\\\/goornament.com.br\",\"url\":\"https:\\\/\\\/goornament.com.br\\\/\",\"logo\":{\"@type\":\"ImageObject\",\"inLanguage\":\"pt-BR\",\"@id\":\"https:\\\/\\\/goornament.com.br\\\/#\\\/schema\\\/logo\\\/image\\\/\",\"url\":\"https:\\\/\\\/goornament.com.br\\\/wp-content\\\/uploads\\\/2024\\\/10\\\/LOGO-EXPERIMENTO5.png\",\"contentUrl\":\"https:\\\/\\\/goornament.com.br\\\/wp-content\\\/uploads\\\/2024\\\/10\\\/LOGO-EXPERIMENTO5.png\",\"width\":4675,\"height\":4675,\"caption\":\"https:\\\/\\\/goornament.com.br\"},\"image\":{\"@id\":\"https:\\\/\\\/goornament.com.br\\\/#\\\/schema\\\/logo\\\/image\\\/\"}}]}<\/script>\n<!-- \/ Yoast SEO plugin. -->","yoast_head_json":{"title":"Realeza Solar - https:\/\/goornament.com.br","robots":{"index":"index","follow":"follow","max-snippet":"max-snippet:-1","max-image-preview":"max-image-preview:large","max-video-preview":"max-video-preview:-1"},"canonical":"https:\/\/goornament.com.br\/?product=realeza-solar","og_locale":"pt_BR","og_type":"article","og_title":"Realeza Solar - https:\/\/goornament.com.br","og_description":"Realeza Solar Transmita impon\u00eancia e eleg\u00e2ncia com esta pe\u00e7a que une o realismo da vida selvagem ao design geom\u00e9trico contempor\u00e2neo. Um quadro marcante, ideal para quem deseja um ambiente que exale lideran\u00e7a, foco e sofistica\u00e7\u00e3o. Destaques do produto: Composi\u00e7\u00e3o Magn\u00e9tica: O retrato detalhado do le\u00e3o em perfil \u00e9 emoldurado por c\u00edrculos sobrepostos em tons terrosos, [&hellip;]","og_url":"https:\/\/goornament.com.br\/?product=realeza-solar","og_site_name":"https:\/\/goornament.com.br","article_modified_time":"2026-02-08T15:24:52+00:00","og_image":[{"width":400,"height":600,"url":"https:\/\/goornament.com.br\/wp-content\/uploads\/2026\/01\/MOLDURA-COM-VIDRO-2-8.png","type":"image\/png"}],"twitter_card":"summary_large_image","schema":{"@context":"https:\/\/schema.org","@graph":[{"@type":"WebPage","@id":"https:\/\/goornament.com.br\/?product=realeza-solar","url":"https:\/\/goornament.com.br\/?product=realeza-solar","name":"Realeza Solar - https:\/\/goornament.com.br","isPartOf":{"@id":"https:\/\/goornament.com.br\/#website"},"primaryImageOfPage":{"@id":"https:\/\/goornament.com.br\/?product=realeza-solar#primaryimage"},"image":{"@id":"https:\/\/goornament.com.br\/?product=realeza-solar#primaryimage"},"thumbnailUrl":"https:\/\/goornament.com.br\/wp-content\/uploads\/2026\/01\/MOLDURA-COM-VIDRO-2-8.png","datePublished":"2026-01-14T17:46:23+00:00","dateModified":"2026-02-08T15:24:52+00:00","breadcrumb":{"@id":"https:\/\/goornament.com.br\/?product=realeza-solar#breadcrumb"},"inLanguage":"pt-BR","potentialAction":[{"@type":"ReadAction","target":["https:\/\/goornament.com.br\/?product=realeza-solar"]}]},{"@type":"ImageObject","inLanguage":"pt-BR","@id":"https:\/\/goornament.com.br\/?product=realeza-solar#primaryimage","url":"https:\/\/goornament.com.br\/wp-content\/uploads\/2026\/01\/MOLDURA-COM-VIDRO-2-8.png","contentUrl":"https:\/\/goornament.com.br\/wp-content\/uploads\/2026\/01\/MOLDURA-COM-VIDRO-2-8.png","width":400,"height":600},{"@type":"BreadcrumbList","@id":"https:\/\/goornament.com.br\/?product=realeza-solar#breadcrumb","itemListElement":[{"@type":"ListItem","position":1,"name":"In\u00edcio","item":"https:\/\/goornament.com.br\/"},{"@type":"ListItem","position":2,"name":"Loja","item":"https:\/\/mediumvioletred-anteater-114861.hostingersite.com\/?page_id=2378"},{"@type":"ListItem","position":3,"name":"Realeza Solar"}]},{"@type":"WebSite","@id":"https:\/\/goornament.com.br\/#website","url":"https:\/\/goornament.com.br\/","name":"https:\/\/goornament.com.br","description":"","publisher":{"@id":"https:\/\/goornament.com.br\/#organization"},"potentialAction":[{"@type":"SearchAction","target":{"@type":"EntryPoint","urlTemplate":"https:\/\/goornament.com.br\/?s={search_term_string}"},"query-input":{"@type":"PropertyValueSpecification","valueRequired":true,"valueName":"search_term_string"}}],"inLanguage":"pt-BR"},{"@type":"Organization","@id":"https:\/\/goornament.com.br\/#organization","name":"https:\/\/goornament.com.br","url":"https:\/\/goornament.com.br\/","logo":{"@type":"ImageObject","inLanguage":"pt-BR","@id":"https:\/\/goornament.com.br\/#\/schema\/logo\/image\/","url":"https:\/\/goornament.com.br\/wp-content\/uploads\/2024\/10\/LOGO-EXPERIMENTO5.png","contentUrl":"https:\/\/goornament.com.br\/wp-content\/uploads\/2024\/10\/LOGO-EXPERIMENTO5.png","width":4675,"height":4675,"caption":"https:\/\/goornament.com.br"},"image":{"@id":"https:\/\/goornament.com.br\/#\/schema\/logo\/image\/"}}]}},"_links":{"self":[{"href":"https:\/\/goornament.com.br\/index.php?rest_route=\/wp\/v2\/product\/22329","targetHints":{"allow":["GET"]}}],"collection":[{"href":"https:\/\/goornament.com.br\/index.php?rest_route=\/wp\/v2\/product"}],"about":[{"href":"https:\/\/goornament.com.br\/index.php?rest_route=\/wp\/v2\/types\/product"}],"replies":[{"embeddable":true,"href":"https:\/\/goornament.com.br\/index.php?rest_route=%2Fwp%2Fv2%2Fcomments&post=22329"}],"version-history":[{"count":6,"href":"https:\/\/goornament.com.br\/index.php?rest_route=\/wp\/v2\/product\/22329\/revisions"}],"predecessor-version":[{"id":32728,"href":"https:\/\/goornament.com.br\/index.php?rest_route=\/wp\/v2\/product\/22329\/revisions\/32728"}],"wp:featuredmedia":[{"embeddable":true,"href":"https:\/\/goornament.com.br\/index.php?rest_route=\/wp\/v2\/media\/22316"}],"wp:attachment":[{"href":"https:\/\/goornament.com.br\/index.php?rest_route=%2Fwp%2Fv2%2Fmedia&parent=22329"}],"wp:term":[{"taxonomy":"product_brand","embeddable":true,"href":"https:\/\/goornament.com.br\/index.php?rest_route=%2Fwp%2Fv2%2Fproduct_brand&post=22329"},{"taxonomy":"product_cat","embeddable":true,"href":"https:\/\/goornament.com.br\/index.php?rest_route=%2Fwp%2Fv2%2Fproduct_cat&post=22329"},{"taxonomy":"product_tag","embeddable":true,"href":"https:\/\/goornament.com.br\/index.php?rest_route=%2Fwp%2Fv2%2Fproduct_tag&post=22329"}],"curies":[{"name":"wp","href":"https:\/\/api.w.org\/{rel}","templated":true}]}}