{"id":25254,"date":"2026-01-27T06:06:42","date_gmt":"2026-01-27T06:06:42","guid":{"rendered":"https:\/\/goornament.com.br\/?post_type=product&#038;p=25254"},"modified":"2026-02-08T14:58:16","modified_gmt":"2026-02-08T14:58:16","slug":"bauhaus-minimalist","status":"publish","type":"product","link":"https:\/\/goornament.com.br\/?product=bauhaus-minimalist","title":{"rendered":"Bauhaus Minimalist"},"content":{"rendered":"\t\t<div data-elementor-type=\"product-post\" data-elementor-id=\"25254\" class=\"elementor elementor-25254\" data-elementor-post-type=\"product\">\n\t\t\t\t<div class=\"elementor-element elementor-element-6f2b10df e-con-full e-flex e-con e-parent\" data-id=\"6f2b10df\" data-element_type=\"container\" data-e-type=\"container\">\n\t\t\t\t<div class=\"elementor-element elementor-element-59af57ca elementor-widget elementor-widget-text-editor\" data-id=\"59af57ca\" data-element_type=\"widget\" data-e-type=\"widget\" data-widget_type=\"text-editor.default\">\n\t\t\t\t<div class=\"elementor-widget-container\">\n\t\t\t\t\t\t\t\t\t<h2 style=\"text-align: center;\"><em>Bauhaus Minimalist<\/em><\/h2>\n<p style=\"text-align: center;\">Esta pe\u00e7a \u00e9 uma celebra\u00e7\u00e3o da forma e da repeti\u00e7\u00e3o, utilizando elementos semicirculares para criar um padr\u00e3o din\u00e2mico e visualmente harmonioso.<\/p>\n<p style=\"text-align: center;\">\u00c9 a escolha ideal para quem busca uma decora\u00e7\u00e3o que transmita ordem e modernidade com um toque de leveza.<\/p><p style=\"text-align: center;\"><br><\/p>\n<hr>\n<p style=\"text-align: center;\"><b data-path-to-node=\"4\" data-index-in-node=\"0\"><br><\/b><\/p><p style=\"text-align: center;\"><b data-path-to-node=\"4\" data-index-in-node=\"0\">Destaques:<\/b><\/p>\n<p style=\"text-align: center;\" data-path-to-node=\"5,0,0\"><b data-path-to-node=\"5,0,0\" data-index-in-node=\"0\">Padr\u00e3o Modular Contempor\u00e2neo:<\/b> A composi\u00e7\u00e3o de c\u00edrculos e semic\u00edrculos em diferentes orienta\u00e7\u00f5es cria um mosaico r\u00edtmico que guia o olhar por toda a tela.<\/p>\n<p style=\"text-align: center;\" data-path-to-node=\"5,1,0\"><b data-path-to-node=\"5,1,0\" data-index-in-node=\"0\">Paleta Verde S\u00e1lvia (Sage):<\/b> O uso de tons verdes acinzentados sobre o fundo branco oferece uma est\u00e9tica fresca e &#8220;clean&#8221;, perfeita para ambientes que buscam um visual escandinavo ou minimalista.<\/p>\n<p style=\"text-align: center;\" data-path-to-node=\"5,2,0\"><b data-path-to-node=\"5,2,0\" data-index-in-node=\"0\">Versatilidade Decorativa:<\/b> Pela sua neutralidade e eleg\u00e2ncia, este quadro adapta-se facilmente a salas de estar, quartos, escrit\u00f3rios ou consult\u00f3rios, trazendo uma sensa\u00e7\u00e3o de calma e organiza\u00e7\u00e3o.<\/p>\t\t\t\t\t\t\t\t<\/div>\n\t\t\t\t<\/div>\n\t\t\t\t<\/div>\n\t\t\t\t<\/div>\n\t\t","protected":false},"excerpt":{"rendered":"<p>Bauhaus Minimalist Esta pe\u00e7a \u00e9 uma celebra\u00e7\u00e3o da forma e da repeti\u00e7\u00e3o, utilizando elementos semicirculares para criar um padr\u00e3o din\u00e2mico e visualmente harmonioso. \u00c9 a escolha ideal para quem busca uma decora\u00e7\u00e3o que transmita ordem e modernidade com um toque de leveza. Destaques: Padr\u00e3o Modular Contempor\u00e2neo: A composi\u00e7\u00e3o de c\u00edrculos e semic\u00edrculos em diferentes orienta\u00e7\u00f5es [&hellip;]<\/p>\n","protected":false},"featured_media":25240,"comment_status":"open","ping_status":"closed","template":"","meta":{"_joinchat":[]},"product_brand":[],"product_cat":[73],"product_tag":[],"class_list":{"0":"post-25254","1":"product","2":"type-product","3":"status-publish","4":"has-post-thumbnail","6":"product_cat-abstrato","8":"first","9":"instock","10":"sale","11":"taxable","12":"shipping-taxable","13":"purchasable","14":"product-type-variable","15":"has-default-attributes"},"yoast_head":"<!-- This site is optimized with the Yoast SEO plugin v27.3 - https:\/\/yoast.com\/product\/yoast-seo-wordpress\/ -->\n<title>Bauhaus Minimalist - https:\/\/goornament.com.br<\/title>\n<meta name=\"robots\" content=\"index, follow, max-snippet:-1, max-image-preview:large, max-video-preview:-1\" \/>\n<link rel=\"canonical\" href=\"https:\/\/mediumvioletred-anteater-114861.hostingersite.com\/?product=bauhaus-minimalist\" \/>\n<meta property=\"og:locale\" content=\"pt_BR\" \/>\n<meta property=\"og:type\" content=\"article\" \/>\n<meta property=\"og:title\" content=\"Bauhaus Minimalist - https:\/\/goornament.com.br\" \/>\n<meta property=\"og:description\" content=\"Bauhaus Minimalist Esta pe\u00e7a \u00e9 uma celebra\u00e7\u00e3o da forma e da repeti\u00e7\u00e3o, utilizando elementos semicirculares para criar um padr\u00e3o din\u00e2mico e visualmente harmonioso. \u00c9 a escolha ideal para quem busca uma decora\u00e7\u00e3o que transmita ordem e modernidade com um toque de leveza. Destaques: Padr\u00e3o Modular Contempor\u00e2neo: A composi\u00e7\u00e3o de c\u00edrculos e semic\u00edrculos em diferentes orienta\u00e7\u00f5es [&hellip;]\" \/>\n<meta property=\"og:url\" content=\"https:\/\/mediumvioletred-anteater-114861.hostingersite.com\/?product=bauhaus-minimalist\" \/>\n<meta property=\"og:site_name\" content=\"https:\/\/goornament.com.br\" \/>\n<meta property=\"article:modified_time\" content=\"2026-02-08T14:58:16+00:00\" \/>\n<meta property=\"og:image\" content=\"https:\/\/mediumvioletred-anteater-114861.hostingersite.com\/wp-content\/uploads\/2026\/01\/MOLDURA-COM-VIDRO-2-23.png\" \/>\n\t<meta property=\"og:image:width\" content=\"1000\" \/>\n\t<meta property=\"og:image:height\" content=\"1500\" \/>\n\t<meta property=\"og:image:type\" content=\"image\/png\" \/>\n<meta name=\"twitter:card\" content=\"summary_large_image\" \/>\n<script type=\"application\/ld+json\" class=\"yoast-schema-graph\">{\"@context\":\"https:\\\/\\\/schema.org\",\"@graph\":[{\"@type\":\"WebPage\",\"@id\":\"https:\\\/\\\/mediumvioletred-anteater-114861.hostingersite.com\\\/?product=bauhaus-minimalist\",\"url\":\"https:\\\/\\\/mediumvioletred-anteater-114861.hostingersite.com\\\/?product=bauhaus-minimalist\",\"name\":\"Bauhaus Minimalist - https:\\\/\\\/goornament.com.br\",\"isPartOf\":{\"@id\":\"https:\\\/\\\/goornament.com.br\\\/#website\"},\"primaryImageOfPage\":{\"@id\":\"https:\\\/\\\/mediumvioletred-anteater-114861.hostingersite.com\\\/?product=bauhaus-minimalist#primaryimage\"},\"image\":{\"@id\":\"https:\\\/\\\/mediumvioletred-anteater-114861.hostingersite.com\\\/?product=bauhaus-minimalist#primaryimage\"},\"thumbnailUrl\":\"https:\\\/\\\/goornament.com.br\\\/wp-content\\\/uploads\\\/2026\\\/01\\\/MOLDURA-COM-VIDRO-2-23.png\",\"datePublished\":\"2026-01-27T06:06:42+00:00\",\"dateModified\":\"2026-02-08T14:58:16+00:00\",\"breadcrumb\":{\"@id\":\"https:\\\/\\\/mediumvioletred-anteater-114861.hostingersite.com\\\/?product=bauhaus-minimalist#breadcrumb\"},\"inLanguage\":\"pt-BR\",\"potentialAction\":[{\"@type\":\"ReadAction\",\"target\":[\"https:\\\/\\\/mediumvioletred-anteater-114861.hostingersite.com\\\/?product=bauhaus-minimalist\"]}]},{\"@type\":\"ImageObject\",\"inLanguage\":\"pt-BR\",\"@id\":\"https:\\\/\\\/mediumvioletred-anteater-114861.hostingersite.com\\\/?product=bauhaus-minimalist#primaryimage\",\"url\":\"https:\\\/\\\/goornament.com.br\\\/wp-content\\\/uploads\\\/2026\\\/01\\\/MOLDURA-COM-VIDRO-2-23.png\",\"contentUrl\":\"https:\\\/\\\/goornament.com.br\\\/wp-content\\\/uploads\\\/2026\\\/01\\\/MOLDURA-COM-VIDRO-2-23.png\",\"width\":1000,\"height\":1500},{\"@type\":\"BreadcrumbList\",\"@id\":\"https:\\\/\\\/mediumvioletred-anteater-114861.hostingersite.com\\\/?product=bauhaus-minimalist#breadcrumb\",\"itemListElement\":[{\"@type\":\"ListItem\",\"position\":1,\"name\":\"In\u00edcio\",\"item\":\"https:\\\/\\\/goornament.com.br\\\/\"},{\"@type\":\"ListItem\",\"position\":2,\"name\":\"Loja\",\"item\":\"https:\\\/\\\/mediumvioletred-anteater-114861.hostingersite.com\\\/?page_id=2378\"},{\"@type\":\"ListItem\",\"position\":3,\"name\":\"Bauhaus Minimalist\"}]},{\"@type\":\"WebSite\",\"@id\":\"https:\\\/\\\/goornament.com.br\\\/#website\",\"url\":\"https:\\\/\\\/goornament.com.br\\\/\",\"name\":\"https:\\\/\\\/goornament.com.br\",\"description\":\"\",\"publisher\":{\"@id\":\"https:\\\/\\\/goornament.com.br\\\/#organization\"},\"potentialAction\":[{\"@type\":\"SearchAction\",\"target\":{\"@type\":\"EntryPoint\",\"urlTemplate\":\"https:\\\/\\\/goornament.com.br\\\/?s={search_term_string}\"},\"query-input\":{\"@type\":\"PropertyValueSpecification\",\"valueRequired\":true,\"valueName\":\"search_term_string\"}}],\"inLanguage\":\"pt-BR\"},{\"@type\":\"Organization\",\"@id\":\"https:\\\/\\\/goornament.com.br\\\/#organization\",\"name\":\"https:\\\/\\\/goornament.com.br\",\"url\":\"https:\\\/\\\/goornament.com.br\\\/\",\"logo\":{\"@type\":\"ImageObject\",\"inLanguage\":\"pt-BR\",\"@id\":\"https:\\\/\\\/goornament.com.br\\\/#\\\/schema\\\/logo\\\/image\\\/\",\"url\":\"https:\\\/\\\/goornament.com.br\\\/wp-content\\\/uploads\\\/2024\\\/10\\\/LOGO-EXPERIMENTO5.png\",\"contentUrl\":\"https:\\\/\\\/goornament.com.br\\\/wp-content\\\/uploads\\\/2024\\\/10\\\/LOGO-EXPERIMENTO5.png\",\"width\":4675,\"height\":4675,\"caption\":\"https:\\\/\\\/goornament.com.br\"},\"image\":{\"@id\":\"https:\\\/\\\/goornament.com.br\\\/#\\\/schema\\\/logo\\\/image\\\/\"}}]}<\/script>\n<!-- \/ Yoast SEO plugin. -->","yoast_head_json":{"title":"Bauhaus Minimalist - https:\/\/goornament.com.br","robots":{"index":"index","follow":"follow","max-snippet":"max-snippet:-1","max-image-preview":"max-image-preview:large","max-video-preview":"max-video-preview:-1"},"canonical":"https:\/\/mediumvioletred-anteater-114861.hostingersite.com\/?product=bauhaus-minimalist","og_locale":"pt_BR","og_type":"article","og_title":"Bauhaus Minimalist - https:\/\/goornament.com.br","og_description":"Bauhaus Minimalist Esta pe\u00e7a \u00e9 uma celebra\u00e7\u00e3o da forma e da repeti\u00e7\u00e3o, utilizando elementos semicirculares para criar um padr\u00e3o din\u00e2mico e visualmente harmonioso. \u00c9 a escolha ideal para quem busca uma decora\u00e7\u00e3o que transmita ordem e modernidade com um toque de leveza. Destaques: Padr\u00e3o Modular Contempor\u00e2neo: A composi\u00e7\u00e3o de c\u00edrculos e semic\u00edrculos em diferentes orienta\u00e7\u00f5es [&hellip;]","og_url":"https:\/\/mediumvioletred-anteater-114861.hostingersite.com\/?product=bauhaus-minimalist","og_site_name":"https:\/\/goornament.com.br","article_modified_time":"2026-02-08T14:58:16+00:00","og_image":[{"width":1000,"height":1500,"url":"https:\/\/mediumvioletred-anteater-114861.hostingersite.com\/wp-content\/uploads\/2026\/01\/MOLDURA-COM-VIDRO-2-23.png","type":"image\/png"}],"twitter_card":"summary_large_image","schema":{"@context":"https:\/\/schema.org","@graph":[{"@type":"WebPage","@id":"https:\/\/mediumvioletred-anteater-114861.hostingersite.com\/?product=bauhaus-minimalist","url":"https:\/\/mediumvioletred-anteater-114861.hostingersite.com\/?product=bauhaus-minimalist","name":"Bauhaus Minimalist - https:\/\/goornament.com.br","isPartOf":{"@id":"https:\/\/goornament.com.br\/#website"},"primaryImageOfPage":{"@id":"https:\/\/mediumvioletred-anteater-114861.hostingersite.com\/?product=bauhaus-minimalist#primaryimage"},"image":{"@id":"https:\/\/mediumvioletred-anteater-114861.hostingersite.com\/?product=bauhaus-minimalist#primaryimage"},"thumbnailUrl":"https:\/\/goornament.com.br\/wp-content\/uploads\/2026\/01\/MOLDURA-COM-VIDRO-2-23.png","datePublished":"2026-01-27T06:06:42+00:00","dateModified":"2026-02-08T14:58:16+00:00","breadcrumb":{"@id":"https:\/\/mediumvioletred-anteater-114861.hostingersite.com\/?product=bauhaus-minimalist#breadcrumb"},"inLanguage":"pt-BR","potentialAction":[{"@type":"ReadAction","target":["https:\/\/mediumvioletred-anteater-114861.hostingersite.com\/?product=bauhaus-minimalist"]}]},{"@type":"ImageObject","inLanguage":"pt-BR","@id":"https:\/\/mediumvioletred-anteater-114861.hostingersite.com\/?product=bauhaus-minimalist#primaryimage","url":"https:\/\/goornament.com.br\/wp-content\/uploads\/2026\/01\/MOLDURA-COM-VIDRO-2-23.png","contentUrl":"https:\/\/goornament.com.br\/wp-content\/uploads\/2026\/01\/MOLDURA-COM-VIDRO-2-23.png","width":1000,"height":1500},{"@type":"BreadcrumbList","@id":"https:\/\/mediumvioletred-anteater-114861.hostingersite.com\/?product=bauhaus-minimalist#breadcrumb","itemListElement":[{"@type":"ListItem","position":1,"name":"In\u00edcio","item":"https:\/\/goornament.com.br\/"},{"@type":"ListItem","position":2,"name":"Loja","item":"https:\/\/mediumvioletred-anteater-114861.hostingersite.com\/?page_id=2378"},{"@type":"ListItem","position":3,"name":"Bauhaus Minimalist"}]},{"@type":"WebSite","@id":"https:\/\/goornament.com.br\/#website","url":"https:\/\/goornament.com.br\/","name":"https:\/\/goornament.com.br","description":"","publisher":{"@id":"https:\/\/goornament.com.br\/#organization"},"potentialAction":[{"@type":"SearchAction","target":{"@type":"EntryPoint","urlTemplate":"https:\/\/goornament.com.br\/?s={search_term_string}"},"query-input":{"@type":"PropertyValueSpecification","valueRequired":true,"valueName":"search_term_string"}}],"inLanguage":"pt-BR"},{"@type":"Organization","@id":"https:\/\/goornament.com.br\/#organization","name":"https:\/\/goornament.com.br","url":"https:\/\/goornament.com.br\/","logo":{"@type":"ImageObject","inLanguage":"pt-BR","@id":"https:\/\/goornament.com.br\/#\/schema\/logo\/image\/","url":"https:\/\/goornament.com.br\/wp-content\/uploads\/2024\/10\/LOGO-EXPERIMENTO5.png","contentUrl":"https:\/\/goornament.com.br\/wp-content\/uploads\/2024\/10\/LOGO-EXPERIMENTO5.png","width":4675,"height":4675,"caption":"https:\/\/goornament.com.br"},"image":{"@id":"https:\/\/goornament.com.br\/#\/schema\/logo\/image\/"}}]}},"_links":{"self":[{"href":"https:\/\/goornament.com.br\/index.php?rest_route=\/wp\/v2\/product\/25254","targetHints":{"allow":["GET"]}}],"collection":[{"href":"https:\/\/goornament.com.br\/index.php?rest_route=\/wp\/v2\/product"}],"about":[{"href":"https:\/\/goornament.com.br\/index.php?rest_route=\/wp\/v2\/types\/product"}],"replies":[{"embeddable":true,"href":"https:\/\/goornament.com.br\/index.php?rest_route=%2Fwp%2Fv2%2Fcomments&post=25254"}],"version-history":[{"count":7,"href":"https:\/\/goornament.com.br\/index.php?rest_route=\/wp\/v2\/product\/25254\/revisions"}],"predecessor-version":[{"id":32660,"href":"https:\/\/goornament.com.br\/index.php?rest_route=\/wp\/v2\/product\/25254\/revisions\/32660"}],"wp:featuredmedia":[{"embeddable":true,"href":"https:\/\/goornament.com.br\/index.php?rest_route=\/wp\/v2\/media\/25240"}],"wp:attachment":[{"href":"https:\/\/goornament.com.br\/index.php?rest_route=%2Fwp%2Fv2%2Fmedia&parent=25254"}],"wp:term":[{"taxonomy":"product_brand","embeddable":true,"href":"https:\/\/goornament.com.br\/index.php?rest_route=%2Fwp%2Fv2%2Fproduct_brand&post=25254"},{"taxonomy":"product_cat","embeddable":true,"href":"https:\/\/goornament.com.br\/index.php?rest_route=%2Fwp%2Fv2%2Fproduct_cat&post=25254"},{"taxonomy":"product_tag","embeddable":true,"href":"https:\/\/goornament.com.br\/index.php?rest_route=%2Fwp%2Fv2%2Fproduct_tag&post=25254"}],"curies":[{"name":"wp","href":"https:\/\/api.w.org\/{rel}","templated":true}]}}