{"id":25400,"date":"2026-01-27T06:11:07","date_gmt":"2026-01-27T06:11:07","guid":{"rendered":"https:\/\/goornament.com.br\/?post_type=product&#038;p=25400"},"modified":"2026-02-08T18:49:10","modified_gmt":"2026-02-08T18:49:10","slug":"floral-beaut","status":"publish","type":"product","link":"https:\/\/goornament.com.br\/?product=floral-beaut","title":{"rendered":"Floral Beaut"},"content":{"rendered":"\t\t<div data-elementor-type=\"product-post\" data-elementor-id=\"25400\" class=\"elementor elementor-25400\" data-elementor-post-type=\"product\">\n\t\t\t\t<div class=\"elementor-element elementor-element-7948c637 e-con-full e-flex e-con e-parent\" data-id=\"7948c637\" data-element_type=\"container\" data-e-type=\"container\">\n\t\t\t\t<div class=\"elementor-element elementor-element-558f3808 elementor-widget elementor-widget-text-editor\" data-id=\"558f3808\" data-element_type=\"widget\" data-e-type=\"widget\" data-widget_type=\"text-editor.default\">\n\t\t\t\t<div class=\"elementor-widget-container\">\n\t\t\t\t\t\t\t\t\t<h2 style=\"text-align: center;\"><em>Floral Beaut<\/em><\/h2>\n<p style=\"text-align: center;\" data-path-to-node=\"3\">Uma obra que celebra a leveza da natureza atrav\u00e9s de tra\u00e7os finos e formas fluidas.<\/p>\n<p style=\"text-align: center;\" data-path-to-node=\"3\">Esta composi\u00e7\u00e3o bot\u00e2nica une o r\u00fastico ao delicado, criando um ambiente de frescor e tranquilidade imediata.<\/p><p style=\"text-align: center;\" data-path-to-node=\"3\"><br><\/p>\n<p style=\"text-align: center;\" data-path-to-node=\"3\">\n<\/p><hr>\n<p style=\"text-align: center;\" data-path-to-node=\"3\">\n<\/p><p style=\"text-align: center;\" data-path-to-node=\"4\"><b data-path-to-node=\"4\" data-index-in-node=\"0\">&nbsp;<\/b><\/p><p style=\"text-align: center;\" data-path-to-node=\"4\"><b data-path-to-node=\"4\" data-index-in-node=\"0\" style=\"font-size: 1rem;\">Destaques:<\/b><\/p>\n<p style=\"text-align: center;\" data-path-to-node=\"5,0,0\"><b data-path-to-node=\"5,0,0\" data-index-in-node=\"0\">Est\u00e9tica Line Art:<\/b> As ilustra\u00e7\u00f5es florais em contornos delicados conferem uma sofistica\u00e7\u00e3o minimalista que n\u00e3o sobrecarrega visualmente o espa\u00e7o.<\/p>\n<p style=\"text-align: center;\" data-path-to-node=\"5,1,0\"><b data-path-to-node=\"5,1,0\" data-index-in-node=\"0\">Paleta Terrosa e Quente:<\/b> A combina\u00e7\u00e3o de tons de terracota, mostarda e off-white traz aconchego e uma sensa\u00e7\u00e3o de conex\u00e3o com elementos naturais.<\/p>\n<p style=\"text-align: center;\" data-path-to-node=\"5,2,0\"><b data-path-to-node=\"5,2,0\" data-index-in-node=\"0\">Composi\u00e7\u00e3o Fluida:<\/b> Os blocos de cor org\u00e2nicos ao fundo criam profundidade, tornando a pe\u00e7a ideal para salas de estar,&nbsp;<\/p><p style=\"text-align: center;\" data-path-to-node=\"5,2,0\">quartos ou varandas gourmet que buscam um toque de vida e suavidade.<\/p>\t\t\t\t\t\t\t\t<\/div>\n\t\t\t\t<\/div>\n\t\t\t\t<\/div>\n\t\t\t\t<\/div>\n\t\t","protected":false},"excerpt":{"rendered":"<p>Floral Beaut Uma obra que celebra a leveza da natureza atrav\u00e9s de tra\u00e7os finos e formas fluidas. Esta composi\u00e7\u00e3o bot\u00e2nica une o r\u00fastico ao delicado, criando um ambiente de frescor e tranquilidade imediata. &nbsp; Destaques: Est\u00e9tica Line Art: As ilustra\u00e7\u00f5es florais em contornos delicados conferem uma sofistica\u00e7\u00e3o minimalista que n\u00e3o sobrecarrega visualmente o espa\u00e7o. Paleta [&hellip;]<\/p>\n","protected":false},"featured_media":25387,"comment_status":"open","ping_status":"closed","template":"","meta":{"_joinchat":[]},"product_brand":[],"product_cat":[73],"product_tag":[],"class_list":{"0":"post-25400","1":"product","2":"type-product","3":"status-publish","4":"has-post-thumbnail","6":"product_cat-abstrato","8":"first","9":"onbackorder","10":"sale","11":"taxable","12":"shipping-taxable","13":"purchasable","14":"product-type-variable","15":"has-default-attributes"},"yoast_head":"<!-- This site is optimized with the Yoast SEO plugin v27.3 - https:\/\/yoast.com\/product\/yoast-seo-wordpress\/ -->\n<title>Floral Beaut - https:\/\/goornament.com.br<\/title>\n<meta name=\"robots\" content=\"index, follow, max-snippet:-1, max-image-preview:large, max-video-preview:-1\" \/>\n<link rel=\"canonical\" href=\"https:\/\/goornament.com.br\/?product=floral-beaut\" \/>\n<meta property=\"og:locale\" content=\"pt_BR\" \/>\n<meta property=\"og:type\" content=\"article\" \/>\n<meta property=\"og:title\" content=\"Floral Beaut - https:\/\/goornament.com.br\" \/>\n<meta property=\"og:description\" content=\"Floral Beaut Uma obra que celebra a leveza da natureza atrav\u00e9s de tra\u00e7os finos e formas fluidas. Esta composi\u00e7\u00e3o bot\u00e2nica une o r\u00fastico ao delicado, criando um ambiente de frescor e tranquilidade imediata. &nbsp; Destaques: Est\u00e9tica Line Art: As ilustra\u00e7\u00f5es florais em contornos delicados conferem uma sofistica\u00e7\u00e3o minimalista que n\u00e3o sobrecarrega visualmente o espa\u00e7o. Paleta [&hellip;]\" \/>\n<meta property=\"og:url\" content=\"https:\/\/goornament.com.br\/?product=floral-beaut\" \/>\n<meta property=\"og:site_name\" content=\"https:\/\/goornament.com.br\" \/>\n<meta property=\"article:modified_time\" content=\"2026-02-08T18:49:10+00:00\" \/>\n<meta property=\"og:image\" content=\"https:\/\/goornament.com.br\/wp-content\/uploads\/2026\/01\/MOLDURA-COM-VIDRO-2-24.png\" \/>\n\t<meta property=\"og:image:width\" content=\"800\" \/>\n\t<meta property=\"og:image:height\" content=\"1200\" \/>\n\t<meta property=\"og:image:type\" content=\"image\/png\" \/>\n<meta name=\"twitter:card\" content=\"summary_large_image\" \/>\n<script type=\"application\/ld+json\" class=\"yoast-schema-graph\">{\"@context\":\"https:\\\/\\\/schema.org\",\"@graph\":[{\"@type\":\"WebPage\",\"@id\":\"https:\\\/\\\/goornament.com.br\\\/?product=floral-beaut\",\"url\":\"https:\\\/\\\/goornament.com.br\\\/?product=floral-beaut\",\"name\":\"Floral Beaut - https:\\\/\\\/goornament.com.br\",\"isPartOf\":{\"@id\":\"https:\\\/\\\/goornament.com.br\\\/#website\"},\"primaryImageOfPage\":{\"@id\":\"https:\\\/\\\/goornament.com.br\\\/?product=floral-beaut#primaryimage\"},\"image\":{\"@id\":\"https:\\\/\\\/goornament.com.br\\\/?product=floral-beaut#primaryimage\"},\"thumbnailUrl\":\"https:\\\/\\\/goornament.com.br\\\/wp-content\\\/uploads\\\/2026\\\/01\\\/MOLDURA-COM-VIDRO-2-24.png\",\"datePublished\":\"2026-01-27T06:11:07+00:00\",\"dateModified\":\"2026-02-08T18:49:10+00:00\",\"breadcrumb\":{\"@id\":\"https:\\\/\\\/goornament.com.br\\\/?product=floral-beaut#breadcrumb\"},\"inLanguage\":\"pt-BR\",\"potentialAction\":[{\"@type\":\"ReadAction\",\"target\":[\"https:\\\/\\\/goornament.com.br\\\/?product=floral-beaut\"]}]},{\"@type\":\"ImageObject\",\"inLanguage\":\"pt-BR\",\"@id\":\"https:\\\/\\\/goornament.com.br\\\/?product=floral-beaut#primaryimage\",\"url\":\"https:\\\/\\\/goornament.com.br\\\/wp-content\\\/uploads\\\/2026\\\/01\\\/MOLDURA-COM-VIDRO-2-24.png\",\"contentUrl\":\"https:\\\/\\\/goornament.com.br\\\/wp-content\\\/uploads\\\/2026\\\/01\\\/MOLDURA-COM-VIDRO-2-24.png\",\"width\":800,\"height\":1200},{\"@type\":\"BreadcrumbList\",\"@id\":\"https:\\\/\\\/goornament.com.br\\\/?product=floral-beaut#breadcrumb\",\"itemListElement\":[{\"@type\":\"ListItem\",\"position\":1,\"name\":\"In\u00edcio\",\"item\":\"https:\\\/\\\/goornament.com.br\\\/\"},{\"@type\":\"ListItem\",\"position\":2,\"name\":\"Loja\",\"item\":\"https:\\\/\\\/mediumvioletred-anteater-114861.hostingersite.com\\\/?page_id=2378\"},{\"@type\":\"ListItem\",\"position\":3,\"name\":\"Floral Beaut\"}]},{\"@type\":\"WebSite\",\"@id\":\"https:\\\/\\\/goornament.com.br\\\/#website\",\"url\":\"https:\\\/\\\/goornament.com.br\\\/\",\"name\":\"https:\\\/\\\/goornament.com.br\",\"description\":\"\",\"publisher\":{\"@id\":\"https:\\\/\\\/goornament.com.br\\\/#organization\"},\"potentialAction\":[{\"@type\":\"SearchAction\",\"target\":{\"@type\":\"EntryPoint\",\"urlTemplate\":\"https:\\\/\\\/goornament.com.br\\\/?s={search_term_string}\"},\"query-input\":{\"@type\":\"PropertyValueSpecification\",\"valueRequired\":true,\"valueName\":\"search_term_string\"}}],\"inLanguage\":\"pt-BR\"},{\"@type\":\"Organization\",\"@id\":\"https:\\\/\\\/goornament.com.br\\\/#organization\",\"name\":\"https:\\\/\\\/goornament.com.br\",\"url\":\"https:\\\/\\\/goornament.com.br\\\/\",\"logo\":{\"@type\":\"ImageObject\",\"inLanguage\":\"pt-BR\",\"@id\":\"https:\\\/\\\/goornament.com.br\\\/#\\\/schema\\\/logo\\\/image\\\/\",\"url\":\"https:\\\/\\\/goornament.com.br\\\/wp-content\\\/uploads\\\/2024\\\/10\\\/LOGO-EXPERIMENTO5.png\",\"contentUrl\":\"https:\\\/\\\/goornament.com.br\\\/wp-content\\\/uploads\\\/2024\\\/10\\\/LOGO-EXPERIMENTO5.png\",\"width\":4675,\"height\":4675,\"caption\":\"https:\\\/\\\/goornament.com.br\"},\"image\":{\"@id\":\"https:\\\/\\\/goornament.com.br\\\/#\\\/schema\\\/logo\\\/image\\\/\"}}]}<\/script>\n<!-- \/ Yoast SEO plugin. -->","yoast_head_json":{"title":"Floral Beaut - https:\/\/goornament.com.br","robots":{"index":"index","follow":"follow","max-snippet":"max-snippet:-1","max-image-preview":"max-image-preview:large","max-video-preview":"max-video-preview:-1"},"canonical":"https:\/\/goornament.com.br\/?product=floral-beaut","og_locale":"pt_BR","og_type":"article","og_title":"Floral Beaut - https:\/\/goornament.com.br","og_description":"Floral Beaut Uma obra que celebra a leveza da natureza atrav\u00e9s de tra\u00e7os finos e formas fluidas. Esta composi\u00e7\u00e3o bot\u00e2nica une o r\u00fastico ao delicado, criando um ambiente de frescor e tranquilidade imediata. &nbsp; Destaques: Est\u00e9tica Line Art: As ilustra\u00e7\u00f5es florais em contornos delicados conferem uma sofistica\u00e7\u00e3o minimalista que n\u00e3o sobrecarrega visualmente o espa\u00e7o. Paleta [&hellip;]","og_url":"https:\/\/goornament.com.br\/?product=floral-beaut","og_site_name":"https:\/\/goornament.com.br","article_modified_time":"2026-02-08T18:49:10+00:00","og_image":[{"width":800,"height":1200,"url":"https:\/\/goornament.com.br\/wp-content\/uploads\/2026\/01\/MOLDURA-COM-VIDRO-2-24.png","type":"image\/png"}],"twitter_card":"summary_large_image","schema":{"@context":"https:\/\/schema.org","@graph":[{"@type":"WebPage","@id":"https:\/\/goornament.com.br\/?product=floral-beaut","url":"https:\/\/goornament.com.br\/?product=floral-beaut","name":"Floral Beaut - https:\/\/goornament.com.br","isPartOf":{"@id":"https:\/\/goornament.com.br\/#website"},"primaryImageOfPage":{"@id":"https:\/\/goornament.com.br\/?product=floral-beaut#primaryimage"},"image":{"@id":"https:\/\/goornament.com.br\/?product=floral-beaut#primaryimage"},"thumbnailUrl":"https:\/\/goornament.com.br\/wp-content\/uploads\/2026\/01\/MOLDURA-COM-VIDRO-2-24.png","datePublished":"2026-01-27T06:11:07+00:00","dateModified":"2026-02-08T18:49:10+00:00","breadcrumb":{"@id":"https:\/\/goornament.com.br\/?product=floral-beaut#breadcrumb"},"inLanguage":"pt-BR","potentialAction":[{"@type":"ReadAction","target":["https:\/\/goornament.com.br\/?product=floral-beaut"]}]},{"@type":"ImageObject","inLanguage":"pt-BR","@id":"https:\/\/goornament.com.br\/?product=floral-beaut#primaryimage","url":"https:\/\/goornament.com.br\/wp-content\/uploads\/2026\/01\/MOLDURA-COM-VIDRO-2-24.png","contentUrl":"https:\/\/goornament.com.br\/wp-content\/uploads\/2026\/01\/MOLDURA-COM-VIDRO-2-24.png","width":800,"height":1200},{"@type":"BreadcrumbList","@id":"https:\/\/goornament.com.br\/?product=floral-beaut#breadcrumb","itemListElement":[{"@type":"ListItem","position":1,"name":"In\u00edcio","item":"https:\/\/goornament.com.br\/"},{"@type":"ListItem","position":2,"name":"Loja","item":"https:\/\/mediumvioletred-anteater-114861.hostingersite.com\/?page_id=2378"},{"@type":"ListItem","position":3,"name":"Floral Beaut"}]},{"@type":"WebSite","@id":"https:\/\/goornament.com.br\/#website","url":"https:\/\/goornament.com.br\/","name":"https:\/\/goornament.com.br","description":"","publisher":{"@id":"https:\/\/goornament.com.br\/#organization"},"potentialAction":[{"@type":"SearchAction","target":{"@type":"EntryPoint","urlTemplate":"https:\/\/goornament.com.br\/?s={search_term_string}"},"query-input":{"@type":"PropertyValueSpecification","valueRequired":true,"valueName":"search_term_string"}}],"inLanguage":"pt-BR"},{"@type":"Organization","@id":"https:\/\/goornament.com.br\/#organization","name":"https:\/\/goornament.com.br","url":"https:\/\/goornament.com.br\/","logo":{"@type":"ImageObject","inLanguage":"pt-BR","@id":"https:\/\/goornament.com.br\/#\/schema\/logo\/image\/","url":"https:\/\/goornament.com.br\/wp-content\/uploads\/2024\/10\/LOGO-EXPERIMENTO5.png","contentUrl":"https:\/\/goornament.com.br\/wp-content\/uploads\/2024\/10\/LOGO-EXPERIMENTO5.png","width":4675,"height":4675,"caption":"https:\/\/goornament.com.br"},"image":{"@id":"https:\/\/goornament.com.br\/#\/schema\/logo\/image\/"}}]}},"_links":{"self":[{"href":"https:\/\/goornament.com.br\/index.php?rest_route=\/wp\/v2\/product\/25400","targetHints":{"allow":["GET"]}}],"collection":[{"href":"https:\/\/goornament.com.br\/index.php?rest_route=\/wp\/v2\/product"}],"about":[{"href":"https:\/\/goornament.com.br\/index.php?rest_route=\/wp\/v2\/types\/product"}],"replies":[{"embeddable":true,"href":"https:\/\/goornament.com.br\/index.php?rest_route=%2Fwp%2Fv2%2Fcomments&post=25400"}],"version-history":[{"count":11,"href":"https:\/\/goornament.com.br\/index.php?rest_route=\/wp\/v2\/product\/25400\/revisions"}],"predecessor-version":[{"id":33012,"href":"https:\/\/goornament.com.br\/index.php?rest_route=\/wp\/v2\/product\/25400\/revisions\/33012"}],"wp:featuredmedia":[{"embeddable":true,"href":"https:\/\/goornament.com.br\/index.php?rest_route=\/wp\/v2\/media\/25387"}],"wp:attachment":[{"href":"https:\/\/goornament.com.br\/index.php?rest_route=%2Fwp%2Fv2%2Fmedia&parent=25400"}],"wp:term":[{"taxonomy":"product_brand","embeddable":true,"href":"https:\/\/goornament.com.br\/index.php?rest_route=%2Fwp%2Fv2%2Fproduct_brand&post=25400"},{"taxonomy":"product_cat","embeddable":true,"href":"https:\/\/goornament.com.br\/index.php?rest_route=%2Fwp%2Fv2%2Fproduct_cat&post=25400"},{"taxonomy":"product_tag","embeddable":true,"href":"https:\/\/goornament.com.br\/index.php?rest_route=%2Fwp%2Fv2%2Fproduct_tag&post=25400"}],"curies":[{"name":"wp","href":"https:\/\/api.w.org\/{rel}","templated":true}]}}