{"id":25692,"date":"2026-01-27T06:20:45","date_gmt":"2026-01-27T06:20:45","guid":{"rendered":"https:\/\/goornament.com.br\/?post_type=product&#038;p=25692"},"modified":"2026-02-08T14:53:11","modified_gmt":"2026-02-08T14:53:11","slug":"focus-good","status":"publish","type":"product","link":"https:\/\/goornament.com.br\/?product=focus-good","title":{"rendered":"Focus Good"},"content":{"rendered":"\t\t<div data-elementor-type=\"product-post\" data-elementor-id=\"25692\" class=\"elementor elementor-25692\" data-elementor-post-type=\"product\">\n\t\t\t\t<div class=\"elementor-element elementor-element-844d446 e-con-full e-flex e-con e-parent\" data-id=\"844d446\" data-element_type=\"container\" data-e-type=\"container\">\n\t\t\t\t<div class=\"elementor-element elementor-element-1407d0a elementor-widget__width-initial elementor-widget elementor-widget-text-editor\" data-id=\"1407d0a\" data-element_type=\"widget\" data-e-type=\"widget\" data-widget_type=\"text-editor.default\">\n\t\t\t\t<div class=\"elementor-widget-container\">\n\t\t\t\t\t\t\t\t\t<div class=\"ng-tns-c80796686-60\"><section id=\"processing-state-7\" class=\"processing-state_container ng-tns-c80796686-60 is-gpi-avatar ng-trigger ng-trigger-processingStateShowHide ng-star-inserted is-done-processing\"><div id=\"processing-state-7-summary\" class=\"processing-state_details ng-trigger ng-trigger-menuExpansion ng-tns-c80796686-60 is-gpi-avatar ng-star-inserted\" aria-hidden=\"true\"><div class=\"tool-summary ng-tns-c80796686-60\"><div class=\"tool-summary-message ng-tns-c80796686-60 gds-body-l ng-star-inserted\"><h3 style=\"text-align: center;\"><em><strong>Focus Good<\/strong><\/em><\/h3><p style=\"text-align: center;\">Uma pe\u00e7a que une design gr\u00e1fico minimalista a uma mensagem inspiradora.\u00a0<\/p><p style=\"text-align: center;\">Esta arte utiliza formas org\u00e2nicas e tons terrosos para criar um ambiente de foco, gratid\u00e3o e equil\u00edbrio.<\/p><p style=\"text-align: center;\">\u00a0<\/p><hr \/><p style=\"text-align: center;\"><b data-path-to-node=\"4\" data-index-in-node=\"0\">\u00a0<\/b><\/p><p style=\"text-align: center;\"><b data-path-to-node=\"4\" data-index-in-node=\"0\">Destaques:<\/b><\/p><p style=\"text-align: center;\" data-path-to-node=\"5,0,0\"><b data-path-to-node=\"5,0,0\" data-index-in-node=\"0\">Mensagem Central:<\/b> A frase &#8220;Focus on the Good&#8221; (Foque no Bem) serve como um lembrete visual poderoso para manter o otimismo e a sa\u00fade mental no dia a dia.<\/p><p style=\"text-align: center;\" data-path-to-node=\"5,1,0\"><b data-path-to-node=\"5,1,0\" data-index-in-node=\"0\">Est\u00e9tica Retro-Moderna:<\/b> As ilustra\u00e7\u00f5es florais em tons de marrom mocha sobre o fundo creme evocam o design dos anos 70, mas com uma roupagem limpa e contempor\u00e2nea.<\/p><p style=\"text-align: center;\" data-path-to-node=\"5,2,0\"><b data-path-to-node=\"5,2,0\" data-index-in-node=\"0\">Versatilidade de Ambiente:<\/b> Pela sua paleta neutra e sofisticada, este quadro harmoniza perfeitamente com escrit\u00f3rios (home office), salas de leitura ou sobre a cabeceira da cama.<\/p><\/div><\/div><\/div><\/section><\/div>\t\t\t\t\t\t\t\t<\/div>\n\t\t\t\t<\/div>\n\t\t\t\t<\/div>\n\t\t\t\t<\/div>\n\t\t","protected":false},"excerpt":{"rendered":"<h2 style=\"text-align: center;\"><em>Focus Good<\/em><\/h2>\n<p style=\"text-align: center;\">Uma pe\u00e7a que une design gr\u00e1fico minimalista a uma mensagem inspiradora.<\/p>\n<p style=\"text-align: center;\">Esta arte utiliza formas org\u00e2nicas e tons terrosos para criar um ambiente de foco, gratid\u00e3o e equil\u00edbrio.<\/p>\n<hr \/>\n<p style=\"text-align: center;\"><b data-path-to-node=\"4\" data-index-in-node=\"0\">Destaques:<\/b><\/p>\n<p style=\"text-align: center;\" data-path-to-node=\"5,0,0\"><b data-path-to-node=\"5,0,0\" data-index-in-node=\"0\">Mensagem Central:<\/b> A frase &#8220;Focus on the Good&#8221; (Foque no Bem) serve como um lembrete visual poderoso para manter o otimismo e a sa\u00fade mental no dia a dia.<\/p>\n<p style=\"text-align: center;\" data-path-to-node=\"5,1,0\"><b data-path-to-node=\"5,1,0\" data-index-in-node=\"0\">Est\u00e9tica Retro-Moderna:<\/b> As ilustra\u00e7\u00f5es florais em tons de marrom mocha sobre o fundo creme evocam o design dos anos 70, mas com uma roupagem limpa e contempor\u00e2nea.<\/p>\n<p style=\"text-align: center;\" data-path-to-node=\"5,2,0\"><b data-path-to-node=\"5,2,0\" data-index-in-node=\"0\">Versatilidade de Ambiente:<\/b> Pela sua paleta neutra e sofisticada, este quadro harmoniza perfeitamente com escrit\u00f3rios (home office), salas de leitura ou sobre a cabeceira da cama.<\/p>\n","protected":false},"featured_media":25680,"comment_status":"open","ping_status":"closed","template":"","meta":{"_joinchat":[]},"product_brand":[],"product_cat":[73],"product_tag":[],"class_list":{"0":"post-25692","1":"product","2":"type-product","3":"status-publish","4":"has-post-thumbnail","6":"product_cat-abstrato","8":"first","9":"onbackorder","10":"sale","11":"taxable","12":"shipping-taxable","13":"purchasable","14":"product-type-variable","15":"has-default-attributes"},"yoast_head":"<!-- This site is optimized with the Yoast SEO plugin v27.3 - https:\/\/yoast.com\/product\/yoast-seo-wordpress\/ -->\n<title>Focus Good - https:\/\/goornament.com.br<\/title>\n<meta name=\"robots\" content=\"index, follow, max-snippet:-1, max-image-preview:large, max-video-preview:-1\" \/>\n<link rel=\"canonical\" href=\"https:\/\/goornament.com.br\/?product=focus-good\" \/>\n<meta property=\"og:locale\" content=\"pt_BR\" \/>\n<meta property=\"og:type\" content=\"article\" \/>\n<meta property=\"og:title\" content=\"Focus Good - https:\/\/goornament.com.br\" \/>\n<meta property=\"og:description\" content=\"Focus Good Uma pe\u00e7a que une design gr\u00e1fico minimalista a uma mensagem inspiradora. Esta arte utiliza formas org\u00e2nicas e tons terrosos para criar um ambiente de foco, gratid\u00e3o e equil\u00edbrio.    Destaques: Mensagem Central: A frase &quot;Focus on the Good&quot; (Foque no Bem) serve como um lembrete visual poderoso para manter o otimismo e a sa\u00fade mental no dia a dia. Est\u00e9tica Retro-Moderna: As ilustra\u00e7\u00f5es florais em tons de marrom mocha sobre o fundo creme evocam o design dos anos 70, mas com uma roupagem limpa e contempor\u00e2nea. Versatilidade de Ambiente: Pela sua paleta neutra e sofisticada, este quadro harmoniza perfeitamente com escrit\u00f3rios (home office), salas de leitura ou sobre a cabeceira da cama.\" \/>\n<meta property=\"og:url\" content=\"https:\/\/goornament.com.br\/?product=focus-good\" \/>\n<meta property=\"og:site_name\" content=\"https:\/\/goornament.com.br\" \/>\n<meta property=\"article:modified_time\" content=\"2026-02-08T14:53:11+00:00\" \/>\n<meta property=\"og:image\" content=\"https:\/\/goornament.com.br\/wp-content\/uploads\/2026\/01\/MOLDURA-COM-VIDRO-2-26.png\" \/>\n\t<meta property=\"og:image:width\" content=\"800\" \/>\n\t<meta property=\"og:image:height\" content=\"1200\" \/>\n\t<meta property=\"og:image:type\" content=\"image\/png\" \/>\n<meta name=\"twitter:card\" content=\"summary_large_image\" \/>\n<script type=\"application\/ld+json\" class=\"yoast-schema-graph\">{\"@context\":\"https:\\\/\\\/schema.org\",\"@graph\":[{\"@type\":\"WebPage\",\"@id\":\"https:\\\/\\\/goornament.com.br\\\/?product=focus-good\",\"url\":\"https:\\\/\\\/goornament.com.br\\\/?product=focus-good\",\"name\":\"Focus Good - https:\\\/\\\/goornament.com.br\",\"isPartOf\":{\"@id\":\"https:\\\/\\\/goornament.com.br\\\/#website\"},\"primaryImageOfPage\":{\"@id\":\"https:\\\/\\\/goornament.com.br\\\/?product=focus-good#primaryimage\"},\"image\":{\"@id\":\"https:\\\/\\\/goornament.com.br\\\/?product=focus-good#primaryimage\"},\"thumbnailUrl\":\"https:\\\/\\\/goornament.com.br\\\/wp-content\\\/uploads\\\/2026\\\/01\\\/MOLDURA-COM-VIDRO-2-26.png\",\"datePublished\":\"2026-01-27T06:20:45+00:00\",\"dateModified\":\"2026-02-08T14:53:11+00:00\",\"breadcrumb\":{\"@id\":\"https:\\\/\\\/goornament.com.br\\\/?product=focus-good#breadcrumb\"},\"inLanguage\":\"pt-BR\",\"potentialAction\":[{\"@type\":\"ReadAction\",\"target\":[\"https:\\\/\\\/goornament.com.br\\\/?product=focus-good\"]}]},{\"@type\":\"ImageObject\",\"inLanguage\":\"pt-BR\",\"@id\":\"https:\\\/\\\/goornament.com.br\\\/?product=focus-good#primaryimage\",\"url\":\"https:\\\/\\\/goornament.com.br\\\/wp-content\\\/uploads\\\/2026\\\/01\\\/MOLDURA-COM-VIDRO-2-26.png\",\"contentUrl\":\"https:\\\/\\\/goornament.com.br\\\/wp-content\\\/uploads\\\/2026\\\/01\\\/MOLDURA-COM-VIDRO-2-26.png\",\"width\":800,\"height\":1200},{\"@type\":\"BreadcrumbList\",\"@id\":\"https:\\\/\\\/goornament.com.br\\\/?product=focus-good#breadcrumb\",\"itemListElement\":[{\"@type\":\"ListItem\",\"position\":1,\"name\":\"In\u00edcio\",\"item\":\"https:\\\/\\\/goornament.com.br\\\/\"},{\"@type\":\"ListItem\",\"position\":2,\"name\":\"Loja\",\"item\":\"https:\\\/\\\/mediumvioletred-anteater-114861.hostingersite.com\\\/?page_id=2378\"},{\"@type\":\"ListItem\",\"position\":3,\"name\":\"Focus Good\"}]},{\"@type\":\"WebSite\",\"@id\":\"https:\\\/\\\/goornament.com.br\\\/#website\",\"url\":\"https:\\\/\\\/goornament.com.br\\\/\",\"name\":\"https:\\\/\\\/goornament.com.br\",\"description\":\"\",\"publisher\":{\"@id\":\"https:\\\/\\\/goornament.com.br\\\/#organization\"},\"potentialAction\":[{\"@type\":\"SearchAction\",\"target\":{\"@type\":\"EntryPoint\",\"urlTemplate\":\"https:\\\/\\\/goornament.com.br\\\/?s={search_term_string}\"},\"query-input\":{\"@type\":\"PropertyValueSpecification\",\"valueRequired\":true,\"valueName\":\"search_term_string\"}}],\"inLanguage\":\"pt-BR\"},{\"@type\":\"Organization\",\"@id\":\"https:\\\/\\\/goornament.com.br\\\/#organization\",\"name\":\"https:\\\/\\\/goornament.com.br\",\"url\":\"https:\\\/\\\/goornament.com.br\\\/\",\"logo\":{\"@type\":\"ImageObject\",\"inLanguage\":\"pt-BR\",\"@id\":\"https:\\\/\\\/goornament.com.br\\\/#\\\/schema\\\/logo\\\/image\\\/\",\"url\":\"https:\\\/\\\/goornament.com.br\\\/wp-content\\\/uploads\\\/2024\\\/10\\\/LOGO-EXPERIMENTO5.png\",\"contentUrl\":\"https:\\\/\\\/goornament.com.br\\\/wp-content\\\/uploads\\\/2024\\\/10\\\/LOGO-EXPERIMENTO5.png\",\"width\":4675,\"height\":4675,\"caption\":\"https:\\\/\\\/goornament.com.br\"},\"image\":{\"@id\":\"https:\\\/\\\/goornament.com.br\\\/#\\\/schema\\\/logo\\\/image\\\/\"}}]}<\/script>\n<!-- \/ Yoast SEO plugin. -->","yoast_head_json":{"title":"Focus Good - https:\/\/goornament.com.br","robots":{"index":"index","follow":"follow","max-snippet":"max-snippet:-1","max-image-preview":"max-image-preview:large","max-video-preview":"max-video-preview:-1"},"canonical":"https:\/\/goornament.com.br\/?product=focus-good","og_locale":"pt_BR","og_type":"article","og_title":"Focus Good - https:\/\/goornament.com.br","og_description":"Focus Good Uma pe\u00e7a que une design gr\u00e1fico minimalista a uma mensagem inspiradora. Esta arte utiliza formas org\u00e2nicas e tons terrosos para criar um ambiente de foco, gratid\u00e3o e equil\u00edbrio.    Destaques: Mensagem Central: A frase \"Focus on the Good\" (Foque no Bem) serve como um lembrete visual poderoso para manter o otimismo e a sa\u00fade mental no dia a dia. Est\u00e9tica Retro-Moderna: As ilustra\u00e7\u00f5es florais em tons de marrom mocha sobre o fundo creme evocam o design dos anos 70, mas com uma roupagem limpa e contempor\u00e2nea. Versatilidade de Ambiente: Pela sua paleta neutra e sofisticada, este quadro harmoniza perfeitamente com escrit\u00f3rios (home office), salas de leitura ou sobre a cabeceira da cama.","og_url":"https:\/\/goornament.com.br\/?product=focus-good","og_site_name":"https:\/\/goornament.com.br","article_modified_time":"2026-02-08T14:53:11+00:00","og_image":[{"width":800,"height":1200,"url":"https:\/\/goornament.com.br\/wp-content\/uploads\/2026\/01\/MOLDURA-COM-VIDRO-2-26.png","type":"image\/png"}],"twitter_card":"summary_large_image","schema":{"@context":"https:\/\/schema.org","@graph":[{"@type":"WebPage","@id":"https:\/\/goornament.com.br\/?product=focus-good","url":"https:\/\/goornament.com.br\/?product=focus-good","name":"Focus Good - https:\/\/goornament.com.br","isPartOf":{"@id":"https:\/\/goornament.com.br\/#website"},"primaryImageOfPage":{"@id":"https:\/\/goornament.com.br\/?product=focus-good#primaryimage"},"image":{"@id":"https:\/\/goornament.com.br\/?product=focus-good#primaryimage"},"thumbnailUrl":"https:\/\/goornament.com.br\/wp-content\/uploads\/2026\/01\/MOLDURA-COM-VIDRO-2-26.png","datePublished":"2026-01-27T06:20:45+00:00","dateModified":"2026-02-08T14:53:11+00:00","breadcrumb":{"@id":"https:\/\/goornament.com.br\/?product=focus-good#breadcrumb"},"inLanguage":"pt-BR","potentialAction":[{"@type":"ReadAction","target":["https:\/\/goornament.com.br\/?product=focus-good"]}]},{"@type":"ImageObject","inLanguage":"pt-BR","@id":"https:\/\/goornament.com.br\/?product=focus-good#primaryimage","url":"https:\/\/goornament.com.br\/wp-content\/uploads\/2026\/01\/MOLDURA-COM-VIDRO-2-26.png","contentUrl":"https:\/\/goornament.com.br\/wp-content\/uploads\/2026\/01\/MOLDURA-COM-VIDRO-2-26.png","width":800,"height":1200},{"@type":"BreadcrumbList","@id":"https:\/\/goornament.com.br\/?product=focus-good#breadcrumb","itemListElement":[{"@type":"ListItem","position":1,"name":"In\u00edcio","item":"https:\/\/goornament.com.br\/"},{"@type":"ListItem","position":2,"name":"Loja","item":"https:\/\/mediumvioletred-anteater-114861.hostingersite.com\/?page_id=2378"},{"@type":"ListItem","position":3,"name":"Focus Good"}]},{"@type":"WebSite","@id":"https:\/\/goornament.com.br\/#website","url":"https:\/\/goornament.com.br\/","name":"https:\/\/goornament.com.br","description":"","publisher":{"@id":"https:\/\/goornament.com.br\/#organization"},"potentialAction":[{"@type":"SearchAction","target":{"@type":"EntryPoint","urlTemplate":"https:\/\/goornament.com.br\/?s={search_term_string}"},"query-input":{"@type":"PropertyValueSpecification","valueRequired":true,"valueName":"search_term_string"}}],"inLanguage":"pt-BR"},{"@type":"Organization","@id":"https:\/\/goornament.com.br\/#organization","name":"https:\/\/goornament.com.br","url":"https:\/\/goornament.com.br\/","logo":{"@type":"ImageObject","inLanguage":"pt-BR","@id":"https:\/\/goornament.com.br\/#\/schema\/logo\/image\/","url":"https:\/\/goornament.com.br\/wp-content\/uploads\/2024\/10\/LOGO-EXPERIMENTO5.png","contentUrl":"https:\/\/goornament.com.br\/wp-content\/uploads\/2024\/10\/LOGO-EXPERIMENTO5.png","width":4675,"height":4675,"caption":"https:\/\/goornament.com.br"},"image":{"@id":"https:\/\/goornament.com.br\/#\/schema\/logo\/image\/"}}]}},"_links":{"self":[{"href":"https:\/\/goornament.com.br\/index.php?rest_route=\/wp\/v2\/product\/25692","targetHints":{"allow":["GET"]}}],"collection":[{"href":"https:\/\/goornament.com.br\/index.php?rest_route=\/wp\/v2\/product"}],"about":[{"href":"https:\/\/goornament.com.br\/index.php?rest_route=\/wp\/v2\/types\/product"}],"replies":[{"embeddable":true,"href":"https:\/\/goornament.com.br\/index.php?rest_route=%2Fwp%2Fv2%2Fcomments&post=25692"}],"version-history":[{"count":9,"href":"https:\/\/goornament.com.br\/index.php?rest_route=\/wp\/v2\/product\/25692\/revisions"}],"predecessor-version":[{"id":32654,"href":"https:\/\/goornament.com.br\/index.php?rest_route=\/wp\/v2\/product\/25692\/revisions\/32654"}],"wp:featuredmedia":[{"embeddable":true,"href":"https:\/\/goornament.com.br\/index.php?rest_route=\/wp\/v2\/media\/25680"}],"wp:attachment":[{"href":"https:\/\/goornament.com.br\/index.php?rest_route=%2Fwp%2Fv2%2Fmedia&parent=25692"}],"wp:term":[{"taxonomy":"product_brand","embeddable":true,"href":"https:\/\/goornament.com.br\/index.php?rest_route=%2Fwp%2Fv2%2Fproduct_brand&post=25692"},{"taxonomy":"product_cat","embeddable":true,"href":"https:\/\/goornament.com.br\/index.php?rest_route=%2Fwp%2Fv2%2Fproduct_cat&post=25692"},{"taxonomy":"product_tag","embeddable":true,"href":"https:\/\/goornament.com.br\/index.php?rest_route=%2Fwp%2Fv2%2Fproduct_tag&post=25692"}],"curies":[{"name":"wp","href":"https:\/\/api.w.org\/{rel}","templated":true}]}}