{"id":26568,"date":"2026-01-27T06:51:09","date_gmt":"2026-01-27T06:51:09","guid":{"rendered":"https:\/\/goornament.com.br\/?post_type=product&#038;p=26568"},"modified":"2026-02-08T14:37:16","modified_gmt":"2026-02-08T14:37:16","slug":"leoa-war","status":"publish","type":"product","link":"https:\/\/goornament.com.br\/?product=leoa-war","title":{"rendered":"Leoa War"},"content":{"rendered":"\t\t<div data-elementor-type=\"product-post\" data-elementor-id=\"26568\" class=\"elementor elementor-26568\" data-elementor-post-type=\"product\">\n\t\t\t\t<div class=\"elementor-element elementor-element-543de98c e-con-full e-flex e-con e-parent\" data-id=\"543de98c\" data-element_type=\"container\" data-e-type=\"container\">\n\t\t\t\t<div class=\"elementor-element elementor-element-46f0d693 elementor-widget elementor-widget-text-editor\" data-id=\"46f0d693\" data-element_type=\"widget\" data-e-type=\"widget\" data-widget_type=\"text-editor.default\">\n\t\t\t\t<div class=\"elementor-widget-container\">\n\t\t\t\t\t\t\t\t\t<h3 style=\"text-align: center;\"><em><strong>Leoa War<\/strong><\/em><\/h3>\n<p style=\"text-align: center;\">Uma pe\u00e7a de arte digital arrojada que utiliza cores vibrantes e t\u00e9cnicas de ilustra\u00e7\u00e3o modernas para criar um impacto visual imediato.<\/p>\n<p style=\"text-align: center;\">Esta obra foge do \u00f3bvio, trazendo uma interpreta\u00e7\u00e3o estilizada e cheia de energia da natureza.<\/p><p style=\"text-align: center;\"><br><\/p>\n<hr>\n<p style=\"text-align: center;\"><b data-path-to-node=\"4\" data-index-in-node=\"0\"><br><\/b><\/p><p style=\"text-align: center;\"><b data-path-to-node=\"4\" data-index-in-node=\"0\">Destaques:<\/b><\/p>\n<p style=\"text-align: center;\" data-path-to-node=\"5,0,0\"><b data-path-to-node=\"5,0,0\" data-index-in-node=\"0\">Paleta de Alto Impacto:<\/b> O contraste profundo entre o fundo vermelho s\u00f3lido e os tons de branco e verde-\u00e1gua do le\u00e3o cria uma composi\u00e7\u00e3o magn\u00e9tica e moderna.<\/p>\n<p style=\"text-align: center;\" data-path-to-node=\"5,1,0\"><b data-path-to-node=\"5,1,0\" data-index-in-node=\"0\">Estilo Ilustrativo Din\u00e2mico:<\/b> A textura dos pelos e o olhar atento do animal s\u00e3o capturados com tra\u00e7os que sugerem movimento e vitalidade, perfeitos para ambientes com personalidade forte.<\/p>\n<p style=\"text-align: center;\" data-path-to-node=\"5,2,0\"><b data-path-to-node=\"5,2,0\" data-index-in-node=\"0\">Modernidade Urbana:<\/b> Esta pe\u00e7a \u00e9 ideal para quem busca uma decora\u00e7\u00e3o que misture o cl\u00e1ssico s\u00edmbolo da for\u00e7a com uma est\u00e9tica de &#8220;street art&#8221; ou design gr\u00e1fico contempor\u00e2neo.<\/p>\t\t\t\t\t\t\t\t<\/div>\n\t\t\t\t<\/div>\n\t\t\t\t<\/div>\n\t\t\t\t<\/div>\n\t\t","protected":false},"excerpt":{"rendered":"<p>Leoa War Uma pe\u00e7a de arte digital arrojada que utiliza cores vibrantes e t\u00e9cnicas de ilustra\u00e7\u00e3o modernas para criar um impacto visual imediato. Esta obra foge do \u00f3bvio, trazendo uma interpreta\u00e7\u00e3o estilizada e cheia de energia da natureza. Destaques: Paleta de Alto Impacto: O contraste profundo entre o fundo vermelho s\u00f3lido e os tons de [&hellip;]<\/p>\n","protected":false},"featured_media":26555,"comment_status":"open","ping_status":"closed","template":"","meta":{"_joinchat":[]},"product_brand":[],"product_cat":[72],"product_tag":[],"class_list":{"0":"post-26568","1":"product","2":"type-product","3":"status-publish","4":"has-post-thumbnail","6":"product_cat-animais","8":"first","9":"instock","10":"sale","11":"taxable","12":"shipping-taxable","13":"purchasable","14":"product-type-variable","15":"has-default-attributes"},"yoast_head":"<!-- This site is optimized with the Yoast SEO plugin v27.3 - https:\/\/yoast.com\/product\/yoast-seo-wordpress\/ -->\n<title>Leoa War - https:\/\/goornament.com.br<\/title>\n<meta name=\"robots\" content=\"index, follow, max-snippet:-1, max-image-preview:large, max-video-preview:-1\" \/>\n<link rel=\"canonical\" href=\"https:\/\/goornament.com.br\/?product=leoa-war\" \/>\n<meta property=\"og:locale\" content=\"pt_BR\" \/>\n<meta property=\"og:type\" content=\"article\" \/>\n<meta property=\"og:title\" content=\"Leoa War - https:\/\/goornament.com.br\" \/>\n<meta property=\"og:description\" content=\"Leoa War Uma pe\u00e7a de arte digital arrojada que utiliza cores vibrantes e t\u00e9cnicas de ilustra\u00e7\u00e3o modernas para criar um impacto visual imediato. Esta obra foge do \u00f3bvio, trazendo uma interpreta\u00e7\u00e3o estilizada e cheia de energia da natureza. Destaques: Paleta de Alto Impacto: O contraste profundo entre o fundo vermelho s\u00f3lido e os tons de [&hellip;]\" \/>\n<meta property=\"og:url\" content=\"https:\/\/goornament.com.br\/?product=leoa-war\" \/>\n<meta property=\"og:site_name\" content=\"https:\/\/goornament.com.br\" \/>\n<meta property=\"article:modified_time\" content=\"2026-02-08T14:37:16+00:00\" \/>\n<meta property=\"og:image\" content=\"https:\/\/goornament.com.br\/wp-content\/uploads\/2026\/01\/MOLDURA-COM-VIDRO-2-32-1024x1024.png\" \/>\n\t<meta property=\"og:image:width\" content=\"1024\" \/>\n\t<meta property=\"og:image:height\" content=\"1024\" \/>\n\t<meta property=\"og:image:type\" content=\"image\/png\" \/>\n<meta name=\"twitter:card\" content=\"summary_large_image\" \/>\n<script type=\"application\/ld+json\" class=\"yoast-schema-graph\">{\"@context\":\"https:\\\/\\\/schema.org\",\"@graph\":[{\"@type\":\"WebPage\",\"@id\":\"https:\\\/\\\/goornament.com.br\\\/?product=leoa-war\",\"url\":\"https:\\\/\\\/goornament.com.br\\\/?product=leoa-war\",\"name\":\"Leoa War - https:\\\/\\\/goornament.com.br\",\"isPartOf\":{\"@id\":\"https:\\\/\\\/goornament.com.br\\\/#website\"},\"primaryImageOfPage\":{\"@id\":\"https:\\\/\\\/goornament.com.br\\\/?product=leoa-war#primaryimage\"},\"image\":{\"@id\":\"https:\\\/\\\/goornament.com.br\\\/?product=leoa-war#primaryimage\"},\"thumbnailUrl\":\"https:\\\/\\\/goornament.com.br\\\/wp-content\\\/uploads\\\/2026\\\/01\\\/MOLDURA-COM-VIDRO-2-32.png\",\"datePublished\":\"2026-01-27T06:51:09+00:00\",\"dateModified\":\"2026-02-08T14:37:16+00:00\",\"breadcrumb\":{\"@id\":\"https:\\\/\\\/goornament.com.br\\\/?product=leoa-war#breadcrumb\"},\"inLanguage\":\"pt-BR\",\"potentialAction\":[{\"@type\":\"ReadAction\",\"target\":[\"https:\\\/\\\/goornament.com.br\\\/?product=leoa-war\"]}]},{\"@type\":\"ImageObject\",\"inLanguage\":\"pt-BR\",\"@id\":\"https:\\\/\\\/goornament.com.br\\\/?product=leoa-war#primaryimage\",\"url\":\"https:\\\/\\\/goornament.com.br\\\/wp-content\\\/uploads\\\/2026\\\/01\\\/MOLDURA-COM-VIDRO-2-32.png\",\"contentUrl\":\"https:\\\/\\\/goornament.com.br\\\/wp-content\\\/uploads\\\/2026\\\/01\\\/MOLDURA-COM-VIDRO-2-32.png\",\"width\":1200,\"height\":1800},{\"@type\":\"BreadcrumbList\",\"@id\":\"https:\\\/\\\/goornament.com.br\\\/?product=leoa-war#breadcrumb\",\"itemListElement\":[{\"@type\":\"ListItem\",\"position\":1,\"name\":\"In\u00edcio\",\"item\":\"https:\\\/\\\/goornament.com.br\\\/\"},{\"@type\":\"ListItem\",\"position\":2,\"name\":\"Loja\",\"item\":\"https:\\\/\\\/mediumvioletred-anteater-114861.hostingersite.com\\\/?page_id=2378\"},{\"@type\":\"ListItem\",\"position\":3,\"name\":\"Leoa War\"}]},{\"@type\":\"WebSite\",\"@id\":\"https:\\\/\\\/goornament.com.br\\\/#website\",\"url\":\"https:\\\/\\\/goornament.com.br\\\/\",\"name\":\"https:\\\/\\\/goornament.com.br\",\"description\":\"\",\"publisher\":{\"@id\":\"https:\\\/\\\/goornament.com.br\\\/#organization\"},\"potentialAction\":[{\"@type\":\"SearchAction\",\"target\":{\"@type\":\"EntryPoint\",\"urlTemplate\":\"https:\\\/\\\/goornament.com.br\\\/?s={search_term_string}\"},\"query-input\":{\"@type\":\"PropertyValueSpecification\",\"valueRequired\":true,\"valueName\":\"search_term_string\"}}],\"inLanguage\":\"pt-BR\"},{\"@type\":\"Organization\",\"@id\":\"https:\\\/\\\/goornament.com.br\\\/#organization\",\"name\":\"https:\\\/\\\/goornament.com.br\",\"url\":\"https:\\\/\\\/goornament.com.br\\\/\",\"logo\":{\"@type\":\"ImageObject\",\"inLanguage\":\"pt-BR\",\"@id\":\"https:\\\/\\\/goornament.com.br\\\/#\\\/schema\\\/logo\\\/image\\\/\",\"url\":\"https:\\\/\\\/goornament.com.br\\\/wp-content\\\/uploads\\\/2024\\\/10\\\/LOGO-EXPERIMENTO5.png\",\"contentUrl\":\"https:\\\/\\\/goornament.com.br\\\/wp-content\\\/uploads\\\/2024\\\/10\\\/LOGO-EXPERIMENTO5.png\",\"width\":4675,\"height\":4675,\"caption\":\"https:\\\/\\\/goornament.com.br\"},\"image\":{\"@id\":\"https:\\\/\\\/goornament.com.br\\\/#\\\/schema\\\/logo\\\/image\\\/\"}}]}<\/script>\n<!-- \/ Yoast SEO plugin. -->","yoast_head_json":{"title":"Leoa War - https:\/\/goornament.com.br","robots":{"index":"index","follow":"follow","max-snippet":"max-snippet:-1","max-image-preview":"max-image-preview:large","max-video-preview":"max-video-preview:-1"},"canonical":"https:\/\/goornament.com.br\/?product=leoa-war","og_locale":"pt_BR","og_type":"article","og_title":"Leoa War - https:\/\/goornament.com.br","og_description":"Leoa War Uma pe\u00e7a de arte digital arrojada que utiliza cores vibrantes e t\u00e9cnicas de ilustra\u00e7\u00e3o modernas para criar um impacto visual imediato. Esta obra foge do \u00f3bvio, trazendo uma interpreta\u00e7\u00e3o estilizada e cheia de energia da natureza. Destaques: Paleta de Alto Impacto: O contraste profundo entre o fundo vermelho s\u00f3lido e os tons de [&hellip;]","og_url":"https:\/\/goornament.com.br\/?product=leoa-war","og_site_name":"https:\/\/goornament.com.br","article_modified_time":"2026-02-08T14:37:16+00:00","og_image":[{"width":1024,"height":1024,"url":"https:\/\/goornament.com.br\/wp-content\/uploads\/2026\/01\/MOLDURA-COM-VIDRO-2-32-1024x1024.png","type":"image\/png"}],"twitter_card":"summary_large_image","schema":{"@context":"https:\/\/schema.org","@graph":[{"@type":"WebPage","@id":"https:\/\/goornament.com.br\/?product=leoa-war","url":"https:\/\/goornament.com.br\/?product=leoa-war","name":"Leoa War - https:\/\/goornament.com.br","isPartOf":{"@id":"https:\/\/goornament.com.br\/#website"},"primaryImageOfPage":{"@id":"https:\/\/goornament.com.br\/?product=leoa-war#primaryimage"},"image":{"@id":"https:\/\/goornament.com.br\/?product=leoa-war#primaryimage"},"thumbnailUrl":"https:\/\/goornament.com.br\/wp-content\/uploads\/2026\/01\/MOLDURA-COM-VIDRO-2-32.png","datePublished":"2026-01-27T06:51:09+00:00","dateModified":"2026-02-08T14:37:16+00:00","breadcrumb":{"@id":"https:\/\/goornament.com.br\/?product=leoa-war#breadcrumb"},"inLanguage":"pt-BR","potentialAction":[{"@type":"ReadAction","target":["https:\/\/goornament.com.br\/?product=leoa-war"]}]},{"@type":"ImageObject","inLanguage":"pt-BR","@id":"https:\/\/goornament.com.br\/?product=leoa-war#primaryimage","url":"https:\/\/goornament.com.br\/wp-content\/uploads\/2026\/01\/MOLDURA-COM-VIDRO-2-32.png","contentUrl":"https:\/\/goornament.com.br\/wp-content\/uploads\/2026\/01\/MOLDURA-COM-VIDRO-2-32.png","width":1200,"height":1800},{"@type":"BreadcrumbList","@id":"https:\/\/goornament.com.br\/?product=leoa-war#breadcrumb","itemListElement":[{"@type":"ListItem","position":1,"name":"In\u00edcio","item":"https:\/\/goornament.com.br\/"},{"@type":"ListItem","position":2,"name":"Loja","item":"https:\/\/mediumvioletred-anteater-114861.hostingersite.com\/?page_id=2378"},{"@type":"ListItem","position":3,"name":"Leoa War"}]},{"@type":"WebSite","@id":"https:\/\/goornament.com.br\/#website","url":"https:\/\/goornament.com.br\/","name":"https:\/\/goornament.com.br","description":"","publisher":{"@id":"https:\/\/goornament.com.br\/#organization"},"potentialAction":[{"@type":"SearchAction","target":{"@type":"EntryPoint","urlTemplate":"https:\/\/goornament.com.br\/?s={search_term_string}"},"query-input":{"@type":"PropertyValueSpecification","valueRequired":true,"valueName":"search_term_string"}}],"inLanguage":"pt-BR"},{"@type":"Organization","@id":"https:\/\/goornament.com.br\/#organization","name":"https:\/\/goornament.com.br","url":"https:\/\/goornament.com.br\/","logo":{"@type":"ImageObject","inLanguage":"pt-BR","@id":"https:\/\/goornament.com.br\/#\/schema\/logo\/image\/","url":"https:\/\/goornament.com.br\/wp-content\/uploads\/2024\/10\/LOGO-EXPERIMENTO5.png","contentUrl":"https:\/\/goornament.com.br\/wp-content\/uploads\/2024\/10\/LOGO-EXPERIMENTO5.png","width":4675,"height":4675,"caption":"https:\/\/goornament.com.br"},"image":{"@id":"https:\/\/goornament.com.br\/#\/schema\/logo\/image\/"}}]}},"_links":{"self":[{"href":"https:\/\/goornament.com.br\/index.php?rest_route=\/wp\/v2\/product\/26568","targetHints":{"allow":["GET"]}}],"collection":[{"href":"https:\/\/goornament.com.br\/index.php?rest_route=\/wp\/v2\/product"}],"about":[{"href":"https:\/\/goornament.com.br\/index.php?rest_route=\/wp\/v2\/types\/product"}],"replies":[{"embeddable":true,"href":"https:\/\/goornament.com.br\/index.php?rest_route=%2Fwp%2Fv2%2Fcomments&post=26568"}],"version-history":[{"count":6,"href":"https:\/\/goornament.com.br\/index.php?rest_route=\/wp\/v2\/product\/26568\/revisions"}],"predecessor-version":[{"id":32619,"href":"https:\/\/goornament.com.br\/index.php?rest_route=\/wp\/v2\/product\/26568\/revisions\/32619"}],"wp:featuredmedia":[{"embeddable":true,"href":"https:\/\/goornament.com.br\/index.php?rest_route=\/wp\/v2\/media\/26555"}],"wp:attachment":[{"href":"https:\/\/goornament.com.br\/index.php?rest_route=%2Fwp%2Fv2%2Fmedia&parent=26568"}],"wp:term":[{"taxonomy":"product_brand","embeddable":true,"href":"https:\/\/goornament.com.br\/index.php?rest_route=%2Fwp%2Fv2%2Fproduct_brand&post=26568"},{"taxonomy":"product_cat","embeddable":true,"href":"https:\/\/goornament.com.br\/index.php?rest_route=%2Fwp%2Fv2%2Fproduct_cat&post=26568"},{"taxonomy":"product_tag","embeddable":true,"href":"https:\/\/goornament.com.br\/index.php?rest_route=%2Fwp%2Fv2%2Fproduct_tag&post=26568"}],"curies":[{"name":"wp","href":"https:\/\/api.w.org\/{rel}","templated":true}]}}