{"id":27152,"date":"2026-01-27T07:10:46","date_gmt":"2026-01-27T07:10:46","guid":{"rendered":"https:\/\/goornament.com.br\/?post_type=product&#038;p=27152"},"modified":"2026-02-08T14:31:20","modified_gmt":"2026-02-08T14:31:20","slug":"florabella","status":"publish","type":"product","link":"https:\/\/goornament.com.br\/?product=florabella","title":{"rendered":"FloraBella"},"content":{"rendered":"\t\t<div data-elementor-type=\"product-post\" data-elementor-id=\"27152\" class=\"elementor elementor-27152\" data-elementor-post-type=\"product\">\n\t\t\t\t<div class=\"elementor-element elementor-element-6516e36 e-con-full e-flex e-con e-parent\" data-id=\"6516e36\" data-element_type=\"container\" data-e-type=\"container\">\n\t\t\t\t<div class=\"elementor-element elementor-element-16083853 elementor-widget elementor-widget-text-editor\" data-id=\"16083853\" data-element_type=\"widget\" data-e-type=\"widget\" data-widget_type=\"text-editor.default\">\n\t\t\t\t<div class=\"elementor-widget-container\">\n\t\t\t\t\t\t\t\t\t<h3 style=\"text-align: center;\"><em><strong>FloraBella<\/strong><\/em><\/h3>\n<p style=\"text-align: center;\">Uma pe\u00e7a que exala aconchego e nostalgia atrav\u00e9s de uma ilustra\u00e7\u00e3o bot\u00e2nica atemporal.<\/p>\n<p style=\"text-align: center;\">Este quadro utiliza a t\u00e9cnica de <i data-path-to-node=\"3\" data-index-in-node=\"120\">line art<\/i> para capturar a ess\u00eancia vibrante dos girass\u00f3is em uma paleta suave e elegante.<\/p><p style=\"text-align: center;\"><br><\/p>\n<hr>\n<p style=\"text-align: center;\"><b data-path-to-node=\"4\" data-index-in-node=\"0\"><br><\/b><\/p><p style=\"text-align: center;\"><b data-path-to-node=\"4\" data-index-in-node=\"0\">Destaques:<\/b><\/p>\n<p style=\"text-align: center;\" data-path-to-node=\"5,0,0\"><b data-path-to-node=\"5,0,0\" data-index-in-node=\"0\">Arte Bot\u00e2nica Detalhada:<\/b> As ilustra\u00e7\u00f5es de girass\u00f3is em diferentes est\u00e1gios de florescimento trazem uma textura visual rica e org\u00e2nica para a parede.<\/p>\n<p style=\"text-align: center;\" data-path-to-node=\"5,1,0\"><b data-path-to-node=\"5,1,0\" data-index-in-node=\"0\">Paleta Monocrom\u00e1tica Quente:<\/b> O uso de tons de ocre e dourado sobre um fundo creme cria uma atmosfera iluminada e acolhedora, remetendo ao p\u00f4r do sol no campo.<\/p>\n<p style=\"text-align: center;\" data-path-to-node=\"5,2,0\"><b data-path-to-node=\"5,2,0\" data-index-in-node=\"0\">Charme Vintage Moderno:<\/b> Perfeito para decora\u00e7\u00f5es no estilo <i data-path-to-node=\"5,2,0\" data-index-in-node=\"59\">Farmhouse<\/i>, r\u00fastico-chique ou para trazer um toque de natureza e positividade para cozinhas, salas de jantar e \u00e1reas de lazer.<\/p>\t\t\t\t\t\t\t\t<\/div>\n\t\t\t\t<\/div>\n\t\t\t\t<\/div>\n\t\t\t\t<\/div>\n\t\t","protected":false},"excerpt":{"rendered":"<p>FloraBella Uma pe\u00e7a que exala aconchego e nostalgia atrav\u00e9s de uma ilustra\u00e7\u00e3o bot\u00e2nica atemporal. Este quadro utiliza a t\u00e9cnica de line art para capturar a ess\u00eancia vibrante dos girass\u00f3is em uma paleta suave e elegante. Destaques: Arte Bot\u00e2nica Detalhada: As ilustra\u00e7\u00f5es de girass\u00f3is em diferentes est\u00e1gios de florescimento trazem uma textura visual rica e org\u00e2nica [&hellip;]<\/p>\n","protected":false},"featured_media":27140,"comment_status":"open","ping_status":"closed","template":"","meta":{"_joinchat":[]},"product_brand":[],"product_cat":[73],"product_tag":[],"class_list":{"0":"post-27152","1":"product","2":"type-product","3":"status-publish","4":"has-post-thumbnail","6":"product_cat-abstrato","8":"first","9":"instock","10":"sale","11":"taxable","12":"shipping-taxable","13":"purchasable","14":"product-type-variable","15":"has-default-attributes"},"yoast_head":"<!-- This site is optimized with the Yoast SEO plugin v27.3 - https:\/\/yoast.com\/product\/yoast-seo-wordpress\/ -->\n<title>FloraBella - https:\/\/goornament.com.br<\/title>\n<meta name=\"robots\" content=\"index, follow, max-snippet:-1, max-image-preview:large, max-video-preview:-1\" \/>\n<link rel=\"canonical\" href=\"https:\/\/goornament.com.br\/?product=florabella\" \/>\n<meta property=\"og:locale\" content=\"pt_BR\" \/>\n<meta property=\"og:type\" content=\"article\" \/>\n<meta property=\"og:title\" content=\"FloraBella - https:\/\/goornament.com.br\" \/>\n<meta property=\"og:description\" content=\"FloraBella Uma pe\u00e7a que exala aconchego e nostalgia atrav\u00e9s de uma ilustra\u00e7\u00e3o bot\u00e2nica atemporal. Este quadro utiliza a t\u00e9cnica de line art para capturar a ess\u00eancia vibrante dos girass\u00f3is em uma paleta suave e elegante. Destaques: Arte Bot\u00e2nica Detalhada: As ilustra\u00e7\u00f5es de girass\u00f3is em diferentes est\u00e1gios de florescimento trazem uma textura visual rica e org\u00e2nica [&hellip;]\" \/>\n<meta property=\"og:url\" content=\"https:\/\/goornament.com.br\/?product=florabella\" \/>\n<meta property=\"og:site_name\" content=\"https:\/\/goornament.com.br\" \/>\n<meta property=\"article:modified_time\" content=\"2026-02-08T14:31:20+00:00\" \/>\n<meta property=\"og:image\" content=\"https:\/\/goornament.com.br\/wp-content\/uploads\/2026\/01\/MOLDURA-COM-VIDRO-2-36.png\" \/>\n\t<meta property=\"og:image:width\" content=\"600\" \/>\n\t<meta property=\"og:image:height\" content=\"900\" \/>\n\t<meta property=\"og:image:type\" content=\"image\/png\" \/>\n<meta name=\"twitter:card\" content=\"summary_large_image\" \/>\n<script type=\"application\/ld+json\" class=\"yoast-schema-graph\">{\"@context\":\"https:\\\/\\\/schema.org\",\"@graph\":[{\"@type\":\"WebPage\",\"@id\":\"https:\\\/\\\/goornament.com.br\\\/?product=florabella\",\"url\":\"https:\\\/\\\/goornament.com.br\\\/?product=florabella\",\"name\":\"FloraBella - https:\\\/\\\/goornament.com.br\",\"isPartOf\":{\"@id\":\"https:\\\/\\\/goornament.com.br\\\/#website\"},\"primaryImageOfPage\":{\"@id\":\"https:\\\/\\\/goornament.com.br\\\/?product=florabella#primaryimage\"},\"image\":{\"@id\":\"https:\\\/\\\/goornament.com.br\\\/?product=florabella#primaryimage\"},\"thumbnailUrl\":\"https:\\\/\\\/goornament.com.br\\\/wp-content\\\/uploads\\\/2026\\\/01\\\/MOLDURA-COM-VIDRO-2-36.png\",\"datePublished\":\"2026-01-27T07:10:46+00:00\",\"dateModified\":\"2026-02-08T14:31:20+00:00\",\"breadcrumb\":{\"@id\":\"https:\\\/\\\/goornament.com.br\\\/?product=florabella#breadcrumb\"},\"inLanguage\":\"pt-BR\",\"potentialAction\":[{\"@type\":\"ReadAction\",\"target\":[\"https:\\\/\\\/goornament.com.br\\\/?product=florabella\"]}]},{\"@type\":\"ImageObject\",\"inLanguage\":\"pt-BR\",\"@id\":\"https:\\\/\\\/goornament.com.br\\\/?product=florabella#primaryimage\",\"url\":\"https:\\\/\\\/goornament.com.br\\\/wp-content\\\/uploads\\\/2026\\\/01\\\/MOLDURA-COM-VIDRO-2-36.png\",\"contentUrl\":\"https:\\\/\\\/goornament.com.br\\\/wp-content\\\/uploads\\\/2026\\\/01\\\/MOLDURA-COM-VIDRO-2-36.png\",\"width\":600,\"height\":900},{\"@type\":\"BreadcrumbList\",\"@id\":\"https:\\\/\\\/goornament.com.br\\\/?product=florabella#breadcrumb\",\"itemListElement\":[{\"@type\":\"ListItem\",\"position\":1,\"name\":\"In\u00edcio\",\"item\":\"https:\\\/\\\/goornament.com.br\\\/\"},{\"@type\":\"ListItem\",\"position\":2,\"name\":\"Loja\",\"item\":\"https:\\\/\\\/mediumvioletred-anteater-114861.hostingersite.com\\\/?page_id=2378\"},{\"@type\":\"ListItem\",\"position\":3,\"name\":\"FloraBella\"}]},{\"@type\":\"WebSite\",\"@id\":\"https:\\\/\\\/goornament.com.br\\\/#website\",\"url\":\"https:\\\/\\\/goornament.com.br\\\/\",\"name\":\"https:\\\/\\\/goornament.com.br\",\"description\":\"\",\"publisher\":{\"@id\":\"https:\\\/\\\/goornament.com.br\\\/#organization\"},\"potentialAction\":[{\"@type\":\"SearchAction\",\"target\":{\"@type\":\"EntryPoint\",\"urlTemplate\":\"https:\\\/\\\/goornament.com.br\\\/?s={search_term_string}\"},\"query-input\":{\"@type\":\"PropertyValueSpecification\",\"valueRequired\":true,\"valueName\":\"search_term_string\"}}],\"inLanguage\":\"pt-BR\"},{\"@type\":\"Organization\",\"@id\":\"https:\\\/\\\/goornament.com.br\\\/#organization\",\"name\":\"https:\\\/\\\/goornament.com.br\",\"url\":\"https:\\\/\\\/goornament.com.br\\\/\",\"logo\":{\"@type\":\"ImageObject\",\"inLanguage\":\"pt-BR\",\"@id\":\"https:\\\/\\\/goornament.com.br\\\/#\\\/schema\\\/logo\\\/image\\\/\",\"url\":\"https:\\\/\\\/goornament.com.br\\\/wp-content\\\/uploads\\\/2024\\\/10\\\/LOGO-EXPERIMENTO5.png\",\"contentUrl\":\"https:\\\/\\\/goornament.com.br\\\/wp-content\\\/uploads\\\/2024\\\/10\\\/LOGO-EXPERIMENTO5.png\",\"width\":4675,\"height\":4675,\"caption\":\"https:\\\/\\\/goornament.com.br\"},\"image\":{\"@id\":\"https:\\\/\\\/goornament.com.br\\\/#\\\/schema\\\/logo\\\/image\\\/\"}}]}<\/script>\n<!-- \/ Yoast SEO plugin. -->","yoast_head_json":{"title":"FloraBella - https:\/\/goornament.com.br","robots":{"index":"index","follow":"follow","max-snippet":"max-snippet:-1","max-image-preview":"max-image-preview:large","max-video-preview":"max-video-preview:-1"},"canonical":"https:\/\/goornament.com.br\/?product=florabella","og_locale":"pt_BR","og_type":"article","og_title":"FloraBella - https:\/\/goornament.com.br","og_description":"FloraBella Uma pe\u00e7a que exala aconchego e nostalgia atrav\u00e9s de uma ilustra\u00e7\u00e3o bot\u00e2nica atemporal. Este quadro utiliza a t\u00e9cnica de line art para capturar a ess\u00eancia vibrante dos girass\u00f3is em uma paleta suave e elegante. Destaques: Arte Bot\u00e2nica Detalhada: As ilustra\u00e7\u00f5es de girass\u00f3is em diferentes est\u00e1gios de florescimento trazem uma textura visual rica e org\u00e2nica [&hellip;]","og_url":"https:\/\/goornament.com.br\/?product=florabella","og_site_name":"https:\/\/goornament.com.br","article_modified_time":"2026-02-08T14:31:20+00:00","og_image":[{"width":600,"height":900,"url":"https:\/\/goornament.com.br\/wp-content\/uploads\/2026\/01\/MOLDURA-COM-VIDRO-2-36.png","type":"image\/png"}],"twitter_card":"summary_large_image","schema":{"@context":"https:\/\/schema.org","@graph":[{"@type":"WebPage","@id":"https:\/\/goornament.com.br\/?product=florabella","url":"https:\/\/goornament.com.br\/?product=florabella","name":"FloraBella - https:\/\/goornament.com.br","isPartOf":{"@id":"https:\/\/goornament.com.br\/#website"},"primaryImageOfPage":{"@id":"https:\/\/goornament.com.br\/?product=florabella#primaryimage"},"image":{"@id":"https:\/\/goornament.com.br\/?product=florabella#primaryimage"},"thumbnailUrl":"https:\/\/goornament.com.br\/wp-content\/uploads\/2026\/01\/MOLDURA-COM-VIDRO-2-36.png","datePublished":"2026-01-27T07:10:46+00:00","dateModified":"2026-02-08T14:31:20+00:00","breadcrumb":{"@id":"https:\/\/goornament.com.br\/?product=florabella#breadcrumb"},"inLanguage":"pt-BR","potentialAction":[{"@type":"ReadAction","target":["https:\/\/goornament.com.br\/?product=florabella"]}]},{"@type":"ImageObject","inLanguage":"pt-BR","@id":"https:\/\/goornament.com.br\/?product=florabella#primaryimage","url":"https:\/\/goornament.com.br\/wp-content\/uploads\/2026\/01\/MOLDURA-COM-VIDRO-2-36.png","contentUrl":"https:\/\/goornament.com.br\/wp-content\/uploads\/2026\/01\/MOLDURA-COM-VIDRO-2-36.png","width":600,"height":900},{"@type":"BreadcrumbList","@id":"https:\/\/goornament.com.br\/?product=florabella#breadcrumb","itemListElement":[{"@type":"ListItem","position":1,"name":"In\u00edcio","item":"https:\/\/goornament.com.br\/"},{"@type":"ListItem","position":2,"name":"Loja","item":"https:\/\/mediumvioletred-anteater-114861.hostingersite.com\/?page_id=2378"},{"@type":"ListItem","position":3,"name":"FloraBella"}]},{"@type":"WebSite","@id":"https:\/\/goornament.com.br\/#website","url":"https:\/\/goornament.com.br\/","name":"https:\/\/goornament.com.br","description":"","publisher":{"@id":"https:\/\/goornament.com.br\/#organization"},"potentialAction":[{"@type":"SearchAction","target":{"@type":"EntryPoint","urlTemplate":"https:\/\/goornament.com.br\/?s={search_term_string}"},"query-input":{"@type":"PropertyValueSpecification","valueRequired":true,"valueName":"search_term_string"}}],"inLanguage":"pt-BR"},{"@type":"Organization","@id":"https:\/\/goornament.com.br\/#organization","name":"https:\/\/goornament.com.br","url":"https:\/\/goornament.com.br\/","logo":{"@type":"ImageObject","inLanguage":"pt-BR","@id":"https:\/\/goornament.com.br\/#\/schema\/logo\/image\/","url":"https:\/\/goornament.com.br\/wp-content\/uploads\/2024\/10\/LOGO-EXPERIMENTO5.png","contentUrl":"https:\/\/goornament.com.br\/wp-content\/uploads\/2024\/10\/LOGO-EXPERIMENTO5.png","width":4675,"height":4675,"caption":"https:\/\/goornament.com.br"},"image":{"@id":"https:\/\/goornament.com.br\/#\/schema\/logo\/image\/"}}]}},"_links":{"self":[{"href":"https:\/\/goornament.com.br\/index.php?rest_route=\/wp\/v2\/product\/27152","targetHints":{"allow":["GET"]}}],"collection":[{"href":"https:\/\/goornament.com.br\/index.php?rest_route=\/wp\/v2\/product"}],"about":[{"href":"https:\/\/goornament.com.br\/index.php?rest_route=\/wp\/v2\/types\/product"}],"replies":[{"embeddable":true,"href":"https:\/\/goornament.com.br\/index.php?rest_route=%2Fwp%2Fv2%2Fcomments&post=27152"}],"version-history":[{"count":6,"href":"https:\/\/goornament.com.br\/index.php?rest_route=\/wp\/v2\/product\/27152\/revisions"}],"predecessor-version":[{"id":32602,"href":"https:\/\/goornament.com.br\/index.php?rest_route=\/wp\/v2\/product\/27152\/revisions\/32602"}],"wp:featuredmedia":[{"embeddable":true,"href":"https:\/\/goornament.com.br\/index.php?rest_route=\/wp\/v2\/media\/27140"}],"wp:attachment":[{"href":"https:\/\/goornament.com.br\/index.php?rest_route=%2Fwp%2Fv2%2Fmedia&parent=27152"}],"wp:term":[{"taxonomy":"product_brand","embeddable":true,"href":"https:\/\/goornament.com.br\/index.php?rest_route=%2Fwp%2Fv2%2Fproduct_brand&post=27152"},{"taxonomy":"product_cat","embeddable":true,"href":"https:\/\/goornament.com.br\/index.php?rest_route=%2Fwp%2Fv2%2Fproduct_cat&post=27152"},{"taxonomy":"product_tag","embeddable":true,"href":"https:\/\/goornament.com.br\/index.php?rest_route=%2Fwp%2Fv2%2Fproduct_tag&post=27152"}],"curies":[{"name":"wp","href":"https:\/\/api.w.org\/{rel}","templated":true}]}}