{"id":30749,"date":"2026-02-03T00:47:18","date_gmt":"2026-02-03T00:47:18","guid":{"rendered":"https:\/\/goornament.com.br\/?post_type=product&#038;p=30749"},"modified":"2026-02-08T18:22:34","modified_gmt":"2026-02-08T18:22:34","slug":"bellaflor","status":"publish","type":"product","link":"https:\/\/goornament.com.br\/?product=bellaflor","title":{"rendered":"BellaFlor"},"content":{"rendered":"\t\t<div data-elementor-type=\"product-post\" data-elementor-id=\"30749\" class=\"elementor elementor-30749\" data-elementor-post-type=\"product\">\n\t\t\t\t<div class=\"elementor-element elementor-element-28a123e e-con-full e-flex e-con e-parent\" data-id=\"28a123e\" data-element_type=\"container\" data-e-type=\"container\">\n\t\t\t\t<div class=\"elementor-element elementor-element-25362a8e elementor-widget elementor-widget-text-editor\" data-id=\"25362a8e\" data-element_type=\"widget\" data-e-type=\"widget\" data-widget_type=\"text-editor.default\">\n\t\t\t\t<div class=\"elementor-widget-container\">\n\t\t\t\t\t\t\t\t\t<div class=\"ng-tns-c80796686-110\">\n<section id=\"processing-state-15\" class=\"processing-state_container ng-tns-c80796686-110 is-gpi-avatar ng-trigger ng-trigger-processingStateShowHide ng-star-inserted is-done-processing\">\n<div id=\"processing-state-15-summary\" class=\"processing-state_details ng-trigger ng-trigger-menuExpansion ng-tns-c80796686-110 is-gpi-avatar ng-star-inserted\" aria-hidden=\"true\">\n<h2 style=\"text-align: center;\"><em><strong>BellaFlor<\/strong><\/em><\/h2>\n<p style=\"text-align: center;\" data-path-to-node=\"3\">Uma composi\u00e7\u00e3o art\u00edstica em estilo colagem que funde o realismo do rosto feminino com elementos geom\u00e9tricos e ilustra\u00e7\u00f5es bot\u00e2nicas.<\/p>\n<p style=\"text-align: center;\" data-path-to-node=\"3\">\u00c9 uma pe\u00e7a que exala mist\u00e9rio, feminilidade e design gr\u00e1fico contempor\u00e2neo.<\/p><p style=\"text-align: center;\" data-path-to-node=\"3\"><br><\/p>\n<hr>\n<p style=\"text-align: center;\" data-path-to-node=\"4\"><b data-path-to-node=\"4\" data-index-in-node=\"0\"><br><\/b><\/p><p style=\"text-align: center;\" data-path-to-node=\"4\"><b data-path-to-node=\"4\" data-index-in-node=\"0\">Destaques:<\/b><\/p>\n<p style=\"text-align: center;\" data-path-to-node=\"5,0,0\"><b data-path-to-node=\"5,0,0\" data-index-in-node=\"0\">Contraste Crom\u00e1tico:<\/b> O uso pontual do vermelho vibrante nos l\u00e1bios e em blocos geom\u00e9tricos quebra a neutralidade dos tons de cinza e azul-petr\u00f3leo, criando um ponto focal magn\u00e9tico.<\/p>\n<p style=\"text-align: center;\" data-path-to-node=\"5,0,0\"><b data-path-to-node=\"5,1,0\" data-index-in-node=\"0\">Dualidade Art\u00edstica:<\/b> Une a delicadeza das flores em tra\u00e7o fino \u00e0 rigidez das linhas verticais, resultando em uma est\u00e9tica equilibrada e moderna.<\/p>\n<p style=\"text-align: center;\" data-path-to-node=\"5,0,0\"><b data-path-to-node=\"5,2,0\" data-index-in-node=\"0\">Presen\u00e7a Elegante:<\/b> Ideal para ambientes que buscam uma decora\u00e7\u00e3o com &#8220;alma&#8221; e sofistica\u00e7\u00e3o, como su\u00edtes, halls de entrada ou salas de estar criativas.<\/p>\n<\/div>\n<\/section>\n<\/div>\t\t\t\t\t\t\t\t<\/div>\n\t\t\t\t<\/div>\n\t\t\t\t<\/div>\n\t\t\t\t<\/div>\n\t\t","protected":false},"excerpt":{"rendered":"<p>BellaFlor Uma composi\u00e7\u00e3o art\u00edstica em estilo colagem que funde o realismo do rosto feminino com elementos geom\u00e9tricos e ilustra\u00e7\u00f5es bot\u00e2nicas. \u00c9 uma pe\u00e7a que exala mist\u00e9rio, feminilidade e design gr\u00e1fico contempor\u00e2neo. Destaques: Contraste Crom\u00e1tico: O uso pontual do vermelho vibrante nos l\u00e1bios e em blocos geom\u00e9tricos quebra a neutralidade dos tons de cinza e azul-petr\u00f3leo, [&hellip;]<\/p>\n","protected":false},"featured_media":30481,"comment_status":"open","ping_status":"closed","template":"","meta":{"_joinchat":[]},"product_brand":[],"product_cat":[73],"product_tag":[],"class_list":{"0":"post-30749","1":"product","2":"type-product","3":"status-publish","4":"has-post-thumbnail","6":"product_cat-abstrato","8":"first","9":"instock","10":"sale","11":"taxable","12":"shipping-taxable","13":"purchasable","14":"product-type-variable","15":"has-default-attributes"},"yoast_head":"<!-- This site is optimized with the Yoast SEO plugin v27.3 - https:\/\/yoast.com\/product\/yoast-seo-wordpress\/ -->\n<title>BellaFlor - https:\/\/goornament.com.br<\/title>\n<meta name=\"robots\" content=\"index, follow, max-snippet:-1, max-image-preview:large, max-video-preview:-1\" \/>\n<link rel=\"canonical\" href=\"https:\/\/goornament.com.br\/?product=bellaflor\" \/>\n<meta property=\"og:locale\" content=\"pt_BR\" \/>\n<meta property=\"og:type\" content=\"article\" \/>\n<meta property=\"og:title\" content=\"BellaFlor - https:\/\/goornament.com.br\" \/>\n<meta property=\"og:description\" content=\"BellaFlor Uma composi\u00e7\u00e3o art\u00edstica em estilo colagem que funde o realismo do rosto feminino com elementos geom\u00e9tricos e ilustra\u00e7\u00f5es bot\u00e2nicas. \u00c9 uma pe\u00e7a que exala mist\u00e9rio, feminilidade e design gr\u00e1fico contempor\u00e2neo. Destaques: Contraste Crom\u00e1tico: O uso pontual do vermelho vibrante nos l\u00e1bios e em blocos geom\u00e9tricos quebra a neutralidade dos tons de cinza e azul-petr\u00f3leo, [&hellip;]\" \/>\n<meta property=\"og:url\" content=\"https:\/\/goornament.com.br\/?product=bellaflor\" \/>\n<meta property=\"og:site_name\" content=\"https:\/\/goornament.com.br\" \/>\n<meta property=\"article:modified_time\" content=\"2026-02-08T18:22:34+00:00\" \/>\n<meta property=\"og:image\" content=\"https:\/\/goornament.com.br\/wp-content\/uploads\/2026\/02\/MOLDURA-COM-VIDRO-2-1.png\" \/>\n\t<meta property=\"og:image:width\" content=\"1000\" \/>\n\t<meta property=\"og:image:height\" content=\"1500\" \/>\n\t<meta property=\"og:image:type\" content=\"image\/png\" \/>\n<meta name=\"twitter:card\" content=\"summary_large_image\" \/>\n<script type=\"application\/ld+json\" class=\"yoast-schema-graph\">{\"@context\":\"https:\\\/\\\/schema.org\",\"@graph\":[{\"@type\":\"WebPage\",\"@id\":\"https:\\\/\\\/goornament.com.br\\\/?product=bellaflor\",\"url\":\"https:\\\/\\\/goornament.com.br\\\/?product=bellaflor\",\"name\":\"BellaFlor - https:\\\/\\\/goornament.com.br\",\"isPartOf\":{\"@id\":\"https:\\\/\\\/goornament.com.br\\\/#website\"},\"primaryImageOfPage\":{\"@id\":\"https:\\\/\\\/goornament.com.br\\\/?product=bellaflor#primaryimage\"},\"image\":{\"@id\":\"https:\\\/\\\/goornament.com.br\\\/?product=bellaflor#primaryimage\"},\"thumbnailUrl\":\"https:\\\/\\\/goornament.com.br\\\/wp-content\\\/uploads\\\/2026\\\/02\\\/MOLDURA-COM-VIDRO-2-1.png\",\"datePublished\":\"2026-02-03T00:47:18+00:00\",\"dateModified\":\"2026-02-08T18:22:34+00:00\",\"breadcrumb\":{\"@id\":\"https:\\\/\\\/goornament.com.br\\\/?product=bellaflor#breadcrumb\"},\"inLanguage\":\"pt-BR\",\"potentialAction\":[{\"@type\":\"ReadAction\",\"target\":[\"https:\\\/\\\/goornament.com.br\\\/?product=bellaflor\"]}]},{\"@type\":\"ImageObject\",\"inLanguage\":\"pt-BR\",\"@id\":\"https:\\\/\\\/goornament.com.br\\\/?product=bellaflor#primaryimage\",\"url\":\"https:\\\/\\\/goornament.com.br\\\/wp-content\\\/uploads\\\/2026\\\/02\\\/MOLDURA-COM-VIDRO-2-1.png\",\"contentUrl\":\"https:\\\/\\\/goornament.com.br\\\/wp-content\\\/uploads\\\/2026\\\/02\\\/MOLDURA-COM-VIDRO-2-1.png\",\"width\":1000,\"height\":1500},{\"@type\":\"BreadcrumbList\",\"@id\":\"https:\\\/\\\/goornament.com.br\\\/?product=bellaflor#breadcrumb\",\"itemListElement\":[{\"@type\":\"ListItem\",\"position\":1,\"name\":\"In\u00edcio\",\"item\":\"https:\\\/\\\/goornament.com.br\\\/\"},{\"@type\":\"ListItem\",\"position\":2,\"name\":\"Loja\",\"item\":\"https:\\\/\\\/mediumvioletred-anteater-114861.hostingersite.com\\\/?page_id=2378\"},{\"@type\":\"ListItem\",\"position\":3,\"name\":\"BellaFlor\"}]},{\"@type\":\"WebSite\",\"@id\":\"https:\\\/\\\/goornament.com.br\\\/#website\",\"url\":\"https:\\\/\\\/goornament.com.br\\\/\",\"name\":\"https:\\\/\\\/goornament.com.br\",\"description\":\"\",\"publisher\":{\"@id\":\"https:\\\/\\\/goornament.com.br\\\/#organization\"},\"potentialAction\":[{\"@type\":\"SearchAction\",\"target\":{\"@type\":\"EntryPoint\",\"urlTemplate\":\"https:\\\/\\\/goornament.com.br\\\/?s={search_term_string}\"},\"query-input\":{\"@type\":\"PropertyValueSpecification\",\"valueRequired\":true,\"valueName\":\"search_term_string\"}}],\"inLanguage\":\"pt-BR\"},{\"@type\":\"Organization\",\"@id\":\"https:\\\/\\\/goornament.com.br\\\/#organization\",\"name\":\"https:\\\/\\\/goornament.com.br\",\"url\":\"https:\\\/\\\/goornament.com.br\\\/\",\"logo\":{\"@type\":\"ImageObject\",\"inLanguage\":\"pt-BR\",\"@id\":\"https:\\\/\\\/goornament.com.br\\\/#\\\/schema\\\/logo\\\/image\\\/\",\"url\":\"https:\\\/\\\/goornament.com.br\\\/wp-content\\\/uploads\\\/2024\\\/10\\\/LOGO-EXPERIMENTO5.png\",\"contentUrl\":\"https:\\\/\\\/goornament.com.br\\\/wp-content\\\/uploads\\\/2024\\\/10\\\/LOGO-EXPERIMENTO5.png\",\"width\":4675,\"height\":4675,\"caption\":\"https:\\\/\\\/goornament.com.br\"},\"image\":{\"@id\":\"https:\\\/\\\/goornament.com.br\\\/#\\\/schema\\\/logo\\\/image\\\/\"}}]}<\/script>\n<!-- \/ Yoast SEO plugin. -->","yoast_head_json":{"title":"BellaFlor - https:\/\/goornament.com.br","robots":{"index":"index","follow":"follow","max-snippet":"max-snippet:-1","max-image-preview":"max-image-preview:large","max-video-preview":"max-video-preview:-1"},"canonical":"https:\/\/goornament.com.br\/?product=bellaflor","og_locale":"pt_BR","og_type":"article","og_title":"BellaFlor - https:\/\/goornament.com.br","og_description":"BellaFlor Uma composi\u00e7\u00e3o art\u00edstica em estilo colagem que funde o realismo do rosto feminino com elementos geom\u00e9tricos e ilustra\u00e7\u00f5es bot\u00e2nicas. \u00c9 uma pe\u00e7a que exala mist\u00e9rio, feminilidade e design gr\u00e1fico contempor\u00e2neo. Destaques: Contraste Crom\u00e1tico: O uso pontual do vermelho vibrante nos l\u00e1bios e em blocos geom\u00e9tricos quebra a neutralidade dos tons de cinza e azul-petr\u00f3leo, [&hellip;]","og_url":"https:\/\/goornament.com.br\/?product=bellaflor","og_site_name":"https:\/\/goornament.com.br","article_modified_time":"2026-02-08T18:22:34+00:00","og_image":[{"width":1000,"height":1500,"url":"https:\/\/goornament.com.br\/wp-content\/uploads\/2026\/02\/MOLDURA-COM-VIDRO-2-1.png","type":"image\/png"}],"twitter_card":"summary_large_image","schema":{"@context":"https:\/\/schema.org","@graph":[{"@type":"WebPage","@id":"https:\/\/goornament.com.br\/?product=bellaflor","url":"https:\/\/goornament.com.br\/?product=bellaflor","name":"BellaFlor - https:\/\/goornament.com.br","isPartOf":{"@id":"https:\/\/goornament.com.br\/#website"},"primaryImageOfPage":{"@id":"https:\/\/goornament.com.br\/?product=bellaflor#primaryimage"},"image":{"@id":"https:\/\/goornament.com.br\/?product=bellaflor#primaryimage"},"thumbnailUrl":"https:\/\/goornament.com.br\/wp-content\/uploads\/2026\/02\/MOLDURA-COM-VIDRO-2-1.png","datePublished":"2026-02-03T00:47:18+00:00","dateModified":"2026-02-08T18:22:34+00:00","breadcrumb":{"@id":"https:\/\/goornament.com.br\/?product=bellaflor#breadcrumb"},"inLanguage":"pt-BR","potentialAction":[{"@type":"ReadAction","target":["https:\/\/goornament.com.br\/?product=bellaflor"]}]},{"@type":"ImageObject","inLanguage":"pt-BR","@id":"https:\/\/goornament.com.br\/?product=bellaflor#primaryimage","url":"https:\/\/goornament.com.br\/wp-content\/uploads\/2026\/02\/MOLDURA-COM-VIDRO-2-1.png","contentUrl":"https:\/\/goornament.com.br\/wp-content\/uploads\/2026\/02\/MOLDURA-COM-VIDRO-2-1.png","width":1000,"height":1500},{"@type":"BreadcrumbList","@id":"https:\/\/goornament.com.br\/?product=bellaflor#breadcrumb","itemListElement":[{"@type":"ListItem","position":1,"name":"In\u00edcio","item":"https:\/\/goornament.com.br\/"},{"@type":"ListItem","position":2,"name":"Loja","item":"https:\/\/mediumvioletred-anteater-114861.hostingersite.com\/?page_id=2378"},{"@type":"ListItem","position":3,"name":"BellaFlor"}]},{"@type":"WebSite","@id":"https:\/\/goornament.com.br\/#website","url":"https:\/\/goornament.com.br\/","name":"https:\/\/goornament.com.br","description":"","publisher":{"@id":"https:\/\/goornament.com.br\/#organization"},"potentialAction":[{"@type":"SearchAction","target":{"@type":"EntryPoint","urlTemplate":"https:\/\/goornament.com.br\/?s={search_term_string}"},"query-input":{"@type":"PropertyValueSpecification","valueRequired":true,"valueName":"search_term_string"}}],"inLanguage":"pt-BR"},{"@type":"Organization","@id":"https:\/\/goornament.com.br\/#organization","name":"https:\/\/goornament.com.br","url":"https:\/\/goornament.com.br\/","logo":{"@type":"ImageObject","inLanguage":"pt-BR","@id":"https:\/\/goornament.com.br\/#\/schema\/logo\/image\/","url":"https:\/\/goornament.com.br\/wp-content\/uploads\/2024\/10\/LOGO-EXPERIMENTO5.png","contentUrl":"https:\/\/goornament.com.br\/wp-content\/uploads\/2024\/10\/LOGO-EXPERIMENTO5.png","width":4675,"height":4675,"caption":"https:\/\/goornament.com.br"},"image":{"@id":"https:\/\/goornament.com.br\/#\/schema\/logo\/image\/"}}]}},"_links":{"self":[{"href":"https:\/\/goornament.com.br\/index.php?rest_route=\/wp\/v2\/product\/30749","targetHints":{"allow":["GET"]}}],"collection":[{"href":"https:\/\/goornament.com.br\/index.php?rest_route=\/wp\/v2\/product"}],"about":[{"href":"https:\/\/goornament.com.br\/index.php?rest_route=\/wp\/v2\/types\/product"}],"replies":[{"embeddable":true,"href":"https:\/\/goornament.com.br\/index.php?rest_route=%2Fwp%2Fv2%2Fcomments&post=30749"}],"version-history":[{"count":12,"href":"https:\/\/goornament.com.br\/index.php?rest_route=\/wp\/v2\/product\/30749\/revisions"}],"predecessor-version":[{"id":32971,"href":"https:\/\/goornament.com.br\/index.php?rest_route=\/wp\/v2\/product\/30749\/revisions\/32971"}],"wp:featuredmedia":[{"embeddable":true,"href":"https:\/\/goornament.com.br\/index.php?rest_route=\/wp\/v2\/media\/30481"}],"wp:attachment":[{"href":"https:\/\/goornament.com.br\/index.php?rest_route=%2Fwp%2Fv2%2Fmedia&parent=30749"}],"wp:term":[{"taxonomy":"product_brand","embeddable":true,"href":"https:\/\/goornament.com.br\/index.php?rest_route=%2Fwp%2Fv2%2Fproduct_brand&post=30749"},{"taxonomy":"product_cat","embeddable":true,"href":"https:\/\/goornament.com.br\/index.php?rest_route=%2Fwp%2Fv2%2Fproduct_cat&post=30749"},{"taxonomy":"product_tag","embeddable":true,"href":"https:\/\/goornament.com.br\/index.php?rest_route=%2Fwp%2Fv2%2Fproduct_tag&post=30749"}],"curies":[{"name":"wp","href":"https:\/\/api.w.org\/{rel}","templated":true}]}}