{"id":31771,"date":"2026-02-03T01:33:11","date_gmt":"2026-02-03T01:33:11","guid":{"rendered":"https:\/\/goornament.com.br\/?post_type=product&#038;p=31771"},"modified":"2026-02-08T18:16:54","modified_gmt":"2026-02-08T18:16:54","slug":"fluid","status":"publish","type":"product","link":"https:\/\/goornament.com.br\/?product=fluid","title":{"rendered":"Fluid"},"content":{"rendered":"\t\t<div data-elementor-type=\"product-post\" data-elementor-id=\"31771\" class=\"elementor elementor-31771\" data-elementor-post-type=\"product\">\n\t\t\t\t<div class=\"elementor-element elementor-element-2cde2f74 e-con-full e-flex e-con e-parent\" data-id=\"2cde2f74\" data-element_type=\"container\" data-e-type=\"container\">\n\t\t\t\t<div class=\"elementor-element elementor-element-1fef4f51 elementor-widget elementor-widget-text-editor\" data-id=\"1fef4f51\" data-element_type=\"widget\" data-e-type=\"widget\" data-widget_type=\"text-editor.default\">\n\t\t\t\t<div class=\"elementor-widget-container\">\n\t\t\t\t\t\t\t\t\t<div class=\"ng-tns-c80796686-110\">\n<section id=\"processing-state-15\" class=\"processing-state_container ng-tns-c80796686-110 is-gpi-avatar ng-trigger ng-trigger-processingStateShowHide ng-star-inserted is-done-processing\">\n<div id=\"processing-state-15-summary\" class=\"processing-state_details ng-trigger ng-trigger-menuExpansion ng-tns-c80796686-110 is-gpi-avatar ng-star-inserted\" aria-hidden=\"true\">\n<h3 style=\"text-align: center;\"><strong><em>Fluid<\/em><\/strong><\/h3>\n<p style=\"text-align: center;\" data-path-to-node=\"3\"><em>Pe\u00e7a que une o design moderno \u00e0 suavidade das formas org\u00e2nicas. <\/em><\/p>\n<p style=\"text-align: center;\" data-path-to-node=\"3\"><em>O jogo de curvas e texturas cria uma profundidade visual \u00fanica, remetendo a p\u00e9talas ou fitas em movimento.<\/em><\/p><p style=\"text-align: center;\" data-path-to-node=\"3\"><em><br><\/em><\/p>\n<\/div>\n<\/section>\n<hr>\n<\/div>\n<div class=\"ng-tns-c80796686-110\">\n<section id=\"processing-state-15\" class=\"processing-state_container ng-tns-c80796686-110 is-gpi-avatar ng-trigger ng-trigger-processingStateShowHide ng-star-inserted is-done-processing\">\n<div id=\"processing-state-15-summary\" class=\"processing-state_details ng-trigger ng-trigger-menuExpansion ng-tns-c80796686-110 is-gpi-avatar ng-star-inserted\" aria-hidden=\"true\">\n<p style=\"text-align: center;\" data-path-to-node=\"3\"><em><strong><br><\/strong><\/em><\/p><p style=\"text-align: center;\" data-path-to-node=\"3\"><em><strong>Destaques:<\/strong><\/em><\/p>\n<p style=\"text-align: center;\" data-path-to-node=\"5,0,0\"><em><b data-path-to-node=\"5,0,0\" data-index-in-node=\"0\">Design Atemporal:<\/b> Paleta em bege, creme e marrom, vers\u00e1til para salas, quartos ou escrit\u00f3rios.<\/em><\/p>\n<p style=\"text-align: center;\" data-path-to-node=\"5,1,0\"><em><b data-path-to-node=\"5,1,0\" data-index-in-node=\"0\">Sensa\u00e7\u00e3o de Aconchego:<\/b> Tons quentes e formas fluidas que promovem um ambiente relaxante e acolhedor.<\/em><\/p>\n<p style=\"text-align: center;\" data-path-to-node=\"5,2,0\"><em><b data-path-to-node=\"5,2,0\" data-index-in-node=\"0\">Est\u00e9tica Minimalista:<\/b> Perfeito para quem busca sofistica\u00e7\u00e3o sem sobrecarregar visualmente o espa\u00e7o.<\/em><\/p>\n<\/div>\n<\/section>\n<\/div>\t\t\t\t\t\t\t\t<\/div>\n\t\t\t\t<\/div>\n\t\t\t\t<\/div>\n\t\t\t\t<\/div>\n\t\t","protected":false},"excerpt":{"rendered":"<p>Fluid Pe\u00e7a que une o design moderno \u00e0 suavidade das formas org\u00e2nicas. O jogo de curvas e texturas cria uma profundidade visual \u00fanica, remetendo a p\u00e9talas ou fitas em movimento. Destaques: Design Atemporal: Paleta em bege, creme e marrom, vers\u00e1til para salas, quartos ou escrit\u00f3rios. Sensa\u00e7\u00e3o de Aconchego: Tons quentes e formas fluidas que promovem [&hellip;]<\/p>\n","protected":false},"featured_media":31759,"comment_status":"open","ping_status":"closed","template":"","meta":{"_joinchat":[]},"product_brand":[],"product_cat":[73],"product_tag":[],"class_list":{"0":"post-31771","1":"product","2":"type-product","3":"status-publish","4":"has-post-thumbnail","6":"product_cat-abstrato","8":"first","9":"onbackorder","10":"sale","11":"taxable","12":"shipping-taxable","13":"purchasable","14":"product-type-variable","15":"has-default-attributes"},"yoast_head":"<!-- This site is optimized with the Yoast SEO plugin v27.3 - https:\/\/yoast.com\/product\/yoast-seo-wordpress\/ -->\n<title>Fluid - https:\/\/goornament.com.br<\/title>\n<meta name=\"robots\" content=\"index, follow, max-snippet:-1, max-image-preview:large, max-video-preview:-1\" \/>\n<link rel=\"canonical\" href=\"https:\/\/goornament.com.br\/?product=fluid\" \/>\n<meta property=\"og:locale\" content=\"pt_BR\" \/>\n<meta property=\"og:type\" content=\"article\" \/>\n<meta property=\"og:title\" content=\"Fluid - https:\/\/goornament.com.br\" \/>\n<meta property=\"og:description\" content=\"Fluid Pe\u00e7a que une o design moderno \u00e0 suavidade das formas org\u00e2nicas. O jogo de curvas e texturas cria uma profundidade visual \u00fanica, remetendo a p\u00e9talas ou fitas em movimento. Destaques: Design Atemporal: Paleta em bege, creme e marrom, vers\u00e1til para salas, quartos ou escrit\u00f3rios. Sensa\u00e7\u00e3o de Aconchego: Tons quentes e formas fluidas que promovem [&hellip;]\" \/>\n<meta property=\"og:url\" content=\"https:\/\/goornament.com.br\/?product=fluid\" \/>\n<meta property=\"og:site_name\" content=\"https:\/\/goornament.com.br\" \/>\n<meta property=\"article:modified_time\" content=\"2026-02-08T18:16:54+00:00\" \/>\n<meta property=\"og:image\" content=\"https:\/\/goornament.com.br\/wp-content\/uploads\/2026\/02\/MOLDURA-COM-VIDRO-2-8.png\" \/>\n\t<meta property=\"og:image:width\" content=\"1000\" \/>\n\t<meta property=\"og:image:height\" content=\"1500\" \/>\n\t<meta property=\"og:image:type\" content=\"image\/png\" \/>\n<meta name=\"twitter:card\" content=\"summary_large_image\" \/>\n<script type=\"application\/ld+json\" class=\"yoast-schema-graph\">{\"@context\":\"https:\\\/\\\/schema.org\",\"@graph\":[{\"@type\":\"WebPage\",\"@id\":\"https:\\\/\\\/goornament.com.br\\\/?product=fluid\",\"url\":\"https:\\\/\\\/goornament.com.br\\\/?product=fluid\",\"name\":\"Fluid - https:\\\/\\\/goornament.com.br\",\"isPartOf\":{\"@id\":\"https:\\\/\\\/goornament.com.br\\\/#website\"},\"primaryImageOfPage\":{\"@id\":\"https:\\\/\\\/goornament.com.br\\\/?product=fluid#primaryimage\"},\"image\":{\"@id\":\"https:\\\/\\\/goornament.com.br\\\/?product=fluid#primaryimage\"},\"thumbnailUrl\":\"https:\\\/\\\/goornament.com.br\\\/wp-content\\\/uploads\\\/2026\\\/02\\\/MOLDURA-COM-VIDRO-2-8.png\",\"datePublished\":\"2026-02-03T01:33:11+00:00\",\"dateModified\":\"2026-02-08T18:16:54+00:00\",\"breadcrumb\":{\"@id\":\"https:\\\/\\\/goornament.com.br\\\/?product=fluid#breadcrumb\"},\"inLanguage\":\"pt-BR\",\"potentialAction\":[{\"@type\":\"ReadAction\",\"target\":[\"https:\\\/\\\/goornament.com.br\\\/?product=fluid\"]}]},{\"@type\":\"ImageObject\",\"inLanguage\":\"pt-BR\",\"@id\":\"https:\\\/\\\/goornament.com.br\\\/?product=fluid#primaryimage\",\"url\":\"https:\\\/\\\/goornament.com.br\\\/wp-content\\\/uploads\\\/2026\\\/02\\\/MOLDURA-COM-VIDRO-2-8.png\",\"contentUrl\":\"https:\\\/\\\/goornament.com.br\\\/wp-content\\\/uploads\\\/2026\\\/02\\\/MOLDURA-COM-VIDRO-2-8.png\",\"width\":1000,\"height\":1500},{\"@type\":\"BreadcrumbList\",\"@id\":\"https:\\\/\\\/goornament.com.br\\\/?product=fluid#breadcrumb\",\"itemListElement\":[{\"@type\":\"ListItem\",\"position\":1,\"name\":\"In\u00edcio\",\"item\":\"https:\\\/\\\/goornament.com.br\\\/\"},{\"@type\":\"ListItem\",\"position\":2,\"name\":\"Loja\",\"item\":\"https:\\\/\\\/mediumvioletred-anteater-114861.hostingersite.com\\\/?page_id=2378\"},{\"@type\":\"ListItem\",\"position\":3,\"name\":\"Fluid\"}]},{\"@type\":\"WebSite\",\"@id\":\"https:\\\/\\\/goornament.com.br\\\/#website\",\"url\":\"https:\\\/\\\/goornament.com.br\\\/\",\"name\":\"https:\\\/\\\/goornament.com.br\",\"description\":\"\",\"publisher\":{\"@id\":\"https:\\\/\\\/goornament.com.br\\\/#organization\"},\"potentialAction\":[{\"@type\":\"SearchAction\",\"target\":{\"@type\":\"EntryPoint\",\"urlTemplate\":\"https:\\\/\\\/goornament.com.br\\\/?s={search_term_string}\"},\"query-input\":{\"@type\":\"PropertyValueSpecification\",\"valueRequired\":true,\"valueName\":\"search_term_string\"}}],\"inLanguage\":\"pt-BR\"},{\"@type\":\"Organization\",\"@id\":\"https:\\\/\\\/goornament.com.br\\\/#organization\",\"name\":\"https:\\\/\\\/goornament.com.br\",\"url\":\"https:\\\/\\\/goornament.com.br\\\/\",\"logo\":{\"@type\":\"ImageObject\",\"inLanguage\":\"pt-BR\",\"@id\":\"https:\\\/\\\/goornament.com.br\\\/#\\\/schema\\\/logo\\\/image\\\/\",\"url\":\"https:\\\/\\\/goornament.com.br\\\/wp-content\\\/uploads\\\/2024\\\/10\\\/LOGO-EXPERIMENTO5.png\",\"contentUrl\":\"https:\\\/\\\/goornament.com.br\\\/wp-content\\\/uploads\\\/2024\\\/10\\\/LOGO-EXPERIMENTO5.png\",\"width\":4675,\"height\":4675,\"caption\":\"https:\\\/\\\/goornament.com.br\"},\"image\":{\"@id\":\"https:\\\/\\\/goornament.com.br\\\/#\\\/schema\\\/logo\\\/image\\\/\"}}]}<\/script>\n<!-- \/ Yoast SEO plugin. -->","yoast_head_json":{"title":"Fluid - https:\/\/goornament.com.br","robots":{"index":"index","follow":"follow","max-snippet":"max-snippet:-1","max-image-preview":"max-image-preview:large","max-video-preview":"max-video-preview:-1"},"canonical":"https:\/\/goornament.com.br\/?product=fluid","og_locale":"pt_BR","og_type":"article","og_title":"Fluid - https:\/\/goornament.com.br","og_description":"Fluid Pe\u00e7a que une o design moderno \u00e0 suavidade das formas org\u00e2nicas. O jogo de curvas e texturas cria uma profundidade visual \u00fanica, remetendo a p\u00e9talas ou fitas em movimento. Destaques: Design Atemporal: Paleta em bege, creme e marrom, vers\u00e1til para salas, quartos ou escrit\u00f3rios. Sensa\u00e7\u00e3o de Aconchego: Tons quentes e formas fluidas que promovem [&hellip;]","og_url":"https:\/\/goornament.com.br\/?product=fluid","og_site_name":"https:\/\/goornament.com.br","article_modified_time":"2026-02-08T18:16:54+00:00","og_image":[{"width":1000,"height":1500,"url":"https:\/\/goornament.com.br\/wp-content\/uploads\/2026\/02\/MOLDURA-COM-VIDRO-2-8.png","type":"image\/png"}],"twitter_card":"summary_large_image","schema":{"@context":"https:\/\/schema.org","@graph":[{"@type":"WebPage","@id":"https:\/\/goornament.com.br\/?product=fluid","url":"https:\/\/goornament.com.br\/?product=fluid","name":"Fluid - https:\/\/goornament.com.br","isPartOf":{"@id":"https:\/\/goornament.com.br\/#website"},"primaryImageOfPage":{"@id":"https:\/\/goornament.com.br\/?product=fluid#primaryimage"},"image":{"@id":"https:\/\/goornament.com.br\/?product=fluid#primaryimage"},"thumbnailUrl":"https:\/\/goornament.com.br\/wp-content\/uploads\/2026\/02\/MOLDURA-COM-VIDRO-2-8.png","datePublished":"2026-02-03T01:33:11+00:00","dateModified":"2026-02-08T18:16:54+00:00","breadcrumb":{"@id":"https:\/\/goornament.com.br\/?product=fluid#breadcrumb"},"inLanguage":"pt-BR","potentialAction":[{"@type":"ReadAction","target":["https:\/\/goornament.com.br\/?product=fluid"]}]},{"@type":"ImageObject","inLanguage":"pt-BR","@id":"https:\/\/goornament.com.br\/?product=fluid#primaryimage","url":"https:\/\/goornament.com.br\/wp-content\/uploads\/2026\/02\/MOLDURA-COM-VIDRO-2-8.png","contentUrl":"https:\/\/goornament.com.br\/wp-content\/uploads\/2026\/02\/MOLDURA-COM-VIDRO-2-8.png","width":1000,"height":1500},{"@type":"BreadcrumbList","@id":"https:\/\/goornament.com.br\/?product=fluid#breadcrumb","itemListElement":[{"@type":"ListItem","position":1,"name":"In\u00edcio","item":"https:\/\/goornament.com.br\/"},{"@type":"ListItem","position":2,"name":"Loja","item":"https:\/\/mediumvioletred-anteater-114861.hostingersite.com\/?page_id=2378"},{"@type":"ListItem","position":3,"name":"Fluid"}]},{"@type":"WebSite","@id":"https:\/\/goornament.com.br\/#website","url":"https:\/\/goornament.com.br\/","name":"https:\/\/goornament.com.br","description":"","publisher":{"@id":"https:\/\/goornament.com.br\/#organization"},"potentialAction":[{"@type":"SearchAction","target":{"@type":"EntryPoint","urlTemplate":"https:\/\/goornament.com.br\/?s={search_term_string}"},"query-input":{"@type":"PropertyValueSpecification","valueRequired":true,"valueName":"search_term_string"}}],"inLanguage":"pt-BR"},{"@type":"Organization","@id":"https:\/\/goornament.com.br\/#organization","name":"https:\/\/goornament.com.br","url":"https:\/\/goornament.com.br\/","logo":{"@type":"ImageObject","inLanguage":"pt-BR","@id":"https:\/\/goornament.com.br\/#\/schema\/logo\/image\/","url":"https:\/\/goornament.com.br\/wp-content\/uploads\/2024\/10\/LOGO-EXPERIMENTO5.png","contentUrl":"https:\/\/goornament.com.br\/wp-content\/uploads\/2024\/10\/LOGO-EXPERIMENTO5.png","width":4675,"height":4675,"caption":"https:\/\/goornament.com.br"},"image":{"@id":"https:\/\/goornament.com.br\/#\/schema\/logo\/image\/"}}]}},"_links":{"self":[{"href":"https:\/\/goornament.com.br\/index.php?rest_route=\/wp\/v2\/product\/31771","targetHints":{"allow":["GET"]}}],"collection":[{"href":"https:\/\/goornament.com.br\/index.php?rest_route=\/wp\/v2\/product"}],"about":[{"href":"https:\/\/goornament.com.br\/index.php?rest_route=\/wp\/v2\/types\/product"}],"replies":[{"embeddable":true,"href":"https:\/\/goornament.com.br\/index.php?rest_route=%2Fwp%2Fv2%2Fcomments&post=31771"}],"version-history":[{"count":11,"href":"https:\/\/goornament.com.br\/index.php?rest_route=\/wp\/v2\/product\/31771\/revisions"}],"predecessor-version":[{"id":33510,"href":"https:\/\/goornament.com.br\/index.php?rest_route=\/wp\/v2\/product\/31771\/revisions\/33510"}],"wp:featuredmedia":[{"embeddable":true,"href":"https:\/\/goornament.com.br\/index.php?rest_route=\/wp\/v2\/media\/31759"}],"wp:attachment":[{"href":"https:\/\/goornament.com.br\/index.php?rest_route=%2Fwp%2Fv2%2Fmedia&parent=31771"}],"wp:term":[{"taxonomy":"product_brand","embeddable":true,"href":"https:\/\/goornament.com.br\/index.php?rest_route=%2Fwp%2Fv2%2Fproduct_brand&post=31771"},{"taxonomy":"product_cat","embeddable":true,"href":"https:\/\/goornament.com.br\/index.php?rest_route=%2Fwp%2Fv2%2Fproduct_cat&post=31771"},{"taxonomy":"product_tag","embeddable":true,"href":"https:\/\/goornament.com.br\/index.php?rest_route=%2Fwp%2Fv2%2Fproduct_tag&post=31771"}],"curies":[{"name":"wp","href":"https:\/\/api.w.org\/{rel}","templated":true}]}}