{"id":3378,"date":"2024-10-19T10:22:28","date_gmt":"2024-10-19T10:22:28","guid":{"rendered":"https:\/\/wheat-dog-104532.hostingersite.com\/?post_type=product&#038;p=3378"},"modified":"2026-02-10T06:11:07","modified_gmt":"2026-02-10T06:11:07","slug":"frase","status":"publish","type":"product","link":"https:\/\/goornament.com.br\/?product=frase","title":{"rendered":"Girafa Baby"},"content":{"rendered":"\t\t<div data-elementor-type=\"wp-post\" data-elementor-id=\"3378\" class=\"elementor elementor-3378\" data-elementor-post-type=\"product\">\n\t\t\t\t<div class=\"elementor-element elementor-element-337ea05 e-con-full e-flex e-con e-parent\" data-id=\"337ea05\" data-element_type=\"container\" data-e-type=\"container\">\n\t\t\t\t<div class=\"elementor-element elementor-element-4964181 elementor-widget elementor-widget-text-editor\" data-id=\"4964181\" data-element_type=\"widget\" data-e-type=\"widget\" data-widget_type=\"text-editor.default\">\n\t\t\t\t<div class=\"elementor-widget-container\">\n\t\t\t\t\t\t\t\t\t<h2 style=\"text-align: center;\"><em><strong>Girafa Baby<\/strong><\/em><\/h2>\n<p style=\"text-align: center;\">Esta obra captura a do\u00e7ura de uma pequena girafa em um estilo art\u00edstico vibrante e l\u00fadico, onde o olhar expressivo se destaca em meio&nbsp;<\/p><p style=\"text-align: center;\">a uma composi\u00e7\u00e3o cheia de frescor. Com uma est\u00e9tica que mistura o realismo infantil a elementos de fantasia,&nbsp;<\/p><p style=\"text-align: center;\">esta pe\u00e7a \u00e9 uma celebra\u00e7\u00e3o da vida e do encanto, trazendo luz e vivacidade para o seu lar.<\/p>\n<p style=\"text-align: center;\">\u00c9 a escolha ideal para quartos infantis, brinquedotecas ou consult\u00f3rios pedi\u00e1tricos,&nbsp;<\/p><p style=\"text-align: center;\">servindo como um ponto de alegria que estimula o sorriso e o bem-estar.<\/p><p style=\"text-align: center;\"><br><\/p>\n<hr>\n<p style=\"text-align: center;\"><em><strong><br><\/strong><\/em><\/p><p style=\"text-align: center;\"><em><strong>Destaques da Obra<\/strong><\/em><\/p>\n<p style=\"text-align: center;\" data-path-to-node=\"4,0,0\"><b data-path-to-node=\"4,0,0\" data-index-in-node=\"0\">Expressividade Encantadora:<\/b> A arte foca nos olhos grandes e no sorriso cativante do filhote, criando uma conex\u00e3o imediata de carinho e divers\u00e3o com quem a observa.<\/p>\n<p style=\"text-align: center;\" data-path-to-node=\"4,1,0\"><b data-path-to-node=\"4,1,0\" data-index-in-node=\"0\">Explos\u00e3o de Cores e Texturas:<\/b> O fundo em azul profundo contrasta com as manchas douradas da girafa e elementos que remetem a respingos de tinta e luz, conferindo modernidade \u00e0 pe\u00e7a.<\/p>\n<p style=\"text-align: center;\" data-path-to-node=\"4,2,0\"><b data-path-to-node=\"4,2,0\" data-index-in-node=\"0\">Atmosfera de Sonho:<\/b> A ilumina\u00e7\u00e3o suave vinda do topo e os detalhes que simulam \u00e1gua ou luz conferem um ar m\u00e1gico \u00e0 obra, transformando a decora\u00e7\u00e3o em um cen\u00e1rio de aventura.<\/p>\n<p style=\"text-align: center;\" data-path-to-node=\"4,3,0\"><b data-path-to-node=\"4,3,0\" data-index-in-node=\"0\">Design Moderno e Vibrante:<\/b> A paleta de cores vivas foi pensada para revitalizar ambientes, tornando o quadro um convite di\u00e1rio \u00e0 criatividade e \u00e0 felicidade.<\/p>\t\t\t\t\t\t\t\t<\/div>\n\t\t\t\t<\/div>\n\t\t\t\t<\/div>\n\t\t\t\t<\/div>\n\t\t","protected":false},"excerpt":{"rendered":"<h2 style=\"text-align: center;\"><em><strong>Girafa Baby<\/strong><\/em><\/h2>\n<p style=\"text-align: center;\">Esta obra captura a do\u00e7ura de uma pequena girafa em um estilo art\u00edstico vibrante e l\u00fadico, onde o olhar expressivo se destaca em meio a uma composi\u00e7\u00e3o cheia de frescor. Com uma est\u00e9tica que mistura o realismo infantil a elementos de fantasia, esta pe\u00e7a \u00e9 uma celebra\u00e7\u00e3o da vida e do encanto, trazendo luz e vivacidade para o seu lar.<\/p>\n<p style=\"text-align: center;\">\u00c9 a escolha ideal para quartos infantis, brinquedotecas ou consult\u00f3rios pedi\u00e1tricos, servindo como um ponto de alegria que estimula o sorriso e o bem-estar.<\/p>\n<hr \/>\n<p style=\"text-align: center;\"><em><strong>Destaques da Obra<\/strong><\/em><\/p>\n<p style=\"text-align: center;\" data-path-to-node=\"4,0,0\"><b data-path-to-node=\"4,0,0\" data-index-in-node=\"0\">Expressividade Encantadora:<\/b> A arte foca nos olhos grandes e no sorriso cativante do filhote, criando uma conex\u00e3o imediata de carinho e divers\u00e3o com quem a observa.<\/p>\n<p style=\"text-align: center;\" data-path-to-node=\"4,1,0\"><b data-path-to-node=\"4,1,0\" data-index-in-node=\"0\">Explos\u00e3o de Cores e Texturas:<\/b> O fundo em azul profundo contrasta com as manchas douradas da girafa e elementos que remetem a respingos de tinta e luz, conferindo modernidade \u00e0 pe\u00e7a.<\/p>\n<p style=\"text-align: center;\" data-path-to-node=\"4,2,0\"><b data-path-to-node=\"4,2,0\" data-index-in-node=\"0\">Atmosfera de Sonho:<\/b> A ilumina\u00e7\u00e3o suave vinda do topo e os detalhes que simulam \u00e1gua ou luz conferem um ar m\u00e1gico \u00e0 obra, transformando a decora\u00e7\u00e3o em um cen\u00e1rio de aventura.<\/p>\n<p style=\"text-align: center;\" data-path-to-node=\"4,3,0\"><b data-path-to-node=\"4,3,0\" data-index-in-node=\"0\">Design Moderno e Vibrante:<\/b> A paleta de cores vivas foi pensada para revitalizar ambientes, tornando o quadro um convite di\u00e1rio \u00e0 criatividade e \u00e0 felicidade.<\/p>\n","protected":false},"featured_media":7501,"comment_status":"open","ping_status":"closed","template":"","meta":{"_joinchat":[]},"product_brand":[],"product_cat":[72,98],"product_tag":[],"class_list":{"0":"post-3378","1":"product","2":"type-product","3":"status-publish","4":"has-post-thumbnail","6":"product_cat-animais","7":"product_cat-infantil","9":"first","10":"instock","11":"sale","12":"taxable","13":"shipping-taxable","14":"purchasable","15":"product-type-variable","16":"has-default-attributes"},"yoast_head":"<!-- This site is optimized with the Yoast SEO plugin v27.3 - https:\/\/yoast.com\/product\/yoast-seo-wordpress\/ -->\n<title>Girafa Baby - https:\/\/goornament.com.br<\/title>\n<meta name=\"robots\" content=\"index, follow, max-snippet:-1, max-image-preview:large, max-video-preview:-1\" \/>\n<link rel=\"canonical\" href=\"https:\/\/goornament.com.br\/?product=frase\" \/>\n<meta property=\"og:locale\" content=\"pt_BR\" \/>\n<meta property=\"og:type\" content=\"article\" \/>\n<meta property=\"og:title\" content=\"Girafa Baby - https:\/\/goornament.com.br\" \/>\n<meta property=\"og:description\" content=\"Girafa Baby Esta obra captura a do\u00e7ura de uma pequena girafa em um estilo art\u00edstico vibrante e l\u00fadico, onde o olhar expressivo se destaca em meio a uma composi\u00e7\u00e3o cheia de frescor. Com uma est\u00e9tica que mistura o realismo infantil a elementos de fantasia, esta pe\u00e7a \u00e9 uma celebra\u00e7\u00e3o da vida e do encanto, trazendo luz e vivacidade para o seu lar. \u00c9 a escolha ideal para quartos infantis, brinquedotecas ou consult\u00f3rios pedi\u00e1tricos, servindo como um ponto de alegria que estimula o sorriso e o bem-estar.    Destaques da Obra Expressividade Encantadora: A arte foca nos olhos grandes e no sorriso cativante do filhote, criando uma conex\u00e3o imediata de carinho e divers\u00e3o com quem a observa. Explos\u00e3o de Cores e Texturas: O fundo em azul profundo contrasta com as manchas douradas da girafa e elementos que remetem a respingos de tinta e luz, conferindo modernidade \u00e0 pe\u00e7a. Atmosfera de Sonho: A ilumina\u00e7\u00e3o suave vinda do topo e os detalhes que simulam \u00e1gua ou luz conferem um ar m\u00e1gico \u00e0 obra, transformando a decora\u00e7\u00e3o em um cen\u00e1rio de aventura. Design Moderno e Vibrante: A paleta de cores vivas foi pensada para revitalizar ambientes, tornando o quadro um convite di\u00e1rio \u00e0 criatividade e \u00e0 felicidade.\" \/>\n<meta property=\"og:url\" content=\"https:\/\/goornament.com.br\/?product=frase\" \/>\n<meta property=\"og:site_name\" content=\"https:\/\/goornament.com.br\" \/>\n<meta property=\"article:modified_time\" content=\"2026-02-10T06:11:07+00:00\" \/>\n<meta property=\"og:image\" content=\"https:\/\/goornament.com.br\/wp-content\/uploads\/2024\/10\/MOLDURA-COM-VIDRO-3-1.png\" \/>\n\t<meta property=\"og:image:width\" content=\"600\" \/>\n\t<meta property=\"og:image:height\" content=\"900\" \/>\n\t<meta property=\"og:image:type\" content=\"image\/png\" \/>\n<meta name=\"twitter:card\" content=\"summary_large_image\" \/>\n<meta name=\"twitter:label1\" content=\"Est. tempo de leitura\" \/>\n\t<meta name=\"twitter:data1\" content=\"2 minutos\" \/>\n<script type=\"application\/ld+json\" class=\"yoast-schema-graph\">{\"@context\":\"https:\\\/\\\/schema.org\",\"@graph\":[{\"@type\":\"WebPage\",\"@id\":\"https:\\\/\\\/goornament.com.br\\\/?product=frase\",\"url\":\"https:\\\/\\\/goornament.com.br\\\/?product=frase\",\"name\":\"Girafa Baby - https:\\\/\\\/goornament.com.br\",\"isPartOf\":{\"@id\":\"https:\\\/\\\/goornament.com.br\\\/#website\"},\"primaryImageOfPage\":{\"@id\":\"https:\\\/\\\/goornament.com.br\\\/?product=frase#primaryimage\"},\"image\":{\"@id\":\"https:\\\/\\\/goornament.com.br\\\/?product=frase#primaryimage\"},\"thumbnailUrl\":\"https:\\\/\\\/goornament.com.br\\\/wp-content\\\/uploads\\\/2024\\\/10\\\/MOLDURA-COM-VIDRO-3-1.png\",\"datePublished\":\"2024-10-19T10:22:28+00:00\",\"dateModified\":\"2026-02-10T06:11:07+00:00\",\"breadcrumb\":{\"@id\":\"https:\\\/\\\/goornament.com.br\\\/?product=frase#breadcrumb\"},\"inLanguage\":\"pt-BR\",\"potentialAction\":[{\"@type\":\"ReadAction\",\"target\":[\"https:\\\/\\\/goornament.com.br\\\/?product=frase\"]}]},{\"@type\":\"ImageObject\",\"inLanguage\":\"pt-BR\",\"@id\":\"https:\\\/\\\/goornament.com.br\\\/?product=frase#primaryimage\",\"url\":\"https:\\\/\\\/goornament.com.br\\\/wp-content\\\/uploads\\\/2024\\\/10\\\/MOLDURA-COM-VIDRO-3-1.png\",\"contentUrl\":\"https:\\\/\\\/goornament.com.br\\\/wp-content\\\/uploads\\\/2024\\\/10\\\/MOLDURA-COM-VIDRO-3-1.png\",\"width\":600,\"height\":900},{\"@type\":\"BreadcrumbList\",\"@id\":\"https:\\\/\\\/goornament.com.br\\\/?product=frase#breadcrumb\",\"itemListElement\":[{\"@type\":\"ListItem\",\"position\":1,\"name\":\"In\u00edcio\",\"item\":\"https:\\\/\\\/goornament.com.br\\\/\"},{\"@type\":\"ListItem\",\"position\":2,\"name\":\"Loja\",\"item\":\"https:\\\/\\\/mediumvioletred-anteater-114861.hostingersite.com\\\/?page_id=2378\"},{\"@type\":\"ListItem\",\"position\":3,\"name\":\"Girafa Baby\"}]},{\"@type\":\"WebSite\",\"@id\":\"https:\\\/\\\/goornament.com.br\\\/#website\",\"url\":\"https:\\\/\\\/goornament.com.br\\\/\",\"name\":\"https:\\\/\\\/goornament.com.br\",\"description\":\"\",\"publisher\":{\"@id\":\"https:\\\/\\\/goornament.com.br\\\/#organization\"},\"potentialAction\":[{\"@type\":\"SearchAction\",\"target\":{\"@type\":\"EntryPoint\",\"urlTemplate\":\"https:\\\/\\\/goornament.com.br\\\/?s={search_term_string}\"},\"query-input\":{\"@type\":\"PropertyValueSpecification\",\"valueRequired\":true,\"valueName\":\"search_term_string\"}}],\"inLanguage\":\"pt-BR\"},{\"@type\":\"Organization\",\"@id\":\"https:\\\/\\\/goornament.com.br\\\/#organization\",\"name\":\"https:\\\/\\\/goornament.com.br\",\"url\":\"https:\\\/\\\/goornament.com.br\\\/\",\"logo\":{\"@type\":\"ImageObject\",\"inLanguage\":\"pt-BR\",\"@id\":\"https:\\\/\\\/goornament.com.br\\\/#\\\/schema\\\/logo\\\/image\\\/\",\"url\":\"https:\\\/\\\/goornament.com.br\\\/wp-content\\\/uploads\\\/2024\\\/10\\\/LOGO-EXPERIMENTO5.png\",\"contentUrl\":\"https:\\\/\\\/goornament.com.br\\\/wp-content\\\/uploads\\\/2024\\\/10\\\/LOGO-EXPERIMENTO5.png\",\"width\":4675,\"height\":4675,\"caption\":\"https:\\\/\\\/goornament.com.br\"},\"image\":{\"@id\":\"https:\\\/\\\/goornament.com.br\\\/#\\\/schema\\\/logo\\\/image\\\/\"}}]}<\/script>\n<!-- \/ Yoast SEO plugin. -->","yoast_head_json":{"title":"Girafa Baby - https:\/\/goornament.com.br","robots":{"index":"index","follow":"follow","max-snippet":"max-snippet:-1","max-image-preview":"max-image-preview:large","max-video-preview":"max-video-preview:-1"},"canonical":"https:\/\/goornament.com.br\/?product=frase","og_locale":"pt_BR","og_type":"article","og_title":"Girafa Baby - https:\/\/goornament.com.br","og_description":"Girafa Baby Esta obra captura a do\u00e7ura de uma pequena girafa em um estilo art\u00edstico vibrante e l\u00fadico, onde o olhar expressivo se destaca em meio a uma composi\u00e7\u00e3o cheia de frescor. Com uma est\u00e9tica que mistura o realismo infantil a elementos de fantasia, esta pe\u00e7a \u00e9 uma celebra\u00e7\u00e3o da vida e do encanto, trazendo luz e vivacidade para o seu lar. \u00c9 a escolha ideal para quartos infantis, brinquedotecas ou consult\u00f3rios pedi\u00e1tricos, servindo como um ponto de alegria que estimula o sorriso e o bem-estar.    Destaques da Obra Expressividade Encantadora: A arte foca nos olhos grandes e no sorriso cativante do filhote, criando uma conex\u00e3o imediata de carinho e divers\u00e3o com quem a observa. Explos\u00e3o de Cores e Texturas: O fundo em azul profundo contrasta com as manchas douradas da girafa e elementos que remetem a respingos de tinta e luz, conferindo modernidade \u00e0 pe\u00e7a. Atmosfera de Sonho: A ilumina\u00e7\u00e3o suave vinda do topo e os detalhes que simulam \u00e1gua ou luz conferem um ar m\u00e1gico \u00e0 obra, transformando a decora\u00e7\u00e3o em um cen\u00e1rio de aventura. Design Moderno e Vibrante: A paleta de cores vivas foi pensada para revitalizar ambientes, tornando o quadro um convite di\u00e1rio \u00e0 criatividade e \u00e0 felicidade.","og_url":"https:\/\/goornament.com.br\/?product=frase","og_site_name":"https:\/\/goornament.com.br","article_modified_time":"2026-02-10T06:11:07+00:00","og_image":[{"width":600,"height":900,"url":"https:\/\/goornament.com.br\/wp-content\/uploads\/2024\/10\/MOLDURA-COM-VIDRO-3-1.png","type":"image\/png"}],"twitter_card":"summary_large_image","twitter_misc":{"Est. tempo de leitura":"2 minutos"},"schema":{"@context":"https:\/\/schema.org","@graph":[{"@type":"WebPage","@id":"https:\/\/goornament.com.br\/?product=frase","url":"https:\/\/goornament.com.br\/?product=frase","name":"Girafa Baby - https:\/\/goornament.com.br","isPartOf":{"@id":"https:\/\/goornament.com.br\/#website"},"primaryImageOfPage":{"@id":"https:\/\/goornament.com.br\/?product=frase#primaryimage"},"image":{"@id":"https:\/\/goornament.com.br\/?product=frase#primaryimage"},"thumbnailUrl":"https:\/\/goornament.com.br\/wp-content\/uploads\/2024\/10\/MOLDURA-COM-VIDRO-3-1.png","datePublished":"2024-10-19T10:22:28+00:00","dateModified":"2026-02-10T06:11:07+00:00","breadcrumb":{"@id":"https:\/\/goornament.com.br\/?product=frase#breadcrumb"},"inLanguage":"pt-BR","potentialAction":[{"@type":"ReadAction","target":["https:\/\/goornament.com.br\/?product=frase"]}]},{"@type":"ImageObject","inLanguage":"pt-BR","@id":"https:\/\/goornament.com.br\/?product=frase#primaryimage","url":"https:\/\/goornament.com.br\/wp-content\/uploads\/2024\/10\/MOLDURA-COM-VIDRO-3-1.png","contentUrl":"https:\/\/goornament.com.br\/wp-content\/uploads\/2024\/10\/MOLDURA-COM-VIDRO-3-1.png","width":600,"height":900},{"@type":"BreadcrumbList","@id":"https:\/\/goornament.com.br\/?product=frase#breadcrumb","itemListElement":[{"@type":"ListItem","position":1,"name":"In\u00edcio","item":"https:\/\/goornament.com.br\/"},{"@type":"ListItem","position":2,"name":"Loja","item":"https:\/\/mediumvioletred-anteater-114861.hostingersite.com\/?page_id=2378"},{"@type":"ListItem","position":3,"name":"Girafa Baby"}]},{"@type":"WebSite","@id":"https:\/\/goornament.com.br\/#website","url":"https:\/\/goornament.com.br\/","name":"https:\/\/goornament.com.br","description":"","publisher":{"@id":"https:\/\/goornament.com.br\/#organization"},"potentialAction":[{"@type":"SearchAction","target":{"@type":"EntryPoint","urlTemplate":"https:\/\/goornament.com.br\/?s={search_term_string}"},"query-input":{"@type":"PropertyValueSpecification","valueRequired":true,"valueName":"search_term_string"}}],"inLanguage":"pt-BR"},{"@type":"Organization","@id":"https:\/\/goornament.com.br\/#organization","name":"https:\/\/goornament.com.br","url":"https:\/\/goornament.com.br\/","logo":{"@type":"ImageObject","inLanguage":"pt-BR","@id":"https:\/\/goornament.com.br\/#\/schema\/logo\/image\/","url":"https:\/\/goornament.com.br\/wp-content\/uploads\/2024\/10\/LOGO-EXPERIMENTO5.png","contentUrl":"https:\/\/goornament.com.br\/wp-content\/uploads\/2024\/10\/LOGO-EXPERIMENTO5.png","width":4675,"height":4675,"caption":"https:\/\/goornament.com.br"},"image":{"@id":"https:\/\/goornament.com.br\/#\/schema\/logo\/image\/"}}]}},"_links":{"self":[{"href":"https:\/\/goornament.com.br\/index.php?rest_route=\/wp\/v2\/product\/3378","targetHints":{"allow":["GET"]}}],"collection":[{"href":"https:\/\/goornament.com.br\/index.php?rest_route=\/wp\/v2\/product"}],"about":[{"href":"https:\/\/goornament.com.br\/index.php?rest_route=\/wp\/v2\/types\/product"}],"replies":[{"embeddable":true,"href":"https:\/\/goornament.com.br\/index.php?rest_route=%2Fwp%2Fv2%2Fcomments&post=3378"}],"version-history":[{"count":10,"href":"https:\/\/goornament.com.br\/index.php?rest_route=\/wp\/v2\/product\/3378\/revisions"}],"predecessor-version":[{"id":33262,"href":"https:\/\/goornament.com.br\/index.php?rest_route=\/wp\/v2\/product\/3378\/revisions\/33262"}],"wp:featuredmedia":[{"embeddable":true,"href":"https:\/\/goornament.com.br\/index.php?rest_route=\/wp\/v2\/media\/7501"}],"wp:attachment":[{"href":"https:\/\/goornament.com.br\/index.php?rest_route=%2Fwp%2Fv2%2Fmedia&parent=3378"}],"wp:term":[{"taxonomy":"product_brand","embeddable":true,"href":"https:\/\/goornament.com.br\/index.php?rest_route=%2Fwp%2Fv2%2Fproduct_brand&post=3378"},{"taxonomy":"product_cat","embeddable":true,"href":"https:\/\/goornament.com.br\/index.php?rest_route=%2Fwp%2Fv2%2Fproduct_cat&post=3378"},{"taxonomy":"product_tag","embeddable":true,"href":"https:\/\/goornament.com.br\/index.php?rest_route=%2Fwp%2Fv2%2Fproduct_tag&post=3378"}],"curies":[{"name":"wp","href":"https:\/\/api.w.org\/{rel}","templated":true}]}}