{"id":34412,"date":"2026-03-02T21:26:44","date_gmt":"2026-03-02T21:26:44","guid":{"rendered":"https:\/\/goornament.com.br\/?post_type=product&#038;p=34412"},"modified":"2026-03-02T21:40:29","modified_gmt":"2026-03-02T21:40:29","slug":"ondas-sedosas","status":"publish","type":"product","link":"https:\/\/goornament.com.br\/?product=ondas-sedosas","title":{"rendered":"Ondas sedosas"},"content":{"rendered":"\t\t<div data-elementor-type=\"product-post\" data-elementor-id=\"34412\" class=\"elementor elementor-34412\" data-elementor-post-type=\"product\">\n\t\t\t\t<div class=\"elementor-element elementor-element-450b5d58 e-con-full e-flex e-con e-parent\" data-id=\"450b5d58\" data-element_type=\"container\" data-e-type=\"container\">\n\t\t\t\t<div class=\"elementor-element elementor-element-3ae78130 elementor-widget elementor-widget-text-editor\" data-id=\"3ae78130\" data-element_type=\"widget\" data-e-type=\"widget\" data-widget_type=\"text-editor.default\">\n\t\t\t\t<div class=\"elementor-widget-container\">\n\t\t\t\t\t\t\t\t\t<section id=\"processing-state-15\">\n<h3 style=\"text-align: center;\"><em>Ondas sedosas<\/em><\/h3>\n<p style=\"text-align: center;\">Uma pe\u00e7a que explora a fluidez e o movimento atrav\u00e9s de camadas tridimensionais. Esta arte abstrata \u00e9 um estudo sobre profundidade e harmonia,<\/p>\n<p style=\"text-align: center;\">perfeita para quem busca uma decora\u00e7\u00e3o contempor\u00e2nea que instigue o olhar.<\/p><p style=\"text-align: center;\"><br><\/p>\n<hr>\n<p style=\"text-align: center;\"><em><b data-path-to-node=\"4\" data-index-in-node=\"0\"><br><\/b><\/em><\/p><p style=\"text-align: center;\"><em><b data-path-to-node=\"4\" data-index-in-node=\"0\">Destaques<\/b><\/em><\/p>\n<p style=\"text-align: center;\" data-path-to-node=\"5,0,0\"><b data-path-to-node=\"5,0,0\" data-index-in-node=\"0\">Efeito Visual Din\u00e2mico:<\/b> As linhas curvas e sobrepostas criam uma ilus\u00e3o de movimento, assemelhando-se a tecidos de seda ao vento ou dunas de areia esculpidas.<\/p>\n<p style=\"text-align: center;\" data-path-to-node=\"5,1,0\"><b data-path-to-node=\"5,1,0\" data-index-in-node=\"0\">Paleta de Cores Sofisticada:<\/b> O contraste entre os tons quentes de terracota e ocre com o azul-petr\u00f3leo profundo traz equil\u00edbrio e eleg\u00e2ncia para o ambiente.<\/p>\n<p style=\"text-align: center;\" data-path-to-node=\"5,2,0\"><b data-path-to-node=\"5,2,0\" data-index-in-node=\"0\">Foco na Textura:<\/b> A renderiza\u00e7\u00e3o detalhada das linhas confere uma sensa\u00e7\u00e3o t\u00e1til \u00e0 imagem, tornando-a ideal para salas de estar modernas, dormit\u00f3rios de casal ou recep\u00e7\u00f5es de luxo.<\/p>\n<\/section>\t\t\t\t\t\t\t\t<\/div>\n\t\t\t\t<\/div>\n\t\t\t\t<\/div>\n\t\t\t\t<\/div>\n\t\t","protected":false},"excerpt":{"rendered":"<p>Ondas sedosas Uma pe\u00e7a que explora a fluidez e o movimento atrav\u00e9s de camadas tridimensionais. Esta arte abstrata \u00e9 um estudo sobre profundidade e harmonia, perfeita para quem busca uma decora\u00e7\u00e3o contempor\u00e2nea que instigue o olhar. Destaques Efeito Visual Din\u00e2mico: As linhas curvas e sobrepostas criam uma ilus\u00e3o de movimento, assemelhando-se a tecidos de seda [&hellip;]<\/p>\n","protected":false},"featured_media":34398,"comment_status":"open","ping_status":"closed","template":"","meta":{"_joinchat":[]},"product_brand":[],"product_cat":[73],"product_tag":[],"class_list":{"0":"post-34412","1":"product","2":"type-product","3":"status-publish","4":"has-post-thumbnail","6":"product_cat-abstrato","8":"first","9":"onbackorder","10":"sale","11":"taxable","12":"shipping-taxable","13":"purchasable","14":"product-type-variable","15":"has-default-attributes"},"yoast_head":"<!-- This site is optimized with the Yoast SEO plugin v27.3 - https:\/\/yoast.com\/product\/yoast-seo-wordpress\/ -->\n<title>Ondas sedosas - https:\/\/goornament.com.br<\/title>\n<meta name=\"robots\" content=\"index, follow, max-snippet:-1, max-image-preview:large, max-video-preview:-1\" \/>\n<link rel=\"canonical\" href=\"https:\/\/mediumvioletred-anteater-114861.hostingersite.com\/?product=ondas-sedosas\" \/>\n<meta property=\"og:locale\" content=\"pt_BR\" \/>\n<meta property=\"og:type\" content=\"article\" \/>\n<meta property=\"og:title\" content=\"Ondas sedosas - https:\/\/goornament.com.br\" \/>\n<meta property=\"og:description\" content=\"Ondas sedosas Uma pe\u00e7a que explora a fluidez e o movimento atrav\u00e9s de camadas tridimensionais. Esta arte abstrata \u00e9 um estudo sobre profundidade e harmonia, perfeita para quem busca uma decora\u00e7\u00e3o contempor\u00e2nea que instigue o olhar. Destaques Efeito Visual Din\u00e2mico: As linhas curvas e sobrepostas criam uma ilus\u00e3o de movimento, assemelhando-se a tecidos de seda [&hellip;]\" \/>\n<meta property=\"og:url\" content=\"https:\/\/mediumvioletred-anteater-114861.hostingersite.com\/?product=ondas-sedosas\" \/>\n<meta property=\"og:site_name\" content=\"https:\/\/goornament.com.br\" \/>\n<meta property=\"article:modified_time\" content=\"2026-03-02T21:40:29+00:00\" \/>\n<meta property=\"og:image\" content=\"https:\/\/mediumvioletred-anteater-114861.hostingersite.com\/wp-content\/uploads\/2026\/03\/MOLDURA-COM-VIDRO-2-1024x1024.png\" \/>\n\t<meta property=\"og:image:width\" content=\"1024\" \/>\n\t<meta property=\"og:image:height\" content=\"1024\" \/>\n\t<meta property=\"og:image:type\" content=\"image\/png\" \/>\n<meta name=\"twitter:card\" content=\"summary_large_image\" \/>\n<script type=\"application\/ld+json\" class=\"yoast-schema-graph\">{\"@context\":\"https:\\\/\\\/schema.org\",\"@graph\":[{\"@type\":\"WebPage\",\"@id\":\"https:\\\/\\\/mediumvioletred-anteater-114861.hostingersite.com\\\/?product=ondas-sedosas\",\"url\":\"https:\\\/\\\/mediumvioletred-anteater-114861.hostingersite.com\\\/?product=ondas-sedosas\",\"name\":\"Ondas sedosas - https:\\\/\\\/goornament.com.br\",\"isPartOf\":{\"@id\":\"https:\\\/\\\/goornament.com.br\\\/#website\"},\"primaryImageOfPage\":{\"@id\":\"https:\\\/\\\/mediumvioletred-anteater-114861.hostingersite.com\\\/?product=ondas-sedosas#primaryimage\"},\"image\":{\"@id\":\"https:\\\/\\\/mediumvioletred-anteater-114861.hostingersite.com\\\/?product=ondas-sedosas#primaryimage\"},\"thumbnailUrl\":\"https:\\\/\\\/goornament.com.br\\\/wp-content\\\/uploads\\\/2026\\\/03\\\/MOLDURA-COM-VIDRO-2.png\",\"datePublished\":\"2026-03-02T21:26:44+00:00\",\"dateModified\":\"2026-03-02T21:40:29+00:00\",\"breadcrumb\":{\"@id\":\"https:\\\/\\\/mediumvioletred-anteater-114861.hostingersite.com\\\/?product=ondas-sedosas#breadcrumb\"},\"inLanguage\":\"pt-BR\",\"potentialAction\":[{\"@type\":\"ReadAction\",\"target\":[\"https:\\\/\\\/mediumvioletred-anteater-114861.hostingersite.com\\\/?product=ondas-sedosas\"]}]},{\"@type\":\"ImageObject\",\"inLanguage\":\"pt-BR\",\"@id\":\"https:\\\/\\\/mediumvioletred-anteater-114861.hostingersite.com\\\/?product=ondas-sedosas#primaryimage\",\"url\":\"https:\\\/\\\/goornament.com.br\\\/wp-content\\\/uploads\\\/2026\\\/03\\\/MOLDURA-COM-VIDRO-2.png\",\"contentUrl\":\"https:\\\/\\\/goornament.com.br\\\/wp-content\\\/uploads\\\/2026\\\/03\\\/MOLDURA-COM-VIDRO-2.png\",\"width\":1200,\"height\":1800},{\"@type\":\"BreadcrumbList\",\"@id\":\"https:\\\/\\\/mediumvioletred-anteater-114861.hostingersite.com\\\/?product=ondas-sedosas#breadcrumb\",\"itemListElement\":[{\"@type\":\"ListItem\",\"position\":1,\"name\":\"In\u00edcio\",\"item\":\"https:\\\/\\\/goornament.com.br\\\/\"},{\"@type\":\"ListItem\",\"position\":2,\"name\":\"Loja\",\"item\":\"https:\\\/\\\/mediumvioletred-anteater-114861.hostingersite.com\\\/?page_id=2378\"},{\"@type\":\"ListItem\",\"position\":3,\"name\":\"Ondas sedosas\"}]},{\"@type\":\"WebSite\",\"@id\":\"https:\\\/\\\/goornament.com.br\\\/#website\",\"url\":\"https:\\\/\\\/goornament.com.br\\\/\",\"name\":\"https:\\\/\\\/goornament.com.br\",\"description\":\"\",\"publisher\":{\"@id\":\"https:\\\/\\\/goornament.com.br\\\/#organization\"},\"potentialAction\":[{\"@type\":\"SearchAction\",\"target\":{\"@type\":\"EntryPoint\",\"urlTemplate\":\"https:\\\/\\\/goornament.com.br\\\/?s={search_term_string}\"},\"query-input\":{\"@type\":\"PropertyValueSpecification\",\"valueRequired\":true,\"valueName\":\"search_term_string\"}}],\"inLanguage\":\"pt-BR\"},{\"@type\":\"Organization\",\"@id\":\"https:\\\/\\\/goornament.com.br\\\/#organization\",\"name\":\"https:\\\/\\\/goornament.com.br\",\"url\":\"https:\\\/\\\/goornament.com.br\\\/\",\"logo\":{\"@type\":\"ImageObject\",\"inLanguage\":\"pt-BR\",\"@id\":\"https:\\\/\\\/goornament.com.br\\\/#\\\/schema\\\/logo\\\/image\\\/\",\"url\":\"https:\\\/\\\/goornament.com.br\\\/wp-content\\\/uploads\\\/2024\\\/10\\\/LOGO-EXPERIMENTO5.png\",\"contentUrl\":\"https:\\\/\\\/goornament.com.br\\\/wp-content\\\/uploads\\\/2024\\\/10\\\/LOGO-EXPERIMENTO5.png\",\"width\":4675,\"height\":4675,\"caption\":\"https:\\\/\\\/goornament.com.br\"},\"image\":{\"@id\":\"https:\\\/\\\/goornament.com.br\\\/#\\\/schema\\\/logo\\\/image\\\/\"}}]}<\/script>\n<!-- \/ Yoast SEO plugin. -->","yoast_head_json":{"title":"Ondas sedosas - https:\/\/goornament.com.br","robots":{"index":"index","follow":"follow","max-snippet":"max-snippet:-1","max-image-preview":"max-image-preview:large","max-video-preview":"max-video-preview:-1"},"canonical":"https:\/\/mediumvioletred-anteater-114861.hostingersite.com\/?product=ondas-sedosas","og_locale":"pt_BR","og_type":"article","og_title":"Ondas sedosas - https:\/\/goornament.com.br","og_description":"Ondas sedosas Uma pe\u00e7a que explora a fluidez e o movimento atrav\u00e9s de camadas tridimensionais. Esta arte abstrata \u00e9 um estudo sobre profundidade e harmonia, perfeita para quem busca uma decora\u00e7\u00e3o contempor\u00e2nea que instigue o olhar. Destaques Efeito Visual Din\u00e2mico: As linhas curvas e sobrepostas criam uma ilus\u00e3o de movimento, assemelhando-se a tecidos de seda [&hellip;]","og_url":"https:\/\/mediumvioletred-anteater-114861.hostingersite.com\/?product=ondas-sedosas","og_site_name":"https:\/\/goornament.com.br","article_modified_time":"2026-03-02T21:40:29+00:00","og_image":[{"width":1024,"height":1024,"url":"https:\/\/mediumvioletred-anteater-114861.hostingersite.com\/wp-content\/uploads\/2026\/03\/MOLDURA-COM-VIDRO-2-1024x1024.png","type":"image\/png"}],"twitter_card":"summary_large_image","schema":{"@context":"https:\/\/schema.org","@graph":[{"@type":"WebPage","@id":"https:\/\/mediumvioletred-anteater-114861.hostingersite.com\/?product=ondas-sedosas","url":"https:\/\/mediumvioletred-anteater-114861.hostingersite.com\/?product=ondas-sedosas","name":"Ondas sedosas - https:\/\/goornament.com.br","isPartOf":{"@id":"https:\/\/goornament.com.br\/#website"},"primaryImageOfPage":{"@id":"https:\/\/mediumvioletred-anteater-114861.hostingersite.com\/?product=ondas-sedosas#primaryimage"},"image":{"@id":"https:\/\/mediumvioletred-anteater-114861.hostingersite.com\/?product=ondas-sedosas#primaryimage"},"thumbnailUrl":"https:\/\/goornament.com.br\/wp-content\/uploads\/2026\/03\/MOLDURA-COM-VIDRO-2.png","datePublished":"2026-03-02T21:26:44+00:00","dateModified":"2026-03-02T21:40:29+00:00","breadcrumb":{"@id":"https:\/\/mediumvioletred-anteater-114861.hostingersite.com\/?product=ondas-sedosas#breadcrumb"},"inLanguage":"pt-BR","potentialAction":[{"@type":"ReadAction","target":["https:\/\/mediumvioletred-anteater-114861.hostingersite.com\/?product=ondas-sedosas"]}]},{"@type":"ImageObject","inLanguage":"pt-BR","@id":"https:\/\/mediumvioletred-anteater-114861.hostingersite.com\/?product=ondas-sedosas#primaryimage","url":"https:\/\/goornament.com.br\/wp-content\/uploads\/2026\/03\/MOLDURA-COM-VIDRO-2.png","contentUrl":"https:\/\/goornament.com.br\/wp-content\/uploads\/2026\/03\/MOLDURA-COM-VIDRO-2.png","width":1200,"height":1800},{"@type":"BreadcrumbList","@id":"https:\/\/mediumvioletred-anteater-114861.hostingersite.com\/?product=ondas-sedosas#breadcrumb","itemListElement":[{"@type":"ListItem","position":1,"name":"In\u00edcio","item":"https:\/\/goornament.com.br\/"},{"@type":"ListItem","position":2,"name":"Loja","item":"https:\/\/mediumvioletred-anteater-114861.hostingersite.com\/?page_id=2378"},{"@type":"ListItem","position":3,"name":"Ondas sedosas"}]},{"@type":"WebSite","@id":"https:\/\/goornament.com.br\/#website","url":"https:\/\/goornament.com.br\/","name":"https:\/\/goornament.com.br","description":"","publisher":{"@id":"https:\/\/goornament.com.br\/#organization"},"potentialAction":[{"@type":"SearchAction","target":{"@type":"EntryPoint","urlTemplate":"https:\/\/goornament.com.br\/?s={search_term_string}"},"query-input":{"@type":"PropertyValueSpecification","valueRequired":true,"valueName":"search_term_string"}}],"inLanguage":"pt-BR"},{"@type":"Organization","@id":"https:\/\/goornament.com.br\/#organization","name":"https:\/\/goornament.com.br","url":"https:\/\/goornament.com.br\/","logo":{"@type":"ImageObject","inLanguage":"pt-BR","@id":"https:\/\/goornament.com.br\/#\/schema\/logo\/image\/","url":"https:\/\/goornament.com.br\/wp-content\/uploads\/2024\/10\/LOGO-EXPERIMENTO5.png","contentUrl":"https:\/\/goornament.com.br\/wp-content\/uploads\/2024\/10\/LOGO-EXPERIMENTO5.png","width":4675,"height":4675,"caption":"https:\/\/goornament.com.br"},"image":{"@id":"https:\/\/goornament.com.br\/#\/schema\/logo\/image\/"}}]}},"_links":{"self":[{"href":"https:\/\/goornament.com.br\/index.php?rest_route=\/wp\/v2\/product\/34412","targetHints":{"allow":["GET"]}}],"collection":[{"href":"https:\/\/goornament.com.br\/index.php?rest_route=\/wp\/v2\/product"}],"about":[{"href":"https:\/\/goornament.com.br\/index.php?rest_route=\/wp\/v2\/types\/product"}],"replies":[{"embeddable":true,"href":"https:\/\/goornament.com.br\/index.php?rest_route=%2Fwp%2Fv2%2Fcomments&post=34412"}],"version-history":[{"count":5,"href":"https:\/\/goornament.com.br\/index.php?rest_route=\/wp\/v2\/product\/34412\/revisions"}],"predecessor-version":[{"id":34543,"href":"https:\/\/goornament.com.br\/index.php?rest_route=\/wp\/v2\/product\/34412\/revisions\/34543"}],"wp:featuredmedia":[{"embeddable":true,"href":"https:\/\/goornament.com.br\/index.php?rest_route=\/wp\/v2\/media\/34398"}],"wp:attachment":[{"href":"https:\/\/goornament.com.br\/index.php?rest_route=%2Fwp%2Fv2%2Fmedia&parent=34412"}],"wp:term":[{"taxonomy":"product_brand","embeddable":true,"href":"https:\/\/goornament.com.br\/index.php?rest_route=%2Fwp%2Fv2%2Fproduct_brand&post=34412"},{"taxonomy":"product_cat","embeddable":true,"href":"https:\/\/goornament.com.br\/index.php?rest_route=%2Fwp%2Fv2%2Fproduct_cat&post=34412"},{"taxonomy":"product_tag","embeddable":true,"href":"https:\/\/goornament.com.br\/index.php?rest_route=%2Fwp%2Fv2%2Fproduct_tag&post=34412"}],"curies":[{"name":"wp","href":"https:\/\/api.w.org\/{rel}","templated":true}]}}