{"id":3995,"date":"2024-11-14T03:40:36","date_gmt":"2024-11-14T03:40:36","guid":{"rendered":"https:\/\/wheat-dog-104532.hostingersite.com\/?post_type=product&#038;p=3995"},"modified":"2026-02-10T06:15:19","modified_gmt":"2026-02-10T06:15:19","slug":"cat-black-copia","status":"publish","type":"product","link":"https:\/\/goornament.com.br\/?product=cat-black-copia","title":{"rendered":"Marilyn Monroe"},"content":{"rendered":"\t\t<div data-elementor-type=\"product-post\" data-elementor-id=\"3995\" class=\"elementor elementor-3995\" data-elementor-post-type=\"product\">\n\t\t\t\t<div class=\"elementor-element elementor-element-a0b62b2 e-con-full e-flex e-con e-parent\" data-id=\"a0b62b2\" data-element_type=\"container\" data-e-type=\"container\">\n\t\t\t\t<div class=\"elementor-element elementor-element-1a2a7cc2 elementor-widget elementor-widget-text-editor\" data-id=\"1a2a7cc2\" data-element_type=\"widget\" data-e-type=\"widget\" data-widget_type=\"text-editor.default\">\n\t\t\t\t<div class=\"elementor-widget-container\">\n\t\t\t\t\t\t\t\t\t<div class=\"flex max-w-full flex-col flex-grow\">\n<div class=\"min-h-8 text-message flex w-full flex-col items-end gap-2 whitespace-normal break-words [.text-message+&amp;]:mt-5\" dir=\"auto\" data-message-author-role=\"assistant\" data-message-id=\"8550572c-6a97-4012-83b8-818973b2feb7\">\n<div class=\"flex w-full flex-col gap-1 empty:hidden first:pt-[3px]\">\n<div class=\"markdown prose w-full break-words dark:prose-invert light\">\n<h2 style=\"text-align: center;\"><em>Marilyn Monroe<\/em><\/h2>\n<p style=\"text-align: center;\">Esta obra captura a ess\u00eancia magn\u00e9tica de Marilyn Monroe em um estilo que funde a eleg\u00e2ncia cl\u00e1ssica de Hollywood com a energia&nbsp;<\/p><p style=\"text-align: center;\">vibrante da <i data-path-to-node=\"0\" data-index-in-node=\"205\">pop art<\/i> contempor\u00e2nea. Com uma paleta que equilibra tons de azul cristalino, rosa vibrante e laranja solar&nbsp;<\/p><p style=\"text-align: center;\">em um efeito de aquarela fluida,&nbsp;<span style=\"font-size: 1rem;\">esta pe\u00e7a \u00e9 uma exalta\u00e7\u00e3o da feminilidade e do carisma que atravessam gera\u00e7\u00f5es.<\/span><\/p>\n<p style=\"text-align: center;\">\u00c9 a escolha perfeita para closets de luxo, est\u00fadios de moda ou salas de estar arrojadas, servindo como uma declara\u00e7\u00e3o de estilo e admira\u00e7\u00e3o pela beleza atemporal.<\/p><p style=\"text-align: center;\"><br><\/p>\n<hr>\n<p style=\"text-align: center;\"><em><strong><br><\/strong><\/em><\/p><p style=\"text-align: center;\"><em><strong>Destaques da Obra<\/strong><\/em><\/p>\n<p style=\"text-align: center;\" data-path-to-node=\"4,0,0\"><b data-path-to-node=\"4,0,0\" data-index-in-node=\"0\">Homenagem \u00e0 Lenda:<\/b> O retrato celebra Marilyn Monroe, \u00edcone m\u00e1ximo do cinema, traduzindo sua express\u00e3o doce e poderosa para uma linguagem visual moderna e art\u00edstica.<\/p>\n<p style=\"text-align: center;\" data-path-to-node=\"4,1,0\"><b data-path-to-node=\"4,1,0\" data-index-in-node=\"0\">Aquarela Din\u00e2mica:<\/b> Os respingos e manchas multicoloridas ao redor da silhueta conferem movimento e frescor \u00e0 arte, transformando uma imagem hist\u00f3rica em uma pe\u00e7a de design atual.<\/p>\n<p style=\"text-align: center;\" data-path-to-node=\"4,2,0\"><b data-path-to-node=\"4,2,0\" data-index-in-node=\"0\">Geometria Sutil:<\/b> Detalhes facetados na regi\u00e3o do busto adicionam uma camada de profundidade e t\u00e9cnica contempor\u00e2nea, elevando o n\u00edvel est\u00e9tico da composi\u00e7\u00e3o.<\/p>\n<p style=\"text-align: center;\" data-path-to-node=\"4,3,0\"><b data-path-to-node=\"4,3,0\" data-index-in-node=\"0\">Atmosfera de Glamour:<\/b> A combina\u00e7\u00e3o de cores vivas e o fundo limpo permitem que o quadro ilumine o ambiente, criando um ponto de destaque que exala confian\u00e7a e sofistica\u00e7\u00e3o.<\/p>\n<\/div>\n<\/div>\n<\/div>\n<\/div>\t\t\t\t\t\t\t\t<\/div>\n\t\t\t\t<\/div>\n\t\t\t\t<\/div>\n\t\t\t\t<\/div>\n\t\t","protected":false},"excerpt":{"rendered":"<p>Marilyn Monroe Esta obra captura a ess\u00eancia magn\u00e9tica de Marilyn Monroe em um estilo que funde a eleg\u00e2ncia cl\u00e1ssica de Hollywood com a energia&nbsp; vibrante da pop art contempor\u00e2nea. Com uma paleta que equilibra tons de azul cristalino, rosa vibrante e laranja solar&nbsp; em um efeito de aquarela fluida,&nbsp;esta pe\u00e7a \u00e9 uma exalta\u00e7\u00e3o da feminilidade [&hellip;]<\/p>\n","protected":false},"featured_media":7497,"comment_status":"open","ping_status":"closed","template":"","meta":{"_joinchat":[]},"product_brand":[],"product_cat":[73],"product_tag":[],"class_list":{"0":"post-3995","1":"product","2":"type-product","3":"status-publish","4":"has-post-thumbnail","6":"product_cat-abstrato","8":"first","9":"instock","10":"sale","11":"taxable","12":"shipping-taxable","13":"purchasable","14":"product-type-variable","15":"has-default-attributes"},"yoast_head":"<!-- This site is optimized with the Yoast SEO plugin v27.3 - https:\/\/yoast.com\/product\/yoast-seo-wordpress\/ -->\n<title>Marilyn Monroe - https:\/\/goornament.com.br<\/title>\n<meta name=\"robots\" content=\"index, follow, max-snippet:-1, max-image-preview:large, max-video-preview:-1\" \/>\n<link rel=\"canonical\" href=\"https:\/\/mediumvioletred-anteater-114861.hostingersite.com\/?product=cat-black-copia\" \/>\n<meta property=\"og:locale\" content=\"pt_BR\" \/>\n<meta property=\"og:type\" content=\"article\" \/>\n<meta property=\"og:title\" content=\"Marilyn Monroe - https:\/\/goornament.com.br\" \/>\n<meta property=\"og:description\" content=\"Marilyn Monroe Esta obra captura a ess\u00eancia magn\u00e9tica de Marilyn Monroe em um estilo que funde a eleg\u00e2ncia cl\u00e1ssica de Hollywood com a energia&nbsp; vibrante da pop art contempor\u00e2nea. Com uma paleta que equilibra tons de azul cristalino, rosa vibrante e laranja solar&nbsp; em um efeito de aquarela fluida,&nbsp;esta pe\u00e7a \u00e9 uma exalta\u00e7\u00e3o da feminilidade [&hellip;]\" \/>\n<meta property=\"og:url\" content=\"https:\/\/mediumvioletred-anteater-114861.hostingersite.com\/?product=cat-black-copia\" \/>\n<meta property=\"og:site_name\" content=\"https:\/\/goornament.com.br\" \/>\n<meta property=\"article:modified_time\" content=\"2026-02-10T06:15:19+00:00\" \/>\n<meta property=\"og:image\" content=\"https:\/\/mediumvioletred-anteater-114861.hostingersite.com\/wp-content\/uploads\/2024\/11\/MOLDURA-COM-VIDRO-3-2.png\" \/>\n\t<meta property=\"og:image:width\" content=\"600\" \/>\n\t<meta property=\"og:image:height\" content=\"900\" \/>\n\t<meta property=\"og:image:type\" content=\"image\/png\" \/>\n<meta name=\"twitter:card\" content=\"summary_large_image\" \/>\n<script type=\"application\/ld+json\" class=\"yoast-schema-graph\">{\"@context\":\"https:\\\/\\\/schema.org\",\"@graph\":[{\"@type\":\"WebPage\",\"@id\":\"https:\\\/\\\/mediumvioletred-anteater-114861.hostingersite.com\\\/?product=cat-black-copia\",\"url\":\"https:\\\/\\\/mediumvioletred-anteater-114861.hostingersite.com\\\/?product=cat-black-copia\",\"name\":\"Marilyn Monroe - https:\\\/\\\/goornament.com.br\",\"isPartOf\":{\"@id\":\"https:\\\/\\\/goornament.com.br\\\/#website\"},\"primaryImageOfPage\":{\"@id\":\"https:\\\/\\\/mediumvioletred-anteater-114861.hostingersite.com\\\/?product=cat-black-copia#primaryimage\"},\"image\":{\"@id\":\"https:\\\/\\\/mediumvioletred-anteater-114861.hostingersite.com\\\/?product=cat-black-copia#primaryimage\"},\"thumbnailUrl\":\"https:\\\/\\\/goornament.com.br\\\/wp-content\\\/uploads\\\/2024\\\/11\\\/MOLDURA-COM-VIDRO-3-2.png\",\"datePublished\":\"2024-11-14T03:40:36+00:00\",\"dateModified\":\"2026-02-10T06:15:19+00:00\",\"breadcrumb\":{\"@id\":\"https:\\\/\\\/mediumvioletred-anteater-114861.hostingersite.com\\\/?product=cat-black-copia#breadcrumb\"},\"inLanguage\":\"pt-BR\",\"potentialAction\":[{\"@type\":\"ReadAction\",\"target\":[\"https:\\\/\\\/mediumvioletred-anteater-114861.hostingersite.com\\\/?product=cat-black-copia\"]}]},{\"@type\":\"ImageObject\",\"inLanguage\":\"pt-BR\",\"@id\":\"https:\\\/\\\/mediumvioletred-anteater-114861.hostingersite.com\\\/?product=cat-black-copia#primaryimage\",\"url\":\"https:\\\/\\\/goornament.com.br\\\/wp-content\\\/uploads\\\/2024\\\/11\\\/MOLDURA-COM-VIDRO-3-2.png\",\"contentUrl\":\"https:\\\/\\\/goornament.com.br\\\/wp-content\\\/uploads\\\/2024\\\/11\\\/MOLDURA-COM-VIDRO-3-2.png\",\"width\":600,\"height\":900},{\"@type\":\"BreadcrumbList\",\"@id\":\"https:\\\/\\\/mediumvioletred-anteater-114861.hostingersite.com\\\/?product=cat-black-copia#breadcrumb\",\"itemListElement\":[{\"@type\":\"ListItem\",\"position\":1,\"name\":\"In\u00edcio\",\"item\":\"https:\\\/\\\/goornament.com.br\\\/\"},{\"@type\":\"ListItem\",\"position\":2,\"name\":\"Loja\",\"item\":\"https:\\\/\\\/mediumvioletred-anteater-114861.hostingersite.com\\\/?page_id=2378\"},{\"@type\":\"ListItem\",\"position\":3,\"name\":\"Marilyn Monroe\"}]},{\"@type\":\"WebSite\",\"@id\":\"https:\\\/\\\/goornament.com.br\\\/#website\",\"url\":\"https:\\\/\\\/goornament.com.br\\\/\",\"name\":\"https:\\\/\\\/goornament.com.br\",\"description\":\"\",\"publisher\":{\"@id\":\"https:\\\/\\\/goornament.com.br\\\/#organization\"},\"potentialAction\":[{\"@type\":\"SearchAction\",\"target\":{\"@type\":\"EntryPoint\",\"urlTemplate\":\"https:\\\/\\\/goornament.com.br\\\/?s={search_term_string}\"},\"query-input\":{\"@type\":\"PropertyValueSpecification\",\"valueRequired\":true,\"valueName\":\"search_term_string\"}}],\"inLanguage\":\"pt-BR\"},{\"@type\":\"Organization\",\"@id\":\"https:\\\/\\\/goornament.com.br\\\/#organization\",\"name\":\"https:\\\/\\\/goornament.com.br\",\"url\":\"https:\\\/\\\/goornament.com.br\\\/\",\"logo\":{\"@type\":\"ImageObject\",\"inLanguage\":\"pt-BR\",\"@id\":\"https:\\\/\\\/goornament.com.br\\\/#\\\/schema\\\/logo\\\/image\\\/\",\"url\":\"https:\\\/\\\/goornament.com.br\\\/wp-content\\\/uploads\\\/2024\\\/10\\\/LOGO-EXPERIMENTO5.png\",\"contentUrl\":\"https:\\\/\\\/goornament.com.br\\\/wp-content\\\/uploads\\\/2024\\\/10\\\/LOGO-EXPERIMENTO5.png\",\"width\":4675,\"height\":4675,\"caption\":\"https:\\\/\\\/goornament.com.br\"},\"image\":{\"@id\":\"https:\\\/\\\/goornament.com.br\\\/#\\\/schema\\\/logo\\\/image\\\/\"}}]}<\/script>\n<!-- \/ Yoast SEO plugin. -->","yoast_head_json":{"title":"Marilyn Monroe - https:\/\/goornament.com.br","robots":{"index":"index","follow":"follow","max-snippet":"max-snippet:-1","max-image-preview":"max-image-preview:large","max-video-preview":"max-video-preview:-1"},"canonical":"https:\/\/mediumvioletred-anteater-114861.hostingersite.com\/?product=cat-black-copia","og_locale":"pt_BR","og_type":"article","og_title":"Marilyn Monroe - https:\/\/goornament.com.br","og_description":"Marilyn Monroe Esta obra captura a ess\u00eancia magn\u00e9tica de Marilyn Monroe em um estilo que funde a eleg\u00e2ncia cl\u00e1ssica de Hollywood com a energia&nbsp; vibrante da pop art contempor\u00e2nea. Com uma paleta que equilibra tons de azul cristalino, rosa vibrante e laranja solar&nbsp; em um efeito de aquarela fluida,&nbsp;esta pe\u00e7a \u00e9 uma exalta\u00e7\u00e3o da feminilidade [&hellip;]","og_url":"https:\/\/mediumvioletred-anteater-114861.hostingersite.com\/?product=cat-black-copia","og_site_name":"https:\/\/goornament.com.br","article_modified_time":"2026-02-10T06:15:19+00:00","og_image":[{"width":600,"height":900,"url":"https:\/\/mediumvioletred-anteater-114861.hostingersite.com\/wp-content\/uploads\/2024\/11\/MOLDURA-COM-VIDRO-3-2.png","type":"image\/png"}],"twitter_card":"summary_large_image","schema":{"@context":"https:\/\/schema.org","@graph":[{"@type":"WebPage","@id":"https:\/\/mediumvioletred-anteater-114861.hostingersite.com\/?product=cat-black-copia","url":"https:\/\/mediumvioletred-anteater-114861.hostingersite.com\/?product=cat-black-copia","name":"Marilyn Monroe - https:\/\/goornament.com.br","isPartOf":{"@id":"https:\/\/goornament.com.br\/#website"},"primaryImageOfPage":{"@id":"https:\/\/mediumvioletred-anteater-114861.hostingersite.com\/?product=cat-black-copia#primaryimage"},"image":{"@id":"https:\/\/mediumvioletred-anteater-114861.hostingersite.com\/?product=cat-black-copia#primaryimage"},"thumbnailUrl":"https:\/\/goornament.com.br\/wp-content\/uploads\/2024\/11\/MOLDURA-COM-VIDRO-3-2.png","datePublished":"2024-11-14T03:40:36+00:00","dateModified":"2026-02-10T06:15:19+00:00","breadcrumb":{"@id":"https:\/\/mediumvioletred-anteater-114861.hostingersite.com\/?product=cat-black-copia#breadcrumb"},"inLanguage":"pt-BR","potentialAction":[{"@type":"ReadAction","target":["https:\/\/mediumvioletred-anteater-114861.hostingersite.com\/?product=cat-black-copia"]}]},{"@type":"ImageObject","inLanguage":"pt-BR","@id":"https:\/\/mediumvioletred-anteater-114861.hostingersite.com\/?product=cat-black-copia#primaryimage","url":"https:\/\/goornament.com.br\/wp-content\/uploads\/2024\/11\/MOLDURA-COM-VIDRO-3-2.png","contentUrl":"https:\/\/goornament.com.br\/wp-content\/uploads\/2024\/11\/MOLDURA-COM-VIDRO-3-2.png","width":600,"height":900},{"@type":"BreadcrumbList","@id":"https:\/\/mediumvioletred-anteater-114861.hostingersite.com\/?product=cat-black-copia#breadcrumb","itemListElement":[{"@type":"ListItem","position":1,"name":"In\u00edcio","item":"https:\/\/goornament.com.br\/"},{"@type":"ListItem","position":2,"name":"Loja","item":"https:\/\/mediumvioletred-anteater-114861.hostingersite.com\/?page_id=2378"},{"@type":"ListItem","position":3,"name":"Marilyn Monroe"}]},{"@type":"WebSite","@id":"https:\/\/goornament.com.br\/#website","url":"https:\/\/goornament.com.br\/","name":"https:\/\/goornament.com.br","description":"","publisher":{"@id":"https:\/\/goornament.com.br\/#organization"},"potentialAction":[{"@type":"SearchAction","target":{"@type":"EntryPoint","urlTemplate":"https:\/\/goornament.com.br\/?s={search_term_string}"},"query-input":{"@type":"PropertyValueSpecification","valueRequired":true,"valueName":"search_term_string"}}],"inLanguage":"pt-BR"},{"@type":"Organization","@id":"https:\/\/goornament.com.br\/#organization","name":"https:\/\/goornament.com.br","url":"https:\/\/goornament.com.br\/","logo":{"@type":"ImageObject","inLanguage":"pt-BR","@id":"https:\/\/goornament.com.br\/#\/schema\/logo\/image\/","url":"https:\/\/goornament.com.br\/wp-content\/uploads\/2024\/10\/LOGO-EXPERIMENTO5.png","contentUrl":"https:\/\/goornament.com.br\/wp-content\/uploads\/2024\/10\/LOGO-EXPERIMENTO5.png","width":4675,"height":4675,"caption":"https:\/\/goornament.com.br"},"image":{"@id":"https:\/\/goornament.com.br\/#\/schema\/logo\/image\/"}}]}},"_links":{"self":[{"href":"https:\/\/goornament.com.br\/index.php?rest_route=\/wp\/v2\/product\/3995","targetHints":{"allow":["GET"]}}],"collection":[{"href":"https:\/\/goornament.com.br\/index.php?rest_route=\/wp\/v2\/product"}],"about":[{"href":"https:\/\/goornament.com.br\/index.php?rest_route=\/wp\/v2\/types\/product"}],"replies":[{"embeddable":true,"href":"https:\/\/goornament.com.br\/index.php?rest_route=%2Fwp%2Fv2%2Fcomments&post=3995"}],"version-history":[{"count":6,"href":"https:\/\/goornament.com.br\/index.php?rest_route=\/wp\/v2\/product\/3995\/revisions"}],"predecessor-version":[{"id":33276,"href":"https:\/\/goornament.com.br\/index.php?rest_route=\/wp\/v2\/product\/3995\/revisions\/33276"}],"wp:featuredmedia":[{"embeddable":true,"href":"https:\/\/goornament.com.br\/index.php?rest_route=\/wp\/v2\/media\/7497"}],"wp:attachment":[{"href":"https:\/\/goornament.com.br\/index.php?rest_route=%2Fwp%2Fv2%2Fmedia&parent=3995"}],"wp:term":[{"taxonomy":"product_brand","embeddable":true,"href":"https:\/\/goornament.com.br\/index.php?rest_route=%2Fwp%2Fv2%2Fproduct_brand&post=3995"},{"taxonomy":"product_cat","embeddable":true,"href":"https:\/\/goornament.com.br\/index.php?rest_route=%2Fwp%2Fv2%2Fproduct_cat&post=3995"},{"taxonomy":"product_tag","embeddable":true,"href":"https:\/\/goornament.com.br\/index.php?rest_route=%2Fwp%2Fv2%2Fproduct_tag&post=3995"}],"curies":[{"name":"wp","href":"https:\/\/api.w.org\/{rel}","templated":true}]}}