{"id":4285,"date":"2024-11-21T16:01:18","date_gmt":"2024-11-21T16:01:18","guid":{"rendered":"https:\/\/wheat-dog-104532.hostingersite.com\/?post_type=product&#038;p=4285"},"modified":"2026-02-10T06:17:55","modified_gmt":"2026-02-10T06:17:55","slug":"tudo-de-mim-para-ele","status":"publish","type":"product","link":"https:\/\/goornament.com.br\/?product=tudo-de-mim-para-ele","title":{"rendered":"Tudo de mim para Ele"},"content":{"rendered":"\t\t<div data-elementor-type=\"product-post\" data-elementor-id=\"4285\" class=\"elementor elementor-4285\" data-elementor-post-type=\"product\">\n\t\t\t\t<div class=\"elementor-element elementor-element-50a1084e e-con-full e-flex e-con e-parent\" data-id=\"50a1084e\" data-element_type=\"container\" data-e-type=\"container\">\n\t\t\t\t<div class=\"elementor-element elementor-element-7d6051fa elementor-widget elementor-widget-text-editor\" data-id=\"7d6051fa\" data-element_type=\"widget\" data-e-type=\"widget\" data-widget_type=\"text-editor.default\">\n\t\t\t\t<div class=\"elementor-widget-container\">\n\t\t\t\t\t\t\t\t\t<div class=\"flex max-w-full flex-col flex-grow\">\n<div class=\"min-h-8 text-message flex w-full flex-col items-end gap-2 whitespace-normal break-words [.text-message+&amp;]:mt-5\" dir=\"auto\" data-message-author-role=\"assistant\" data-message-id=\"8550572c-6a97-4012-83b8-818973b2feb7\">\n<div class=\"flex w-full flex-col gap-1 empty:hidden first:pt-[3px]\">\n<div class=\"markdown prose w-full break-words dark:prose-invert light\">\n<h2 style=\"text-align: center;\"><em><strong>Tudo de mim para Ele<\/strong><\/em><\/h2>\n<p style=\"text-align: center;\">Esta obra de <i data-path-to-node=\"0\" data-index-in-node=\"77\">lettering<\/i> contempor\u00e2neo transforma uma declara\u00e7\u00e3o de f\u00e9 em uma pe\u00e7a de design impactante, apresentando a frase motivacional:&nbsp;<\/p><p style=\"text-align: center;\">&#8220;Que sejam para Deus todas as batidas do meu cora\u00e7\u00e3o&#8221;. Com uma est\u00e9tica minimalista em preto e branco, esta pe\u00e7a \u00e9 uma afirma\u00e7\u00e3o de prop\u00f3sito e espiritualidade para o seu cotidiano.<\/p>\n<p style=\"text-align: center;\">\u00c9 a escolha perfeita para salas, quartos ou cantos de ora\u00e7\u00e3o, servindo como um lembrete visual constante de que cada momento da vida \u00e9 uma oportunidade de gratid\u00e3o.<\/p><p style=\"text-align: center;\"><br><\/p>\n<hr>\n<p style=\"text-align: center;\"><em><strong><br><\/strong><\/em><\/p><p style=\"text-align: center;\"><em><strong>Destaques da Obra<\/strong><\/em><\/p>\n<p style=\"text-align: center;\" data-path-to-node=\"4,0,0\"><b data-path-to-node=\"4,0,0\" data-index-in-node=\"0\">Design de Lettering Moderno:<\/b> A composi\u00e7\u00e3o utiliza uma variedade de fontes din\u00e2micas e elementos gr\u00e1ficos para criar um ritmo visual que reflete a pulsa\u00e7\u00e3o mencionada no texto.<\/p>\n<p style=\"text-align: center;\" data-path-to-node=\"4,1,0\"><b data-path-to-node=\"4,1,0\" data-index-in-node=\"0\">Simbolismo Anat\u00f4mico:<\/b> A ilustra\u00e7\u00e3o minimalista de um cora\u00e7\u00e3o humano refor\u00e7a a mensagem de entrega total e sinceridade emocional.<\/p>\n<p style=\"text-align: center;\" data-path-to-node=\"4,2,0\"><b data-path-to-node=\"4,2,0\" data-index-in-node=\"0\">Contraste Atemporal:<\/b> A paleta cl\u00e1ssica em P&amp;B (preto e branco) garante que a obra se adapte a qualquer estilo de decora\u00e7\u00e3o, do industrial ao escandinavo.<\/p>\n<p style=\"text-align: center;\" data-path-to-node=\"4,3,0\"><b data-path-to-node=\"4,3,0\" data-index-in-node=\"0\">Mensagem Inspiradora:<\/b> O texto atua como um mantra di\u00e1rio de consagra\u00e7\u00e3o, tornando o ambiente mais acolhedor e espiritualmente focado.<\/p>\n<\/div>\n<\/div>\n<\/div>\n<\/div>\t\t\t\t\t\t\t\t<\/div>\n\t\t\t\t<\/div>\n\t\t\t\t<\/div>\n\t\t\t\t<\/div>\n\t\t","protected":false},"excerpt":{"rendered":"<p>Tudo de mim para Ele Esta obra de lettering contempor\u00e2neo transforma uma declara\u00e7\u00e3o de f\u00e9 em uma pe\u00e7a de design impactante, apresentando a frase motivacional:&nbsp; &#8220;Que sejam para Deus todas as batidas do meu cora\u00e7\u00e3o&#8221;. Com uma est\u00e9tica minimalista em preto e branco, esta pe\u00e7a \u00e9 uma afirma\u00e7\u00e3o de prop\u00f3sito e espiritualidade para o seu [&hellip;]<\/p>\n","protected":false},"featured_media":7511,"comment_status":"open","ping_status":"closed","template":"","meta":{"_joinchat":[]},"product_brand":[],"product_cat":[70,71],"product_tag":[],"class_list":{"0":"post-4285","1":"product","2":"type-product","3":"status-publish","4":"has-post-thumbnail","6":"product_cat-frases","7":"product_cat-tema-cristao","9":"first","10":"instock","11":"sale","12":"taxable","13":"shipping-taxable","14":"purchasable","15":"product-type-variable","16":"has-default-attributes"},"yoast_head":"<!-- This site is optimized with the Yoast SEO plugin v27.3 - https:\/\/yoast.com\/product\/yoast-seo-wordpress\/ -->\n<title>Tudo de mim para Ele - https:\/\/goornament.com.br<\/title>\n<meta name=\"robots\" content=\"index, follow, max-snippet:-1, max-image-preview:large, max-video-preview:-1\" \/>\n<link rel=\"canonical\" href=\"https:\/\/goornament.com.br\/?product=tudo-de-mim-para-ele\" \/>\n<meta property=\"og:locale\" content=\"pt_BR\" \/>\n<meta property=\"og:type\" content=\"article\" \/>\n<meta property=\"og:title\" content=\"Tudo de mim para Ele - https:\/\/goornament.com.br\" \/>\n<meta property=\"og:description\" content=\"Tudo de mim para Ele Esta obra de lettering contempor\u00e2neo transforma uma declara\u00e7\u00e3o de f\u00e9 em uma pe\u00e7a de design impactante, apresentando a frase motivacional:&nbsp; &#8220;Que sejam para Deus todas as batidas do meu cora\u00e7\u00e3o&#8221;. Com uma est\u00e9tica minimalista em preto e branco, esta pe\u00e7a \u00e9 uma afirma\u00e7\u00e3o de prop\u00f3sito e espiritualidade para o seu [&hellip;]\" \/>\n<meta property=\"og:url\" content=\"https:\/\/goornament.com.br\/?product=tudo-de-mim-para-ele\" \/>\n<meta property=\"og:site_name\" content=\"https:\/\/goornament.com.br\" \/>\n<meta property=\"article:modified_time\" content=\"2026-02-10T06:17:55+00:00\" \/>\n<meta property=\"og:image\" content=\"https:\/\/goornament.com.br\/wp-content\/uploads\/2024\/11\/MOLDURA-COM-VIDRO-3-6.png\" \/>\n\t<meta property=\"og:image:width\" content=\"600\" \/>\n\t<meta property=\"og:image:height\" content=\"900\" \/>\n\t<meta property=\"og:image:type\" content=\"image\/png\" \/>\n<meta name=\"twitter:card\" content=\"summary_large_image\" \/>\n<script type=\"application\/ld+json\" class=\"yoast-schema-graph\">{\"@context\":\"https:\\\/\\\/schema.org\",\"@graph\":[{\"@type\":\"WebPage\",\"@id\":\"https:\\\/\\\/goornament.com.br\\\/?product=tudo-de-mim-para-ele\",\"url\":\"https:\\\/\\\/goornament.com.br\\\/?product=tudo-de-mim-para-ele\",\"name\":\"Tudo de mim para Ele - https:\\\/\\\/goornament.com.br\",\"isPartOf\":{\"@id\":\"https:\\\/\\\/goornament.com.br\\\/#website\"},\"primaryImageOfPage\":{\"@id\":\"https:\\\/\\\/goornament.com.br\\\/?product=tudo-de-mim-para-ele#primaryimage\"},\"image\":{\"@id\":\"https:\\\/\\\/goornament.com.br\\\/?product=tudo-de-mim-para-ele#primaryimage\"},\"thumbnailUrl\":\"https:\\\/\\\/goornament.com.br\\\/wp-content\\\/uploads\\\/2024\\\/11\\\/MOLDURA-COM-VIDRO-3-6.png\",\"datePublished\":\"2024-11-21T16:01:18+00:00\",\"dateModified\":\"2026-02-10T06:17:55+00:00\",\"breadcrumb\":{\"@id\":\"https:\\\/\\\/goornament.com.br\\\/?product=tudo-de-mim-para-ele#breadcrumb\"},\"inLanguage\":\"pt-BR\",\"potentialAction\":[{\"@type\":\"ReadAction\",\"target\":[\"https:\\\/\\\/goornament.com.br\\\/?product=tudo-de-mim-para-ele\"]}]},{\"@type\":\"ImageObject\",\"inLanguage\":\"pt-BR\",\"@id\":\"https:\\\/\\\/goornament.com.br\\\/?product=tudo-de-mim-para-ele#primaryimage\",\"url\":\"https:\\\/\\\/goornament.com.br\\\/wp-content\\\/uploads\\\/2024\\\/11\\\/MOLDURA-COM-VIDRO-3-6.png\",\"contentUrl\":\"https:\\\/\\\/goornament.com.br\\\/wp-content\\\/uploads\\\/2024\\\/11\\\/MOLDURA-COM-VIDRO-3-6.png\",\"width\":600,\"height\":900},{\"@type\":\"BreadcrumbList\",\"@id\":\"https:\\\/\\\/goornament.com.br\\\/?product=tudo-de-mim-para-ele#breadcrumb\",\"itemListElement\":[{\"@type\":\"ListItem\",\"position\":1,\"name\":\"In\u00edcio\",\"item\":\"https:\\\/\\\/goornament.com.br\\\/\"},{\"@type\":\"ListItem\",\"position\":2,\"name\":\"Loja\",\"item\":\"https:\\\/\\\/mediumvioletred-anteater-114861.hostingersite.com\\\/?page_id=2378\"},{\"@type\":\"ListItem\",\"position\":3,\"name\":\"Tudo de mim para Ele\"}]},{\"@type\":\"WebSite\",\"@id\":\"https:\\\/\\\/goornament.com.br\\\/#website\",\"url\":\"https:\\\/\\\/goornament.com.br\\\/\",\"name\":\"https:\\\/\\\/goornament.com.br\",\"description\":\"\",\"publisher\":{\"@id\":\"https:\\\/\\\/goornament.com.br\\\/#organization\"},\"potentialAction\":[{\"@type\":\"SearchAction\",\"target\":{\"@type\":\"EntryPoint\",\"urlTemplate\":\"https:\\\/\\\/goornament.com.br\\\/?s={search_term_string}\"},\"query-input\":{\"@type\":\"PropertyValueSpecification\",\"valueRequired\":true,\"valueName\":\"search_term_string\"}}],\"inLanguage\":\"pt-BR\"},{\"@type\":\"Organization\",\"@id\":\"https:\\\/\\\/goornament.com.br\\\/#organization\",\"name\":\"https:\\\/\\\/goornament.com.br\",\"url\":\"https:\\\/\\\/goornament.com.br\\\/\",\"logo\":{\"@type\":\"ImageObject\",\"inLanguage\":\"pt-BR\",\"@id\":\"https:\\\/\\\/goornament.com.br\\\/#\\\/schema\\\/logo\\\/image\\\/\",\"url\":\"https:\\\/\\\/goornament.com.br\\\/wp-content\\\/uploads\\\/2024\\\/10\\\/LOGO-EXPERIMENTO5.png\",\"contentUrl\":\"https:\\\/\\\/goornament.com.br\\\/wp-content\\\/uploads\\\/2024\\\/10\\\/LOGO-EXPERIMENTO5.png\",\"width\":4675,\"height\":4675,\"caption\":\"https:\\\/\\\/goornament.com.br\"},\"image\":{\"@id\":\"https:\\\/\\\/goornament.com.br\\\/#\\\/schema\\\/logo\\\/image\\\/\"}}]}<\/script>\n<!-- \/ Yoast SEO plugin. -->","yoast_head_json":{"title":"Tudo de mim para Ele - https:\/\/goornament.com.br","robots":{"index":"index","follow":"follow","max-snippet":"max-snippet:-1","max-image-preview":"max-image-preview:large","max-video-preview":"max-video-preview:-1"},"canonical":"https:\/\/goornament.com.br\/?product=tudo-de-mim-para-ele","og_locale":"pt_BR","og_type":"article","og_title":"Tudo de mim para Ele - https:\/\/goornament.com.br","og_description":"Tudo de mim para Ele Esta obra de lettering contempor\u00e2neo transforma uma declara\u00e7\u00e3o de f\u00e9 em uma pe\u00e7a de design impactante, apresentando a frase motivacional:&nbsp; &#8220;Que sejam para Deus todas as batidas do meu cora\u00e7\u00e3o&#8221;. Com uma est\u00e9tica minimalista em preto e branco, esta pe\u00e7a \u00e9 uma afirma\u00e7\u00e3o de prop\u00f3sito e espiritualidade para o seu [&hellip;]","og_url":"https:\/\/goornament.com.br\/?product=tudo-de-mim-para-ele","og_site_name":"https:\/\/goornament.com.br","article_modified_time":"2026-02-10T06:17:55+00:00","og_image":[{"width":600,"height":900,"url":"https:\/\/goornament.com.br\/wp-content\/uploads\/2024\/11\/MOLDURA-COM-VIDRO-3-6.png","type":"image\/png"}],"twitter_card":"summary_large_image","schema":{"@context":"https:\/\/schema.org","@graph":[{"@type":"WebPage","@id":"https:\/\/goornament.com.br\/?product=tudo-de-mim-para-ele","url":"https:\/\/goornament.com.br\/?product=tudo-de-mim-para-ele","name":"Tudo de mim para Ele - https:\/\/goornament.com.br","isPartOf":{"@id":"https:\/\/goornament.com.br\/#website"},"primaryImageOfPage":{"@id":"https:\/\/goornament.com.br\/?product=tudo-de-mim-para-ele#primaryimage"},"image":{"@id":"https:\/\/goornament.com.br\/?product=tudo-de-mim-para-ele#primaryimage"},"thumbnailUrl":"https:\/\/goornament.com.br\/wp-content\/uploads\/2024\/11\/MOLDURA-COM-VIDRO-3-6.png","datePublished":"2024-11-21T16:01:18+00:00","dateModified":"2026-02-10T06:17:55+00:00","breadcrumb":{"@id":"https:\/\/goornament.com.br\/?product=tudo-de-mim-para-ele#breadcrumb"},"inLanguage":"pt-BR","potentialAction":[{"@type":"ReadAction","target":["https:\/\/goornament.com.br\/?product=tudo-de-mim-para-ele"]}]},{"@type":"ImageObject","inLanguage":"pt-BR","@id":"https:\/\/goornament.com.br\/?product=tudo-de-mim-para-ele#primaryimage","url":"https:\/\/goornament.com.br\/wp-content\/uploads\/2024\/11\/MOLDURA-COM-VIDRO-3-6.png","contentUrl":"https:\/\/goornament.com.br\/wp-content\/uploads\/2024\/11\/MOLDURA-COM-VIDRO-3-6.png","width":600,"height":900},{"@type":"BreadcrumbList","@id":"https:\/\/goornament.com.br\/?product=tudo-de-mim-para-ele#breadcrumb","itemListElement":[{"@type":"ListItem","position":1,"name":"In\u00edcio","item":"https:\/\/goornament.com.br\/"},{"@type":"ListItem","position":2,"name":"Loja","item":"https:\/\/mediumvioletred-anteater-114861.hostingersite.com\/?page_id=2378"},{"@type":"ListItem","position":3,"name":"Tudo de mim para Ele"}]},{"@type":"WebSite","@id":"https:\/\/goornament.com.br\/#website","url":"https:\/\/goornament.com.br\/","name":"https:\/\/goornament.com.br","description":"","publisher":{"@id":"https:\/\/goornament.com.br\/#organization"},"potentialAction":[{"@type":"SearchAction","target":{"@type":"EntryPoint","urlTemplate":"https:\/\/goornament.com.br\/?s={search_term_string}"},"query-input":{"@type":"PropertyValueSpecification","valueRequired":true,"valueName":"search_term_string"}}],"inLanguage":"pt-BR"},{"@type":"Organization","@id":"https:\/\/goornament.com.br\/#organization","name":"https:\/\/goornament.com.br","url":"https:\/\/goornament.com.br\/","logo":{"@type":"ImageObject","inLanguage":"pt-BR","@id":"https:\/\/goornament.com.br\/#\/schema\/logo\/image\/","url":"https:\/\/goornament.com.br\/wp-content\/uploads\/2024\/10\/LOGO-EXPERIMENTO5.png","contentUrl":"https:\/\/goornament.com.br\/wp-content\/uploads\/2024\/10\/LOGO-EXPERIMENTO5.png","width":4675,"height":4675,"caption":"https:\/\/goornament.com.br"},"image":{"@id":"https:\/\/goornament.com.br\/#\/schema\/logo\/image\/"}}]}},"_links":{"self":[{"href":"https:\/\/goornament.com.br\/index.php?rest_route=\/wp\/v2\/product\/4285","targetHints":{"allow":["GET"]}}],"collection":[{"href":"https:\/\/goornament.com.br\/index.php?rest_route=\/wp\/v2\/product"}],"about":[{"href":"https:\/\/goornament.com.br\/index.php?rest_route=\/wp\/v2\/types\/product"}],"replies":[{"embeddable":true,"href":"https:\/\/goornament.com.br\/index.php?rest_route=%2Fwp%2Fv2%2Fcomments&post=4285"}],"version-history":[{"count":5,"href":"https:\/\/goornament.com.br\/index.php?rest_route=\/wp\/v2\/product\/4285\/revisions"}],"predecessor-version":[{"id":33286,"href":"https:\/\/goornament.com.br\/index.php?rest_route=\/wp\/v2\/product\/4285\/revisions\/33286"}],"wp:featuredmedia":[{"embeddable":true,"href":"https:\/\/goornament.com.br\/index.php?rest_route=\/wp\/v2\/media\/7511"}],"wp:attachment":[{"href":"https:\/\/goornament.com.br\/index.php?rest_route=%2Fwp%2Fv2%2Fmedia&parent=4285"}],"wp:term":[{"taxonomy":"product_brand","embeddable":true,"href":"https:\/\/goornament.com.br\/index.php?rest_route=%2Fwp%2Fv2%2Fproduct_brand&post=4285"},{"taxonomy":"product_cat","embeddable":true,"href":"https:\/\/goornament.com.br\/index.php?rest_route=%2Fwp%2Fv2%2Fproduct_cat&post=4285"},{"taxonomy":"product_tag","embeddable":true,"href":"https:\/\/goornament.com.br\/index.php?rest_route=%2Fwp%2Fv2%2Fproduct_tag&post=4285"}],"curies":[{"name":"wp","href":"https:\/\/api.w.org\/{rel}","templated":true}]}}