{"id":5077,"date":"2024-12-02T17:07:16","date_gmt":"2024-12-02T17:07:16","guid":{"rendered":"https:\/\/wheat-dog-104532.hostingersite.com\/?post_type=product&#038;p=5077"},"modified":"2026-02-10T05:20:42","modified_gmt":"2026-02-10T05:20:42","slug":"harmonia-botanica","status":"publish","type":"product","link":"https:\/\/goornament.com.br\/?product=harmonia-botanica","title":{"rendered":"Harmonia Bot\u00e2nica"},"content":{"rendered":"\t\t<div data-elementor-type=\"product-post\" data-elementor-id=\"5077\" class=\"elementor elementor-5077\" data-elementor-post-type=\"product\">\n\t\t\t\t<div class=\"elementor-element elementor-element-26f2bf04 e-con-full e-flex e-con e-parent\" data-id=\"26f2bf04\" data-element_type=\"container\" data-e-type=\"container\">\n\t\t\t\t<div class=\"elementor-element elementor-element-236bdb47 elementor-widget elementor-widget-text-editor\" data-id=\"236bdb47\" data-element_type=\"widget\" data-e-type=\"widget\" data-widget_type=\"text-editor.default\">\n\t\t\t\t<div class=\"elementor-widget-container\">\n\t\t\t\t\t\t\t\t\t<div class=\"flex max-w-full flex-col flex-grow\">\n<div class=\"min-h-8 text-message flex w-full flex-col items-end gap-2 whitespace-normal break-words [.text-message+&amp;]:mt-5\" dir=\"auto\" data-message-author-role=\"assistant\" data-message-id=\"8550572c-6a97-4012-83b8-818973b2feb7\">\n<div class=\"flex w-full flex-col gap-1 empty:hidden first:pt-[3px]\">\n<div class=\"markdown prose w-full break-words dark:prose-invert light\">\n<h2 style=\"text-align: center;\"><strong><em>Harmonia Bot\u00e2nica<\/em><\/strong><\/h2>\n<p style=\"text-align: center;\">Traga a leveza das formas org\u00e2nicas e o equil\u00edbrio das cores naturais para o seu espa\u00e7o com o quadro Harmonia Bot\u00e2nica.<\/p>\n<p style=\"text-align: center;\">Esta pe\u00e7a \u00e9 uma celebra\u00e7\u00e3o do estilo <i data-path-to-node=\"3\" data-index-in-node=\"157\">Boho-Chic<\/i>, onde silhuetas de folhagens tropicais se encontram com formas abstratas<\/p>\n<p style=\"text-align: center;\">em tons de verde s\u00e1lvia, p\u00eassego e ocre. \u00c9 a obra definitiva para quem deseja uma decora\u00e7\u00e3o que respire serenidade, frescor e modernidade.<\/p>\n<p style=\"text-align: center;\">Ideal para salas de estar, varandas integradas ou escrit\u00f3rios que buscam uma atmosfera criativa e relaxante.<\/p><p style=\"text-align: center;\"><br><\/p>\n<hr>\n<p style=\"text-align: center;\"><em><strong><br><\/strong><\/em><\/p><p style=\"text-align: center;\"><em><strong>Destaques da Obra<\/strong><\/em><\/p>\n<p style=\"text-align: center;\" data-path-to-node=\"6,0,0\"><b data-path-to-node=\"6,0,0\" data-index-in-node=\"0\">Design Org\u00e2nico e Fluido:<\/b> A sobreposi\u00e7\u00e3o de folhas e formas geom\u00e9tricas irregulares cria um ritmo visual suave, eliminando a monotonia de paredes vazias.<\/p>\n<p style=\"text-align: center;\" data-path-to-node=\"6,1,0\"><b data-path-to-node=\"6,1,0\" data-index-in-node=\"0\">Paleta Earth-Tone:<\/b> A combina\u00e7\u00e3o de tons terrosos com o verde bot\u00e2nico \u00e9 uma das maiores tend\u00eancias de design de interiores, promovendo bem-estar e conex\u00e3o com o meio ambiente.<\/p>\n<p style=\"text-align: center;\" data-path-to-node=\"6,2,0\"><b data-path-to-node=\"6,2,0\" data-index-in-node=\"0\">Estilo Minimalista Moderno:<\/b> O uso inteligente de espa\u00e7os em branco (espa\u00e7o negativo) garante que a arte seja sofisticada sem sobrecarregar o olhar.<\/p>\n<p style=\"text-align: center;\" data-path-to-node=\"6,3,0\"><b data-path-to-node=\"6,3,0\" data-index-in-node=\"0\">Versatilidade Decorativa:<\/b> Esta pe\u00e7a funciona tanto como um destaque individual quanto como parte de uma galeria tem\u00e1tica focada em natureza ou abstra\u00e7\u00e3o.<\/p>\n<\/div>\n<\/div>\n<\/div>\n<\/div>\t\t\t\t\t\t\t\t<\/div>\n\t\t\t\t<\/div>\n\t\t\t\t<\/div>\n\t\t\t\t<\/div>\n\t\t","protected":false},"excerpt":{"rendered":"<p>Harmonia Bot\u00e2nica Traga a leveza das formas org\u00e2nicas e o equil\u00edbrio das cores naturais para o seu espa\u00e7o com o quadro Harmonia Bot\u00e2nica. Esta pe\u00e7a \u00e9 uma celebra\u00e7\u00e3o do estilo Boho-Chic, onde silhuetas de folhagens tropicais se encontram com formas abstratas em tons de verde s\u00e1lvia, p\u00eassego e ocre. \u00c9 a obra definitiva para quem [&hellip;]<\/p>\n","protected":false},"featured_media":7509,"comment_status":"open","ping_status":"closed","template":"","meta":{"_joinchat":[]},"product_brand":[],"product_cat":[73],"product_tag":[],"class_list":{"0":"post-5077","1":"product","2":"type-product","3":"status-publish","4":"has-post-thumbnail","6":"product_cat-abstrato","8":"first","9":"instock","10":"sale","11":"taxable","12":"shipping-taxable","13":"purchasable","14":"product-type-variable","15":"has-default-attributes"},"yoast_head":"<!-- This site is optimized with the Yoast SEO plugin v27.3 - https:\/\/yoast.com\/product\/yoast-seo-wordpress\/ -->\n<title>Harmonia Bot\u00e2nica - https:\/\/goornament.com.br<\/title>\n<meta name=\"robots\" content=\"index, follow, max-snippet:-1, max-image-preview:large, max-video-preview:-1\" \/>\n<link rel=\"canonical\" href=\"https:\/\/mediumvioletred-anteater-114861.hostingersite.com\/?product=harmonia-botanica\" \/>\n<meta property=\"og:locale\" content=\"pt_BR\" \/>\n<meta property=\"og:type\" content=\"article\" \/>\n<meta property=\"og:title\" content=\"Harmonia Bot\u00e2nica - https:\/\/goornament.com.br\" \/>\n<meta property=\"og:description\" content=\"Harmonia Bot\u00e2nica Traga a leveza das formas org\u00e2nicas e o equil\u00edbrio das cores naturais para o seu espa\u00e7o com o quadro Harmonia Bot\u00e2nica. Esta pe\u00e7a \u00e9 uma celebra\u00e7\u00e3o do estilo Boho-Chic, onde silhuetas de folhagens tropicais se encontram com formas abstratas em tons de verde s\u00e1lvia, p\u00eassego e ocre. \u00c9 a obra definitiva para quem [&hellip;]\" \/>\n<meta property=\"og:url\" content=\"https:\/\/mediumvioletred-anteater-114861.hostingersite.com\/?product=harmonia-botanica\" \/>\n<meta property=\"og:site_name\" content=\"https:\/\/goornament.com.br\" \/>\n<meta property=\"article:modified_time\" content=\"2026-02-10T05:20:42+00:00\" \/>\n<meta property=\"og:image\" content=\"https:\/\/mediumvioletred-anteater-114861.hostingersite.com\/wp-content\/uploads\/2024\/12\/05-5x7-1.png\" \/>\n\t<meta property=\"og:image:width\" content=\"600\" \/>\n\t<meta property=\"og:image:height\" content=\"900\" \/>\n\t<meta property=\"og:image:type\" content=\"image\/png\" \/>\n<meta name=\"twitter:card\" content=\"summary_large_image\" \/>\n<script type=\"application\/ld+json\" class=\"yoast-schema-graph\">{\"@context\":\"https:\\\/\\\/schema.org\",\"@graph\":[{\"@type\":\"WebPage\",\"@id\":\"https:\\\/\\\/mediumvioletred-anteater-114861.hostingersite.com\\\/?product=harmonia-botanica\",\"url\":\"https:\\\/\\\/mediumvioletred-anteater-114861.hostingersite.com\\\/?product=harmonia-botanica\",\"name\":\"Harmonia Bot\u00e2nica - https:\\\/\\\/goornament.com.br\",\"isPartOf\":{\"@id\":\"https:\\\/\\\/goornament.com.br\\\/#website\"},\"primaryImageOfPage\":{\"@id\":\"https:\\\/\\\/mediumvioletred-anteater-114861.hostingersite.com\\\/?product=harmonia-botanica#primaryimage\"},\"image\":{\"@id\":\"https:\\\/\\\/mediumvioletred-anteater-114861.hostingersite.com\\\/?product=harmonia-botanica#primaryimage\"},\"thumbnailUrl\":\"https:\\\/\\\/goornament.com.br\\\/wp-content\\\/uploads\\\/2024\\\/12\\\/05-5x7-1.png\",\"datePublished\":\"2024-12-02T17:07:16+00:00\",\"dateModified\":\"2026-02-10T05:20:42+00:00\",\"breadcrumb\":{\"@id\":\"https:\\\/\\\/mediumvioletred-anteater-114861.hostingersite.com\\\/?product=harmonia-botanica#breadcrumb\"},\"inLanguage\":\"pt-BR\",\"potentialAction\":[{\"@type\":\"ReadAction\",\"target\":[\"https:\\\/\\\/mediumvioletred-anteater-114861.hostingersite.com\\\/?product=harmonia-botanica\"]}]},{\"@type\":\"ImageObject\",\"inLanguage\":\"pt-BR\",\"@id\":\"https:\\\/\\\/mediumvioletred-anteater-114861.hostingersite.com\\\/?product=harmonia-botanica#primaryimage\",\"url\":\"https:\\\/\\\/goornament.com.br\\\/wp-content\\\/uploads\\\/2024\\\/12\\\/05-5x7-1.png\",\"contentUrl\":\"https:\\\/\\\/goornament.com.br\\\/wp-content\\\/uploads\\\/2024\\\/12\\\/05-5x7-1.png\",\"width\":600,\"height\":900},{\"@type\":\"BreadcrumbList\",\"@id\":\"https:\\\/\\\/mediumvioletred-anteater-114861.hostingersite.com\\\/?product=harmonia-botanica#breadcrumb\",\"itemListElement\":[{\"@type\":\"ListItem\",\"position\":1,\"name\":\"In\u00edcio\",\"item\":\"https:\\\/\\\/goornament.com.br\\\/\"},{\"@type\":\"ListItem\",\"position\":2,\"name\":\"Loja\",\"item\":\"https:\\\/\\\/mediumvioletred-anteater-114861.hostingersite.com\\\/?page_id=2378\"},{\"@type\":\"ListItem\",\"position\":3,\"name\":\"Harmonia Bot\u00e2nica\"}]},{\"@type\":\"WebSite\",\"@id\":\"https:\\\/\\\/goornament.com.br\\\/#website\",\"url\":\"https:\\\/\\\/goornament.com.br\\\/\",\"name\":\"https:\\\/\\\/goornament.com.br\",\"description\":\"\",\"publisher\":{\"@id\":\"https:\\\/\\\/goornament.com.br\\\/#organization\"},\"potentialAction\":[{\"@type\":\"SearchAction\",\"target\":{\"@type\":\"EntryPoint\",\"urlTemplate\":\"https:\\\/\\\/goornament.com.br\\\/?s={search_term_string}\"},\"query-input\":{\"@type\":\"PropertyValueSpecification\",\"valueRequired\":true,\"valueName\":\"search_term_string\"}}],\"inLanguage\":\"pt-BR\"},{\"@type\":\"Organization\",\"@id\":\"https:\\\/\\\/goornament.com.br\\\/#organization\",\"name\":\"https:\\\/\\\/goornament.com.br\",\"url\":\"https:\\\/\\\/goornament.com.br\\\/\",\"logo\":{\"@type\":\"ImageObject\",\"inLanguage\":\"pt-BR\",\"@id\":\"https:\\\/\\\/goornament.com.br\\\/#\\\/schema\\\/logo\\\/image\\\/\",\"url\":\"https:\\\/\\\/goornament.com.br\\\/wp-content\\\/uploads\\\/2024\\\/10\\\/LOGO-EXPERIMENTO5.png\",\"contentUrl\":\"https:\\\/\\\/goornament.com.br\\\/wp-content\\\/uploads\\\/2024\\\/10\\\/LOGO-EXPERIMENTO5.png\",\"width\":4675,\"height\":4675,\"caption\":\"https:\\\/\\\/goornament.com.br\"},\"image\":{\"@id\":\"https:\\\/\\\/goornament.com.br\\\/#\\\/schema\\\/logo\\\/image\\\/\"}}]}<\/script>\n<!-- \/ Yoast SEO plugin. -->","yoast_head_json":{"title":"Harmonia Bot\u00e2nica - https:\/\/goornament.com.br","robots":{"index":"index","follow":"follow","max-snippet":"max-snippet:-1","max-image-preview":"max-image-preview:large","max-video-preview":"max-video-preview:-1"},"canonical":"https:\/\/mediumvioletred-anteater-114861.hostingersite.com\/?product=harmonia-botanica","og_locale":"pt_BR","og_type":"article","og_title":"Harmonia Bot\u00e2nica - https:\/\/goornament.com.br","og_description":"Harmonia Bot\u00e2nica Traga a leveza das formas org\u00e2nicas e o equil\u00edbrio das cores naturais para o seu espa\u00e7o com o quadro Harmonia Bot\u00e2nica. Esta pe\u00e7a \u00e9 uma celebra\u00e7\u00e3o do estilo Boho-Chic, onde silhuetas de folhagens tropicais se encontram com formas abstratas em tons de verde s\u00e1lvia, p\u00eassego e ocre. \u00c9 a obra definitiva para quem [&hellip;]","og_url":"https:\/\/mediumvioletred-anteater-114861.hostingersite.com\/?product=harmonia-botanica","og_site_name":"https:\/\/goornament.com.br","article_modified_time":"2026-02-10T05:20:42+00:00","og_image":[{"width":600,"height":900,"url":"https:\/\/mediumvioletred-anteater-114861.hostingersite.com\/wp-content\/uploads\/2024\/12\/05-5x7-1.png","type":"image\/png"}],"twitter_card":"summary_large_image","schema":{"@context":"https:\/\/schema.org","@graph":[{"@type":"WebPage","@id":"https:\/\/mediumvioletred-anteater-114861.hostingersite.com\/?product=harmonia-botanica","url":"https:\/\/mediumvioletred-anteater-114861.hostingersite.com\/?product=harmonia-botanica","name":"Harmonia Bot\u00e2nica - https:\/\/goornament.com.br","isPartOf":{"@id":"https:\/\/goornament.com.br\/#website"},"primaryImageOfPage":{"@id":"https:\/\/mediumvioletred-anteater-114861.hostingersite.com\/?product=harmonia-botanica#primaryimage"},"image":{"@id":"https:\/\/mediumvioletred-anteater-114861.hostingersite.com\/?product=harmonia-botanica#primaryimage"},"thumbnailUrl":"https:\/\/goornament.com.br\/wp-content\/uploads\/2024\/12\/05-5x7-1.png","datePublished":"2024-12-02T17:07:16+00:00","dateModified":"2026-02-10T05:20:42+00:00","breadcrumb":{"@id":"https:\/\/mediumvioletred-anteater-114861.hostingersite.com\/?product=harmonia-botanica#breadcrumb"},"inLanguage":"pt-BR","potentialAction":[{"@type":"ReadAction","target":["https:\/\/mediumvioletred-anteater-114861.hostingersite.com\/?product=harmonia-botanica"]}]},{"@type":"ImageObject","inLanguage":"pt-BR","@id":"https:\/\/mediumvioletred-anteater-114861.hostingersite.com\/?product=harmonia-botanica#primaryimage","url":"https:\/\/goornament.com.br\/wp-content\/uploads\/2024\/12\/05-5x7-1.png","contentUrl":"https:\/\/goornament.com.br\/wp-content\/uploads\/2024\/12\/05-5x7-1.png","width":600,"height":900},{"@type":"BreadcrumbList","@id":"https:\/\/mediumvioletred-anteater-114861.hostingersite.com\/?product=harmonia-botanica#breadcrumb","itemListElement":[{"@type":"ListItem","position":1,"name":"In\u00edcio","item":"https:\/\/goornament.com.br\/"},{"@type":"ListItem","position":2,"name":"Loja","item":"https:\/\/mediumvioletred-anteater-114861.hostingersite.com\/?page_id=2378"},{"@type":"ListItem","position":3,"name":"Harmonia Bot\u00e2nica"}]},{"@type":"WebSite","@id":"https:\/\/goornament.com.br\/#website","url":"https:\/\/goornament.com.br\/","name":"https:\/\/goornament.com.br","description":"","publisher":{"@id":"https:\/\/goornament.com.br\/#organization"},"potentialAction":[{"@type":"SearchAction","target":{"@type":"EntryPoint","urlTemplate":"https:\/\/goornament.com.br\/?s={search_term_string}"},"query-input":{"@type":"PropertyValueSpecification","valueRequired":true,"valueName":"search_term_string"}}],"inLanguage":"pt-BR"},{"@type":"Organization","@id":"https:\/\/goornament.com.br\/#organization","name":"https:\/\/goornament.com.br","url":"https:\/\/goornament.com.br\/","logo":{"@type":"ImageObject","inLanguage":"pt-BR","@id":"https:\/\/goornament.com.br\/#\/schema\/logo\/image\/","url":"https:\/\/goornament.com.br\/wp-content\/uploads\/2024\/10\/LOGO-EXPERIMENTO5.png","contentUrl":"https:\/\/goornament.com.br\/wp-content\/uploads\/2024\/10\/LOGO-EXPERIMENTO5.png","width":4675,"height":4675,"caption":"https:\/\/goornament.com.br"},"image":{"@id":"https:\/\/goornament.com.br\/#\/schema\/logo\/image\/"}}]}},"_links":{"self":[{"href":"https:\/\/goornament.com.br\/index.php?rest_route=\/wp\/v2\/product\/5077","targetHints":{"allow":["GET"]}}],"collection":[{"href":"https:\/\/goornament.com.br\/index.php?rest_route=\/wp\/v2\/product"}],"about":[{"href":"https:\/\/goornament.com.br\/index.php?rest_route=\/wp\/v2\/types\/product"}],"replies":[{"embeddable":true,"href":"https:\/\/goornament.com.br\/index.php?rest_route=%2Fwp%2Fv2%2Fcomments&post=5077"}],"version-history":[{"count":5,"href":"https:\/\/goornament.com.br\/index.php?rest_route=\/wp\/v2\/product\/5077\/revisions"}],"predecessor-version":[{"id":33128,"href":"https:\/\/goornament.com.br\/index.php?rest_route=\/wp\/v2\/product\/5077\/revisions\/33128"}],"wp:featuredmedia":[{"embeddable":true,"href":"https:\/\/goornament.com.br\/index.php?rest_route=\/wp\/v2\/media\/7509"}],"wp:attachment":[{"href":"https:\/\/goornament.com.br\/index.php?rest_route=%2Fwp%2Fv2%2Fmedia&parent=5077"}],"wp:term":[{"taxonomy":"product_brand","embeddable":true,"href":"https:\/\/goornament.com.br\/index.php?rest_route=%2Fwp%2Fv2%2Fproduct_brand&post=5077"},{"taxonomy":"product_cat","embeddable":true,"href":"https:\/\/goornament.com.br\/index.php?rest_route=%2Fwp%2Fv2%2Fproduct_cat&post=5077"},{"taxonomy":"product_tag","embeddable":true,"href":"https:\/\/goornament.com.br\/index.php?rest_route=%2Fwp%2Fv2%2Fproduct_tag&post=5077"}],"curies":[{"name":"wp","href":"https:\/\/api.w.org\/{rel}","templated":true}]}}