{"id":5222,"date":"2024-12-02T18:59:42","date_gmt":"2024-12-02T18:59:42","guid":{"rendered":"https:\/\/wheat-dog-104532.hostingersite.com\/?post_type=product&#038;p=5222"},"modified":"2026-02-10T05:22:16","modified_gmt":"2026-02-10T05:22:16","slug":"harmonia-botanica-copia","status":"publish","type":"product","link":"https:\/\/goornament.com.br\/?product=harmonia-botanica-copia","title":{"rendered":"Silhueta Natural"},"content":{"rendered":"\t\t<div data-elementor-type=\"product-post\" data-elementor-id=\"5222\" class=\"elementor elementor-5222\" data-elementor-post-type=\"product\">\n\t\t\t\t<div class=\"elementor-element elementor-element-e4d8d49 e-con-full e-flex e-con e-parent\" data-id=\"e4d8d49\" data-element_type=\"container\" data-e-type=\"container\">\n\t\t\t\t<div class=\"elementor-element elementor-element-166f2701 elementor-widget elementor-widget-text-editor\" data-id=\"166f2701\" data-element_type=\"widget\" data-e-type=\"widget\" data-widget_type=\"text-editor.default\">\n\t\t\t\t<div class=\"elementor-widget-container\">\n\t\t\t\t\t\t\t\t\t<div class=\"flex max-w-full flex-col flex-grow\">\n<div class=\"min-h-8 text-message flex w-full flex-col items-end gap-2 whitespace-normal break-words [.text-message+&amp;]:mt-5\" dir=\"auto\" data-message-author-role=\"assistant\" data-message-id=\"8550572c-6a97-4012-83b8-818973b2feb7\">\n<div class=\"flex w-full flex-col gap-1 empty:hidden first:pt-[3px]\">\n<div class=\"markdown prose w-full break-words dark:prose-invert light\">\n<h2 style=\"text-align: center;\"><em><strong>Silhueta Natural<\/strong><\/em><\/h2>\n<p style=\"text-align: center;\">Eleve o design do seu ambiente com o quadro Silhueta Bot\u00e2nica. Esta pe\u00e7a \u00e9 um exerc\u00edcio de eleg\u00e2ncia e equil\u00edbrio,<\/p>\n<p style=\"text-align: center;\">apresentando folhagens em tra\u00e7os pretos s\u00f3lidos que se sobrep\u00f5em a formas circulares e org\u00e2nicas em tons de terracota,<\/p>\n<p style=\"text-align: center;\">areia e azul petr\u00f3leo. Com uma est\u00e9tica que remete ao movimento <i data-path-to-node=\"3\" data-index-in-node=\"298\">Mid-Century Modern<\/i>,<\/p>\n<p style=\"text-align: center;\">esta obra transforma a natureza em uma composi\u00e7\u00e3o abstrata e luxuosa.<\/p>\n<p style=\"text-align: center;\">\u00c9 a escolha perfeita para quem busca um toque art\u00edstico refinado em salas de estar, escrit\u00f3rios ou dormit\u00f3rios,<\/p>\n<p style=\"text-align: center;\">integrando-se perfeitamente a decora\u00e7\u00f5es que valorizam o &#8220;menos \u00e9 mais&#8221;.<\/p><p style=\"text-align: center;\"><br><\/p>\n<hr>\n<p style=\"text-align: center;\"><em><strong><br><\/strong><\/em><\/p><p style=\"text-align: center;\"><em><strong>Destaques da Obra<\/strong><\/em><\/p>\n<p style=\"text-align: center;\" data-path-to-node=\"6,0,0\"><b data-path-to-node=\"6,0,0\" data-index-in-node=\"0\">Equil\u00edbrio Visual:<\/b> A sobreposi\u00e7\u00e3o de cores quentes (terracota) e frias (azul) cria um contraste din\u00e2mico que atrai o olhar sem perder a serenidade.<\/p>\n<p style=\"text-align: center;\" data-path-to-node=\"6,1,0\"><b data-path-to-node=\"6,1,0\" data-index-in-node=\"0\">Geometria Org\u00e2nica:<\/b> As formas circulares ao fundo simbolizam o sol e a terra, conferindo um significado ancestral e natural \u00e0 arte moderna.<\/p>\n<p style=\"text-align: center;\" data-path-to-node=\"6,2,0\"><b data-path-to-node=\"6,2,0\" data-index-in-node=\"0\">Paleta de Luxo:<\/b> O uso do azul profundo combinado com o ocre e o terracota evoca sofistica\u00e7\u00e3o e estabilidade, harmonizando com materiais como madeira, linho e metal.<\/p>\n<p style=\"text-align: center;\" data-path-to-node=\"6,3,0\"><b data-path-to-node=\"6,3,0\" data-index-in-node=\"0\">Estilo Vers\u00e1til:<\/b> Sua linguagem abstrata permite que a pe\u00e7a se adapte tanto a ambientes ultra-modernos quanto a espa\u00e7os com uma pegada mais r\u00fastica ou <i data-path-to-node=\"6,3,0\" data-index-in-node=\"150\">boho<\/i>.<\/p>\n<\/div>\n<\/div>\n<\/div>\n<\/div>\t\t\t\t\t\t\t\t<\/div>\n\t\t\t\t<\/div>\n\t\t\t\t<\/div>\n\t\t\t\t<\/div>\n\t\t","protected":false},"excerpt":{"rendered":"<p>Silhueta Natural Eleve o design do seu ambiente com o quadro Silhueta Bot\u00e2nica. Esta pe\u00e7a \u00e9 um exerc\u00edcio de eleg\u00e2ncia e equil\u00edbrio, apresentando folhagens em tra\u00e7os pretos s\u00f3lidos que se sobrep\u00f5em a formas circulares e org\u00e2nicas em tons de terracota, areia e azul petr\u00f3leo. Com uma est\u00e9tica que remete ao movimento Mid-Century Modern, esta obra [&hellip;]<\/p>\n","protected":false},"featured_media":7512,"comment_status":"open","ping_status":"closed","template":"","meta":{"_joinchat":[]},"product_brand":[],"product_cat":[73],"product_tag":[],"class_list":{"0":"post-5222","1":"product","2":"type-product","3":"status-publish","4":"has-post-thumbnail","6":"product_cat-abstrato","8":"first","9":"instock","10":"sale","11":"taxable","12":"shipping-taxable","13":"purchasable","14":"product-type-variable","15":"has-default-attributes"},"yoast_head":"<!-- This site is optimized with the Yoast SEO plugin v27.3 - https:\/\/yoast.com\/product\/yoast-seo-wordpress\/ -->\n<title>Silhueta Natural - https:\/\/goornament.com.br<\/title>\n<meta name=\"robots\" content=\"index, follow, max-snippet:-1, max-image-preview:large, max-video-preview:-1\" \/>\n<link rel=\"canonical\" href=\"https:\/\/mediumvioletred-anteater-114861.hostingersite.com\/?product=harmonia-botanica-copia\" \/>\n<meta property=\"og:locale\" content=\"pt_BR\" \/>\n<meta property=\"og:type\" content=\"article\" \/>\n<meta property=\"og:title\" content=\"Silhueta Natural - https:\/\/goornament.com.br\" \/>\n<meta property=\"og:description\" content=\"Silhueta Natural Eleve o design do seu ambiente com o quadro Silhueta Bot\u00e2nica. Esta pe\u00e7a \u00e9 um exerc\u00edcio de eleg\u00e2ncia e equil\u00edbrio, apresentando folhagens em tra\u00e7os pretos s\u00f3lidos que se sobrep\u00f5em a formas circulares e org\u00e2nicas em tons de terracota, areia e azul petr\u00f3leo. Com uma est\u00e9tica que remete ao movimento Mid-Century Modern, esta obra [&hellip;]\" \/>\n<meta property=\"og:url\" content=\"https:\/\/mediumvioletred-anteater-114861.hostingersite.com\/?product=harmonia-botanica-copia\" \/>\n<meta property=\"og:site_name\" content=\"https:\/\/goornament.com.br\" \/>\n<meta property=\"article:modified_time\" content=\"2026-02-10T05:22:16+00:00\" \/>\n<meta property=\"og:image\" content=\"https:\/\/mediumvioletred-anteater-114861.hostingersite.com\/wp-content\/uploads\/2024\/12\/MOLDURA-COM-VIDRO-3-2.png\" \/>\n\t<meta property=\"og:image:width\" content=\"600\" \/>\n\t<meta property=\"og:image:height\" content=\"900\" \/>\n\t<meta property=\"og:image:type\" content=\"image\/png\" \/>\n<meta name=\"twitter:card\" content=\"summary_large_image\" \/>\n<script type=\"application\/ld+json\" class=\"yoast-schema-graph\">{\"@context\":\"https:\\\/\\\/schema.org\",\"@graph\":[{\"@type\":\"WebPage\",\"@id\":\"https:\\\/\\\/mediumvioletred-anteater-114861.hostingersite.com\\\/?product=harmonia-botanica-copia\",\"url\":\"https:\\\/\\\/mediumvioletred-anteater-114861.hostingersite.com\\\/?product=harmonia-botanica-copia\",\"name\":\"Silhueta Natural - https:\\\/\\\/goornament.com.br\",\"isPartOf\":{\"@id\":\"https:\\\/\\\/goornament.com.br\\\/#website\"},\"primaryImageOfPage\":{\"@id\":\"https:\\\/\\\/mediumvioletred-anteater-114861.hostingersite.com\\\/?product=harmonia-botanica-copia#primaryimage\"},\"image\":{\"@id\":\"https:\\\/\\\/mediumvioletred-anteater-114861.hostingersite.com\\\/?product=harmonia-botanica-copia#primaryimage\"},\"thumbnailUrl\":\"https:\\\/\\\/goornament.com.br\\\/wp-content\\\/uploads\\\/2024\\\/12\\\/MOLDURA-COM-VIDRO-3-2.png\",\"datePublished\":\"2024-12-02T18:59:42+00:00\",\"dateModified\":\"2026-02-10T05:22:16+00:00\",\"breadcrumb\":{\"@id\":\"https:\\\/\\\/mediumvioletred-anteater-114861.hostingersite.com\\\/?product=harmonia-botanica-copia#breadcrumb\"},\"inLanguage\":\"pt-BR\",\"potentialAction\":[{\"@type\":\"ReadAction\",\"target\":[\"https:\\\/\\\/mediumvioletred-anteater-114861.hostingersite.com\\\/?product=harmonia-botanica-copia\"]}]},{\"@type\":\"ImageObject\",\"inLanguage\":\"pt-BR\",\"@id\":\"https:\\\/\\\/mediumvioletred-anteater-114861.hostingersite.com\\\/?product=harmonia-botanica-copia#primaryimage\",\"url\":\"https:\\\/\\\/goornament.com.br\\\/wp-content\\\/uploads\\\/2024\\\/12\\\/MOLDURA-COM-VIDRO-3-2.png\",\"contentUrl\":\"https:\\\/\\\/goornament.com.br\\\/wp-content\\\/uploads\\\/2024\\\/12\\\/MOLDURA-COM-VIDRO-3-2.png\",\"width\":600,\"height\":900},{\"@type\":\"BreadcrumbList\",\"@id\":\"https:\\\/\\\/mediumvioletred-anteater-114861.hostingersite.com\\\/?product=harmonia-botanica-copia#breadcrumb\",\"itemListElement\":[{\"@type\":\"ListItem\",\"position\":1,\"name\":\"In\u00edcio\",\"item\":\"https:\\\/\\\/goornament.com.br\\\/\"},{\"@type\":\"ListItem\",\"position\":2,\"name\":\"Loja\",\"item\":\"https:\\\/\\\/mediumvioletred-anteater-114861.hostingersite.com\\\/?page_id=2378\"},{\"@type\":\"ListItem\",\"position\":3,\"name\":\"Silhueta Natural\"}]},{\"@type\":\"WebSite\",\"@id\":\"https:\\\/\\\/goornament.com.br\\\/#website\",\"url\":\"https:\\\/\\\/goornament.com.br\\\/\",\"name\":\"https:\\\/\\\/goornament.com.br\",\"description\":\"\",\"publisher\":{\"@id\":\"https:\\\/\\\/goornament.com.br\\\/#organization\"},\"potentialAction\":[{\"@type\":\"SearchAction\",\"target\":{\"@type\":\"EntryPoint\",\"urlTemplate\":\"https:\\\/\\\/goornament.com.br\\\/?s={search_term_string}\"},\"query-input\":{\"@type\":\"PropertyValueSpecification\",\"valueRequired\":true,\"valueName\":\"search_term_string\"}}],\"inLanguage\":\"pt-BR\"},{\"@type\":\"Organization\",\"@id\":\"https:\\\/\\\/goornament.com.br\\\/#organization\",\"name\":\"https:\\\/\\\/goornament.com.br\",\"url\":\"https:\\\/\\\/goornament.com.br\\\/\",\"logo\":{\"@type\":\"ImageObject\",\"inLanguage\":\"pt-BR\",\"@id\":\"https:\\\/\\\/goornament.com.br\\\/#\\\/schema\\\/logo\\\/image\\\/\",\"url\":\"https:\\\/\\\/goornament.com.br\\\/wp-content\\\/uploads\\\/2024\\\/10\\\/LOGO-EXPERIMENTO5.png\",\"contentUrl\":\"https:\\\/\\\/goornament.com.br\\\/wp-content\\\/uploads\\\/2024\\\/10\\\/LOGO-EXPERIMENTO5.png\",\"width\":4675,\"height\":4675,\"caption\":\"https:\\\/\\\/goornament.com.br\"},\"image\":{\"@id\":\"https:\\\/\\\/goornament.com.br\\\/#\\\/schema\\\/logo\\\/image\\\/\"}}]}<\/script>\n<!-- \/ Yoast SEO plugin. -->","yoast_head_json":{"title":"Silhueta Natural - https:\/\/goornament.com.br","robots":{"index":"index","follow":"follow","max-snippet":"max-snippet:-1","max-image-preview":"max-image-preview:large","max-video-preview":"max-video-preview:-1"},"canonical":"https:\/\/mediumvioletred-anteater-114861.hostingersite.com\/?product=harmonia-botanica-copia","og_locale":"pt_BR","og_type":"article","og_title":"Silhueta Natural - https:\/\/goornament.com.br","og_description":"Silhueta Natural Eleve o design do seu ambiente com o quadro Silhueta Bot\u00e2nica. Esta pe\u00e7a \u00e9 um exerc\u00edcio de eleg\u00e2ncia e equil\u00edbrio, apresentando folhagens em tra\u00e7os pretos s\u00f3lidos que se sobrep\u00f5em a formas circulares e org\u00e2nicas em tons de terracota, areia e azul petr\u00f3leo. Com uma est\u00e9tica que remete ao movimento Mid-Century Modern, esta obra [&hellip;]","og_url":"https:\/\/mediumvioletred-anteater-114861.hostingersite.com\/?product=harmonia-botanica-copia","og_site_name":"https:\/\/goornament.com.br","article_modified_time":"2026-02-10T05:22:16+00:00","og_image":[{"width":600,"height":900,"url":"https:\/\/mediumvioletred-anteater-114861.hostingersite.com\/wp-content\/uploads\/2024\/12\/MOLDURA-COM-VIDRO-3-2.png","type":"image\/png"}],"twitter_card":"summary_large_image","schema":{"@context":"https:\/\/schema.org","@graph":[{"@type":"WebPage","@id":"https:\/\/mediumvioletred-anteater-114861.hostingersite.com\/?product=harmonia-botanica-copia","url":"https:\/\/mediumvioletred-anteater-114861.hostingersite.com\/?product=harmonia-botanica-copia","name":"Silhueta Natural - https:\/\/goornament.com.br","isPartOf":{"@id":"https:\/\/goornament.com.br\/#website"},"primaryImageOfPage":{"@id":"https:\/\/mediumvioletred-anteater-114861.hostingersite.com\/?product=harmonia-botanica-copia#primaryimage"},"image":{"@id":"https:\/\/mediumvioletred-anteater-114861.hostingersite.com\/?product=harmonia-botanica-copia#primaryimage"},"thumbnailUrl":"https:\/\/goornament.com.br\/wp-content\/uploads\/2024\/12\/MOLDURA-COM-VIDRO-3-2.png","datePublished":"2024-12-02T18:59:42+00:00","dateModified":"2026-02-10T05:22:16+00:00","breadcrumb":{"@id":"https:\/\/mediumvioletred-anteater-114861.hostingersite.com\/?product=harmonia-botanica-copia#breadcrumb"},"inLanguage":"pt-BR","potentialAction":[{"@type":"ReadAction","target":["https:\/\/mediumvioletred-anteater-114861.hostingersite.com\/?product=harmonia-botanica-copia"]}]},{"@type":"ImageObject","inLanguage":"pt-BR","@id":"https:\/\/mediumvioletred-anteater-114861.hostingersite.com\/?product=harmonia-botanica-copia#primaryimage","url":"https:\/\/goornament.com.br\/wp-content\/uploads\/2024\/12\/MOLDURA-COM-VIDRO-3-2.png","contentUrl":"https:\/\/goornament.com.br\/wp-content\/uploads\/2024\/12\/MOLDURA-COM-VIDRO-3-2.png","width":600,"height":900},{"@type":"BreadcrumbList","@id":"https:\/\/mediumvioletred-anteater-114861.hostingersite.com\/?product=harmonia-botanica-copia#breadcrumb","itemListElement":[{"@type":"ListItem","position":1,"name":"In\u00edcio","item":"https:\/\/goornament.com.br\/"},{"@type":"ListItem","position":2,"name":"Loja","item":"https:\/\/mediumvioletred-anteater-114861.hostingersite.com\/?page_id=2378"},{"@type":"ListItem","position":3,"name":"Silhueta Natural"}]},{"@type":"WebSite","@id":"https:\/\/goornament.com.br\/#website","url":"https:\/\/goornament.com.br\/","name":"https:\/\/goornament.com.br","description":"","publisher":{"@id":"https:\/\/goornament.com.br\/#organization"},"potentialAction":[{"@type":"SearchAction","target":{"@type":"EntryPoint","urlTemplate":"https:\/\/goornament.com.br\/?s={search_term_string}"},"query-input":{"@type":"PropertyValueSpecification","valueRequired":true,"valueName":"search_term_string"}}],"inLanguage":"pt-BR"},{"@type":"Organization","@id":"https:\/\/goornament.com.br\/#organization","name":"https:\/\/goornament.com.br","url":"https:\/\/goornament.com.br\/","logo":{"@type":"ImageObject","inLanguage":"pt-BR","@id":"https:\/\/goornament.com.br\/#\/schema\/logo\/image\/","url":"https:\/\/goornament.com.br\/wp-content\/uploads\/2024\/10\/LOGO-EXPERIMENTO5.png","contentUrl":"https:\/\/goornament.com.br\/wp-content\/uploads\/2024\/10\/LOGO-EXPERIMENTO5.png","width":4675,"height":4675,"caption":"https:\/\/goornament.com.br"},"image":{"@id":"https:\/\/goornament.com.br\/#\/schema\/logo\/image\/"}}]}},"_links":{"self":[{"href":"https:\/\/goornament.com.br\/index.php?rest_route=\/wp\/v2\/product\/5222","targetHints":{"allow":["GET"]}}],"collection":[{"href":"https:\/\/goornament.com.br\/index.php?rest_route=\/wp\/v2\/product"}],"about":[{"href":"https:\/\/goornament.com.br\/index.php?rest_route=\/wp\/v2\/types\/product"}],"replies":[{"embeddable":true,"href":"https:\/\/goornament.com.br\/index.php?rest_route=%2Fwp%2Fv2%2Fcomments&post=5222"}],"version-history":[{"count":6,"href":"https:\/\/goornament.com.br\/index.php?rest_route=\/wp\/v2\/product\/5222\/revisions"}],"predecessor-version":[{"id":33132,"href":"https:\/\/goornament.com.br\/index.php?rest_route=\/wp\/v2\/product\/5222\/revisions\/33132"}],"wp:featuredmedia":[{"embeddable":true,"href":"https:\/\/goornament.com.br\/index.php?rest_route=\/wp\/v2\/media\/7512"}],"wp:attachment":[{"href":"https:\/\/goornament.com.br\/index.php?rest_route=%2Fwp%2Fv2%2Fmedia&parent=5222"}],"wp:term":[{"taxonomy":"product_brand","embeddable":true,"href":"https:\/\/goornament.com.br\/index.php?rest_route=%2Fwp%2Fv2%2Fproduct_brand&post=5222"},{"taxonomy":"product_cat","embeddable":true,"href":"https:\/\/goornament.com.br\/index.php?rest_route=%2Fwp%2Fv2%2Fproduct_cat&post=5222"},{"taxonomy":"product_tag","embeddable":true,"href":"https:\/\/goornament.com.br\/index.php?rest_route=%2Fwp%2Fv2%2Fproduct_tag&post=5222"}],"curies":[{"name":"wp","href":"https:\/\/api.w.org\/{rel}","templated":true}]}}