{"id":5951,"date":"2024-12-02T21:06:35","date_gmt":"2024-12-02T21:06:35","guid":{"rendered":"https:\/\/wheat-dog-104532.hostingersite.com\/?post_type=product&#038;p=5951"},"modified":"2026-02-10T05:29:11","modified_gmt":"2026-02-10T05:29:11","slug":"curvas-do-tempo-copia","status":"publish","type":"product","link":"https:\/\/goornament.com.br\/?product=curvas-do-tempo-copia","title":{"rendered":"Floral r\u00fastico abstrato"},"content":{"rendered":"\t\t<div data-elementor-type=\"product-post\" data-elementor-id=\"5951\" class=\"elementor elementor-5951\" data-elementor-post-type=\"product\">\n\t\t\t\t<div class=\"elementor-element elementor-element-66560ed1 e-con-full e-flex e-con e-parent\" data-id=\"66560ed1\" data-element_type=\"container\" data-e-type=\"container\">\n\t\t\t\t<div class=\"elementor-element elementor-element-2e9a43ff elementor-widget elementor-widget-text-editor\" data-id=\"2e9a43ff\" data-element_type=\"widget\" data-e-type=\"widget\" data-widget_type=\"text-editor.default\">\n\t\t\t\t<div class=\"elementor-widget-container\">\n\t\t\t\t\t\t\t\t\t<div class=\"flex max-w-full flex-col flex-grow\">\n<div class=\"min-h-8 text-message flex w-full flex-col items-end gap-2 whitespace-normal break-words [.text-message+&amp;]:mt-5\" dir=\"auto\" data-message-author-role=\"assistant\" data-message-id=\"8550572c-6a97-4012-83b8-818973b2feb7\">\n<div class=\"flex w-full flex-col gap-1 empty:hidden first:pt-[3px]\">\n<div class=\"markdown prose w-full break-words dark:prose-invert light\">\n<h2 style=\"text-align: center;\"><em><strong>Floral r\u00fastico abstrato<\/strong><\/em><\/h2>\n<p style=\"text-align: center;\">D\u00ea um toque de vitalidade e design contempor\u00e2neo ao seu ambiente com o quadro <b data-path-to-node=\"3\" data-index-in-node=\"78\">Natureza em Movimento<\/b>.<\/p>\n<p style=\"text-align: center;\">Esta obra \u00e9 uma celebra\u00e7\u00e3o da harmonia visual, sobrepondo silhuetas bot\u00e2nicas detalhadas a formas circulares e abstratas.<\/p>\n<p style=\"text-align: center;\">Com uma paleta rica que transita entre o azul petr\u00f3leo, ocre, terracota e preto, esta pe\u00e7a<\/p>\n<p style=\"text-align: center;\">transforma qualquer parede em uma galeria de arte moderna e sofisticada.<\/p>\n<p style=\"text-align: center;\">Ideal para salas de estar, escrit\u00f3rios ou dormit\u00f3rios, integrando-se perfeitamente<\/p>\n<p style=\"text-align: center;\">a decora\u00e7\u00f5es que buscam equil\u00edbrio entre o org\u00e2nico e o geom\u00e9trico.<\/p><p style=\"text-align: center;\"><br><\/p>\n<hr>\n<p style=\"text-align: center;\"><em><strong><br><\/strong><\/em><\/p><p style=\"text-align: center;\"><em><strong>Destaques da Obra<\/strong><\/em><\/p>\n<p style=\"text-align: center;\" data-path-to-node=\"6,0,0\"><b data-path-to-node=\"6,0,0\" data-index-in-node=\"0\">Composi\u00e7\u00e3o Din\u00e2mica:<\/b> A mistura de galhos finos com c\u00edrculos de diferentes texturas e cores cria uma sensa\u00e7\u00e3o de profundidade e ritmo visual.<\/p>\n<p style=\"text-align: center;\" data-path-to-node=\"6,1,0\"><b data-path-to-node=\"6,1,0\" data-index-in-node=\"0\">Paleta de Cores Contempor\u00e2nea:<\/b> O uso de tons terrosos combinados com azul profundo e detalhes em dourado\/ocre oferece um visual luxuoso e vers\u00e1til.<\/p>\n<p style=\"text-align: center;\" data-path-to-node=\"6,2,0\"><b data-path-to-node=\"6,2,0\" data-index-in-node=\"0\">Detalhes Texturizados:<\/b> Elementos com padr\u00f5es de &#8220;pontilhismo&#8221; e granula\u00e7\u00e3o adicionam uma camada de complexidade art\u00edstica que valoriza a impress\u00e3o.<\/p>\n<p style=\"text-align: center;\" data-path-to-node=\"6,3,0\"><b data-path-to-node=\"6,3,0\" data-index-in-node=\"0\">Equil\u00edbrio Entre Estilos:<\/b> Une a leveza do estilo bot\u00e2nico \u00e0 for\u00e7a do abstracionismo geom\u00e9trico, sendo uma pe\u00e7a coringa para diversos tipos de interiores.<\/p>\n<\/div>\n<\/div>\n<\/div>\n<\/div>\t\t\t\t\t\t\t\t<\/div>\n\t\t\t\t<\/div>\n\t\t\t\t<\/div>\n\t\t\t\t<\/div>\n\t\t","protected":false},"excerpt":{"rendered":"<p>Floral r\u00fastico abstrato D\u00ea um toque de vitalidade e design contempor\u00e2neo ao seu ambiente com o quadro Natureza em Movimento. Esta obra \u00e9 uma celebra\u00e7\u00e3o da harmonia visual, sobrepondo silhuetas bot\u00e2nicas detalhadas a formas circulares e abstratas. Com uma paleta rica que transita entre o azul petr\u00f3leo, ocre, terracota e preto, esta pe\u00e7a transforma qualquer [&hellip;]<\/p>\n","protected":false},"featured_media":7515,"comment_status":"open","ping_status":"closed","template":"","meta":{"_joinchat":[]},"product_brand":[],"product_cat":[73],"product_tag":[],"class_list":{"0":"post-5951","1":"product","2":"type-product","3":"status-publish","4":"has-post-thumbnail","6":"product_cat-abstrato","8":"first","9":"instock","10":"sale","11":"taxable","12":"shipping-taxable","13":"purchasable","14":"product-type-variable","15":"has-default-attributes"},"yoast_head":"<!-- This site is optimized with the Yoast SEO plugin v27.3 - https:\/\/yoast.com\/product\/yoast-seo-wordpress\/ -->\n<title>Floral r\u00fastico abstrato - https:\/\/goornament.com.br<\/title>\n<meta name=\"robots\" content=\"index, follow, max-snippet:-1, max-image-preview:large, max-video-preview:-1\" \/>\n<link rel=\"canonical\" href=\"https:\/\/mediumvioletred-anteater-114861.hostingersite.com\/?product=curvas-do-tempo-copia\" \/>\n<meta property=\"og:locale\" content=\"pt_BR\" \/>\n<meta property=\"og:type\" content=\"article\" \/>\n<meta property=\"og:title\" content=\"Floral r\u00fastico abstrato - https:\/\/goornament.com.br\" \/>\n<meta property=\"og:description\" content=\"Floral r\u00fastico abstrato D\u00ea um toque de vitalidade e design contempor\u00e2neo ao seu ambiente com o quadro Natureza em Movimento. Esta obra \u00e9 uma celebra\u00e7\u00e3o da harmonia visual, sobrepondo silhuetas bot\u00e2nicas detalhadas a formas circulares e abstratas. Com uma paleta rica que transita entre o azul petr\u00f3leo, ocre, terracota e preto, esta pe\u00e7a transforma qualquer [&hellip;]\" \/>\n<meta property=\"og:url\" content=\"https:\/\/mediumvioletred-anteater-114861.hostingersite.com\/?product=curvas-do-tempo-copia\" \/>\n<meta property=\"og:site_name\" content=\"https:\/\/goornament.com.br\" \/>\n<meta property=\"article:modified_time\" content=\"2026-02-10T05:29:11+00:00\" \/>\n<meta property=\"og:image\" content=\"https:\/\/mediumvioletred-anteater-114861.hostingersite.com\/wp-content\/uploads\/2024\/12\/MOLDURA-COM-VIDRO-3-5.png\" \/>\n\t<meta property=\"og:image:width\" content=\"600\" \/>\n\t<meta property=\"og:image:height\" content=\"900\" \/>\n\t<meta property=\"og:image:type\" content=\"image\/png\" \/>\n<meta name=\"twitter:card\" content=\"summary_large_image\" \/>\n<script type=\"application\/ld+json\" class=\"yoast-schema-graph\">{\"@context\":\"https:\\\/\\\/schema.org\",\"@graph\":[{\"@type\":\"WebPage\",\"@id\":\"https:\\\/\\\/mediumvioletred-anteater-114861.hostingersite.com\\\/?product=curvas-do-tempo-copia\",\"url\":\"https:\\\/\\\/mediumvioletred-anteater-114861.hostingersite.com\\\/?product=curvas-do-tempo-copia\",\"name\":\"Floral r\u00fastico abstrato - https:\\\/\\\/goornament.com.br\",\"isPartOf\":{\"@id\":\"https:\\\/\\\/goornament.com.br\\\/#website\"},\"primaryImageOfPage\":{\"@id\":\"https:\\\/\\\/mediumvioletred-anteater-114861.hostingersite.com\\\/?product=curvas-do-tempo-copia#primaryimage\"},\"image\":{\"@id\":\"https:\\\/\\\/mediumvioletred-anteater-114861.hostingersite.com\\\/?product=curvas-do-tempo-copia#primaryimage\"},\"thumbnailUrl\":\"https:\\\/\\\/goornament.com.br\\\/wp-content\\\/uploads\\\/2024\\\/12\\\/MOLDURA-COM-VIDRO-3-5.png\",\"datePublished\":\"2024-12-02T21:06:35+00:00\",\"dateModified\":\"2026-02-10T05:29:11+00:00\",\"breadcrumb\":{\"@id\":\"https:\\\/\\\/mediumvioletred-anteater-114861.hostingersite.com\\\/?product=curvas-do-tempo-copia#breadcrumb\"},\"inLanguage\":\"pt-BR\",\"potentialAction\":[{\"@type\":\"ReadAction\",\"target\":[\"https:\\\/\\\/mediumvioletred-anteater-114861.hostingersite.com\\\/?product=curvas-do-tempo-copia\"]}]},{\"@type\":\"ImageObject\",\"inLanguage\":\"pt-BR\",\"@id\":\"https:\\\/\\\/mediumvioletred-anteater-114861.hostingersite.com\\\/?product=curvas-do-tempo-copia#primaryimage\",\"url\":\"https:\\\/\\\/goornament.com.br\\\/wp-content\\\/uploads\\\/2024\\\/12\\\/MOLDURA-COM-VIDRO-3-5.png\",\"contentUrl\":\"https:\\\/\\\/goornament.com.br\\\/wp-content\\\/uploads\\\/2024\\\/12\\\/MOLDURA-COM-VIDRO-3-5.png\",\"width\":600,\"height\":900},{\"@type\":\"BreadcrumbList\",\"@id\":\"https:\\\/\\\/mediumvioletred-anteater-114861.hostingersite.com\\\/?product=curvas-do-tempo-copia#breadcrumb\",\"itemListElement\":[{\"@type\":\"ListItem\",\"position\":1,\"name\":\"In\u00edcio\",\"item\":\"https:\\\/\\\/goornament.com.br\\\/\"},{\"@type\":\"ListItem\",\"position\":2,\"name\":\"Loja\",\"item\":\"https:\\\/\\\/mediumvioletred-anteater-114861.hostingersite.com\\\/?page_id=2378\"},{\"@type\":\"ListItem\",\"position\":3,\"name\":\"Floral r\u00fastico abstrato\"}]},{\"@type\":\"WebSite\",\"@id\":\"https:\\\/\\\/goornament.com.br\\\/#website\",\"url\":\"https:\\\/\\\/goornament.com.br\\\/\",\"name\":\"https:\\\/\\\/goornament.com.br\",\"description\":\"\",\"publisher\":{\"@id\":\"https:\\\/\\\/goornament.com.br\\\/#organization\"},\"potentialAction\":[{\"@type\":\"SearchAction\",\"target\":{\"@type\":\"EntryPoint\",\"urlTemplate\":\"https:\\\/\\\/goornament.com.br\\\/?s={search_term_string}\"},\"query-input\":{\"@type\":\"PropertyValueSpecification\",\"valueRequired\":true,\"valueName\":\"search_term_string\"}}],\"inLanguage\":\"pt-BR\"},{\"@type\":\"Organization\",\"@id\":\"https:\\\/\\\/goornament.com.br\\\/#organization\",\"name\":\"https:\\\/\\\/goornament.com.br\",\"url\":\"https:\\\/\\\/goornament.com.br\\\/\",\"logo\":{\"@type\":\"ImageObject\",\"inLanguage\":\"pt-BR\",\"@id\":\"https:\\\/\\\/goornament.com.br\\\/#\\\/schema\\\/logo\\\/image\\\/\",\"url\":\"https:\\\/\\\/goornament.com.br\\\/wp-content\\\/uploads\\\/2024\\\/10\\\/LOGO-EXPERIMENTO5.png\",\"contentUrl\":\"https:\\\/\\\/goornament.com.br\\\/wp-content\\\/uploads\\\/2024\\\/10\\\/LOGO-EXPERIMENTO5.png\",\"width\":4675,\"height\":4675,\"caption\":\"https:\\\/\\\/goornament.com.br\"},\"image\":{\"@id\":\"https:\\\/\\\/goornament.com.br\\\/#\\\/schema\\\/logo\\\/image\\\/\"}}]}<\/script>\n<!-- \/ Yoast SEO plugin. -->","yoast_head_json":{"title":"Floral r\u00fastico abstrato - https:\/\/goornament.com.br","robots":{"index":"index","follow":"follow","max-snippet":"max-snippet:-1","max-image-preview":"max-image-preview:large","max-video-preview":"max-video-preview:-1"},"canonical":"https:\/\/mediumvioletred-anteater-114861.hostingersite.com\/?product=curvas-do-tempo-copia","og_locale":"pt_BR","og_type":"article","og_title":"Floral r\u00fastico abstrato - https:\/\/goornament.com.br","og_description":"Floral r\u00fastico abstrato D\u00ea um toque de vitalidade e design contempor\u00e2neo ao seu ambiente com o quadro Natureza em Movimento. Esta obra \u00e9 uma celebra\u00e7\u00e3o da harmonia visual, sobrepondo silhuetas bot\u00e2nicas detalhadas a formas circulares e abstratas. Com uma paleta rica que transita entre o azul petr\u00f3leo, ocre, terracota e preto, esta pe\u00e7a transforma qualquer [&hellip;]","og_url":"https:\/\/mediumvioletred-anteater-114861.hostingersite.com\/?product=curvas-do-tempo-copia","og_site_name":"https:\/\/goornament.com.br","article_modified_time":"2026-02-10T05:29:11+00:00","og_image":[{"width":600,"height":900,"url":"https:\/\/mediumvioletred-anteater-114861.hostingersite.com\/wp-content\/uploads\/2024\/12\/MOLDURA-COM-VIDRO-3-5.png","type":"image\/png"}],"twitter_card":"summary_large_image","schema":{"@context":"https:\/\/schema.org","@graph":[{"@type":"WebPage","@id":"https:\/\/mediumvioletred-anteater-114861.hostingersite.com\/?product=curvas-do-tempo-copia","url":"https:\/\/mediumvioletred-anteater-114861.hostingersite.com\/?product=curvas-do-tempo-copia","name":"Floral r\u00fastico abstrato - https:\/\/goornament.com.br","isPartOf":{"@id":"https:\/\/goornament.com.br\/#website"},"primaryImageOfPage":{"@id":"https:\/\/mediumvioletred-anteater-114861.hostingersite.com\/?product=curvas-do-tempo-copia#primaryimage"},"image":{"@id":"https:\/\/mediumvioletred-anteater-114861.hostingersite.com\/?product=curvas-do-tempo-copia#primaryimage"},"thumbnailUrl":"https:\/\/goornament.com.br\/wp-content\/uploads\/2024\/12\/MOLDURA-COM-VIDRO-3-5.png","datePublished":"2024-12-02T21:06:35+00:00","dateModified":"2026-02-10T05:29:11+00:00","breadcrumb":{"@id":"https:\/\/mediumvioletred-anteater-114861.hostingersite.com\/?product=curvas-do-tempo-copia#breadcrumb"},"inLanguage":"pt-BR","potentialAction":[{"@type":"ReadAction","target":["https:\/\/mediumvioletred-anteater-114861.hostingersite.com\/?product=curvas-do-tempo-copia"]}]},{"@type":"ImageObject","inLanguage":"pt-BR","@id":"https:\/\/mediumvioletred-anteater-114861.hostingersite.com\/?product=curvas-do-tempo-copia#primaryimage","url":"https:\/\/goornament.com.br\/wp-content\/uploads\/2024\/12\/MOLDURA-COM-VIDRO-3-5.png","contentUrl":"https:\/\/goornament.com.br\/wp-content\/uploads\/2024\/12\/MOLDURA-COM-VIDRO-3-5.png","width":600,"height":900},{"@type":"BreadcrumbList","@id":"https:\/\/mediumvioletred-anteater-114861.hostingersite.com\/?product=curvas-do-tempo-copia#breadcrumb","itemListElement":[{"@type":"ListItem","position":1,"name":"In\u00edcio","item":"https:\/\/goornament.com.br\/"},{"@type":"ListItem","position":2,"name":"Loja","item":"https:\/\/mediumvioletred-anteater-114861.hostingersite.com\/?page_id=2378"},{"@type":"ListItem","position":3,"name":"Floral r\u00fastico abstrato"}]},{"@type":"WebSite","@id":"https:\/\/goornament.com.br\/#website","url":"https:\/\/goornament.com.br\/","name":"https:\/\/goornament.com.br","description":"","publisher":{"@id":"https:\/\/goornament.com.br\/#organization"},"potentialAction":[{"@type":"SearchAction","target":{"@type":"EntryPoint","urlTemplate":"https:\/\/goornament.com.br\/?s={search_term_string}"},"query-input":{"@type":"PropertyValueSpecification","valueRequired":true,"valueName":"search_term_string"}}],"inLanguage":"pt-BR"},{"@type":"Organization","@id":"https:\/\/goornament.com.br\/#organization","name":"https:\/\/goornament.com.br","url":"https:\/\/goornament.com.br\/","logo":{"@type":"ImageObject","inLanguage":"pt-BR","@id":"https:\/\/goornament.com.br\/#\/schema\/logo\/image\/","url":"https:\/\/goornament.com.br\/wp-content\/uploads\/2024\/10\/LOGO-EXPERIMENTO5.png","contentUrl":"https:\/\/goornament.com.br\/wp-content\/uploads\/2024\/10\/LOGO-EXPERIMENTO5.png","width":4675,"height":4675,"caption":"https:\/\/goornament.com.br"},"image":{"@id":"https:\/\/goornament.com.br\/#\/schema\/logo\/image\/"}}]}},"_links":{"self":[{"href":"https:\/\/goornament.com.br\/index.php?rest_route=\/wp\/v2\/product\/5951","targetHints":{"allow":["GET"]}}],"collection":[{"href":"https:\/\/goornament.com.br\/index.php?rest_route=\/wp\/v2\/product"}],"about":[{"href":"https:\/\/goornament.com.br\/index.php?rest_route=\/wp\/v2\/types\/product"}],"replies":[{"embeddable":true,"href":"https:\/\/goornament.com.br\/index.php?rest_route=%2Fwp%2Fv2%2Fcomments&post=5951"}],"version-history":[{"count":6,"href":"https:\/\/goornament.com.br\/index.php?rest_route=\/wp\/v2\/product\/5951\/revisions"}],"predecessor-version":[{"id":33156,"href":"https:\/\/goornament.com.br\/index.php?rest_route=\/wp\/v2\/product\/5951\/revisions\/33156"}],"wp:featuredmedia":[{"embeddable":true,"href":"https:\/\/goornament.com.br\/index.php?rest_route=\/wp\/v2\/media\/7515"}],"wp:attachment":[{"href":"https:\/\/goornament.com.br\/index.php?rest_route=%2Fwp%2Fv2%2Fmedia&parent=5951"}],"wp:term":[{"taxonomy":"product_brand","embeddable":true,"href":"https:\/\/goornament.com.br\/index.php?rest_route=%2Fwp%2Fv2%2Fproduct_brand&post=5951"},{"taxonomy":"product_cat","embeddable":true,"href":"https:\/\/goornament.com.br\/index.php?rest_route=%2Fwp%2Fv2%2Fproduct_cat&post=5951"},{"taxonomy":"product_tag","embeddable":true,"href":"https:\/\/goornament.com.br\/index.php?rest_route=%2Fwp%2Fv2%2Fproduct_tag&post=5951"}],"curies":[{"name":"wp","href":"https:\/\/api.w.org\/{rel}","templated":true}]}}