{"id":6399,"date":"2024-12-09T07:11:52","date_gmt":"2024-12-09T07:11:52","guid":{"rendered":"https:\/\/wheat-dog-104532.hostingersite.com\/?post_type=product&#038;p=6399"},"modified":"2026-02-10T05:33:59","modified_gmt":"2026-02-10T05:33:59","slug":"john-wesley","status":"publish","type":"product","link":"https:\/\/goornament.com.br\/?product=john-wesley","title":{"rendered":"John Wesley"},"content":{"rendered":"\t\t<div data-elementor-type=\"product-post\" data-elementor-id=\"6399\" class=\"elementor elementor-6399\" data-elementor-post-type=\"product\">\n\t\t\t\t<div class=\"elementor-element elementor-element-a2f4105 e-con-full e-flex e-con e-parent\" data-id=\"a2f4105\" data-element_type=\"container\" data-e-type=\"container\">\n\t\t\t\t<div class=\"elementor-element elementor-element-7137dfaa elementor-widget elementor-widget-text-editor\" data-id=\"7137dfaa\" data-element_type=\"widget\" data-e-type=\"widget\" data-widget_type=\"text-editor.default\">\n\t\t\t\t<div class=\"elementor-widget-container\">\n\t\t\t\t\t\t\t\t\t<div class=\"flex max-w-full flex-col flex-grow\">\n<div class=\"min-h-8 text-message flex w-full flex-col items-end gap-2 whitespace-normal break-words [.text-message+&amp;]:mt-5\" dir=\"auto\" data-message-author-role=\"assistant\" data-message-id=\"8550572c-6a97-4012-83b8-818973b2feb7\">\n<div class=\"flex w-full flex-col gap-1 empty:hidden first:pt-[3px]\">\n<div class=\"markdown prose w-full break-words dark:prose-invert light\">\n<h2 style=\"text-align: center;\"><strong><em>John Wesley<\/em><\/strong><\/h2>\n<p style=\"text-align: center;\">Inspire-se diariamente com a convic\u00e7\u00e3o inabal\u00e1vel de John Wesley atrav\u00e9s do quadro <b data-path-to-node=\"3\" data-index-in-node=\"83\">Miss\u00e3o de Almas<\/b>.<\/p>\n<p style=\"text-align: center;\">Esta pe\u00e7a destaca a frase ic\u00f4nica do fundador do metodismo: <i data-path-to-node=\"3\" data-index-in-node=\"160\">&#8220;Tua tarefa \u00fanica na terra \u00e9 esta: salvar almas&#8221;<\/i>.<\/p>\n<p style=\"text-align: center;\">Com uma composi\u00e7\u00e3o s\u00f3bria em tons de s\u00e9pia e marrom, emoldurada por formas que remetem a forma\u00e7\u00f5es<\/p>\n<p style=\"text-align: center;\">rochosas naturais, esta obra \u00e9 um chamado \u00e0 a\u00e7\u00e3o e um lembrete do prop\u00f3sito maior da vida crist\u00e3.<\/p>\n<p style=\"text-align: center;\">\u00c9 a escolha perfeita para gabinetes pastorais, salas de estudo b\u00edblico ou para presentear<\/p>\n<p style=\"text-align: center;\">l\u00edderes e mission\u00e1rios que dedicam suas vidas ao servi\u00e7o do pr\u00f3ximo.<\/p><p style=\"text-align: center;\"><br><\/p>\n<hr>\n<p style=\"text-align: center;\"><em><strong><br><\/strong><\/em><\/p><p style=\"text-align: center;\"><em><strong>Destaques da Obra<\/strong><\/em><\/p>\n<p style=\"text-align: center;\" data-path-to-node=\"6,0,0\"><b data-path-to-node=\"6,0,0\" data-index-in-node=\"0\">Legado Reformador:<\/b> Homenageia John Wesley, uma das figuras mais influentes da hist\u00f3ria crist\u00e3, trazendo sua voz e vis\u00e3o para o centro da sua decora\u00e7\u00e3o.<\/p>\n<p style=\"text-align: center;\" data-path-to-node=\"6,1,0\"><b data-path-to-node=\"6,1,0\" data-index-in-node=\"0\">Est\u00e9tica de Contempla\u00e7\u00e3o:<\/b> A paleta de cores neutras e os elementos org\u00e2nicos nas bordas criam uma profundidade visual que convida \u00e0 reflex\u00e3o e \u00e0 seriedade do tema.<\/p>\n<p style=\"text-align: center;\" data-path-to-node=\"6,2,0\"><b data-path-to-node=\"6,2,0\" data-index-in-node=\"0\">Tipografia de Impacto:<\/b> O contraste entre a fonte robusta para a mensagem principal e a assinatura elegante de Wesley confere autoridade e beleza \u00e0 pe\u00e7a.<\/p>\n<p style=\"text-align: center;\" data-path-to-node=\"6,3,0\"><b data-path-to-node=\"6,3,0\" data-index-in-node=\"0\">Design Atemporal:<\/b> A simplicidade e o foco na mensagem garantem que o quadro se integre harmoniosamente a ambientes cl\u00e1ssicos ou contempor\u00e2neos.<\/p>\n<\/div>\n<\/div>\n<\/div>\n<\/div>\t\t\t\t\t\t\t\t<\/div>\n\t\t\t\t<\/div>\n\t\t\t\t<\/div>\n\t\t\t\t<\/div>\n\t\t","protected":false},"excerpt":{"rendered":"<p>John Wesley Inspire-se diariamente com a convic\u00e7\u00e3o inabal\u00e1vel de John Wesley atrav\u00e9s do quadro Miss\u00e3o de Almas. Esta pe\u00e7a destaca a frase ic\u00f4nica do fundador do metodismo: &#8220;Tua tarefa \u00fanica na terra \u00e9 esta: salvar almas&#8221;. Com uma composi\u00e7\u00e3o s\u00f3bria em tons de s\u00e9pia e marrom, emoldurada por formas que remetem a forma\u00e7\u00f5es rochosas naturais, [&hellip;]<\/p>\n","protected":false},"featured_media":6525,"comment_status":"open","ping_status":"closed","template":"","meta":{"_joinchat":[]},"product_brand":[],"product_cat":[70,71],"product_tag":[],"class_list":{"0":"post-6399","1":"product","2":"type-product","3":"status-publish","4":"has-post-thumbnail","6":"product_cat-frases","7":"product_cat-tema-cristao","9":"first","10":"instock","11":"sale","12":"taxable","13":"shipping-taxable","14":"purchasable","15":"product-type-variable","16":"has-default-attributes"},"yoast_head":"<!-- This site is optimized with the Yoast SEO plugin v27.3 - https:\/\/yoast.com\/product\/yoast-seo-wordpress\/ -->\n<title>John Wesley - https:\/\/goornament.com.br<\/title>\n<meta name=\"robots\" content=\"index, follow, max-snippet:-1, max-image-preview:large, max-video-preview:-1\" \/>\n<link rel=\"canonical\" href=\"https:\/\/goornament.com.br\/?product=john-wesley\" \/>\n<meta property=\"og:locale\" content=\"pt_BR\" \/>\n<meta property=\"og:type\" content=\"article\" \/>\n<meta property=\"og:title\" content=\"John Wesley - https:\/\/goornament.com.br\" \/>\n<meta property=\"og:description\" content=\"John Wesley Inspire-se diariamente com a convic\u00e7\u00e3o inabal\u00e1vel de John Wesley atrav\u00e9s do quadro Miss\u00e3o de Almas. Esta pe\u00e7a destaca a frase ic\u00f4nica do fundador do metodismo: &#8220;Tua tarefa \u00fanica na terra \u00e9 esta: salvar almas&#8221;. Com uma composi\u00e7\u00e3o s\u00f3bria em tons de s\u00e9pia e marrom, emoldurada por formas que remetem a forma\u00e7\u00f5es rochosas naturais, [&hellip;]\" \/>\n<meta property=\"og:url\" content=\"https:\/\/goornament.com.br\/?product=john-wesley\" \/>\n<meta property=\"og:site_name\" content=\"https:\/\/goornament.com.br\" \/>\n<meta property=\"article:modified_time\" content=\"2026-02-10T05:33:59+00:00\" \/>\n<meta property=\"og:image\" content=\"https:\/\/goornament.com.br\/wp-content\/uploads\/2024\/12\/MOCKUP-01-ND-12.png\" \/>\n\t<meta property=\"og:image:width\" content=\"600\" \/>\n\t<meta property=\"og:image:height\" content=\"900\" \/>\n\t<meta property=\"og:image:type\" content=\"image\/png\" \/>\n<meta name=\"twitter:card\" content=\"summary_large_image\" \/>\n<script type=\"application\/ld+json\" class=\"yoast-schema-graph\">{\"@context\":\"https:\\\/\\\/schema.org\",\"@graph\":[{\"@type\":\"WebPage\",\"@id\":\"https:\\\/\\\/goornament.com.br\\\/?product=john-wesley\",\"url\":\"https:\\\/\\\/goornament.com.br\\\/?product=john-wesley\",\"name\":\"John Wesley - https:\\\/\\\/goornament.com.br\",\"isPartOf\":{\"@id\":\"https:\\\/\\\/goornament.com.br\\\/#website\"},\"primaryImageOfPage\":{\"@id\":\"https:\\\/\\\/goornament.com.br\\\/?product=john-wesley#primaryimage\"},\"image\":{\"@id\":\"https:\\\/\\\/goornament.com.br\\\/?product=john-wesley#primaryimage\"},\"thumbnailUrl\":\"https:\\\/\\\/goornament.com.br\\\/wp-content\\\/uploads\\\/2024\\\/12\\\/MOCKUP-01-ND-12.png\",\"datePublished\":\"2024-12-09T07:11:52+00:00\",\"dateModified\":\"2026-02-10T05:33:59+00:00\",\"breadcrumb\":{\"@id\":\"https:\\\/\\\/goornament.com.br\\\/?product=john-wesley#breadcrumb\"},\"inLanguage\":\"pt-BR\",\"potentialAction\":[{\"@type\":\"ReadAction\",\"target\":[\"https:\\\/\\\/goornament.com.br\\\/?product=john-wesley\"]}]},{\"@type\":\"ImageObject\",\"inLanguage\":\"pt-BR\",\"@id\":\"https:\\\/\\\/goornament.com.br\\\/?product=john-wesley#primaryimage\",\"url\":\"https:\\\/\\\/goornament.com.br\\\/wp-content\\\/uploads\\\/2024\\\/12\\\/MOCKUP-01-ND-12.png\",\"contentUrl\":\"https:\\\/\\\/goornament.com.br\\\/wp-content\\\/uploads\\\/2024\\\/12\\\/MOCKUP-01-ND-12.png\",\"width\":600,\"height\":900},{\"@type\":\"BreadcrumbList\",\"@id\":\"https:\\\/\\\/goornament.com.br\\\/?product=john-wesley#breadcrumb\",\"itemListElement\":[{\"@type\":\"ListItem\",\"position\":1,\"name\":\"In\u00edcio\",\"item\":\"https:\\\/\\\/goornament.com.br\\\/\"},{\"@type\":\"ListItem\",\"position\":2,\"name\":\"Loja\",\"item\":\"https:\\\/\\\/mediumvioletred-anteater-114861.hostingersite.com\\\/?page_id=2378\"},{\"@type\":\"ListItem\",\"position\":3,\"name\":\"John Wesley\"}]},{\"@type\":\"WebSite\",\"@id\":\"https:\\\/\\\/goornament.com.br\\\/#website\",\"url\":\"https:\\\/\\\/goornament.com.br\\\/\",\"name\":\"https:\\\/\\\/goornament.com.br\",\"description\":\"\",\"publisher\":{\"@id\":\"https:\\\/\\\/goornament.com.br\\\/#organization\"},\"potentialAction\":[{\"@type\":\"SearchAction\",\"target\":{\"@type\":\"EntryPoint\",\"urlTemplate\":\"https:\\\/\\\/goornament.com.br\\\/?s={search_term_string}\"},\"query-input\":{\"@type\":\"PropertyValueSpecification\",\"valueRequired\":true,\"valueName\":\"search_term_string\"}}],\"inLanguage\":\"pt-BR\"},{\"@type\":\"Organization\",\"@id\":\"https:\\\/\\\/goornament.com.br\\\/#organization\",\"name\":\"https:\\\/\\\/goornament.com.br\",\"url\":\"https:\\\/\\\/goornament.com.br\\\/\",\"logo\":{\"@type\":\"ImageObject\",\"inLanguage\":\"pt-BR\",\"@id\":\"https:\\\/\\\/goornament.com.br\\\/#\\\/schema\\\/logo\\\/image\\\/\",\"url\":\"https:\\\/\\\/goornament.com.br\\\/wp-content\\\/uploads\\\/2024\\\/10\\\/LOGO-EXPERIMENTO5.png\",\"contentUrl\":\"https:\\\/\\\/goornament.com.br\\\/wp-content\\\/uploads\\\/2024\\\/10\\\/LOGO-EXPERIMENTO5.png\",\"width\":4675,\"height\":4675,\"caption\":\"https:\\\/\\\/goornament.com.br\"},\"image\":{\"@id\":\"https:\\\/\\\/goornament.com.br\\\/#\\\/schema\\\/logo\\\/image\\\/\"}}]}<\/script>\n<!-- \/ Yoast SEO plugin. -->","yoast_head_json":{"title":"John Wesley - https:\/\/goornament.com.br","robots":{"index":"index","follow":"follow","max-snippet":"max-snippet:-1","max-image-preview":"max-image-preview:large","max-video-preview":"max-video-preview:-1"},"canonical":"https:\/\/goornament.com.br\/?product=john-wesley","og_locale":"pt_BR","og_type":"article","og_title":"John Wesley - https:\/\/goornament.com.br","og_description":"John Wesley Inspire-se diariamente com a convic\u00e7\u00e3o inabal\u00e1vel de John Wesley atrav\u00e9s do quadro Miss\u00e3o de Almas. Esta pe\u00e7a destaca a frase ic\u00f4nica do fundador do metodismo: &#8220;Tua tarefa \u00fanica na terra \u00e9 esta: salvar almas&#8221;. Com uma composi\u00e7\u00e3o s\u00f3bria em tons de s\u00e9pia e marrom, emoldurada por formas que remetem a forma\u00e7\u00f5es rochosas naturais, [&hellip;]","og_url":"https:\/\/goornament.com.br\/?product=john-wesley","og_site_name":"https:\/\/goornament.com.br","article_modified_time":"2026-02-10T05:33:59+00:00","og_image":[{"width":600,"height":900,"url":"https:\/\/goornament.com.br\/wp-content\/uploads\/2024\/12\/MOCKUP-01-ND-12.png","type":"image\/png"}],"twitter_card":"summary_large_image","schema":{"@context":"https:\/\/schema.org","@graph":[{"@type":"WebPage","@id":"https:\/\/goornament.com.br\/?product=john-wesley","url":"https:\/\/goornament.com.br\/?product=john-wesley","name":"John Wesley - https:\/\/goornament.com.br","isPartOf":{"@id":"https:\/\/goornament.com.br\/#website"},"primaryImageOfPage":{"@id":"https:\/\/goornament.com.br\/?product=john-wesley#primaryimage"},"image":{"@id":"https:\/\/goornament.com.br\/?product=john-wesley#primaryimage"},"thumbnailUrl":"https:\/\/goornament.com.br\/wp-content\/uploads\/2024\/12\/MOCKUP-01-ND-12.png","datePublished":"2024-12-09T07:11:52+00:00","dateModified":"2026-02-10T05:33:59+00:00","breadcrumb":{"@id":"https:\/\/goornament.com.br\/?product=john-wesley#breadcrumb"},"inLanguage":"pt-BR","potentialAction":[{"@type":"ReadAction","target":["https:\/\/goornament.com.br\/?product=john-wesley"]}]},{"@type":"ImageObject","inLanguage":"pt-BR","@id":"https:\/\/goornament.com.br\/?product=john-wesley#primaryimage","url":"https:\/\/goornament.com.br\/wp-content\/uploads\/2024\/12\/MOCKUP-01-ND-12.png","contentUrl":"https:\/\/goornament.com.br\/wp-content\/uploads\/2024\/12\/MOCKUP-01-ND-12.png","width":600,"height":900},{"@type":"BreadcrumbList","@id":"https:\/\/goornament.com.br\/?product=john-wesley#breadcrumb","itemListElement":[{"@type":"ListItem","position":1,"name":"In\u00edcio","item":"https:\/\/goornament.com.br\/"},{"@type":"ListItem","position":2,"name":"Loja","item":"https:\/\/mediumvioletred-anteater-114861.hostingersite.com\/?page_id=2378"},{"@type":"ListItem","position":3,"name":"John Wesley"}]},{"@type":"WebSite","@id":"https:\/\/goornament.com.br\/#website","url":"https:\/\/goornament.com.br\/","name":"https:\/\/goornament.com.br","description":"","publisher":{"@id":"https:\/\/goornament.com.br\/#organization"},"potentialAction":[{"@type":"SearchAction","target":{"@type":"EntryPoint","urlTemplate":"https:\/\/goornament.com.br\/?s={search_term_string}"},"query-input":{"@type":"PropertyValueSpecification","valueRequired":true,"valueName":"search_term_string"}}],"inLanguage":"pt-BR"},{"@type":"Organization","@id":"https:\/\/goornament.com.br\/#organization","name":"https:\/\/goornament.com.br","url":"https:\/\/goornament.com.br\/","logo":{"@type":"ImageObject","inLanguage":"pt-BR","@id":"https:\/\/goornament.com.br\/#\/schema\/logo\/image\/","url":"https:\/\/goornament.com.br\/wp-content\/uploads\/2024\/10\/LOGO-EXPERIMENTO5.png","contentUrl":"https:\/\/goornament.com.br\/wp-content\/uploads\/2024\/10\/LOGO-EXPERIMENTO5.png","width":4675,"height":4675,"caption":"https:\/\/goornament.com.br"},"image":{"@id":"https:\/\/goornament.com.br\/#\/schema\/logo\/image\/"}}]}},"_links":{"self":[{"href":"https:\/\/goornament.com.br\/index.php?rest_route=\/wp\/v2\/product\/6399","targetHints":{"allow":["GET"]}}],"collection":[{"href":"https:\/\/goornament.com.br\/index.php?rest_route=\/wp\/v2\/product"}],"about":[{"href":"https:\/\/goornament.com.br\/index.php?rest_route=\/wp\/v2\/types\/product"}],"replies":[{"embeddable":true,"href":"https:\/\/goornament.com.br\/index.php?rest_route=%2Fwp%2Fv2%2Fcomments&post=6399"}],"version-history":[{"count":5,"href":"https:\/\/goornament.com.br\/index.php?rest_route=\/wp\/v2\/product\/6399\/revisions"}],"predecessor-version":[{"id":33171,"href":"https:\/\/goornament.com.br\/index.php?rest_route=\/wp\/v2\/product\/6399\/revisions\/33171"}],"wp:featuredmedia":[{"embeddable":true,"href":"https:\/\/goornament.com.br\/index.php?rest_route=\/wp\/v2\/media\/6525"}],"wp:attachment":[{"href":"https:\/\/goornament.com.br\/index.php?rest_route=%2Fwp%2Fv2%2Fmedia&parent=6399"}],"wp:term":[{"taxonomy":"product_brand","embeddable":true,"href":"https:\/\/goornament.com.br\/index.php?rest_route=%2Fwp%2Fv2%2Fproduct_brand&post=6399"},{"taxonomy":"product_cat","embeddable":true,"href":"https:\/\/goornament.com.br\/index.php?rest_route=%2Fwp%2Fv2%2Fproduct_cat&post=6399"},{"taxonomy":"product_tag","embeddable":true,"href":"https:\/\/goornament.com.br\/index.php?rest_route=%2Fwp%2Fv2%2Fproduct_tag&post=6399"}],"curies":[{"name":"wp","href":"https:\/\/api.w.org\/{rel}","templated":true}]}}