{"id":6686,"date":"2024-12-15T21:04:58","date_gmt":"2024-12-15T21:04:58","guid":{"rendered":"https:\/\/wheat-dog-104532.hostingersite.com\/?post_type=product&#038;p=6686"},"modified":"2026-02-10T05:35:32","modified_gmt":"2026-02-10T05:35:32","slug":"yeshua","status":"publish","type":"product","link":"https:\/\/goornament.com.br\/?product=yeshua","title":{"rendered":"Yeshua"},"content":{"rendered":"\t\t<div data-elementor-type=\"product-post\" data-elementor-id=\"6686\" class=\"elementor elementor-6686\" data-elementor-post-type=\"product\">\n\t\t\t\t<div class=\"elementor-element elementor-element-37d912c7 e-con-full e-flex e-con e-parent\" data-id=\"37d912c7\" data-element_type=\"container\" data-e-type=\"container\">\n\t\t\t\t<div class=\"elementor-element elementor-element-7665aff2 elementor-widget elementor-widget-text-editor\" data-id=\"7665aff2\" data-element_type=\"widget\" data-e-type=\"widget\" data-widget_type=\"text-editor.default\">\n\t\t\t\t<div class=\"elementor-widget-container\">\n\t\t\t\t\t\t\t\t\t<div class=\"flex max-w-full flex-col flex-grow\">\n<div class=\"min-h-8 text-message flex w-full flex-col items-end gap-2 whitespace-normal break-words [.text-message+&amp;]:mt-5\" dir=\"auto\" data-message-author-role=\"assistant\" data-message-id=\"8550572c-6a97-4012-83b8-818973b2feb7\">\n<div class=\"flex w-full flex-col gap-1 empty:hidden first:pt-[3px]\">\n<div class=\"markdown prose w-full break-words dark:prose-invert light\">\n<h2 style=\"text-align: center;\"><strong><em>Yeshua<\/em><\/strong><\/h2>\n<p style=\"text-align: center;\">Contemple a ess\u00eancia da esperan\u00e7a crist\u00e3 com o quadro <b data-path-to-node=\"3\" data-index-in-node=\"54\">Yeshua<\/b>. Esta obra apresenta o nome de Jesus em hebraico,<\/p>\n<p style=\"text-align: center;\">acompanhado pelos cinco t\u00edtulos prof\u00e9ticos de Isa\u00edas 9:6: <i data-path-to-node=\"3\" data-index-in-node=\"169\">&#8220;Maravilhoso, Conselheiro, Deus Forte, Pai da Eternidade e Pr\u00edncipe da Paz&#8221;<\/i>.<\/p>\n<p style=\"text-align: center;\">Com uma est\u00e9tica que utiliza tons de areia e caf\u00e9 sobre uma textura de linho r\u00fastico, esta pe\u00e7a \u00e9 uma<\/p>\n<p style=\"text-align: center;\">declara\u00e7\u00e3o visual de quem Ele \u00e9, trazendo autoridade e serenidade para o seu lar.<\/p>\n<p style=\"text-align: center;\">\u00c9 a escolha definitiva para salas de estar, espa\u00e7os de ora\u00e7\u00e3o ou bibliotecas,<\/p>\n<p style=\"text-align: center;\">servindo como um ponto de adora\u00e7\u00e3o e reflex\u00e3o sobre a soberania divina.<\/p><p style=\"text-align: center;\"><br><\/p>\n<hr>\n<p style=\"text-align: center;\"><strong><em><br><\/em><\/strong><\/p><p style=\"text-align: center;\"><strong><em>Destaques da Obra<\/em><\/strong><\/p>\n<p style=\"text-align: center;\" data-path-to-node=\"6,0,0\"><b data-path-to-node=\"6,0,0\" data-index-in-node=\"0\">Identidade B\u00edblica Profunda:<\/b> O uso do hebraico (<b data-path-to-node=\"6,0,0\" data-index-in-node=\"48\">\u05d9\u05b5\u05e9\u05c1\u05d5\u05bc\u05e2\u05b7<\/b>) conecta o ambiente \u00e0s ra\u00edzes da f\u00e9, enquanto os t\u00edtulos em portugu\u00eas oferecem clareza e conforto espiritual.<\/p>\n<p style=\"text-align: center;\" data-path-to-node=\"6,1,0\"><b data-path-to-node=\"6,1,0\" data-index-in-node=\"0\">Est\u00e9tica de Galeria:<\/b> O fundo com textura de tecido e a paleta monocrom\u00e1tica terrosa conferem um ar de pe\u00e7a hist\u00f3rica e atemporal, integrando-se a qualquer estilo de decora\u00e7\u00e3o.<\/p>\n<p style=\"text-align: center;\" data-path-to-node=\"6,2,0\"><b data-path-to-node=\"6,2,0\" data-index-in-node=\"0\">Tipografia Elegante:<\/b> A combina\u00e7\u00e3o de fontes cl\u00e1ssicas com elementos bot\u00e2nicos lineares nas extremidades cria uma composi\u00e7\u00e3o equilibrada e de extremo bom gosto.<\/p>\n<p style=\"text-align: center;\" data-path-to-node=\"6,3,0\"><b data-path-to-node=\"6,3,0\" data-index-in-node=\"0\">Ambiente de Paz:<\/b> As cores suaves foram escolhidas para promover uma atmosfera acolhedora, tornando o quadro um convite di\u00e1rio \u00e0 calma e \u00e0 confian\u00e7a no &#8220;Pr\u00edncipe da Paz&#8221;.<\/p>\n<\/div>\n<\/div>\n<\/div>\n<\/div>\t\t\t\t\t\t\t\t<\/div>\n\t\t\t\t<\/div>\n\t\t\t\t<\/div>\n\t\t\t\t<\/div>\n\t\t","protected":false},"excerpt":{"rendered":"<p>Yeshua Contemple a ess\u00eancia da esperan\u00e7a crist\u00e3 com o quadro Yeshua. Esta obra apresenta o nome de Jesus em hebraico, acompanhado pelos cinco t\u00edtulos prof\u00e9ticos de Isa\u00edas 9:6: &#8220;Maravilhoso, Conselheiro, Deus Forte, Pai da Eternidade e Pr\u00edncipe da Paz&#8221;. Com uma est\u00e9tica que utiliza tons de areia e caf\u00e9 sobre uma textura de linho r\u00fastico, [&hellip;]<\/p>\n","protected":false},"featured_media":6812,"comment_status":"open","ping_status":"closed","template":"","meta":{"_joinchat":[]},"product_brand":[],"product_cat":[70,71],"product_tag":[],"class_list":{"0":"post-6686","1":"product","2":"type-product","3":"status-publish","4":"has-post-thumbnail","6":"product_cat-frases","7":"product_cat-tema-cristao","9":"first","10":"instock","11":"sale","12":"taxable","13":"shipping-taxable","14":"purchasable","15":"product-type-variable","16":"has-default-attributes"},"yoast_head":"<!-- This site is optimized with the Yoast SEO plugin v27.3 - https:\/\/yoast.com\/product\/yoast-seo-wordpress\/ -->\n<title>Yeshua - https:\/\/goornament.com.br<\/title>\n<meta name=\"robots\" content=\"index, follow, max-snippet:-1, max-image-preview:large, max-video-preview:-1\" \/>\n<link rel=\"canonical\" href=\"https:\/\/goornament.com.br\/?product=yeshua\" \/>\n<meta property=\"og:locale\" content=\"pt_BR\" \/>\n<meta property=\"og:type\" content=\"article\" \/>\n<meta property=\"og:title\" content=\"Yeshua - https:\/\/goornament.com.br\" \/>\n<meta property=\"og:description\" content=\"Yeshua Contemple a ess\u00eancia da esperan\u00e7a crist\u00e3 com o quadro Yeshua. Esta obra apresenta o nome de Jesus em hebraico, acompanhado pelos cinco t\u00edtulos prof\u00e9ticos de Isa\u00edas 9:6: &#8220;Maravilhoso, Conselheiro, Deus Forte, Pai da Eternidade e Pr\u00edncipe da Paz&#8221;. Com uma est\u00e9tica que utiliza tons de areia e caf\u00e9 sobre uma textura de linho r\u00fastico, [&hellip;]\" \/>\n<meta property=\"og:url\" content=\"https:\/\/goornament.com.br\/?product=yeshua\" \/>\n<meta property=\"og:site_name\" content=\"https:\/\/goornament.com.br\" \/>\n<meta property=\"article:modified_time\" content=\"2026-02-10T05:35:32+00:00\" \/>\n<meta property=\"og:image\" content=\"https:\/\/goornament.com.br\/wp-content\/uploads\/2024\/12\/menorah-5.png\" \/>\n\t<meta property=\"og:image:width\" content=\"600\" \/>\n\t<meta property=\"og:image:height\" content=\"900\" \/>\n\t<meta property=\"og:image:type\" content=\"image\/png\" \/>\n<meta name=\"twitter:card\" content=\"summary_large_image\" \/>\n<script type=\"application\/ld+json\" class=\"yoast-schema-graph\">{\"@context\":\"https:\\\/\\\/schema.org\",\"@graph\":[{\"@type\":\"WebPage\",\"@id\":\"https:\\\/\\\/goornament.com.br\\\/?product=yeshua\",\"url\":\"https:\\\/\\\/goornament.com.br\\\/?product=yeshua\",\"name\":\"Yeshua - https:\\\/\\\/goornament.com.br\",\"isPartOf\":{\"@id\":\"https:\\\/\\\/goornament.com.br\\\/#website\"},\"primaryImageOfPage\":{\"@id\":\"https:\\\/\\\/goornament.com.br\\\/?product=yeshua#primaryimage\"},\"image\":{\"@id\":\"https:\\\/\\\/goornament.com.br\\\/?product=yeshua#primaryimage\"},\"thumbnailUrl\":\"https:\\\/\\\/goornament.com.br\\\/wp-content\\\/uploads\\\/2024\\\/12\\\/menorah-5.png\",\"datePublished\":\"2024-12-15T21:04:58+00:00\",\"dateModified\":\"2026-02-10T05:35:32+00:00\",\"breadcrumb\":{\"@id\":\"https:\\\/\\\/goornament.com.br\\\/?product=yeshua#breadcrumb\"},\"inLanguage\":\"pt-BR\",\"potentialAction\":[{\"@type\":\"ReadAction\",\"target\":[\"https:\\\/\\\/goornament.com.br\\\/?product=yeshua\"]}]},{\"@type\":\"ImageObject\",\"inLanguage\":\"pt-BR\",\"@id\":\"https:\\\/\\\/goornament.com.br\\\/?product=yeshua#primaryimage\",\"url\":\"https:\\\/\\\/goornament.com.br\\\/wp-content\\\/uploads\\\/2024\\\/12\\\/menorah-5.png\",\"contentUrl\":\"https:\\\/\\\/goornament.com.br\\\/wp-content\\\/uploads\\\/2024\\\/12\\\/menorah-5.png\",\"width\":600,\"height\":900},{\"@type\":\"BreadcrumbList\",\"@id\":\"https:\\\/\\\/goornament.com.br\\\/?product=yeshua#breadcrumb\",\"itemListElement\":[{\"@type\":\"ListItem\",\"position\":1,\"name\":\"In\u00edcio\",\"item\":\"https:\\\/\\\/goornament.com.br\\\/\"},{\"@type\":\"ListItem\",\"position\":2,\"name\":\"Loja\",\"item\":\"https:\\\/\\\/mediumvioletred-anteater-114861.hostingersite.com\\\/?page_id=2378\"},{\"@type\":\"ListItem\",\"position\":3,\"name\":\"Yeshua\"}]},{\"@type\":\"WebSite\",\"@id\":\"https:\\\/\\\/goornament.com.br\\\/#website\",\"url\":\"https:\\\/\\\/goornament.com.br\\\/\",\"name\":\"https:\\\/\\\/goornament.com.br\",\"description\":\"\",\"publisher\":{\"@id\":\"https:\\\/\\\/goornament.com.br\\\/#organization\"},\"potentialAction\":[{\"@type\":\"SearchAction\",\"target\":{\"@type\":\"EntryPoint\",\"urlTemplate\":\"https:\\\/\\\/goornament.com.br\\\/?s={search_term_string}\"},\"query-input\":{\"@type\":\"PropertyValueSpecification\",\"valueRequired\":true,\"valueName\":\"search_term_string\"}}],\"inLanguage\":\"pt-BR\"},{\"@type\":\"Organization\",\"@id\":\"https:\\\/\\\/goornament.com.br\\\/#organization\",\"name\":\"https:\\\/\\\/goornament.com.br\",\"url\":\"https:\\\/\\\/goornament.com.br\\\/\",\"logo\":{\"@type\":\"ImageObject\",\"inLanguage\":\"pt-BR\",\"@id\":\"https:\\\/\\\/goornament.com.br\\\/#\\\/schema\\\/logo\\\/image\\\/\",\"url\":\"https:\\\/\\\/goornament.com.br\\\/wp-content\\\/uploads\\\/2024\\\/10\\\/LOGO-EXPERIMENTO5.png\",\"contentUrl\":\"https:\\\/\\\/goornament.com.br\\\/wp-content\\\/uploads\\\/2024\\\/10\\\/LOGO-EXPERIMENTO5.png\",\"width\":4675,\"height\":4675,\"caption\":\"https:\\\/\\\/goornament.com.br\"},\"image\":{\"@id\":\"https:\\\/\\\/goornament.com.br\\\/#\\\/schema\\\/logo\\\/image\\\/\"}}]}<\/script>\n<!-- \/ Yoast SEO plugin. -->","yoast_head_json":{"title":"Yeshua - https:\/\/goornament.com.br","robots":{"index":"index","follow":"follow","max-snippet":"max-snippet:-1","max-image-preview":"max-image-preview:large","max-video-preview":"max-video-preview:-1"},"canonical":"https:\/\/goornament.com.br\/?product=yeshua","og_locale":"pt_BR","og_type":"article","og_title":"Yeshua - https:\/\/goornament.com.br","og_description":"Yeshua Contemple a ess\u00eancia da esperan\u00e7a crist\u00e3 com o quadro Yeshua. Esta obra apresenta o nome de Jesus em hebraico, acompanhado pelos cinco t\u00edtulos prof\u00e9ticos de Isa\u00edas 9:6: &#8220;Maravilhoso, Conselheiro, Deus Forte, Pai da Eternidade e Pr\u00edncipe da Paz&#8221;. Com uma est\u00e9tica que utiliza tons de areia e caf\u00e9 sobre uma textura de linho r\u00fastico, [&hellip;]","og_url":"https:\/\/goornament.com.br\/?product=yeshua","og_site_name":"https:\/\/goornament.com.br","article_modified_time":"2026-02-10T05:35:32+00:00","og_image":[{"width":600,"height":900,"url":"https:\/\/goornament.com.br\/wp-content\/uploads\/2024\/12\/menorah-5.png","type":"image\/png"}],"twitter_card":"summary_large_image","schema":{"@context":"https:\/\/schema.org","@graph":[{"@type":"WebPage","@id":"https:\/\/goornament.com.br\/?product=yeshua","url":"https:\/\/goornament.com.br\/?product=yeshua","name":"Yeshua - https:\/\/goornament.com.br","isPartOf":{"@id":"https:\/\/goornament.com.br\/#website"},"primaryImageOfPage":{"@id":"https:\/\/goornament.com.br\/?product=yeshua#primaryimage"},"image":{"@id":"https:\/\/goornament.com.br\/?product=yeshua#primaryimage"},"thumbnailUrl":"https:\/\/goornament.com.br\/wp-content\/uploads\/2024\/12\/menorah-5.png","datePublished":"2024-12-15T21:04:58+00:00","dateModified":"2026-02-10T05:35:32+00:00","breadcrumb":{"@id":"https:\/\/goornament.com.br\/?product=yeshua#breadcrumb"},"inLanguage":"pt-BR","potentialAction":[{"@type":"ReadAction","target":["https:\/\/goornament.com.br\/?product=yeshua"]}]},{"@type":"ImageObject","inLanguage":"pt-BR","@id":"https:\/\/goornament.com.br\/?product=yeshua#primaryimage","url":"https:\/\/goornament.com.br\/wp-content\/uploads\/2024\/12\/menorah-5.png","contentUrl":"https:\/\/goornament.com.br\/wp-content\/uploads\/2024\/12\/menorah-5.png","width":600,"height":900},{"@type":"BreadcrumbList","@id":"https:\/\/goornament.com.br\/?product=yeshua#breadcrumb","itemListElement":[{"@type":"ListItem","position":1,"name":"In\u00edcio","item":"https:\/\/goornament.com.br\/"},{"@type":"ListItem","position":2,"name":"Loja","item":"https:\/\/mediumvioletred-anteater-114861.hostingersite.com\/?page_id=2378"},{"@type":"ListItem","position":3,"name":"Yeshua"}]},{"@type":"WebSite","@id":"https:\/\/goornament.com.br\/#website","url":"https:\/\/goornament.com.br\/","name":"https:\/\/goornament.com.br","description":"","publisher":{"@id":"https:\/\/goornament.com.br\/#organization"},"potentialAction":[{"@type":"SearchAction","target":{"@type":"EntryPoint","urlTemplate":"https:\/\/goornament.com.br\/?s={search_term_string}"},"query-input":{"@type":"PropertyValueSpecification","valueRequired":true,"valueName":"search_term_string"}}],"inLanguage":"pt-BR"},{"@type":"Organization","@id":"https:\/\/goornament.com.br\/#organization","name":"https:\/\/goornament.com.br","url":"https:\/\/goornament.com.br\/","logo":{"@type":"ImageObject","inLanguage":"pt-BR","@id":"https:\/\/goornament.com.br\/#\/schema\/logo\/image\/","url":"https:\/\/goornament.com.br\/wp-content\/uploads\/2024\/10\/LOGO-EXPERIMENTO5.png","contentUrl":"https:\/\/goornament.com.br\/wp-content\/uploads\/2024\/10\/LOGO-EXPERIMENTO5.png","width":4675,"height":4675,"caption":"https:\/\/goornament.com.br"},"image":{"@id":"https:\/\/goornament.com.br\/#\/schema\/logo\/image\/"}}]}},"_links":{"self":[{"href":"https:\/\/goornament.com.br\/index.php?rest_route=\/wp\/v2\/product\/6686","targetHints":{"allow":["GET"]}}],"collection":[{"href":"https:\/\/goornament.com.br\/index.php?rest_route=\/wp\/v2\/product"}],"about":[{"href":"https:\/\/goornament.com.br\/index.php?rest_route=\/wp\/v2\/types\/product"}],"replies":[{"embeddable":true,"href":"https:\/\/goornament.com.br\/index.php?rest_route=%2Fwp%2Fv2%2Fcomments&post=6686"}],"version-history":[{"count":5,"href":"https:\/\/goornament.com.br\/index.php?rest_route=\/wp\/v2\/product\/6686\/revisions"}],"predecessor-version":[{"id":33176,"href":"https:\/\/goornament.com.br\/index.php?rest_route=\/wp\/v2\/product\/6686\/revisions\/33176"}],"wp:featuredmedia":[{"embeddable":true,"href":"https:\/\/goornament.com.br\/index.php?rest_route=\/wp\/v2\/media\/6812"}],"wp:attachment":[{"href":"https:\/\/goornament.com.br\/index.php?rest_route=%2Fwp%2Fv2%2Fmedia&parent=6686"}],"wp:term":[{"taxonomy":"product_brand","embeddable":true,"href":"https:\/\/goornament.com.br\/index.php?rest_route=%2Fwp%2Fv2%2Fproduct_brand&post=6686"},{"taxonomy":"product_cat","embeddable":true,"href":"https:\/\/goornament.com.br\/index.php?rest_route=%2Fwp%2Fv2%2Fproduct_cat&post=6686"},{"taxonomy":"product_tag","embeddable":true,"href":"https:\/\/goornament.com.br\/index.php?rest_route=%2Fwp%2Fv2%2Fproduct_tag&post=6686"}],"curies":[{"name":"wp","href":"https:\/\/api.w.org\/{rel}","templated":true}]}}