{"id":6830,"date":"2024-12-15T21:21:37","date_gmt":"2024-12-15T21:21:37","guid":{"rendered":"https:\/\/wheat-dog-104532.hostingersite.com\/?post_type=product&#038;p=6830"},"modified":"2026-02-10T05:36:55","modified_gmt":"2026-02-10T05:36:55","slug":"menorah","status":"publish","type":"product","link":"https:\/\/goornament.com.br\/?product=menorah","title":{"rendered":"Menorah"},"content":{"rendered":"\t\t<div data-elementor-type=\"product-post\" data-elementor-id=\"6830\" class=\"elementor elementor-6830\" data-elementor-post-type=\"product\">\n\t\t\t\t<div class=\"elementor-element elementor-element-4e698384 e-con-full e-flex e-con e-parent\" data-id=\"4e698384\" data-element_type=\"container\" data-e-type=\"container\">\n\t\t\t\t<div class=\"elementor-element elementor-element-419e7c39 elementor-widget elementor-widget-text-editor\" data-id=\"419e7c39\" data-element_type=\"widget\" data-e-type=\"widget\" data-widget_type=\"text-editor.default\">\n\t\t\t\t<div class=\"elementor-widget-container\">\n\t\t\t\t\t\t\t\t\t<div class=\"flex max-w-full flex-col flex-grow\">\n<div class=\"min-h-8 text-message flex w-full flex-col items-end gap-2 whitespace-normal break-words [.text-message+&amp;]:mt-5\" dir=\"auto\" data-message-author-role=\"assistant\" data-message-id=\"8550572c-6a97-4012-83b8-818973b2feb7\">\n<div class=\"flex w-full flex-col gap-1 empty:hidden first:pt-[3px]\">\n<div class=\"markdown prose w-full break-words dark:prose-invert light\">\n<h2 style=\"text-align: center;\"><em><strong>Menorah<\/strong><\/em><\/h2>\n<p style=\"text-align: center;\">Ilumine seu ambiente com o simbolismo sagrado do quadro <b data-path-to-node=\"3\" data-index-in-node=\"56\">Menorah<\/b>. Esta pe\u00e7a apresenta o candelabro b\u00edblico de sete bra\u00e7os,<\/p>\n<p style=\"text-align: center;\">um dos \u00edcones mais antigos e poderosos da f\u00e9, acompanhado das exorta\u00e7\u00f5es: <i data-path-to-node=\"3\" data-index-in-node=\"196\">&#8220;Que as l\u00e2mpadas fiquem sempre acesas&#8221;<\/i><\/p>\n<p style=\"text-align: center;\">(\u00caxodo 28:20) e <i data-path-to-node=\"3\" data-index-in-node=\"251\">&#8220;N\u00e3o apaguem o Esp\u00edrito&#8221;<\/i> (1 Tessalonicenses 5:19). Com um design que emana uma luz suave ao<\/p>\n<p style=\"text-align: center;\">fundo e tons de vinho e dourado, este quadro \u00e9 um convite \u00e0 vigil\u00e2ncia espiritual e \u00e0 comunh\u00e3o constante.<\/p><p style=\"text-align: center;\"><br><\/p>\n<hr>\n<p style=\"text-align: center;\"><strong><em><br><\/em><\/strong><\/p><p style=\"text-align: center;\"><strong><em>Destaques da Obra<\/em><\/strong><\/p>\n<p style=\"text-align: center;\" data-path-to-node=\"5,0,0\"><b data-path-to-node=\"5,0,0\" data-index-in-node=\"0\">Simbologia Milenar:<\/b> A Menorah representa a presen\u00e7a de Deus, a sabedoria e a luz divina que guia o caminho do fiel.<\/p>\n<p style=\"text-align: center;\" data-path-to-node=\"5,1,0\"><b data-path-to-node=\"5,1,0\" data-index-in-node=\"0\">Dualidade B\u00edblica:<\/b> Conecta o Antigo e o Novo Testamento, lembrando que o compromisso de manter a chama acesa permanece vivo hoje atrav\u00e9s do Esp\u00edrito Santo.<\/p>\n<p style=\"text-align: center;\" data-path-to-node=\"5,2,0\"><b data-path-to-node=\"5,2,0\" data-index-in-node=\"0\">Efeito de Ilumina\u00e7\u00e3o Visual:<\/b> O fundo possui um gradiente que simula a irradia\u00e7\u00e3o da luz das chamas, criando um ponto de calor visual na decora\u00e7\u00e3o.<\/p>\n<p style=\"text-align: center;\" data-path-to-node=\"5,3,0\"><b data-path-to-node=\"5,3,0\" data-index-in-node=\"0\">Eleg\u00e2ncia Cl\u00e1ssica:<\/b> A combina\u00e7\u00e3o de cores ricas sobre o fundo neutro texturizado confere uma sofistica\u00e7\u00e3o discreta a salas de ora\u00e7\u00e3o e escrit\u00f3rios.<\/p>\n<\/div>\n<\/div>\n<\/div>\n<\/div>\t\t\t\t\t\t\t\t<\/div>\n\t\t\t\t<\/div>\n\t\t\t\t<\/div>\n\t\t\t\t<\/div>\n\t\t","protected":false},"excerpt":{"rendered":"<p>Menorah Ilumine seu ambiente com o simbolismo sagrado do quadro Menorah. Esta pe\u00e7a apresenta o candelabro b\u00edblico de sete bra\u00e7os, um dos \u00edcones mais antigos e poderosos da f\u00e9, acompanhado das exorta\u00e7\u00f5es: &#8220;Que as l\u00e2mpadas fiquem sempre acesas&#8221; (\u00caxodo 28:20) e &#8220;N\u00e3o apaguem o Esp\u00edrito&#8221; (1 Tessalonicenses 5:19). Com um design que emana uma luz [&hellip;]<\/p>\n","protected":false},"featured_media":6956,"comment_status":"open","ping_status":"closed","template":"","meta":{"_joinchat":[]},"product_brand":[],"product_cat":[70,71],"product_tag":[],"class_list":{"0":"post-6830","1":"product","2":"type-product","3":"status-publish","4":"has-post-thumbnail","6":"product_cat-frases","7":"product_cat-tema-cristao","9":"first","10":"instock","11":"sale","12":"taxable","13":"shipping-taxable","14":"purchasable","15":"product-type-variable","16":"has-default-attributes"},"yoast_head":"<!-- This site is optimized with the Yoast SEO plugin v27.3 - https:\/\/yoast.com\/product\/yoast-seo-wordpress\/ -->\n<title>Menorah - https:\/\/goornament.com.br<\/title>\n<meta name=\"robots\" content=\"index, follow, max-snippet:-1, max-image-preview:large, max-video-preview:-1\" \/>\n<link rel=\"canonical\" href=\"https:\/\/goornament.com.br\/?product=menorah\" \/>\n<meta property=\"og:locale\" content=\"pt_BR\" \/>\n<meta property=\"og:type\" content=\"article\" \/>\n<meta property=\"og:title\" content=\"Menorah - https:\/\/goornament.com.br\" \/>\n<meta property=\"og:description\" content=\"Menorah Ilumine seu ambiente com o simbolismo sagrado do quadro Menorah. Esta pe\u00e7a apresenta o candelabro b\u00edblico de sete bra\u00e7os, um dos \u00edcones mais antigos e poderosos da f\u00e9, acompanhado das exorta\u00e7\u00f5es: &#8220;Que as l\u00e2mpadas fiquem sempre acesas&#8221; (\u00caxodo 28:20) e &#8220;N\u00e3o apaguem o Esp\u00edrito&#8221; (1 Tessalonicenses 5:19). Com um design que emana uma luz [&hellip;]\" \/>\n<meta property=\"og:url\" content=\"https:\/\/goornament.com.br\/?product=menorah\" \/>\n<meta property=\"og:site_name\" content=\"https:\/\/goornament.com.br\" \/>\n<meta property=\"article:modified_time\" content=\"2026-02-10T05:36:55+00:00\" \/>\n<meta property=\"og:image\" content=\"https:\/\/goornament.com.br\/wp-content\/uploads\/2024\/12\/menorah-5-1.png\" \/>\n\t<meta property=\"og:image:width\" content=\"600\" \/>\n\t<meta property=\"og:image:height\" content=\"900\" \/>\n\t<meta property=\"og:image:type\" content=\"image\/png\" \/>\n<meta name=\"twitter:card\" content=\"summary_large_image\" \/>\n<script type=\"application\/ld+json\" class=\"yoast-schema-graph\">{\"@context\":\"https:\\\/\\\/schema.org\",\"@graph\":[{\"@type\":\"WebPage\",\"@id\":\"https:\\\/\\\/goornament.com.br\\\/?product=menorah\",\"url\":\"https:\\\/\\\/goornament.com.br\\\/?product=menorah\",\"name\":\"Menorah - https:\\\/\\\/goornament.com.br\",\"isPartOf\":{\"@id\":\"https:\\\/\\\/goornament.com.br\\\/#website\"},\"primaryImageOfPage\":{\"@id\":\"https:\\\/\\\/goornament.com.br\\\/?product=menorah#primaryimage\"},\"image\":{\"@id\":\"https:\\\/\\\/goornament.com.br\\\/?product=menorah#primaryimage\"},\"thumbnailUrl\":\"https:\\\/\\\/goornament.com.br\\\/wp-content\\\/uploads\\\/2024\\\/12\\\/menorah-5-1.png\",\"datePublished\":\"2024-12-15T21:21:37+00:00\",\"dateModified\":\"2026-02-10T05:36:55+00:00\",\"breadcrumb\":{\"@id\":\"https:\\\/\\\/goornament.com.br\\\/?product=menorah#breadcrumb\"},\"inLanguage\":\"pt-BR\",\"potentialAction\":[{\"@type\":\"ReadAction\",\"target\":[\"https:\\\/\\\/goornament.com.br\\\/?product=menorah\"]}]},{\"@type\":\"ImageObject\",\"inLanguage\":\"pt-BR\",\"@id\":\"https:\\\/\\\/goornament.com.br\\\/?product=menorah#primaryimage\",\"url\":\"https:\\\/\\\/goornament.com.br\\\/wp-content\\\/uploads\\\/2024\\\/12\\\/menorah-5-1.png\",\"contentUrl\":\"https:\\\/\\\/goornament.com.br\\\/wp-content\\\/uploads\\\/2024\\\/12\\\/menorah-5-1.png\",\"width\":600,\"height\":900},{\"@type\":\"BreadcrumbList\",\"@id\":\"https:\\\/\\\/goornament.com.br\\\/?product=menorah#breadcrumb\",\"itemListElement\":[{\"@type\":\"ListItem\",\"position\":1,\"name\":\"In\u00edcio\",\"item\":\"https:\\\/\\\/goornament.com.br\\\/\"},{\"@type\":\"ListItem\",\"position\":2,\"name\":\"Loja\",\"item\":\"https:\\\/\\\/mediumvioletred-anteater-114861.hostingersite.com\\\/?page_id=2378\"},{\"@type\":\"ListItem\",\"position\":3,\"name\":\"Menorah\"}]},{\"@type\":\"WebSite\",\"@id\":\"https:\\\/\\\/goornament.com.br\\\/#website\",\"url\":\"https:\\\/\\\/goornament.com.br\\\/\",\"name\":\"https:\\\/\\\/goornament.com.br\",\"description\":\"\",\"publisher\":{\"@id\":\"https:\\\/\\\/goornament.com.br\\\/#organization\"},\"potentialAction\":[{\"@type\":\"SearchAction\",\"target\":{\"@type\":\"EntryPoint\",\"urlTemplate\":\"https:\\\/\\\/goornament.com.br\\\/?s={search_term_string}\"},\"query-input\":{\"@type\":\"PropertyValueSpecification\",\"valueRequired\":true,\"valueName\":\"search_term_string\"}}],\"inLanguage\":\"pt-BR\"},{\"@type\":\"Organization\",\"@id\":\"https:\\\/\\\/goornament.com.br\\\/#organization\",\"name\":\"https:\\\/\\\/goornament.com.br\",\"url\":\"https:\\\/\\\/goornament.com.br\\\/\",\"logo\":{\"@type\":\"ImageObject\",\"inLanguage\":\"pt-BR\",\"@id\":\"https:\\\/\\\/goornament.com.br\\\/#\\\/schema\\\/logo\\\/image\\\/\",\"url\":\"https:\\\/\\\/goornament.com.br\\\/wp-content\\\/uploads\\\/2024\\\/10\\\/LOGO-EXPERIMENTO5.png\",\"contentUrl\":\"https:\\\/\\\/goornament.com.br\\\/wp-content\\\/uploads\\\/2024\\\/10\\\/LOGO-EXPERIMENTO5.png\",\"width\":4675,\"height\":4675,\"caption\":\"https:\\\/\\\/goornament.com.br\"},\"image\":{\"@id\":\"https:\\\/\\\/goornament.com.br\\\/#\\\/schema\\\/logo\\\/image\\\/\"}}]}<\/script>\n<!-- \/ Yoast SEO plugin. -->","yoast_head_json":{"title":"Menorah - https:\/\/goornament.com.br","robots":{"index":"index","follow":"follow","max-snippet":"max-snippet:-1","max-image-preview":"max-image-preview:large","max-video-preview":"max-video-preview:-1"},"canonical":"https:\/\/goornament.com.br\/?product=menorah","og_locale":"pt_BR","og_type":"article","og_title":"Menorah - https:\/\/goornament.com.br","og_description":"Menorah Ilumine seu ambiente com o simbolismo sagrado do quadro Menorah. Esta pe\u00e7a apresenta o candelabro b\u00edblico de sete bra\u00e7os, um dos \u00edcones mais antigos e poderosos da f\u00e9, acompanhado das exorta\u00e7\u00f5es: &#8220;Que as l\u00e2mpadas fiquem sempre acesas&#8221; (\u00caxodo 28:20) e &#8220;N\u00e3o apaguem o Esp\u00edrito&#8221; (1 Tessalonicenses 5:19). Com um design que emana uma luz [&hellip;]","og_url":"https:\/\/goornament.com.br\/?product=menorah","og_site_name":"https:\/\/goornament.com.br","article_modified_time":"2026-02-10T05:36:55+00:00","og_image":[{"width":600,"height":900,"url":"https:\/\/goornament.com.br\/wp-content\/uploads\/2024\/12\/menorah-5-1.png","type":"image\/png"}],"twitter_card":"summary_large_image","schema":{"@context":"https:\/\/schema.org","@graph":[{"@type":"WebPage","@id":"https:\/\/goornament.com.br\/?product=menorah","url":"https:\/\/goornament.com.br\/?product=menorah","name":"Menorah - https:\/\/goornament.com.br","isPartOf":{"@id":"https:\/\/goornament.com.br\/#website"},"primaryImageOfPage":{"@id":"https:\/\/goornament.com.br\/?product=menorah#primaryimage"},"image":{"@id":"https:\/\/goornament.com.br\/?product=menorah#primaryimage"},"thumbnailUrl":"https:\/\/goornament.com.br\/wp-content\/uploads\/2024\/12\/menorah-5-1.png","datePublished":"2024-12-15T21:21:37+00:00","dateModified":"2026-02-10T05:36:55+00:00","breadcrumb":{"@id":"https:\/\/goornament.com.br\/?product=menorah#breadcrumb"},"inLanguage":"pt-BR","potentialAction":[{"@type":"ReadAction","target":["https:\/\/goornament.com.br\/?product=menorah"]}]},{"@type":"ImageObject","inLanguage":"pt-BR","@id":"https:\/\/goornament.com.br\/?product=menorah#primaryimage","url":"https:\/\/goornament.com.br\/wp-content\/uploads\/2024\/12\/menorah-5-1.png","contentUrl":"https:\/\/goornament.com.br\/wp-content\/uploads\/2024\/12\/menorah-5-1.png","width":600,"height":900},{"@type":"BreadcrumbList","@id":"https:\/\/goornament.com.br\/?product=menorah#breadcrumb","itemListElement":[{"@type":"ListItem","position":1,"name":"In\u00edcio","item":"https:\/\/goornament.com.br\/"},{"@type":"ListItem","position":2,"name":"Loja","item":"https:\/\/mediumvioletred-anteater-114861.hostingersite.com\/?page_id=2378"},{"@type":"ListItem","position":3,"name":"Menorah"}]},{"@type":"WebSite","@id":"https:\/\/goornament.com.br\/#website","url":"https:\/\/goornament.com.br\/","name":"https:\/\/goornament.com.br","description":"","publisher":{"@id":"https:\/\/goornament.com.br\/#organization"},"potentialAction":[{"@type":"SearchAction","target":{"@type":"EntryPoint","urlTemplate":"https:\/\/goornament.com.br\/?s={search_term_string}"},"query-input":{"@type":"PropertyValueSpecification","valueRequired":true,"valueName":"search_term_string"}}],"inLanguage":"pt-BR"},{"@type":"Organization","@id":"https:\/\/goornament.com.br\/#organization","name":"https:\/\/goornament.com.br","url":"https:\/\/goornament.com.br\/","logo":{"@type":"ImageObject","inLanguage":"pt-BR","@id":"https:\/\/goornament.com.br\/#\/schema\/logo\/image\/","url":"https:\/\/goornament.com.br\/wp-content\/uploads\/2024\/10\/LOGO-EXPERIMENTO5.png","contentUrl":"https:\/\/goornament.com.br\/wp-content\/uploads\/2024\/10\/LOGO-EXPERIMENTO5.png","width":4675,"height":4675,"caption":"https:\/\/goornament.com.br"},"image":{"@id":"https:\/\/goornament.com.br\/#\/schema\/logo\/image\/"}}]}},"_links":{"self":[{"href":"https:\/\/goornament.com.br\/index.php?rest_route=\/wp\/v2\/product\/6830","targetHints":{"allow":["GET"]}}],"collection":[{"href":"https:\/\/goornament.com.br\/index.php?rest_route=\/wp\/v2\/product"}],"about":[{"href":"https:\/\/goornament.com.br\/index.php?rest_route=\/wp\/v2\/types\/product"}],"replies":[{"embeddable":true,"href":"https:\/\/goornament.com.br\/index.php?rest_route=%2Fwp%2Fv2%2Fcomments&post=6830"}],"version-history":[{"count":5,"href":"https:\/\/goornament.com.br\/index.php?rest_route=\/wp\/v2\/product\/6830\/revisions"}],"predecessor-version":[{"id":33181,"href":"https:\/\/goornament.com.br\/index.php?rest_route=\/wp\/v2\/product\/6830\/revisions\/33181"}],"wp:featuredmedia":[{"embeddable":true,"href":"https:\/\/goornament.com.br\/index.php?rest_route=\/wp\/v2\/media\/6956"}],"wp:attachment":[{"href":"https:\/\/goornament.com.br\/index.php?rest_route=%2Fwp%2Fv2%2Fmedia&parent=6830"}],"wp:term":[{"taxonomy":"product_brand","embeddable":true,"href":"https:\/\/goornament.com.br\/index.php?rest_route=%2Fwp%2Fv2%2Fproduct_brand&post=6830"},{"taxonomy":"product_cat","embeddable":true,"href":"https:\/\/goornament.com.br\/index.php?rest_route=%2Fwp%2Fv2%2Fproduct_cat&post=6830"},{"taxonomy":"product_tag","embeddable":true,"href":"https:\/\/goornament.com.br\/index.php?rest_route=%2Fwp%2Fv2%2Fproduct_tag&post=6830"}],"curies":[{"name":"wp","href":"https:\/\/api.w.org\/{rel}","templated":true}]}}