{"id":7145,"date":"2024-12-15T22:15:08","date_gmt":"2024-12-15T22:15:08","guid":{"rendered":"https:\/\/wheat-dog-104532.hostingersite.com\/?post_type=product&#038;p=7145"},"modified":"2026-02-10T05:42:40","modified_gmt":"2026-02-10T05:42:40","slug":"linhas-de-amor-copia","status":"publish","type":"product","link":"https:\/\/goornament.com.br\/?product=linhas-de-amor-copia","title":{"rendered":"Romanos 8"},"content":{"rendered":"\t\t<div data-elementor-type=\"product-post\" data-elementor-id=\"7145\" class=\"elementor elementor-7145\" data-elementor-post-type=\"product\">\n\t\t\t\t<div class=\"elementor-element elementor-element-51113b39 e-con-full e-flex e-con e-parent\" data-id=\"51113b39\" data-element_type=\"container\" data-e-type=\"container\">\n\t\t\t\t<div class=\"elementor-element elementor-element-6da8c3a4 elementor-widget elementor-widget-text-editor\" data-id=\"6da8c3a4\" data-element_type=\"widget\" data-e-type=\"widget\" data-widget_type=\"text-editor.default\">\n\t\t\t\t<div class=\"elementor-widget-container\">\n\t\t\t\t\t\t\t\t\t<div class=\"flex max-w-full flex-col flex-grow\">\n<div class=\"min-h-8 text-message flex w-full flex-col items-end gap-2 whitespace-normal break-words [.text-message+&amp;]:mt-5\" dir=\"auto\" data-message-author-role=\"assistant\" data-message-id=\"8550572c-6a97-4012-83b8-818973b2feb7\">\n<div class=\"flex w-full flex-col gap-1 empty:hidden first:pt-[3px]\">\n<div class=\"markdown prose w-full break-words dark:prose-invert light\">\n<h2 style=\"text-align: center;\"><em>Romanos 8<\/em><\/h2>\n<p style=\"text-align: center;\">Celebre a inabal\u00e1vel seguran\u00e7a da f\u00e9 com o quadro Amor Eterno. Esta pe\u00e7a destaca a poderosa promessa de<\/p>\n<p style=\"text-align: center;\">Romanos 8:39: &#8220;Nada me separar\u00e1 do amor de Deus&#8221;, apresentada em uma composi\u00e7\u00e3o vibrante que transita<\/p>\n<p style=\"text-align: center;\">entre tons de p\u00f4r do sol e o azul profundo do entardecer. Com uma tipografia moderna e marcante, esta obra<\/p>\n<p style=\"text-align: center;\">\u00e9 um lembrete constante de que n\u00e3o h\u00e1 dist\u00e2ncia ou obst\u00e1culo capaz de nos afastar do cuidado divino, trazendo confian\u00e7a e vigor para o seu lar.<\/p>\n<p style=\"text-align: center;\">\u00c9 a escolha perfeita para corredores, escrit\u00f3rios ou quartos, servindo como uma afirma\u00e7\u00e3o di\u00e1ria de identidade e prote\u00e7\u00e3o espiritual.<\/p><p style=\"text-align: center;\"><br><\/p>\n<hr>\n<p style=\"text-align: center;\"><em><strong><br><\/strong><\/em><\/p><p style=\"text-align: center;\"><em><strong>Destaques da Obra<\/strong><\/em><\/p>\n<p style=\"text-align: center;\" data-path-to-node=\"4,0,0\"><b data-path-to-node=\"4,0,0\" data-index-in-node=\"0\">Fundamento B\u00edblico Inabal\u00e1vel:<\/b> A cita\u00e7\u00e3o direta de Romanos 8:39 oferece uma base s\u00f3lida de esperan\u00e7a, refor\u00e7ando a convic\u00e7\u00e3o na presen\u00e7a constante de Deus.<\/p>\n<p style=\"text-align: center;\" data-path-to-node=\"4,1,0\"><b data-path-to-node=\"4,1,0\" data-index-in-node=\"0\">Gradiente Atmosf\u00e9rico:<\/b> O fundo em degrad\u00ea, que vai do laranja caloroso ao violeta sereno, evoca a beleza de um novo dia e a paz de uma noite protegida.<\/p>\n<p style=\"text-align: center;\" data-path-to-node=\"4,2,0\"><b data-path-to-node=\"4,2,0\" data-index-in-node=\"0\">Tipografia de Impacto:<\/b> O uso de letras com estilo de pincelada confere dinamismo e personalidade \u00e0 arte, transformando o vers\u00edculo em uma declara\u00e7\u00e3o visual de for\u00e7a.<\/p>\n<p style=\"text-align: center;\" data-path-to-node=\"4,3,0\"><b data-path-to-node=\"4,3,0\" data-index-in-node=\"0\">Modernidade e Energia:<\/b> A est\u00e9tica contempor\u00e2nea e o uso expressivo de cores tornam este quadro um ponto de destaque na decora\u00e7\u00e3o, ideal para renovar a energia de qualquer ambiente.<\/p>\n<\/div>\n<\/div>\n<\/div>\n<\/div>\t\t\t\t\t\t\t\t<\/div>\n\t\t\t\t<\/div>\n\t\t\t\t<\/div>\n\t\t\t\t<\/div>\n\t\t","protected":false},"excerpt":{"rendered":"<p>Romanos 8 Celebre a inabal\u00e1vel seguran\u00e7a da f\u00e9 com o quadro Amor Eterno. Esta pe\u00e7a destaca a poderosa promessa de Romanos 8:39: &#8220;Nada me separar\u00e1 do amor de Deus&#8221;, apresentada em uma composi\u00e7\u00e3o vibrante que transita entre tons de p\u00f4r do sol e o azul profundo do entardecer. Com uma tipografia moderna e marcante, esta [&hellip;]<\/p>\n","protected":false},"featured_media":7280,"comment_status":"open","ping_status":"closed","template":"","meta":{"_joinchat":[]},"product_brand":[],"product_cat":[70,71],"product_tag":[],"class_list":{"0":"post-7145","1":"product","2":"type-product","3":"status-publish","4":"has-post-thumbnail","6":"product_cat-frases","7":"product_cat-tema-cristao","9":"first","10":"instock","11":"sale","12":"taxable","13":"shipping-taxable","14":"purchasable","15":"product-type-variable","16":"has-default-attributes"},"yoast_head":"<!-- This site is optimized with the Yoast SEO plugin v27.3 - https:\/\/yoast.com\/product\/yoast-seo-wordpress\/ -->\n<title>Romanos 8 - https:\/\/goornament.com.br<\/title>\n<meta name=\"robots\" content=\"index, follow, max-snippet:-1, max-image-preview:large, max-video-preview:-1\" \/>\n<link rel=\"canonical\" href=\"https:\/\/goornament.com.br\/?product=linhas-de-amor-copia\" \/>\n<meta property=\"og:locale\" content=\"pt_BR\" \/>\n<meta property=\"og:type\" content=\"article\" \/>\n<meta property=\"og:title\" content=\"Romanos 8 - https:\/\/goornament.com.br\" \/>\n<meta property=\"og:description\" content=\"Romanos 8 Celebre a inabal\u00e1vel seguran\u00e7a da f\u00e9 com o quadro Amor Eterno. Esta pe\u00e7a destaca a poderosa promessa de Romanos 8:39: &#8220;Nada me separar\u00e1 do amor de Deus&#8221;, apresentada em uma composi\u00e7\u00e3o vibrante que transita entre tons de p\u00f4r do sol e o azul profundo do entardecer. Com uma tipografia moderna e marcante, esta [&hellip;]\" \/>\n<meta property=\"og:url\" content=\"https:\/\/goornament.com.br\/?product=linhas-de-amor-copia\" \/>\n<meta property=\"og:site_name\" content=\"https:\/\/goornament.com.br\" \/>\n<meta property=\"article:modified_time\" content=\"2026-02-10T05:42:40+00:00\" \/>\n<meta property=\"og:image\" content=\"https:\/\/goornament.com.br\/wp-content\/uploads\/2024\/12\/MOCKUP-01-ND-14.png\" \/>\n\t<meta property=\"og:image:width\" content=\"1000\" \/>\n\t<meta property=\"og:image:height\" content=\"1500\" \/>\n\t<meta property=\"og:image:type\" content=\"image\/png\" \/>\n<meta name=\"twitter:card\" content=\"summary_large_image\" \/>\n<script type=\"application\/ld+json\" class=\"yoast-schema-graph\">{\"@context\":\"https:\\\/\\\/schema.org\",\"@graph\":[{\"@type\":\"WebPage\",\"@id\":\"https:\\\/\\\/goornament.com.br\\\/?product=linhas-de-amor-copia\",\"url\":\"https:\\\/\\\/goornament.com.br\\\/?product=linhas-de-amor-copia\",\"name\":\"Romanos 8 - https:\\\/\\\/goornament.com.br\",\"isPartOf\":{\"@id\":\"https:\\\/\\\/goornament.com.br\\\/#website\"},\"primaryImageOfPage\":{\"@id\":\"https:\\\/\\\/goornament.com.br\\\/?product=linhas-de-amor-copia#primaryimage\"},\"image\":{\"@id\":\"https:\\\/\\\/goornament.com.br\\\/?product=linhas-de-amor-copia#primaryimage\"},\"thumbnailUrl\":\"https:\\\/\\\/goornament.com.br\\\/wp-content\\\/uploads\\\/2024\\\/12\\\/MOCKUP-01-ND-14.png\",\"datePublished\":\"2024-12-15T22:15:08+00:00\",\"dateModified\":\"2026-02-10T05:42:40+00:00\",\"breadcrumb\":{\"@id\":\"https:\\\/\\\/goornament.com.br\\\/?product=linhas-de-amor-copia#breadcrumb\"},\"inLanguage\":\"pt-BR\",\"potentialAction\":[{\"@type\":\"ReadAction\",\"target\":[\"https:\\\/\\\/goornament.com.br\\\/?product=linhas-de-amor-copia\"]}]},{\"@type\":\"ImageObject\",\"inLanguage\":\"pt-BR\",\"@id\":\"https:\\\/\\\/goornament.com.br\\\/?product=linhas-de-amor-copia#primaryimage\",\"url\":\"https:\\\/\\\/goornament.com.br\\\/wp-content\\\/uploads\\\/2024\\\/12\\\/MOCKUP-01-ND-14.png\",\"contentUrl\":\"https:\\\/\\\/goornament.com.br\\\/wp-content\\\/uploads\\\/2024\\\/12\\\/MOCKUP-01-ND-14.png\",\"width\":1000,\"height\":1500},{\"@type\":\"BreadcrumbList\",\"@id\":\"https:\\\/\\\/goornament.com.br\\\/?product=linhas-de-amor-copia#breadcrumb\",\"itemListElement\":[{\"@type\":\"ListItem\",\"position\":1,\"name\":\"In\u00edcio\",\"item\":\"https:\\\/\\\/goornament.com.br\\\/\"},{\"@type\":\"ListItem\",\"position\":2,\"name\":\"Loja\",\"item\":\"https:\\\/\\\/mediumvioletred-anteater-114861.hostingersite.com\\\/?page_id=2378\"},{\"@type\":\"ListItem\",\"position\":3,\"name\":\"Romanos 8\"}]},{\"@type\":\"WebSite\",\"@id\":\"https:\\\/\\\/goornament.com.br\\\/#website\",\"url\":\"https:\\\/\\\/goornament.com.br\\\/\",\"name\":\"https:\\\/\\\/goornament.com.br\",\"description\":\"\",\"publisher\":{\"@id\":\"https:\\\/\\\/goornament.com.br\\\/#organization\"},\"potentialAction\":[{\"@type\":\"SearchAction\",\"target\":{\"@type\":\"EntryPoint\",\"urlTemplate\":\"https:\\\/\\\/goornament.com.br\\\/?s={search_term_string}\"},\"query-input\":{\"@type\":\"PropertyValueSpecification\",\"valueRequired\":true,\"valueName\":\"search_term_string\"}}],\"inLanguage\":\"pt-BR\"},{\"@type\":\"Organization\",\"@id\":\"https:\\\/\\\/goornament.com.br\\\/#organization\",\"name\":\"https:\\\/\\\/goornament.com.br\",\"url\":\"https:\\\/\\\/goornament.com.br\\\/\",\"logo\":{\"@type\":\"ImageObject\",\"inLanguage\":\"pt-BR\",\"@id\":\"https:\\\/\\\/goornament.com.br\\\/#\\\/schema\\\/logo\\\/image\\\/\",\"url\":\"https:\\\/\\\/goornament.com.br\\\/wp-content\\\/uploads\\\/2024\\\/10\\\/LOGO-EXPERIMENTO5.png\",\"contentUrl\":\"https:\\\/\\\/goornament.com.br\\\/wp-content\\\/uploads\\\/2024\\\/10\\\/LOGO-EXPERIMENTO5.png\",\"width\":4675,\"height\":4675,\"caption\":\"https:\\\/\\\/goornament.com.br\"},\"image\":{\"@id\":\"https:\\\/\\\/goornament.com.br\\\/#\\\/schema\\\/logo\\\/image\\\/\"}}]}<\/script>\n<!-- \/ Yoast SEO plugin. -->","yoast_head_json":{"title":"Romanos 8 - https:\/\/goornament.com.br","robots":{"index":"index","follow":"follow","max-snippet":"max-snippet:-1","max-image-preview":"max-image-preview:large","max-video-preview":"max-video-preview:-1"},"canonical":"https:\/\/goornament.com.br\/?product=linhas-de-amor-copia","og_locale":"pt_BR","og_type":"article","og_title":"Romanos 8 - https:\/\/goornament.com.br","og_description":"Romanos 8 Celebre a inabal\u00e1vel seguran\u00e7a da f\u00e9 com o quadro Amor Eterno. Esta pe\u00e7a destaca a poderosa promessa de Romanos 8:39: &#8220;Nada me separar\u00e1 do amor de Deus&#8221;, apresentada em uma composi\u00e7\u00e3o vibrante que transita entre tons de p\u00f4r do sol e o azul profundo do entardecer. Com uma tipografia moderna e marcante, esta [&hellip;]","og_url":"https:\/\/goornament.com.br\/?product=linhas-de-amor-copia","og_site_name":"https:\/\/goornament.com.br","article_modified_time":"2026-02-10T05:42:40+00:00","og_image":[{"width":1000,"height":1500,"url":"https:\/\/goornament.com.br\/wp-content\/uploads\/2024\/12\/MOCKUP-01-ND-14.png","type":"image\/png"}],"twitter_card":"summary_large_image","schema":{"@context":"https:\/\/schema.org","@graph":[{"@type":"WebPage","@id":"https:\/\/goornament.com.br\/?product=linhas-de-amor-copia","url":"https:\/\/goornament.com.br\/?product=linhas-de-amor-copia","name":"Romanos 8 - https:\/\/goornament.com.br","isPartOf":{"@id":"https:\/\/goornament.com.br\/#website"},"primaryImageOfPage":{"@id":"https:\/\/goornament.com.br\/?product=linhas-de-amor-copia#primaryimage"},"image":{"@id":"https:\/\/goornament.com.br\/?product=linhas-de-amor-copia#primaryimage"},"thumbnailUrl":"https:\/\/goornament.com.br\/wp-content\/uploads\/2024\/12\/MOCKUP-01-ND-14.png","datePublished":"2024-12-15T22:15:08+00:00","dateModified":"2026-02-10T05:42:40+00:00","breadcrumb":{"@id":"https:\/\/goornament.com.br\/?product=linhas-de-amor-copia#breadcrumb"},"inLanguage":"pt-BR","potentialAction":[{"@type":"ReadAction","target":["https:\/\/goornament.com.br\/?product=linhas-de-amor-copia"]}]},{"@type":"ImageObject","inLanguage":"pt-BR","@id":"https:\/\/goornament.com.br\/?product=linhas-de-amor-copia#primaryimage","url":"https:\/\/goornament.com.br\/wp-content\/uploads\/2024\/12\/MOCKUP-01-ND-14.png","contentUrl":"https:\/\/goornament.com.br\/wp-content\/uploads\/2024\/12\/MOCKUP-01-ND-14.png","width":1000,"height":1500},{"@type":"BreadcrumbList","@id":"https:\/\/goornament.com.br\/?product=linhas-de-amor-copia#breadcrumb","itemListElement":[{"@type":"ListItem","position":1,"name":"In\u00edcio","item":"https:\/\/goornament.com.br\/"},{"@type":"ListItem","position":2,"name":"Loja","item":"https:\/\/mediumvioletred-anteater-114861.hostingersite.com\/?page_id=2378"},{"@type":"ListItem","position":3,"name":"Romanos 8"}]},{"@type":"WebSite","@id":"https:\/\/goornament.com.br\/#website","url":"https:\/\/goornament.com.br\/","name":"https:\/\/goornament.com.br","description":"","publisher":{"@id":"https:\/\/goornament.com.br\/#organization"},"potentialAction":[{"@type":"SearchAction","target":{"@type":"EntryPoint","urlTemplate":"https:\/\/goornament.com.br\/?s={search_term_string}"},"query-input":{"@type":"PropertyValueSpecification","valueRequired":true,"valueName":"search_term_string"}}],"inLanguage":"pt-BR"},{"@type":"Organization","@id":"https:\/\/goornament.com.br\/#organization","name":"https:\/\/goornament.com.br","url":"https:\/\/goornament.com.br\/","logo":{"@type":"ImageObject","inLanguage":"pt-BR","@id":"https:\/\/goornament.com.br\/#\/schema\/logo\/image\/","url":"https:\/\/goornament.com.br\/wp-content\/uploads\/2024\/10\/LOGO-EXPERIMENTO5.png","contentUrl":"https:\/\/goornament.com.br\/wp-content\/uploads\/2024\/10\/LOGO-EXPERIMENTO5.png","width":4675,"height":4675,"caption":"https:\/\/goornament.com.br"},"image":{"@id":"https:\/\/goornament.com.br\/#\/schema\/logo\/image\/"}}]}},"_links":{"self":[{"href":"https:\/\/goornament.com.br\/index.php?rest_route=\/wp\/v2\/product\/7145","targetHints":{"allow":["GET"]}}],"collection":[{"href":"https:\/\/goornament.com.br\/index.php?rest_route=\/wp\/v2\/product"}],"about":[{"href":"https:\/\/goornament.com.br\/index.php?rest_route=\/wp\/v2\/types\/product"}],"replies":[{"embeddable":true,"href":"https:\/\/goornament.com.br\/index.php?rest_route=%2Fwp%2Fv2%2Fcomments&post=7145"}],"version-history":[{"count":7,"href":"https:\/\/goornament.com.br\/index.php?rest_route=\/wp\/v2\/product\/7145\/revisions"}],"predecessor-version":[{"id":33190,"href":"https:\/\/goornament.com.br\/index.php?rest_route=\/wp\/v2\/product\/7145\/revisions\/33190"}],"wp:featuredmedia":[{"embeddable":true,"href":"https:\/\/goornament.com.br\/index.php?rest_route=\/wp\/v2\/media\/7280"}],"wp:attachment":[{"href":"https:\/\/goornament.com.br\/index.php?rest_route=%2Fwp%2Fv2%2Fmedia&parent=7145"}],"wp:term":[{"taxonomy":"product_brand","embeddable":true,"href":"https:\/\/goornament.com.br\/index.php?rest_route=%2Fwp%2Fv2%2Fproduct_brand&post=7145"},{"taxonomy":"product_cat","embeddable":true,"href":"https:\/\/goornament.com.br\/index.php?rest_route=%2Fwp%2Fv2%2Fproduct_cat&post=7145"},{"taxonomy":"product_tag","embeddable":true,"href":"https:\/\/goornament.com.br\/index.php?rest_route=%2Fwp%2Fv2%2Fproduct_tag&post=7145"}],"curies":[{"name":"wp","href":"https:\/\/api.w.org\/{rel}","templated":true}]}}