{"id":8564,"date":"2025-01-22T05:40:56","date_gmt":"2025-01-22T05:40:56","guid":{"rendered":"https:\/\/wheat-dog-104532.hostingersite.com\/?post_type=product&#038;p=8564"},"modified":"2026-02-08T19:45:16","modified_gmt":"2026-02-08T19:45:16","slug":"misericordias-sem-fim","status":"publish","type":"product","link":"https:\/\/goornament.com.br\/?product=misericordias-sem-fim","title":{"rendered":"Miseric\u00f3rdias sem fim"},"content":{"rendered":"\t\t<div data-elementor-type=\"product-post\" data-elementor-id=\"8564\" class=\"elementor elementor-8564\" data-elementor-post-type=\"product\">\n\t\t\t\t<div class=\"elementor-element elementor-element-55f3d9d7 e-con-full e-flex e-con e-parent\" data-id=\"55f3d9d7\" data-element_type=\"container\" data-e-type=\"container\">\n\t\t\t\t<div class=\"elementor-element elementor-element-6b6b7bfe elementor-widget elementor-widget-text-editor\" data-id=\"6b6b7bfe\" data-element_type=\"widget\" data-e-type=\"widget\" data-widget_type=\"text-editor.default\">\n\t\t\t\t<div class=\"elementor-widget-container\">\n\t\t\t\t\t\t\t\t\t<h2 style=\"text-align: center;\"><em><strong>Miseric\u00f3rdias sem fim<\/strong><\/em><\/h2>\n<p style=\"text-align: center;\">Comece cada dia com uma dose renovada de esperan\u00e7a com o quadro Novo Amanhecer.<\/p>\n<p style=\"text-align: center;\">Esta pe\u00e7a minimalista destaca a poderosa promessa de Lamenta\u00e7\u00f5es 3:23: <i data-path-to-node=\"3\" data-index-in-node=\"151\">&#8220;Suas miseric\u00f3rdias se renovam a cada manh\u00e3&#8221;<\/i>.<\/p>\n<p style=\"text-align: center;\">Com um design suave que utiliza um fundo rosa pastel em formas org\u00e2nicas e uma tipografia manuscrita delicada,&nbsp;<\/p><p style=\"text-align: center;\">esta obra \u00e9 um convite visual \u00e0 gratid\u00e3o e ao recome\u00e7o.<\/p>\n<p style=\"text-align: center;\">\u00c9 a escolha perfeita para decorar quartos, cantos de medita\u00e7\u00e3o ou escrit\u00f3rios,<\/p>\n<p style=\"text-align: center;\">trazendo uma atmosfera de paz e clareza mental para o seu cotidiano.<\/p>\n<p style=\"text-align: center;\"><br><\/p>\n<hr>\n<p style=\"text-align: center;\"><em><strong><br><\/strong><\/em><\/p>\n<p style=\"text-align: center;\"><em><strong>Destaques da Obra<\/strong><\/em><\/p>\n<p style=\"text-align: center;\" data-path-to-node=\"6,0,0\"><b data-path-to-node=\"6,0,0\" data-index-in-node=\"0\">Est\u00e9tica Soft Minimalist:<\/b> O uso de tons past\u00e9is e o layout limpo garantem que a mensagem seja o foco central, integrando-se perfeitamente a decora\u00e7\u00f5es modernas e femininas.<\/p>\n<p style=\"text-align: center;\" data-path-to-node=\"6,1,0\"><b data-path-to-node=\"6,1,0\" data-index-in-node=\"0\">Mensagem Inspiradora:<\/b> O vers\u00edculo escolhido \u00e9 um dos mais queridos das escrituras, servindo como um lembrete constante de que cada dia traz uma nova oportunidade de gra\u00e7a.<\/p>\n<p style=\"text-align: center;\" data-path-to-node=\"6,2,0\"><b data-path-to-node=\"6,2,0\" data-index-in-node=\"0\">Tipografia Elegante:<\/b> A combina\u00e7\u00e3o de fontes caligr\u00e1ficas finas confere um toque de sofistica\u00e7\u00e3o e leveza, transmitindo uma sensa\u00e7\u00e3o de cuidado e afeto.<\/p>\n<p style=\"text-align: center;\" data-path-to-node=\"6,3,0\"><b data-path-to-node=\"6,3,0\" data-index-in-node=\"0\">Harmonia Crom\u00e1tica:<\/b> O fundo rosa suave promove sentimentos de acolhimento e serenidade, ajudando a criar um ambiente relaxante e positivo.<\/p>\t\t\t\t\t\t\t\t<\/div>\n\t\t\t\t<\/div>\n\t\t\t\t<\/div>\n\t\t\t\t<\/div>\n\t\t","protected":false},"excerpt":{"rendered":"<p>Miseric\u00f3rdias sem fim Comece cada dia com uma dose renovada de esperan\u00e7a com o quadro Novo Amanhecer. Esta pe\u00e7a minimalista destaca a poderosa promessa de Lamenta\u00e7\u00f5es 3:23: &#8220;Suas miseric\u00f3rdias se renovam a cada manh\u00e3&#8221;. Com um design suave que utiliza um fundo rosa pastel em formas org\u00e2nicas e uma tipografia manuscrita delicada,&nbsp; esta obra \u00e9 [&hellip;]<\/p>\n","protected":false},"featured_media":8690,"comment_status":"open","ping_status":"closed","template":"","meta":{"_joinchat":[]},"product_brand":[],"product_cat":[70,71],"product_tag":[],"class_list":{"0":"post-8564","1":"product","2":"type-product","3":"status-publish","4":"has-post-thumbnail","6":"product_cat-frases","7":"product_cat-tema-cristao","9":"first","10":"instock","11":"sale","12":"taxable","13":"shipping-taxable","14":"purchasable","15":"product-type-variable","16":"has-default-attributes"},"yoast_head":"<!-- This site is optimized with the Yoast SEO plugin v27.3 - https:\/\/yoast.com\/product\/yoast-seo-wordpress\/ -->\n<title>Miseric\u00f3rdias sem fim - https:\/\/goornament.com.br<\/title>\n<meta name=\"robots\" content=\"index, follow, max-snippet:-1, max-image-preview:large, max-video-preview:-1\" \/>\n<link rel=\"canonical\" href=\"https:\/\/goornament.com.br\/?product=misericordias-sem-fim\" \/>\n<meta property=\"og:locale\" content=\"pt_BR\" \/>\n<meta property=\"og:type\" content=\"article\" \/>\n<meta property=\"og:title\" content=\"Miseric\u00f3rdias sem fim - https:\/\/goornament.com.br\" \/>\n<meta property=\"og:description\" content=\"Miseric\u00f3rdias sem fim Comece cada dia com uma dose renovada de esperan\u00e7a com o quadro Novo Amanhecer. Esta pe\u00e7a minimalista destaca a poderosa promessa de Lamenta\u00e7\u00f5es 3:23: &#8220;Suas miseric\u00f3rdias se renovam a cada manh\u00e3&#8221;. Com um design suave que utiliza um fundo rosa pastel em formas org\u00e2nicas e uma tipografia manuscrita delicada,&nbsp; esta obra \u00e9 [&hellip;]\" \/>\n<meta property=\"og:url\" content=\"https:\/\/goornament.com.br\/?product=misericordias-sem-fim\" \/>\n<meta property=\"og:site_name\" content=\"https:\/\/goornament.com.br\" \/>\n<meta property=\"article:modified_time\" content=\"2026-02-08T19:45:16+00:00\" \/>\n<meta property=\"og:image\" content=\"https:\/\/goornament.com.br\/wp-content\/uploads\/2025\/01\/02-5x7-A4-PORTRAIT-frame-03-9-1024x1024.png\" \/>\n\t<meta property=\"og:image:width\" content=\"1024\" \/>\n\t<meta property=\"og:image:height\" content=\"1024\" \/>\n\t<meta property=\"og:image:type\" content=\"image\/png\" \/>\n<meta name=\"twitter:card\" content=\"summary_large_image\" \/>\n<script type=\"application\/ld+json\" class=\"yoast-schema-graph\">{\"@context\":\"https:\\\/\\\/schema.org\",\"@graph\":[{\"@type\":\"WebPage\",\"@id\":\"https:\\\/\\\/goornament.com.br\\\/?product=misericordias-sem-fim\",\"url\":\"https:\\\/\\\/goornament.com.br\\\/?product=misericordias-sem-fim\",\"name\":\"Miseric\u00f3rdias sem fim - https:\\\/\\\/goornament.com.br\",\"isPartOf\":{\"@id\":\"https:\\\/\\\/goornament.com.br\\\/#website\"},\"primaryImageOfPage\":{\"@id\":\"https:\\\/\\\/goornament.com.br\\\/?product=misericordias-sem-fim#primaryimage\"},\"image\":{\"@id\":\"https:\\\/\\\/goornament.com.br\\\/?product=misericordias-sem-fim#primaryimage\"},\"thumbnailUrl\":\"https:\\\/\\\/goornament.com.br\\\/wp-content\\\/uploads\\\/2025\\\/01\\\/02-5x7-A4-PORTRAIT-frame-03-9.png\",\"datePublished\":\"2025-01-22T05:40:56+00:00\",\"dateModified\":\"2026-02-08T19:45:16+00:00\",\"breadcrumb\":{\"@id\":\"https:\\\/\\\/goornament.com.br\\\/?product=misericordias-sem-fim#breadcrumb\"},\"inLanguage\":\"pt-BR\",\"potentialAction\":[{\"@type\":\"ReadAction\",\"target\":[\"https:\\\/\\\/goornament.com.br\\\/?product=misericordias-sem-fim\"]}]},{\"@type\":\"ImageObject\",\"inLanguage\":\"pt-BR\",\"@id\":\"https:\\\/\\\/goornament.com.br\\\/?product=misericordias-sem-fim#primaryimage\",\"url\":\"https:\\\/\\\/goornament.com.br\\\/wp-content\\\/uploads\\\/2025\\\/01\\\/02-5x7-A4-PORTRAIT-frame-03-9.png\",\"contentUrl\":\"https:\\\/\\\/goornament.com.br\\\/wp-content\\\/uploads\\\/2025\\\/01\\\/02-5x7-A4-PORTRAIT-frame-03-9.png\",\"width\":2000,\"height\":3000},{\"@type\":\"BreadcrumbList\",\"@id\":\"https:\\\/\\\/goornament.com.br\\\/?product=misericordias-sem-fim#breadcrumb\",\"itemListElement\":[{\"@type\":\"ListItem\",\"position\":1,\"name\":\"In\u00edcio\",\"item\":\"https:\\\/\\\/goornament.com.br\\\/\"},{\"@type\":\"ListItem\",\"position\":2,\"name\":\"Loja\",\"item\":\"https:\\\/\\\/mediumvioletred-anteater-114861.hostingersite.com\\\/?page_id=2378\"},{\"@type\":\"ListItem\",\"position\":3,\"name\":\"Miseric\u00f3rdias sem fim\"}]},{\"@type\":\"WebSite\",\"@id\":\"https:\\\/\\\/goornament.com.br\\\/#website\",\"url\":\"https:\\\/\\\/goornament.com.br\\\/\",\"name\":\"https:\\\/\\\/goornament.com.br\",\"description\":\"\",\"publisher\":{\"@id\":\"https:\\\/\\\/goornament.com.br\\\/#organization\"},\"potentialAction\":[{\"@type\":\"SearchAction\",\"target\":{\"@type\":\"EntryPoint\",\"urlTemplate\":\"https:\\\/\\\/goornament.com.br\\\/?s={search_term_string}\"},\"query-input\":{\"@type\":\"PropertyValueSpecification\",\"valueRequired\":true,\"valueName\":\"search_term_string\"}}],\"inLanguage\":\"pt-BR\"},{\"@type\":\"Organization\",\"@id\":\"https:\\\/\\\/goornament.com.br\\\/#organization\",\"name\":\"https:\\\/\\\/goornament.com.br\",\"url\":\"https:\\\/\\\/goornament.com.br\\\/\",\"logo\":{\"@type\":\"ImageObject\",\"inLanguage\":\"pt-BR\",\"@id\":\"https:\\\/\\\/goornament.com.br\\\/#\\\/schema\\\/logo\\\/image\\\/\",\"url\":\"https:\\\/\\\/goornament.com.br\\\/wp-content\\\/uploads\\\/2024\\\/10\\\/LOGO-EXPERIMENTO5.png\",\"contentUrl\":\"https:\\\/\\\/goornament.com.br\\\/wp-content\\\/uploads\\\/2024\\\/10\\\/LOGO-EXPERIMENTO5.png\",\"width\":4675,\"height\":4675,\"caption\":\"https:\\\/\\\/goornament.com.br\"},\"image\":{\"@id\":\"https:\\\/\\\/goornament.com.br\\\/#\\\/schema\\\/logo\\\/image\\\/\"}}]}<\/script>\n<!-- \/ Yoast SEO plugin. -->","yoast_head_json":{"title":"Miseric\u00f3rdias sem fim - https:\/\/goornament.com.br","robots":{"index":"index","follow":"follow","max-snippet":"max-snippet:-1","max-image-preview":"max-image-preview:large","max-video-preview":"max-video-preview:-1"},"canonical":"https:\/\/goornament.com.br\/?product=misericordias-sem-fim","og_locale":"pt_BR","og_type":"article","og_title":"Miseric\u00f3rdias sem fim - https:\/\/goornament.com.br","og_description":"Miseric\u00f3rdias sem fim Comece cada dia com uma dose renovada de esperan\u00e7a com o quadro Novo Amanhecer. Esta pe\u00e7a minimalista destaca a poderosa promessa de Lamenta\u00e7\u00f5es 3:23: &#8220;Suas miseric\u00f3rdias se renovam a cada manh\u00e3&#8221;. Com um design suave que utiliza um fundo rosa pastel em formas org\u00e2nicas e uma tipografia manuscrita delicada,&nbsp; esta obra \u00e9 [&hellip;]","og_url":"https:\/\/goornament.com.br\/?product=misericordias-sem-fim","og_site_name":"https:\/\/goornament.com.br","article_modified_time":"2026-02-08T19:45:16+00:00","og_image":[{"width":1024,"height":1024,"url":"https:\/\/goornament.com.br\/wp-content\/uploads\/2025\/01\/02-5x7-A4-PORTRAIT-frame-03-9-1024x1024.png","type":"image\/png"}],"twitter_card":"summary_large_image","schema":{"@context":"https:\/\/schema.org","@graph":[{"@type":"WebPage","@id":"https:\/\/goornament.com.br\/?product=misericordias-sem-fim","url":"https:\/\/goornament.com.br\/?product=misericordias-sem-fim","name":"Miseric\u00f3rdias sem fim - https:\/\/goornament.com.br","isPartOf":{"@id":"https:\/\/goornament.com.br\/#website"},"primaryImageOfPage":{"@id":"https:\/\/goornament.com.br\/?product=misericordias-sem-fim#primaryimage"},"image":{"@id":"https:\/\/goornament.com.br\/?product=misericordias-sem-fim#primaryimage"},"thumbnailUrl":"https:\/\/goornament.com.br\/wp-content\/uploads\/2025\/01\/02-5x7-A4-PORTRAIT-frame-03-9.png","datePublished":"2025-01-22T05:40:56+00:00","dateModified":"2026-02-08T19:45:16+00:00","breadcrumb":{"@id":"https:\/\/goornament.com.br\/?product=misericordias-sem-fim#breadcrumb"},"inLanguage":"pt-BR","potentialAction":[{"@type":"ReadAction","target":["https:\/\/goornament.com.br\/?product=misericordias-sem-fim"]}]},{"@type":"ImageObject","inLanguage":"pt-BR","@id":"https:\/\/goornament.com.br\/?product=misericordias-sem-fim#primaryimage","url":"https:\/\/goornament.com.br\/wp-content\/uploads\/2025\/01\/02-5x7-A4-PORTRAIT-frame-03-9.png","contentUrl":"https:\/\/goornament.com.br\/wp-content\/uploads\/2025\/01\/02-5x7-A4-PORTRAIT-frame-03-9.png","width":2000,"height":3000},{"@type":"BreadcrumbList","@id":"https:\/\/goornament.com.br\/?product=misericordias-sem-fim#breadcrumb","itemListElement":[{"@type":"ListItem","position":1,"name":"In\u00edcio","item":"https:\/\/goornament.com.br\/"},{"@type":"ListItem","position":2,"name":"Loja","item":"https:\/\/mediumvioletred-anteater-114861.hostingersite.com\/?page_id=2378"},{"@type":"ListItem","position":3,"name":"Miseric\u00f3rdias sem fim"}]},{"@type":"WebSite","@id":"https:\/\/goornament.com.br\/#website","url":"https:\/\/goornament.com.br\/","name":"https:\/\/goornament.com.br","description":"","publisher":{"@id":"https:\/\/goornament.com.br\/#organization"},"potentialAction":[{"@type":"SearchAction","target":{"@type":"EntryPoint","urlTemplate":"https:\/\/goornament.com.br\/?s={search_term_string}"},"query-input":{"@type":"PropertyValueSpecification","valueRequired":true,"valueName":"search_term_string"}}],"inLanguage":"pt-BR"},{"@type":"Organization","@id":"https:\/\/goornament.com.br\/#organization","name":"https:\/\/goornament.com.br","url":"https:\/\/goornament.com.br\/","logo":{"@type":"ImageObject","inLanguage":"pt-BR","@id":"https:\/\/goornament.com.br\/#\/schema\/logo\/image\/","url":"https:\/\/goornament.com.br\/wp-content\/uploads\/2024\/10\/LOGO-EXPERIMENTO5.png","contentUrl":"https:\/\/goornament.com.br\/wp-content\/uploads\/2024\/10\/LOGO-EXPERIMENTO5.png","width":4675,"height":4675,"caption":"https:\/\/goornament.com.br"},"image":{"@id":"https:\/\/goornament.com.br\/#\/schema\/logo\/image\/"}}]}},"_links":{"self":[{"href":"https:\/\/goornament.com.br\/index.php?rest_route=\/wp\/v2\/product\/8564","targetHints":{"allow":["GET"]}}],"collection":[{"href":"https:\/\/goornament.com.br\/index.php?rest_route=\/wp\/v2\/product"}],"about":[{"href":"https:\/\/goornament.com.br\/index.php?rest_route=\/wp\/v2\/types\/product"}],"replies":[{"embeddable":true,"href":"https:\/\/goornament.com.br\/index.php?rest_route=%2Fwp%2Fv2%2Fcomments&post=8564"}],"version-history":[{"count":8,"href":"https:\/\/goornament.com.br\/index.php?rest_route=\/wp\/v2\/product\/8564\/revisions"}],"predecessor-version":[{"id":33102,"href":"https:\/\/goornament.com.br\/index.php?rest_route=\/wp\/v2\/product\/8564\/revisions\/33102"}],"wp:featuredmedia":[{"embeddable":true,"href":"https:\/\/goornament.com.br\/index.php?rest_route=\/wp\/v2\/media\/8690"}],"wp:attachment":[{"href":"https:\/\/goornament.com.br\/index.php?rest_route=%2Fwp%2Fv2%2Fmedia&parent=8564"}],"wp:term":[{"taxonomy":"product_brand","embeddable":true,"href":"https:\/\/goornament.com.br\/index.php?rest_route=%2Fwp%2Fv2%2Fproduct_brand&post=8564"},{"taxonomy":"product_cat","embeddable":true,"href":"https:\/\/goornament.com.br\/index.php?rest_route=%2Fwp%2Fv2%2Fproduct_cat&post=8564"},{"taxonomy":"product_tag","embeddable":true,"href":"https:\/\/goornament.com.br\/index.php?rest_route=%2Fwp%2Fv2%2Fproduct_tag&post=8564"}],"curies":[{"name":"wp","href":"https:\/\/api.w.org\/{rel}","templated":true}]}}