{"id":9483,"date":"2025-01-28T05:34:51","date_gmt":"2025-01-28T05:34:51","guid":{"rendered":"https:\/\/wheat-dog-104532.hostingersite.com\/?post_type=product&#038;p=9483"},"modified":"2026-02-08T19:33:30","modified_gmt":"2026-02-08T19:33:30","slug":"o-amor","status":"publish","type":"product","link":"https:\/\/goornament.com.br\/?product=o-amor","title":{"rendered":"O Amor"},"content":{"rendered":"\t\t<div data-elementor-type=\"wp-post\" data-elementor-id=\"9483\" class=\"elementor elementor-9483\" data-elementor-post-type=\"product\">\n\t\t\t\t<div class=\"elementor-element elementor-element-3773e998 e-con-full e-flex e-con e-parent\" data-id=\"3773e998\" data-element_type=\"container\" data-e-type=\"container\">\n\t\t\t\t<div class=\"elementor-element elementor-element-4e9a0c24 elementor-widget elementor-widget-text-editor\" data-id=\"4e9a0c24\" data-element_type=\"widget\" data-e-type=\"widget\" data-widget_type=\"text-editor.default\">\n\t\t\t\t<div class=\"elementor-widget-container\">\n\t\t\t\t\t\t\t\t\t<h2 style=\"text-align: center;\"><em><strong>O Amor<\/strong><\/em><\/h2><p style=\"text-align: center;\">Traga paz e inspira\u00e7\u00e3o para o cora\u00e7\u00e3o do seu lar com o quadro Ess\u00eancia do Amor.\u00a0<\/p><p style=\"text-align: center;\">Esta pe\u00e7a delicada apresenta um dos trechos mais emblem\u00e1ticos das escrituras (1 Cor\u00edntios 13:7),\u00a0<\/p><p style=\"text-align: center;\">emoldurado por uma aquarela bot\u00e2nica suave de ramos de eucalipto. Com um design minimalista e uma\u00a0<\/p><p style=\"text-align: center;\">tipografia elegante, esta obra \u00e9 um lembrete di\u00e1rio de que o verdadeiro amor \u00e9 a for\u00e7a que tudo suporta e tudo vence.<\/p><p style=\"text-align: center;\">Ideal para compor a decora\u00e7\u00e3o de quartos de casal, salas de estar ou corredores, criando uma atmosfera de serenidade e f\u00e9.<\/p><p style=\"text-align: center;\">\u00a0<\/p><hr \/><p style=\"text-align: center;\"><em><strong>\u00a0<\/strong><\/em><\/p><p style=\"text-align: center;\"><em><strong>Destaques da Obra<\/strong><\/em><\/p><p style=\"text-align: center;\" data-path-to-node=\"6,0,0\"><b data-path-to-node=\"6,0,0\" data-index-in-node=\"0\">Design Bot\u00e2nico Atemporal:<\/b> As ilustra\u00e7\u00f5es em aquarela de folhas verdes trazem um toque de natureza e frescor para dentro de casa, combinando com qualquer estilo de m\u00f3vel.<\/p><p style=\"text-align: center;\" data-path-to-node=\"6,1,0\"><b data-path-to-node=\"6,1,0\" data-index-in-node=\"0\">Mensagem Poderosa:<\/b> O texto &#8220;O Amor tudo sofre, tudo cr\u00ea, tudo espera, tudo suporta&#8221; serve como uma \u00e2ncora emocional, promovendo valores de paci\u00eancia e resili\u00eancia.<\/p><p style=\"text-align: center;\" data-path-to-node=\"6,2,0\"><b data-path-to-node=\"6,2,0\" data-index-in-node=\"0\">Tipografia Sofisticada:<\/b> A escolha de fontes manuscritas leves sobre o fundo creme confere um ar de &#8220;carta feita \u00e0 m\u00e3o&#8221;, tornando a pe\u00e7a mais \u00edntima e acolhedora.<\/p><p style=\"text-align: center;\" data-path-to-node=\"6,3,0\"><b data-path-to-node=\"6,3,0\" data-index-in-node=\"0\">Paleta Neutra e Relaxante:<\/b> Os tons de verde oliva e ocre sobre o fundo claro facilitam a harmoniza\u00e7\u00e3o com paredes de diversas cores, sem sobrecarregar o visual.<\/p>\t\t\t\t\t\t\t\t<\/div>\n\t\t\t\t<\/div>\n\t\t\t\t<\/div>\n\t\t\t\t<\/div>\n\t\t","protected":false},"excerpt":{"rendered":"<p>O Amor Traga paz e inspira\u00e7\u00e3o para o cora\u00e7\u00e3o do seu lar com o quadro Ess\u00eancia do Amor.\u00a0 Esta pe\u00e7a delicada apresenta um dos trechos mais emblem\u00e1ticos das escrituras (1 Cor\u00edntios 13:7),\u00a0 emoldurado por uma aquarela bot\u00e2nica suave de ramos de eucalipto. Com um design minimalista e uma\u00a0 tipografia elegante, esta obra \u00e9 um lembrete [&hellip;]<\/p>\n","protected":false},"featured_media":9631,"comment_status":"open","ping_status":"closed","template":"","meta":{"_joinchat":[]},"product_brand":[],"product_cat":[70,71],"product_tag":[],"class_list":{"0":"post-9483","1":"product","2":"type-product","3":"status-publish","4":"has-post-thumbnail","6":"product_cat-frases","7":"product_cat-tema-cristao","9":"first","10":"instock","11":"sale","12":"taxable","13":"shipping-taxable","14":"purchasable","15":"product-type-variable","16":"has-default-attributes"},"yoast_head":"<!-- This site is optimized with the Yoast SEO plugin v27.3 - https:\/\/yoast.com\/product\/yoast-seo-wordpress\/ -->\n<title>O Amor - https:\/\/goornament.com.br<\/title>\n<meta name=\"robots\" content=\"index, follow, max-snippet:-1, max-image-preview:large, max-video-preview:-1\" \/>\n<link rel=\"canonical\" href=\"https:\/\/mediumvioletred-anteater-114861.hostingersite.com\/?product=o-amor\" \/>\n<meta property=\"og:locale\" content=\"pt_BR\" \/>\n<meta property=\"og:type\" content=\"article\" \/>\n<meta property=\"og:title\" content=\"O Amor - https:\/\/goornament.com.br\" \/>\n<meta property=\"og:description\" content=\"O Amor Traga paz e inspira\u00e7\u00e3o para o cora\u00e7\u00e3o do seu lar com o quadro Ess\u00eancia do Amor.\u00a0 Esta pe\u00e7a delicada apresenta um dos trechos mais emblem\u00e1ticos das escrituras (1 Cor\u00edntios 13:7),\u00a0 emoldurado por uma aquarela bot\u00e2nica suave de ramos de eucalipto. Com um design minimalista e uma\u00a0 tipografia elegante, esta obra \u00e9 um lembrete [&hellip;]\" \/>\n<meta property=\"og:url\" content=\"https:\/\/mediumvioletred-anteater-114861.hostingersite.com\/?product=o-amor\" \/>\n<meta property=\"og:site_name\" content=\"https:\/\/goornament.com.br\" \/>\n<meta property=\"article:modified_time\" content=\"2026-02-08T19:33:30+00:00\" \/>\n<meta property=\"og:image\" content=\"https:\/\/mediumvioletred-anteater-114861.hostingersite.com\/wp-content\/uploads\/2025\/01\/02-5x7-A4-PORTRAIT-frame-77.png\" \/>\n\t<meta property=\"og:image:width\" content=\"1000\" \/>\n\t<meta property=\"og:image:height\" content=\"1500\" \/>\n\t<meta property=\"og:image:type\" content=\"image\/png\" \/>\n<meta name=\"twitter:card\" content=\"summary_large_image\" \/>\n<meta name=\"twitter:label1\" content=\"Est. tempo de leitura\" \/>\n\t<meta name=\"twitter:data1\" content=\"2 minutos\" \/>\n<script type=\"application\/ld+json\" class=\"yoast-schema-graph\">{\"@context\":\"https:\\\/\\\/schema.org\",\"@graph\":[{\"@type\":\"WebPage\",\"@id\":\"https:\\\/\\\/mediumvioletred-anteater-114861.hostingersite.com\\\/?product=o-amor\",\"url\":\"https:\\\/\\\/mediumvioletred-anteater-114861.hostingersite.com\\\/?product=o-amor\",\"name\":\"O Amor - https:\\\/\\\/goornament.com.br\",\"isPartOf\":{\"@id\":\"https:\\\/\\\/goornament.com.br\\\/#website\"},\"primaryImageOfPage\":{\"@id\":\"https:\\\/\\\/mediumvioletred-anteater-114861.hostingersite.com\\\/?product=o-amor#primaryimage\"},\"image\":{\"@id\":\"https:\\\/\\\/mediumvioletred-anteater-114861.hostingersite.com\\\/?product=o-amor#primaryimage\"},\"thumbnailUrl\":\"https:\\\/\\\/goornament.com.br\\\/wp-content\\\/uploads\\\/2025\\\/01\\\/02-5x7-A4-PORTRAIT-frame-77.png\",\"datePublished\":\"2025-01-28T05:34:51+00:00\",\"dateModified\":\"2026-02-08T19:33:30+00:00\",\"breadcrumb\":{\"@id\":\"https:\\\/\\\/mediumvioletred-anteater-114861.hostingersite.com\\\/?product=o-amor#breadcrumb\"},\"inLanguage\":\"pt-BR\",\"potentialAction\":[{\"@type\":\"ReadAction\",\"target\":[\"https:\\\/\\\/mediumvioletred-anteater-114861.hostingersite.com\\\/?product=o-amor\"]}]},{\"@type\":\"ImageObject\",\"inLanguage\":\"pt-BR\",\"@id\":\"https:\\\/\\\/mediumvioletred-anteater-114861.hostingersite.com\\\/?product=o-amor#primaryimage\",\"url\":\"https:\\\/\\\/goornament.com.br\\\/wp-content\\\/uploads\\\/2025\\\/01\\\/02-5x7-A4-PORTRAIT-frame-77.png\",\"contentUrl\":\"https:\\\/\\\/goornament.com.br\\\/wp-content\\\/uploads\\\/2025\\\/01\\\/02-5x7-A4-PORTRAIT-frame-77.png\",\"width\":1000,\"height\":1500},{\"@type\":\"BreadcrumbList\",\"@id\":\"https:\\\/\\\/mediumvioletred-anteater-114861.hostingersite.com\\\/?product=o-amor#breadcrumb\",\"itemListElement\":[{\"@type\":\"ListItem\",\"position\":1,\"name\":\"In\u00edcio\",\"item\":\"https:\\\/\\\/goornament.com.br\\\/\"},{\"@type\":\"ListItem\",\"position\":2,\"name\":\"Loja\",\"item\":\"https:\\\/\\\/mediumvioletred-anteater-114861.hostingersite.com\\\/?page_id=2378\"},{\"@type\":\"ListItem\",\"position\":3,\"name\":\"O Amor\"}]},{\"@type\":\"WebSite\",\"@id\":\"https:\\\/\\\/goornament.com.br\\\/#website\",\"url\":\"https:\\\/\\\/goornament.com.br\\\/\",\"name\":\"https:\\\/\\\/goornament.com.br\",\"description\":\"\",\"publisher\":{\"@id\":\"https:\\\/\\\/goornament.com.br\\\/#organization\"},\"potentialAction\":[{\"@type\":\"SearchAction\",\"target\":{\"@type\":\"EntryPoint\",\"urlTemplate\":\"https:\\\/\\\/goornament.com.br\\\/?s={search_term_string}\"},\"query-input\":{\"@type\":\"PropertyValueSpecification\",\"valueRequired\":true,\"valueName\":\"search_term_string\"}}],\"inLanguage\":\"pt-BR\"},{\"@type\":\"Organization\",\"@id\":\"https:\\\/\\\/goornament.com.br\\\/#organization\",\"name\":\"https:\\\/\\\/goornament.com.br\",\"url\":\"https:\\\/\\\/goornament.com.br\\\/\",\"logo\":{\"@type\":\"ImageObject\",\"inLanguage\":\"pt-BR\",\"@id\":\"https:\\\/\\\/goornament.com.br\\\/#\\\/schema\\\/logo\\\/image\\\/\",\"url\":\"https:\\\/\\\/goornament.com.br\\\/wp-content\\\/uploads\\\/2024\\\/10\\\/LOGO-EXPERIMENTO5.png\",\"contentUrl\":\"https:\\\/\\\/goornament.com.br\\\/wp-content\\\/uploads\\\/2024\\\/10\\\/LOGO-EXPERIMENTO5.png\",\"width\":4675,\"height\":4675,\"caption\":\"https:\\\/\\\/goornament.com.br\"},\"image\":{\"@id\":\"https:\\\/\\\/goornament.com.br\\\/#\\\/schema\\\/logo\\\/image\\\/\"}}]}<\/script>\n<!-- \/ Yoast SEO plugin. -->","yoast_head_json":{"title":"O Amor - https:\/\/goornament.com.br","robots":{"index":"index","follow":"follow","max-snippet":"max-snippet:-1","max-image-preview":"max-image-preview:large","max-video-preview":"max-video-preview:-1"},"canonical":"https:\/\/mediumvioletred-anteater-114861.hostingersite.com\/?product=o-amor","og_locale":"pt_BR","og_type":"article","og_title":"O Amor - https:\/\/goornament.com.br","og_description":"O Amor Traga paz e inspira\u00e7\u00e3o para o cora\u00e7\u00e3o do seu lar com o quadro Ess\u00eancia do Amor.\u00a0 Esta pe\u00e7a delicada apresenta um dos trechos mais emblem\u00e1ticos das escrituras (1 Cor\u00edntios 13:7),\u00a0 emoldurado por uma aquarela bot\u00e2nica suave de ramos de eucalipto. Com um design minimalista e uma\u00a0 tipografia elegante, esta obra \u00e9 um lembrete [&hellip;]","og_url":"https:\/\/mediumvioletred-anteater-114861.hostingersite.com\/?product=o-amor","og_site_name":"https:\/\/goornament.com.br","article_modified_time":"2026-02-08T19:33:30+00:00","og_image":[{"width":1000,"height":1500,"url":"https:\/\/mediumvioletred-anteater-114861.hostingersite.com\/wp-content\/uploads\/2025\/01\/02-5x7-A4-PORTRAIT-frame-77.png","type":"image\/png"}],"twitter_card":"summary_large_image","twitter_misc":{"Est. tempo de leitura":"2 minutos"},"schema":{"@context":"https:\/\/schema.org","@graph":[{"@type":"WebPage","@id":"https:\/\/mediumvioletred-anteater-114861.hostingersite.com\/?product=o-amor","url":"https:\/\/mediumvioletred-anteater-114861.hostingersite.com\/?product=o-amor","name":"O Amor - https:\/\/goornament.com.br","isPartOf":{"@id":"https:\/\/goornament.com.br\/#website"},"primaryImageOfPage":{"@id":"https:\/\/mediumvioletred-anteater-114861.hostingersite.com\/?product=o-amor#primaryimage"},"image":{"@id":"https:\/\/mediumvioletred-anteater-114861.hostingersite.com\/?product=o-amor#primaryimage"},"thumbnailUrl":"https:\/\/goornament.com.br\/wp-content\/uploads\/2025\/01\/02-5x7-A4-PORTRAIT-frame-77.png","datePublished":"2025-01-28T05:34:51+00:00","dateModified":"2026-02-08T19:33:30+00:00","breadcrumb":{"@id":"https:\/\/mediumvioletred-anteater-114861.hostingersite.com\/?product=o-amor#breadcrumb"},"inLanguage":"pt-BR","potentialAction":[{"@type":"ReadAction","target":["https:\/\/mediumvioletred-anteater-114861.hostingersite.com\/?product=o-amor"]}]},{"@type":"ImageObject","inLanguage":"pt-BR","@id":"https:\/\/mediumvioletred-anteater-114861.hostingersite.com\/?product=o-amor#primaryimage","url":"https:\/\/goornament.com.br\/wp-content\/uploads\/2025\/01\/02-5x7-A4-PORTRAIT-frame-77.png","contentUrl":"https:\/\/goornament.com.br\/wp-content\/uploads\/2025\/01\/02-5x7-A4-PORTRAIT-frame-77.png","width":1000,"height":1500},{"@type":"BreadcrumbList","@id":"https:\/\/mediumvioletred-anteater-114861.hostingersite.com\/?product=o-amor#breadcrumb","itemListElement":[{"@type":"ListItem","position":1,"name":"In\u00edcio","item":"https:\/\/goornament.com.br\/"},{"@type":"ListItem","position":2,"name":"Loja","item":"https:\/\/mediumvioletred-anteater-114861.hostingersite.com\/?page_id=2378"},{"@type":"ListItem","position":3,"name":"O Amor"}]},{"@type":"WebSite","@id":"https:\/\/goornament.com.br\/#website","url":"https:\/\/goornament.com.br\/","name":"https:\/\/goornament.com.br","description":"","publisher":{"@id":"https:\/\/goornament.com.br\/#organization"},"potentialAction":[{"@type":"SearchAction","target":{"@type":"EntryPoint","urlTemplate":"https:\/\/goornament.com.br\/?s={search_term_string}"},"query-input":{"@type":"PropertyValueSpecification","valueRequired":true,"valueName":"search_term_string"}}],"inLanguage":"pt-BR"},{"@type":"Organization","@id":"https:\/\/goornament.com.br\/#organization","name":"https:\/\/goornament.com.br","url":"https:\/\/goornament.com.br\/","logo":{"@type":"ImageObject","inLanguage":"pt-BR","@id":"https:\/\/goornament.com.br\/#\/schema\/logo\/image\/","url":"https:\/\/goornament.com.br\/wp-content\/uploads\/2024\/10\/LOGO-EXPERIMENTO5.png","contentUrl":"https:\/\/goornament.com.br\/wp-content\/uploads\/2024\/10\/LOGO-EXPERIMENTO5.png","width":4675,"height":4675,"caption":"https:\/\/goornament.com.br"},"image":{"@id":"https:\/\/goornament.com.br\/#\/schema\/logo\/image\/"}}]}},"_links":{"self":[{"href":"https:\/\/goornament.com.br\/index.php?rest_route=\/wp\/v2\/product\/9483","targetHints":{"allow":["GET"]}}],"collection":[{"href":"https:\/\/goornament.com.br\/index.php?rest_route=\/wp\/v2\/product"}],"about":[{"href":"https:\/\/goornament.com.br\/index.php?rest_route=\/wp\/v2\/types\/product"}],"replies":[{"embeddable":true,"href":"https:\/\/goornament.com.br\/index.php?rest_route=%2Fwp%2Fv2%2Fcomments&post=9483"}],"version-history":[{"count":8,"href":"https:\/\/goornament.com.br\/index.php?rest_route=\/wp\/v2\/product\/9483\/revisions"}],"predecessor-version":[{"id":33069,"href":"https:\/\/goornament.com.br\/index.php?rest_route=\/wp\/v2\/product\/9483\/revisions\/33069"}],"wp:featuredmedia":[{"embeddable":true,"href":"https:\/\/goornament.com.br\/index.php?rest_route=\/wp\/v2\/media\/9631"}],"wp:attachment":[{"href":"https:\/\/goornament.com.br\/index.php?rest_route=%2Fwp%2Fv2%2Fmedia&parent=9483"}],"wp:term":[{"taxonomy":"product_brand","embeddable":true,"href":"https:\/\/goornament.com.br\/index.php?rest_route=%2Fwp%2Fv2%2Fproduct_brand&post=9483"},{"taxonomy":"product_cat","embeddable":true,"href":"https:\/\/goornament.com.br\/index.php?rest_route=%2Fwp%2Fv2%2Fproduct_cat&post=9483"},{"taxonomy":"product_tag","embeddable":true,"href":"https:\/\/goornament.com.br\/index.php?rest_route=%2Fwp%2Fv2%2Fproduct_tag&post=9483"}],"curies":[{"name":"wp","href":"https:\/\/api.w.org\/{rel}","templated":true}]}}